{"id":3927,"date":"2026-04-29T17:55:40","date_gmt":"2026-04-29T15:55:40","guid":{"rendered":"https:\/\/www.rinaldisrl.com\/prodotti\/logiciel-pour-la-gestion-complete-des-menuiseries\/"},"modified":"2026-05-10T17:50:42","modified_gmt":"2026-05-10T15:50:42","slug":"logiciel-pour-la-gestion-complete-des-menuiseries","status":"publish","type":"product","link":"https:\/\/www.rinaldisrl.com\/fr\/produit\/logiciel-pour-la-gestion-complete-des-menuiseries\/","title":{"rendered":"Logiciel pour la gestion compl\u00e8te des menuiseries"},"content":{"rendered":"","protected":false},"excerpt":{"rendered":"<p>Le logiciel de Rinaldi srl, d\u00e9di\u00e9 \u00e0 la gestion compl\u00e8te des menuiseries, permet de suivre de mani\u00e8re simple, intuitive et contr\u00f4l\u00e9e les principales \u00e9tapes de la production.<\/p>\n<p>Le programme permet de configurer des menuiseries en aluminium et en PVC, de saisir les dimensions, de d\u00e9finir les ouvertures, de choisir les profil\u00e9s, les vitrages, les poign\u00e9es et les accessoires, tout en gardant le contr\u00f4le sur les mat\u00e9riaux, les co\u00fbts, les d\u00e9coupes, les usinages et les d\u00e9lais de production.<\/p>\n<p>Un environnement de travail unique pour passer de la conception \u00e0 la pr\u00e9paration des listes de travail, jusqu\u2019\u00e0 la g\u00e9n\u00e9ration des informations n\u00e9cessaires \u00e0 la production et \u00e0 l\u2019envoi des donn\u00e9es aux machines.<\/p>\n","protected":false},"featured_media":3892,"template":"","meta":[],"product_brand":[],"product_cat":[292],"product_tag":[],"class_list":{"0":"post-3927","1":"product","2":"type-product","3":"status-publish","4":"has-post-thumbnail","6":"product_cat-software","8":"first","9":"instock","10":"shipping-taxable","11":"product-type-simple"},"yoast_head":"<!-- This site is optimized with the Yoast SEO plugin v27.5 - https:\/\/yoast.com\/product\/yoast-seo-wordpress\/ -->\n<title>Software<\/title>\n<meta name=\"robots\" content=\"index, follow, max-snippet:-1, max-image-preview:large, max-video-preview:-1\" \/>\n<link rel=\"canonical\" href=\"https:\/\/www.rinaldisrl.com\/fr\/produit\/logiciel-pour-la-gestion-complete-des-menuiseries\/\" \/>\n<meta property=\"og:locale\" content=\"fr_FR\" \/>\n<meta property=\"og:type\" content=\"article\" \/>\n<meta property=\"og:title\" content=\"Software\" \/>\n<meta property=\"og:description\" content=\"Le logiciel de Rinaldi srl, d\u00e9di\u00e9 \u00e0 la gestion compl\u00e8te des menuiseries, permet de suivre de mani\u00e8re simple, intuitive et contr\u00f4l\u00e9e les principales \u00e9tapes de la production.Le programme permet de configurer des menuiseries en aluminium et en PVC, de saisir les dimensions, de d\u00e9finir les ouvertures, de choisir les profil\u00e9s, les vitrages, les poign\u00e9es et les accessoires, tout en gardant le contr\u00f4le sur les mat\u00e9riaux, les co\u00fbts, les d\u00e9coupes, les usinages et les d\u00e9lais de production.Un environnement de travail unique pour passer de la conception \u00e0 la pr\u00e9paration des listes de travail, jusqu\u2019\u00e0 la g\u00e9n\u00e9ration des informations n\u00e9cessaires \u00e0 la production et \u00e0 l\u2019envoi des donn\u00e9es aux machines.\" \/>\n<meta property=\"og:url\" content=\"https:\/\/www.rinaldisrl.com\/fr\/produit\/logiciel-pour-la-gestion-complete-des-menuiseries\/\" \/>\n<meta property=\"og:site_name\" content=\"Rinaldi Srl\" \/>\n<meta property=\"article:modified_time\" content=\"2026-05-10T15:50:42+00:00\" \/>\n<meta property=\"og:image\" content=\"https:\/\/www.rinaldisrl.com\/wp-content\/uploads\/2026\/04\/software.jpg\" \/>\n\t<meta property=\"og:image:width\" content=\"1200\" \/>\n\t<meta property=\"og:image:height\" content=\"1200\" \/>\n\t<meta property=\"og:image:type\" content=\"image\/jpeg\" \/>\n<meta name=\"twitter:card\" content=\"summary_large_image\" \/>\n<script type=\"application\/ld+json\" class=\"yoast-schema-graph\">{\"@context\":\"https:\\\/\\\/schema.org\",\"@graph\":[{\"@type\":\"WebPage\",\"@id\":\"https:\\\/\\\/www.rinaldisrl.com\\\/fr\\\/produit\\\/logiciel-pour-la-gestion-complete-des-menuiseries\\\/\",\"url\":\"https:\\\/\\\/www.rinaldisrl.com\\\/fr\\\/produit\\\/logiciel-pour-la-gestion-complete-des-menuiseries\\\/\",\"name\":\"Software\",\"isPartOf\":{\"@id\":\"https:\\\/\\\/www.rinaldisrl.com\\\/fr\\\/#website\"},\"primaryImageOfPage\":{\"@id\":\"https:\\\/\\\/www.rinaldisrl.com\\\/fr\\\/produit\\\/logiciel-pour-la-gestion-complete-des-menuiseries\\\/#primaryimage\"},\"image\":{\"@id\":\"https:\\\/\\\/www.rinaldisrl.com\\\/fr\\\/produit\\\/logiciel-pour-la-gestion-complete-des-menuiseries\\\/#primaryimage\"},\"thumbnailUrl\":\"https:\\\/\\\/www.rinaldisrl.com\\\/wp-content\\\/uploads\\\/2026\\\/04\\\/software.jpg\",\"datePublished\":\"2026-04-29T15:55:40+00:00\",\"dateModified\":\"2026-05-10T15:50:42+00:00\",\"breadcrumb\":{\"@id\":\"https:\\\/\\\/www.rinaldisrl.com\\\/fr\\\/produit\\\/logiciel-pour-la-gestion-complete-des-menuiseries\\\/#breadcrumb\"},\"inLanguage\":\"fr-FR\",\"potentialAction\":[{\"@type\":\"ReadAction\",\"target\":[\"https:\\\/\\\/www.rinaldisrl.com\\\/fr\\\/produit\\\/logiciel-pour-la-gestion-complete-des-menuiseries\\\/\"]}]},{\"@type\":\"ImageObject\",\"inLanguage\":\"fr-FR\",\"@id\":\"https:\\\/\\\/www.rinaldisrl.com\\\/fr\\\/produit\\\/logiciel-pour-la-gestion-complete-des-menuiseries\\\/#primaryimage\",\"url\":\"https:\\\/\\\/www.rinaldisrl.com\\\/wp-content\\\/uploads\\\/2026\\\/04\\\/software.jpg\",\"contentUrl\":\"https:\\\/\\\/www.rinaldisrl.com\\\/wp-content\\\/uploads\\\/2026\\\/04\\\/software.jpg\",\"width\":1200,\"height\":1200},{\"@type\":\"BreadcrumbList\",\"@id\":\"https:\\\/\\\/www.rinaldisrl.com\\\/fr\\\/produit\\\/logiciel-pour-la-gestion-complete-des-menuiseries\\\/#breadcrumb\",\"itemListElement\":[{\"@type\":\"ListItem\",\"position\":1,\"name\":\"Home\",\"item\":\"https:\\\/\\\/www.rinaldisrl.com\\\/fr\\\/\"},{\"@type\":\"ListItem\",\"position\":2,\"name\":\"Catalogue\",\"item\":\"https:\\\/\\\/www.rinaldisrl.com\\\/fr\\\/catalogue\\\/\"},{\"@type\":\"ListItem\",\"position\":3,\"name\":\"Logiciel pour la gestion compl\u00e8te des menuiseries\"}]},{\"@type\":\"WebSite\",\"@id\":\"https:\\\/\\\/www.rinaldisrl.com\\\/fr\\\/#website\",\"url\":\"https:\\\/\\\/www.rinaldisrl.com\\\/fr\\\/\",\"name\":\"Rinaldi Srl\",\"description\":\"\",\"publisher\":{\"@id\":\"https:\\\/\\\/www.rinaldisrl.com\\\/fr\\\/#organization\"},\"potentialAction\":[{\"@type\":\"SearchAction\",\"target\":{\"@type\":\"EntryPoint\",\"urlTemplate\":\"https:\\\/\\\/www.rinaldisrl.com\\\/fr\\\/?s={search_term_string}\"},\"query-input\":{\"@type\":\"PropertyValueSpecification\",\"valueRequired\":true,\"valueName\":\"search_term_string\"}}],\"inLanguage\":\"fr-FR\"},{\"@type\":\"Organization\",\"@id\":\"https:\\\/\\\/www.rinaldisrl.com\\\/fr\\\/#organization\",\"name\":\"Fratelli Rinaldi Srl\",\"alternateName\":\"Fratelli Rinaldi Srl\",\"url\":\"https:\\\/\\\/www.rinaldisrl.com\\\/fr\\\/\",\"logo\":{\"@type\":\"ImageObject\",\"inLanguage\":\"fr-FR\",\"@id\":\"https:\\\/\\\/www.rinaldisrl.com\\\/fr\\\/#\\\/schema\\\/logo\\\/image\\\/\",\"url\":\"https:\\\/\\\/www.rinaldisrl.com\\\/wp-content\\\/uploads\\\/2023\\\/07\\\/logo-50-anni.png\",\"contentUrl\":\"https:\\\/\\\/www.rinaldisrl.com\\\/wp-content\\\/uploads\\\/2023\\\/07\\\/logo-50-anni.png\",\"width\":350,\"height\":200,\"caption\":\"Fratelli Rinaldi Srl\"},\"image\":{\"@id\":\"https:\\\/\\\/www.rinaldisrl.com\\\/fr\\\/#\\\/schema\\\/logo\\\/image\\\/\"}}]}<\/script>\n<!-- \/ Yoast SEO plugin. -->","yoast_head_json":{"title":"Software","robots":{"index":"index","follow":"follow","max-snippet":"max-snippet:-1","max-image-preview":"max-image-preview:large","max-video-preview":"max-video-preview:-1"},"canonical":"https:\/\/www.rinaldisrl.com\/fr\/produit\/logiciel-pour-la-gestion-complete-des-menuiseries\/","og_locale":"fr_FR","og_type":"article","og_title":"Software","og_description":"Le logiciel de Rinaldi srl, d\u00e9di\u00e9 \u00e0 la gestion compl\u00e8te des menuiseries, permet de suivre de mani\u00e8re simple, intuitive et contr\u00f4l\u00e9e les principales \u00e9tapes de la production.Le programme permet de configurer des menuiseries en aluminium et en PVC, de saisir les dimensions, de d\u00e9finir les ouvertures, de choisir les profil\u00e9s, les vitrages, les poign\u00e9es et les accessoires, tout en gardant le contr\u00f4le sur les mat\u00e9riaux, les co\u00fbts, les d\u00e9coupes, les usinages et les d\u00e9lais de production.Un environnement de travail unique pour passer de la conception \u00e0 la pr\u00e9paration des listes de travail, jusqu\u2019\u00e0 la g\u00e9n\u00e9ration des informations n\u00e9cessaires \u00e0 la production et \u00e0 l\u2019envoi des donn\u00e9es aux machines.","og_url":"https:\/\/www.rinaldisrl.com\/fr\/produit\/logiciel-pour-la-gestion-complete-des-menuiseries\/","og_site_name":"Rinaldi Srl","article_modified_time":"2026-05-10T15:50:42+00:00","og_image":[{"width":1200,"height":1200,"url":"https:\/\/www.rinaldisrl.com\/wp-content\/uploads\/2026\/04\/software.jpg","type":"image\/jpeg"}],"twitter_card":"summary_large_image","schema":{"@context":"https:\/\/schema.org","@graph":[{"@type":"WebPage","@id":"https:\/\/www.rinaldisrl.com\/fr\/produit\/logiciel-pour-la-gestion-complete-des-menuiseries\/","url":"https:\/\/www.rinaldisrl.com\/fr\/produit\/logiciel-pour-la-gestion-complete-des-menuiseries\/","name":"Software","isPartOf":{"@id":"https:\/\/www.rinaldisrl.com\/fr\/#website"},"primaryImageOfPage":{"@id":"https:\/\/www.rinaldisrl.com\/fr\/produit\/logiciel-pour-la-gestion-complete-des-menuiseries\/#primaryimage"},"image":{"@id":"https:\/\/www.rinaldisrl.com\/fr\/produit\/logiciel-pour-la-gestion-complete-des-menuiseries\/#primaryimage"},"thumbnailUrl":"https:\/\/www.rinaldisrl.com\/wp-content\/uploads\/2026\/04\/software.jpg","datePublished":"2026-04-29T15:55:40+00:00","dateModified":"2026-05-10T15:50:42+00:00","breadcrumb":{"@id":"https:\/\/www.rinaldisrl.com\/fr\/produit\/logiciel-pour-la-gestion-complete-des-menuiseries\/#breadcrumb"},"inLanguage":"fr-FR","potentialAction":[{"@type":"ReadAction","target":["https:\/\/www.rinaldisrl.com\/fr\/produit\/logiciel-pour-la-gestion-complete-des-menuiseries\/"]}]},{"@type":"ImageObject","inLanguage":"fr-FR","@id":"https:\/\/www.rinaldisrl.com\/fr\/produit\/logiciel-pour-la-gestion-complete-des-menuiseries\/#primaryimage","url":"https:\/\/www.rinaldisrl.com\/wp-content\/uploads\/2026\/04\/software.jpg","contentUrl":"https:\/\/www.rinaldisrl.com\/wp-content\/uploads\/2026\/04\/software.jpg","width":1200,"height":1200},{"@type":"BreadcrumbList","@id":"https:\/\/www.rinaldisrl.com\/fr\/produit\/logiciel-pour-la-gestion-complete-des-menuiseries\/#breadcrumb","itemListElement":[{"@type":"ListItem","position":1,"name":"Home","item":"https:\/\/www.rinaldisrl.com\/fr\/"},{"@type":"ListItem","position":2,"name":"Catalogue","item":"https:\/\/www.rinaldisrl.com\/fr\/catalogue\/"},{"@type":"ListItem","position":3,"name":"Logiciel pour la gestion compl\u00e8te des menuiseries"}]},{"@type":"WebSite","@id":"https:\/\/www.rinaldisrl.com\/fr\/#website","url":"https:\/\/www.rinaldisrl.com\/fr\/","name":"Rinaldi Srl","description":"","publisher":{"@id":"https:\/\/www.rinaldisrl.com\/fr\/#organization"},"potentialAction":[{"@type":"SearchAction","target":{"@type":"EntryPoint","urlTemplate":"https:\/\/www.rinaldisrl.com\/fr\/?s={search_term_string}"},"query-input":{"@type":"PropertyValueSpecification","valueRequired":true,"valueName":"search_term_string"}}],"inLanguage":"fr-FR"},{"@type":"Organization","@id":"https:\/\/www.rinaldisrl.com\/fr\/#organization","name":"Fratelli Rinaldi Srl","alternateName":"Fratelli Rinaldi Srl","url":"https:\/\/www.rinaldisrl.com\/fr\/","logo":{"@type":"ImageObject","inLanguage":"fr-FR","@id":"https:\/\/www.rinaldisrl.com\/fr\/#\/schema\/logo\/image\/","url":"https:\/\/www.rinaldisrl.com\/wp-content\/uploads\/2023\/07\/logo-50-anni.png","contentUrl":"https:\/\/www.rinaldisrl.com\/wp-content\/uploads\/2023\/07\/logo-50-anni.png","width":350,"height":200,"caption":"Fratelli Rinaldi Srl"},"image":{"@id":"https:\/\/www.rinaldisrl.com\/fr\/#\/schema\/logo\/image\/"}}]}},"_links":{"self":[{"href":"https:\/\/www.rinaldisrl.com\/fr\/wp-json\/wp\/v2\/product\/3927","targetHints":{"allow":["GET"]}}],"collection":[{"href":"https:\/\/www.rinaldisrl.com\/fr\/wp-json\/wp\/v2\/product"}],"about":[{"href":"https:\/\/www.rinaldisrl.com\/fr\/wp-json\/wp\/v2\/types\/product"}],"wp:featuredmedia":[{"embeddable":true,"href":"https:\/\/www.rinaldisrl.com\/fr\/wp-json\/wp\/v2\/media\/3892"}],"wp:attachment":[{"href":"https:\/\/www.rinaldisrl.com\/fr\/wp-json\/wp\/v2\/media?parent=3927"}],"wp:term":[{"taxonomy":"product_brand","embeddable":true,"href":"https:\/\/www.rinaldisrl.com\/fr\/wp-json\/wp\/v2\/product_brand?post=3927"},{"taxonomy":"product_cat","embeddable":true,"href":"https:\/\/www.rinaldisrl.com\/fr\/wp-json\/wp\/v2\/product_cat?post=3927"},{"taxonomy":"product_tag","embeddable":true,"href":"https:\/\/www.rinaldisrl.com\/fr\/wp-json\/wp\/v2\/product_tag?post=3927"}],"curies":[{"name":"wp","href":"https:\/\/api.w.org\/{rel}","templated":true}]}}