{"id":1993,"date":"2023-09-07T15:00:22","date_gmt":"2023-09-07T13:00:22","guid":{"rendered":"https:\/\/www.rinaldisrl.com\/prodotti\/intestatrice-int-32s-32as-2\/"},"modified":"2025-02-21T11:50:12","modified_gmt":"2025-02-21T10:50:12","slug":"ebouteuse-int-32s-32as","status":"publish","type":"product","link":"https:\/\/www.rinaldisrl.com\/fr\/produit\/ebouteuse-int-32s-32as\/","title":{"rendered":"\u00c9bouteuse INT 32S &#8211; 32AS"},"content":{"rendered":"","protected":false},"excerpt":{"rendered":"<p>\u00c9bouteuse horizontale \u00e0 avancement manuel ou semi-automatique dans la version \u00ab 32AS \u00bb.<br \/>\nLa vitesse de rotation \u00e9lev\u00e9e de l\u2019outil am\u00e9liore la qualit\u00e9 de l\u2019usinage sur le profil\u00e9 peint et \u00e0 l\u2019ext\u00e9rieur de l\u2019\u00e9querre.<br \/>\nElle effectue des fraisages \u00e0 90 \u00b0 et \u00e0 angle variable de -45 \u00b0 \u00e0 + 45 \u00b0.<br \/>\nChangement rapide du groupe fraises avec commande pneumatique.<br \/>\nPlan de travail anti-rayures.<br \/>\nZone de travail insonoris\u00e9e et enti\u00e8rement car\u00e9n\u00e9e avec une grande visibilit\u00e9 int\u00e9rieure.<br \/>\nLe tunnel insonoris\u00e9 \u00e0 commande manuelle (fraisage \u00e0 90 \u00b0 uniquement) r\u00e9duit le bruit \u00e9mis \u00e0 environ 85 dB.<\/p>\n","protected":false},"featured_media":1035,"template":"","meta":[],"product_brand":[],"product_cat":[254],"product_tag":[],"class_list":{"0":"post-1993","1":"product","2":"type-product","3":"status-publish","4":"has-post-thumbnail","6":"product_cat-ebouteuses","8":"first","9":"instock","10":"shipping-taxable","11":"product-type-simple"},"yoast_head":"<!-- This site is optimized with the Yoast SEO plugin v27.2 - https:\/\/yoast.com\/product\/yoast-seo-wordpress\/ -->\n<title>\u00c9bouteuse horizontale \u00e0 avancement manuel ou automatique | INT 32S \u2013 32AS<\/title>\n<meta name=\"description\" content=\"\u00c9bouteuse horizontale \u00e0 avancement manuel ou automatique. Zone de travail insonoris\u00e9e et enti\u00e8rement car\u00e9n\u00e9e.\" \/>\n<meta name=\"robots\" content=\"index, follow, max-snippet:-1, max-image-preview:large, max-video-preview:-1\" \/>\n<link rel=\"canonical\" href=\"https:\/\/www.rinaldisrl.com\/fr\/produit\/ebouteuse-int-32s-32as\/\" \/>\n<meta property=\"og:locale\" content=\"fr_FR\" \/>\n<meta property=\"og:type\" content=\"article\" \/>\n<meta property=\"og:title\" content=\"\u00c9bouteuse horizontale \u00e0 avancement manuel ou automatique | INT 32S \u2013 32AS\" \/>\n<meta property=\"og:description\" content=\"\u00c9bouteuse horizontale \u00e0 avancement manuel ou automatique. Zone de travail insonoris\u00e9e et enti\u00e8rement car\u00e9n\u00e9e.\" \/>\n<meta property=\"og:url\" content=\"https:\/\/www.rinaldisrl.com\/fr\/produit\/ebouteuse-int-32s-32as\/\" \/>\n<meta property=\"og:site_name\" content=\"Rinaldi Srl\" \/>\n<meta property=\"article:modified_time\" content=\"2025-02-21T10:50:12+00:00\" \/>\n<meta property=\"og:image\" content=\"https:\/\/www.rinaldisrl.com\/wp-content\/uploads\/2023\/09\/intestatrice-INT32S.jpg\" \/>\n\t<meta property=\"og:image:width\" content=\"1200\" \/>\n\t<meta property=\"og:image:height\" content=\"1200\" \/>\n\t<meta property=\"og:image:type\" content=\"image\/jpeg\" \/>\n<meta name=\"twitter:card\" content=\"summary_large_image\" \/>\n<meta name=\"twitter:label1\" content=\"Dur\u00e9e de lecture estim\u00e9e\" \/>\n\t<meta name=\"twitter:data1\" content=\"1 minute\" \/>\n<script type=\"application\/ld+json\" class=\"yoast-schema-graph\">{\"@context\":\"https:\/\/schema.org\",\"@graph\":[{\"@type\":\"WebPage\",\"@id\":\"https:\/\/www.rinaldisrl.com\/fr\/produit\/ebouteuse-int-32s-32as\/\",\"url\":\"https:\/\/www.rinaldisrl.com\/fr\/produit\/ebouteuse-int-32s-32as\/\",\"name\":\"\u00c9bouteuse horizontale \u00e0 avancement manuel ou automatique | INT 32S \u2013 32AS\",\"isPartOf\":{\"@id\":\"https:\/\/www.rinaldisrl.com\/fr\/#website\"},\"primaryImageOfPage\":{\"@id\":\"https:\/\/www.rinaldisrl.com\/fr\/produit\/ebouteuse-int-32s-32as\/#primaryimage\"},\"image\":{\"@id\":\"https:\/\/www.rinaldisrl.com\/fr\/produit\/ebouteuse-int-32s-32as\/#primaryimage\"},\"thumbnailUrl\":\"https:\/\/www.rinaldisrl.com\/wp-content\/uploads\/2023\/09\/intestatrice-INT32S.jpg\",\"datePublished\":\"2023-09-07T13:00:22+00:00\",\"dateModified\":\"2025-02-21T10:50:12+00:00\",\"description\":\"\u00c9bouteuse horizontale \u00e0 avancement manuel ou automatique. Zone de travail insonoris\u00e9e et enti\u00e8rement car\u00e9n\u00e9e.\",\"breadcrumb\":{\"@id\":\"https:\/\/www.rinaldisrl.com\/fr\/produit\/ebouteuse-int-32s-32as\/#breadcrumb\"},\"inLanguage\":\"fr-FR\",\"potentialAction\":[{\"@type\":\"ReadAction\",\"target\":[\"https:\/\/www.rinaldisrl.com\/fr\/produit\/ebouteuse-int-32s-32as\/\"]}]},{\"@type\":\"ImageObject\",\"inLanguage\":\"fr-FR\",\"@id\":\"https:\/\/www.rinaldisrl.com\/fr\/produit\/ebouteuse-int-32s-32as\/#primaryimage\",\"url\":\"https:\/\/www.rinaldisrl.com\/wp-content\/uploads\/2023\/09\/intestatrice-INT32S.jpg\",\"contentUrl\":\"https:\/\/www.rinaldisrl.com\/wp-content\/uploads\/2023\/09\/intestatrice-INT32S.jpg\",\"width\":1200,\"height\":1200},{\"@type\":\"BreadcrumbList\",\"@id\":\"https:\/\/www.rinaldisrl.com\/fr\/produit\/ebouteuse-int-32s-32as\/#breadcrumb\",\"itemListElement\":[{\"@type\":\"ListItem\",\"position\":1,\"name\":\"Home\",\"item\":\"https:\/\/www.rinaldisrl.com\/fr\/\"},{\"@type\":\"ListItem\",\"position\":2,\"name\":\"Catalogue\",\"item\":\"https:\/\/www.rinaldisrl.com\/fr\/catalogue\/\"},{\"@type\":\"ListItem\",\"position\":3,\"name\":\"\u00c9bouteuse INT 32S &#8211; 32AS\"}]},{\"@type\":\"WebSite\",\"@id\":\"https:\/\/www.rinaldisrl.com\/fr\/#website\",\"url\":\"https:\/\/www.rinaldisrl.com\/fr\/\",\"name\":\"Rinaldi Srl\",\"description\":\"\",\"publisher\":{\"@id\":\"https:\/\/www.rinaldisrl.com\/fr\/#organization\"},\"potentialAction\":[{\"@type\":\"SearchAction\",\"target\":{\"@type\":\"EntryPoint\",\"urlTemplate\":\"https:\/\/www.rinaldisrl.com\/fr\/?s={search_term_string}\"},\"query-input\":{\"@type\":\"PropertyValueSpecification\",\"valueRequired\":true,\"valueName\":\"search_term_string\"}}],\"inLanguage\":\"fr-FR\"},{\"@type\":\"Organization\",\"@id\":\"https:\/\/www.rinaldisrl.com\/fr\/#organization\",\"name\":\"Fratelli Rinaldi Srl\",\"alternateName\":\"Fratelli Rinaldi Srl\",\"url\":\"https:\/\/www.rinaldisrl.com\/fr\/\",\"logo\":{\"@type\":\"ImageObject\",\"inLanguage\":\"fr-FR\",\"@id\":\"https:\/\/www.rinaldisrl.com\/fr\/#\/schema\/logo\/image\/\",\"url\":\"https:\/\/www.rinaldisrl.com\/wp-content\/uploads\/2023\/07\/logo-50-anni.png\",\"contentUrl\":\"https:\/\/www.rinaldisrl.com\/wp-content\/uploads\/2023\/07\/logo-50-anni.png\",\"width\":350,\"height\":200,\"caption\":\"Fratelli Rinaldi Srl\"},\"image\":{\"@id\":\"https:\/\/www.rinaldisrl.com\/fr\/#\/schema\/logo\/image\/\"}}]}<\/script>\n<!-- \/ Yoast SEO plugin. -->","yoast_head_json":{"title":"\u00c9bouteuse horizontale \u00e0 avancement manuel ou automatique | INT 32S \u2013 32AS","description":"\u00c9bouteuse horizontale \u00e0 avancement manuel ou automatique. Zone de travail insonoris\u00e9e et enti\u00e8rement car\u00e9n\u00e9e.","robots":{"index":"index","follow":"follow","max-snippet":"max-snippet:-1","max-image-preview":"max-image-preview:large","max-video-preview":"max-video-preview:-1"},"canonical":"https:\/\/www.rinaldisrl.com\/fr\/produit\/ebouteuse-int-32s-32as\/","og_locale":"fr_FR","og_type":"article","og_title":"\u00c9bouteuse horizontale \u00e0 avancement manuel ou automatique | INT 32S \u2013 32AS","og_description":"\u00c9bouteuse horizontale \u00e0 avancement manuel ou automatique. Zone de travail insonoris\u00e9e et enti\u00e8rement car\u00e9n\u00e9e.","og_url":"https:\/\/www.rinaldisrl.com\/fr\/produit\/ebouteuse-int-32s-32as\/","og_site_name":"Rinaldi Srl","article_modified_time":"2025-02-21T10:50:12+00:00","og_image":[{"width":1200,"height":1200,"url":"https:\/\/www.rinaldisrl.com\/wp-content\/uploads\/2023\/09\/intestatrice-INT32S.jpg","type":"image\/jpeg"}],"twitter_card":"summary_large_image","twitter_misc":{"Dur\u00e9e de lecture estim\u00e9e":"1 minute"},"schema":{"@context":"https:\/\/schema.org","@graph":[{"@type":"WebPage","@id":"https:\/\/www.rinaldisrl.com\/fr\/produit\/ebouteuse-int-32s-32as\/","url":"https:\/\/www.rinaldisrl.com\/fr\/produit\/ebouteuse-int-32s-32as\/","name":"\u00c9bouteuse horizontale \u00e0 avancement manuel ou automatique | INT 32S \u2013 32AS","isPartOf":{"@id":"https:\/\/www.rinaldisrl.com\/fr\/#website"},"primaryImageOfPage":{"@id":"https:\/\/www.rinaldisrl.com\/fr\/produit\/ebouteuse-int-32s-32as\/#primaryimage"},"image":{"@id":"https:\/\/www.rinaldisrl.com\/fr\/produit\/ebouteuse-int-32s-32as\/#primaryimage"},"thumbnailUrl":"https:\/\/www.rinaldisrl.com\/wp-content\/uploads\/2023\/09\/intestatrice-INT32S.jpg","datePublished":"2023-09-07T13:00:22+00:00","dateModified":"2025-02-21T10:50:12+00:00","description":"\u00c9bouteuse horizontale \u00e0 avancement manuel ou automatique. Zone de travail insonoris\u00e9e et enti\u00e8rement car\u00e9n\u00e9e.","breadcrumb":{"@id":"https:\/\/www.rinaldisrl.com\/fr\/produit\/ebouteuse-int-32s-32as\/#breadcrumb"},"inLanguage":"fr-FR","potentialAction":[{"@type":"ReadAction","target":["https:\/\/www.rinaldisrl.com\/fr\/produit\/ebouteuse-int-32s-32as\/"]}]},{"@type":"ImageObject","inLanguage":"fr-FR","@id":"https:\/\/www.rinaldisrl.com\/fr\/produit\/ebouteuse-int-32s-32as\/#primaryimage","url":"https:\/\/www.rinaldisrl.com\/wp-content\/uploads\/2023\/09\/intestatrice-INT32S.jpg","contentUrl":"https:\/\/www.rinaldisrl.com\/wp-content\/uploads\/2023\/09\/intestatrice-INT32S.jpg","width":1200,"height":1200},{"@type":"BreadcrumbList","@id":"https:\/\/www.rinaldisrl.com\/fr\/produit\/ebouteuse-int-32s-32as\/#breadcrumb","itemListElement":[{"@type":"ListItem","position":1,"name":"Home","item":"https:\/\/www.rinaldisrl.com\/fr\/"},{"@type":"ListItem","position":2,"name":"Catalogue","item":"https:\/\/www.rinaldisrl.com\/fr\/catalogue\/"},{"@type":"ListItem","position":3,"name":"\u00c9bouteuse INT 32S &#8211; 32AS"}]},{"@type":"WebSite","@id":"https:\/\/www.rinaldisrl.com\/fr\/#website","url":"https:\/\/www.rinaldisrl.com\/fr\/","name":"Rinaldi Srl","description":"","publisher":{"@id":"https:\/\/www.rinaldisrl.com\/fr\/#organization"},"potentialAction":[{"@type":"SearchAction","target":{"@type":"EntryPoint","urlTemplate":"https:\/\/www.rinaldisrl.com\/fr\/?s={search_term_string}"},"query-input":{"@type":"PropertyValueSpecification","valueRequired":true,"valueName":"search_term_string"}}],"inLanguage":"fr-FR"},{"@type":"Organization","@id":"https:\/\/www.rinaldisrl.com\/fr\/#organization","name":"Fratelli Rinaldi Srl","alternateName":"Fratelli Rinaldi Srl","url":"https:\/\/www.rinaldisrl.com\/fr\/","logo":{"@type":"ImageObject","inLanguage":"fr-FR","@id":"https:\/\/www.rinaldisrl.com\/fr\/#\/schema\/logo\/image\/","url":"https:\/\/www.rinaldisrl.com\/wp-content\/uploads\/2023\/07\/logo-50-anni.png","contentUrl":"https:\/\/www.rinaldisrl.com\/wp-content\/uploads\/2023\/07\/logo-50-anni.png","width":350,"height":200,"caption":"Fratelli Rinaldi Srl"},"image":{"@id":"https:\/\/www.rinaldisrl.com\/fr\/#\/schema\/logo\/image\/"}}]}},"_links":{"self":[{"href":"https:\/\/www.rinaldisrl.com\/fr\/wp-json\/wp\/v2\/product\/1993","targetHints":{"allow":["GET"]}}],"collection":[{"href":"https:\/\/www.rinaldisrl.com\/fr\/wp-json\/wp\/v2\/product"}],"about":[{"href":"https:\/\/www.rinaldisrl.com\/fr\/wp-json\/wp\/v2\/types\/product"}],"wp:featuredmedia":[{"embeddable":true,"href":"https:\/\/www.rinaldisrl.com\/fr\/wp-json\/wp\/v2\/media\/1035"}],"wp:attachment":[{"href":"https:\/\/www.rinaldisrl.com\/fr\/wp-json\/wp\/v2\/media?parent=1993"}],"wp:term":[{"taxonomy":"product_brand","embeddable":true,"href":"https:\/\/www.rinaldisrl.com\/fr\/wp-json\/wp\/v2\/product_brand?post=1993"},{"taxonomy":"product_cat","embeddable":true,"href":"https:\/\/www.rinaldisrl.com\/fr\/wp-json\/wp\/v2\/product_cat?post=1993"},{"taxonomy":"product_tag","embeddable":true,"href":"https:\/\/www.rinaldisrl.com\/fr\/wp-json\/wp\/v2\/product_tag?post=1993"}],"curies":[{"name":"wp","href":"https:\/\/api.w.org\/{rel}","templated":true}]}}