{"id":1986,"date":"2023-09-07T21:23:47","date_gmt":"2023-09-07T19:23:47","guid":{"rendered":"https:\/\/www.rinaldisrl.com\/prodotti\/pantografo-pan-36-2\/"},"modified":"2026-04-28T11:23:01","modified_gmt":"2026-04-28T09:23:01","slug":"fraiseuse-a-copier-pan-36","status":"publish","type":"product","link":"https:\/\/www.rinaldisrl.com\/fr\/produit\/fraiseuse-a-copier-pan-36\/","title":{"rendered":"Fraiseuse \u00e0 copier PAN 36"},"content":{"rendered":"","protected":false},"excerpt":{"rendered":"<p><strong>Fraiseuse \u00e0 copier monot\u00eate pneumatique pour profil\u00e9 aluminium \u00e0 commande manuelle. Blocage pneumatique mouvement de descente et translation t\u00eate par levier indirect.<\/strong><br \/>\n<strong>Le syst\u00e8me de rotation du plateau \u00e9tau permet de tourner rapidement la pi\u00e8ce de 90 \u00b0 sans d\u00e9verrouiller les \u00e9taux.<\/strong> Ce dispositif acc\u00e9l\u00e8re et rend plus pr\u00e9cis les usinages \u00e0 effectuer sur les 2 faces de la pi\u00e8ce.<br \/>\nEn effectuant des usinages passants, on travaille jusqu\u2019\u00e0 4 faces sans d\u00e9boucher la pi\u00e8ce.<br \/>\n<strong>Le palpeur pneumatique \u00e0 6 m\u00e9moires, r\u00e9glables, permet un positionnement rapide et pr\u00e9cis de la machine.<\/strong><\/p>\n","protected":false},"featured_media":1091,"template":"","meta":[],"product_brand":[],"product_cat":[253],"product_tag":[],"class_list":{"0":"post-1986","1":"product","2":"type-product","3":"status-publish","4":"has-post-thumbnail","6":"product_cat-pantographes","8":"first","9":"instock","10":"shipping-taxable","11":"product-type-simple"},"yoast_head":"<!-- This site is optimized with the Yoast SEO plugin v27.2 - https:\/\/yoast.com\/product\/yoast-seo-wordpress\/ -->\n<title>Fraiseuse \u00e0 copier monot\u00eate pneumatique pour profil\u00e9 aluminium | PAN36<\/title>\n<meta name=\"description\" content=\"Fraiseuse \u00e0 copier monot\u00eate pneumatique pour profil\u00e9 aluminium. Blocage pneumatique mouvement de descente et translation t\u00eate par levier indirect.\" \/>\n<meta name=\"robots\" content=\"index, follow, max-snippet:-1, max-image-preview:large, max-video-preview:-1\" \/>\n<link rel=\"canonical\" href=\"https:\/\/www.rinaldisrl.com\/fr\/produit\/fraiseuse-a-copier-pan-36\/\" \/>\n<meta property=\"og:locale\" content=\"fr_FR\" \/>\n<meta property=\"og:type\" content=\"article\" \/>\n<meta property=\"og:title\" content=\"Fraiseuse \u00e0 copier monot\u00eate pneumatique pour profil\u00e9 aluminium | PAN36\" \/>\n<meta property=\"og:description\" content=\"Fraiseuse \u00e0 copier monot\u00eate pneumatique pour profil\u00e9 aluminium. Blocage pneumatique mouvement de descente et translation t\u00eate par levier indirect.\" \/>\n<meta property=\"og:url\" content=\"https:\/\/www.rinaldisrl.com\/fr\/produit\/fraiseuse-a-copier-pan-36\/\" \/>\n<meta property=\"og:site_name\" content=\"Rinaldi Srl\" \/>\n<meta property=\"article:modified_time\" content=\"2026-04-28T09:23:01+00:00\" \/>\n<meta property=\"og:image\" content=\"https:\/\/www.rinaldisrl.com\/wp-content\/uploads\/2023\/09\/pantografo-PAN36.jpg\" \/>\n\t<meta property=\"og:image:width\" content=\"1200\" \/>\n\t<meta property=\"og:image:height\" content=\"1200\" \/>\n\t<meta property=\"og:image:type\" content=\"image\/jpeg\" \/>\n<meta name=\"twitter:card\" content=\"summary_large_image\" \/>\n<meta name=\"twitter:label1\" content=\"Dur\u00e9e de lecture estim\u00e9e\" \/>\n\t<meta name=\"twitter:data1\" content=\"1 minute\" \/>\n<script type=\"application\/ld+json\" class=\"yoast-schema-graph\">{\"@context\":\"https:\/\/schema.org\",\"@graph\":[{\"@type\":\"WebPage\",\"@id\":\"https:\/\/www.rinaldisrl.com\/fr\/produit\/fraiseuse-a-copier-pan-36\/\",\"url\":\"https:\/\/www.rinaldisrl.com\/fr\/produit\/fraiseuse-a-copier-pan-36\/\",\"name\":\"Fraiseuse \u00e0 copier monot\u00eate pneumatique pour profil\u00e9 aluminium | PAN36\",\"isPartOf\":{\"@id\":\"https:\/\/www.rinaldisrl.com\/fr\/#website\"},\"primaryImageOfPage\":{\"@id\":\"https:\/\/www.rinaldisrl.com\/fr\/produit\/fraiseuse-a-copier-pan-36\/#primaryimage\"},\"image\":{\"@id\":\"https:\/\/www.rinaldisrl.com\/fr\/produit\/fraiseuse-a-copier-pan-36\/#primaryimage\"},\"thumbnailUrl\":\"https:\/\/www.rinaldisrl.com\/wp-content\/uploads\/2023\/09\/pantografo-PAN36.jpg\",\"datePublished\":\"2023-09-07T19:23:47+00:00\",\"dateModified\":\"2026-04-28T09:23:01+00:00\",\"description\":\"Fraiseuse \u00e0 copier monot\u00eate pneumatique pour profil\u00e9 aluminium. Blocage pneumatique mouvement de descente et translation t\u00eate par levier indirect.\",\"breadcrumb\":{\"@id\":\"https:\/\/www.rinaldisrl.com\/fr\/produit\/fraiseuse-a-copier-pan-36\/#breadcrumb\"},\"inLanguage\":\"fr-FR\",\"potentialAction\":[{\"@type\":\"ReadAction\",\"target\":[\"https:\/\/www.rinaldisrl.com\/fr\/produit\/fraiseuse-a-copier-pan-36\/\"]}]},{\"@type\":\"ImageObject\",\"inLanguage\":\"fr-FR\",\"@id\":\"https:\/\/www.rinaldisrl.com\/fr\/produit\/fraiseuse-a-copier-pan-36\/#primaryimage\",\"url\":\"https:\/\/www.rinaldisrl.com\/wp-content\/uploads\/2023\/09\/pantografo-PAN36.jpg\",\"contentUrl\":\"https:\/\/www.rinaldisrl.com\/wp-content\/uploads\/2023\/09\/pantografo-PAN36.jpg\",\"width\":1200,\"height\":1200},{\"@type\":\"BreadcrumbList\",\"@id\":\"https:\/\/www.rinaldisrl.com\/fr\/produit\/fraiseuse-a-copier-pan-36\/#breadcrumb\",\"itemListElement\":[{\"@type\":\"ListItem\",\"position\":1,\"name\":\"Home\",\"item\":\"https:\/\/www.rinaldisrl.com\/fr\/\"},{\"@type\":\"ListItem\",\"position\":2,\"name\":\"Catalogue\",\"item\":\"https:\/\/www.rinaldisrl.com\/fr\/catalogue\/\"},{\"@type\":\"ListItem\",\"position\":3,\"name\":\"Fraiseuse \u00e0 copier PAN 36\"}]},{\"@type\":\"WebSite\",\"@id\":\"https:\/\/www.rinaldisrl.com\/fr\/#website\",\"url\":\"https:\/\/www.rinaldisrl.com\/fr\/\",\"name\":\"Rinaldi Srl\",\"description\":\"\",\"publisher\":{\"@id\":\"https:\/\/www.rinaldisrl.com\/fr\/#organization\"},\"potentialAction\":[{\"@type\":\"SearchAction\",\"target\":{\"@type\":\"EntryPoint\",\"urlTemplate\":\"https:\/\/www.rinaldisrl.com\/fr\/?s={search_term_string}\"},\"query-input\":{\"@type\":\"PropertyValueSpecification\",\"valueRequired\":true,\"valueName\":\"search_term_string\"}}],\"inLanguage\":\"fr-FR\"},{\"@type\":\"Organization\",\"@id\":\"https:\/\/www.rinaldisrl.com\/fr\/#organization\",\"name\":\"Fratelli Rinaldi Srl\",\"alternateName\":\"Fratelli Rinaldi Srl\",\"url\":\"https:\/\/www.rinaldisrl.com\/fr\/\",\"logo\":{\"@type\":\"ImageObject\",\"inLanguage\":\"fr-FR\",\"@id\":\"https:\/\/www.rinaldisrl.com\/fr\/#\/schema\/logo\/image\/\",\"url\":\"https:\/\/www.rinaldisrl.com\/wp-content\/uploads\/2023\/07\/logo-50-anni.png\",\"contentUrl\":\"https:\/\/www.rinaldisrl.com\/wp-content\/uploads\/2023\/07\/logo-50-anni.png\",\"width\":350,\"height\":200,\"caption\":\"Fratelli Rinaldi Srl\"},\"image\":{\"@id\":\"https:\/\/www.rinaldisrl.com\/fr\/#\/schema\/logo\/image\/\"}}]}<\/script>\n<!-- \/ Yoast SEO plugin. -->","yoast_head_json":{"title":"Fraiseuse \u00e0 copier monot\u00eate pneumatique pour profil\u00e9 aluminium | PAN36","description":"Fraiseuse \u00e0 copier monot\u00eate pneumatique pour profil\u00e9 aluminium. Blocage pneumatique mouvement de descente et translation t\u00eate par levier indirect.","robots":{"index":"index","follow":"follow","max-snippet":"max-snippet:-1","max-image-preview":"max-image-preview:large","max-video-preview":"max-video-preview:-1"},"canonical":"https:\/\/www.rinaldisrl.com\/fr\/produit\/fraiseuse-a-copier-pan-36\/","og_locale":"fr_FR","og_type":"article","og_title":"Fraiseuse \u00e0 copier monot\u00eate pneumatique pour profil\u00e9 aluminium | PAN36","og_description":"Fraiseuse \u00e0 copier monot\u00eate pneumatique pour profil\u00e9 aluminium. Blocage pneumatique mouvement de descente et translation t\u00eate par levier indirect.","og_url":"https:\/\/www.rinaldisrl.com\/fr\/produit\/fraiseuse-a-copier-pan-36\/","og_site_name":"Rinaldi Srl","article_modified_time":"2026-04-28T09:23:01+00:00","og_image":[{"width":1200,"height":1200,"url":"https:\/\/www.rinaldisrl.com\/wp-content\/uploads\/2023\/09\/pantografo-PAN36.jpg","type":"image\/jpeg"}],"twitter_card":"summary_large_image","twitter_misc":{"Dur\u00e9e de lecture estim\u00e9e":"1 minute"},"schema":{"@context":"https:\/\/schema.org","@graph":[{"@type":"WebPage","@id":"https:\/\/www.rinaldisrl.com\/fr\/produit\/fraiseuse-a-copier-pan-36\/","url":"https:\/\/www.rinaldisrl.com\/fr\/produit\/fraiseuse-a-copier-pan-36\/","name":"Fraiseuse \u00e0 copier monot\u00eate pneumatique pour profil\u00e9 aluminium | PAN36","isPartOf":{"@id":"https:\/\/www.rinaldisrl.com\/fr\/#website"},"primaryImageOfPage":{"@id":"https:\/\/www.rinaldisrl.com\/fr\/produit\/fraiseuse-a-copier-pan-36\/#primaryimage"},"image":{"@id":"https:\/\/www.rinaldisrl.com\/fr\/produit\/fraiseuse-a-copier-pan-36\/#primaryimage"},"thumbnailUrl":"https:\/\/www.rinaldisrl.com\/wp-content\/uploads\/2023\/09\/pantografo-PAN36.jpg","datePublished":"2023-09-07T19:23:47+00:00","dateModified":"2026-04-28T09:23:01+00:00","description":"Fraiseuse \u00e0 copier monot\u00eate pneumatique pour profil\u00e9 aluminium. Blocage pneumatique mouvement de descente et translation t\u00eate par levier indirect.","breadcrumb":{"@id":"https:\/\/www.rinaldisrl.com\/fr\/produit\/fraiseuse-a-copier-pan-36\/#breadcrumb"},"inLanguage":"fr-FR","potentialAction":[{"@type":"ReadAction","target":["https:\/\/www.rinaldisrl.com\/fr\/produit\/fraiseuse-a-copier-pan-36\/"]}]},{"@type":"ImageObject","inLanguage":"fr-FR","@id":"https:\/\/www.rinaldisrl.com\/fr\/produit\/fraiseuse-a-copier-pan-36\/#primaryimage","url":"https:\/\/www.rinaldisrl.com\/wp-content\/uploads\/2023\/09\/pantografo-PAN36.jpg","contentUrl":"https:\/\/www.rinaldisrl.com\/wp-content\/uploads\/2023\/09\/pantografo-PAN36.jpg","width":1200,"height":1200},{"@type":"BreadcrumbList","@id":"https:\/\/www.rinaldisrl.com\/fr\/produit\/fraiseuse-a-copier-pan-36\/#breadcrumb","itemListElement":[{"@type":"ListItem","position":1,"name":"Home","item":"https:\/\/www.rinaldisrl.com\/fr\/"},{"@type":"ListItem","position":2,"name":"Catalogue","item":"https:\/\/www.rinaldisrl.com\/fr\/catalogue\/"},{"@type":"ListItem","position":3,"name":"Fraiseuse \u00e0 copier PAN 36"}]},{"@type":"WebSite","@id":"https:\/\/www.rinaldisrl.com\/fr\/#website","url":"https:\/\/www.rinaldisrl.com\/fr\/","name":"Rinaldi Srl","description":"","publisher":{"@id":"https:\/\/www.rinaldisrl.com\/fr\/#organization"},"potentialAction":[{"@type":"SearchAction","target":{"@type":"EntryPoint","urlTemplate":"https:\/\/www.rinaldisrl.com\/fr\/?s={search_term_string}"},"query-input":{"@type":"PropertyValueSpecification","valueRequired":true,"valueName":"search_term_string"}}],"inLanguage":"fr-FR"},{"@type":"Organization","@id":"https:\/\/www.rinaldisrl.com\/fr\/#organization","name":"Fratelli Rinaldi Srl","alternateName":"Fratelli Rinaldi Srl","url":"https:\/\/www.rinaldisrl.com\/fr\/","logo":{"@type":"ImageObject","inLanguage":"fr-FR","@id":"https:\/\/www.rinaldisrl.com\/fr\/#\/schema\/logo\/image\/","url":"https:\/\/www.rinaldisrl.com\/wp-content\/uploads\/2023\/07\/logo-50-anni.png","contentUrl":"https:\/\/www.rinaldisrl.com\/wp-content\/uploads\/2023\/07\/logo-50-anni.png","width":350,"height":200,"caption":"Fratelli Rinaldi Srl"},"image":{"@id":"https:\/\/www.rinaldisrl.com\/fr\/#\/schema\/logo\/image\/"}}]}},"_links":{"self":[{"href":"https:\/\/www.rinaldisrl.com\/fr\/wp-json\/wp\/v2\/product\/1986","targetHints":{"allow":["GET"]}}],"collection":[{"href":"https:\/\/www.rinaldisrl.com\/fr\/wp-json\/wp\/v2\/product"}],"about":[{"href":"https:\/\/www.rinaldisrl.com\/fr\/wp-json\/wp\/v2\/types\/product"}],"wp:featuredmedia":[{"embeddable":true,"href":"https:\/\/www.rinaldisrl.com\/fr\/wp-json\/wp\/v2\/media\/1091"}],"wp:attachment":[{"href":"https:\/\/www.rinaldisrl.com\/fr\/wp-json\/wp\/v2\/media?parent=1986"}],"wp:term":[{"taxonomy":"product_brand","embeddable":true,"href":"https:\/\/www.rinaldisrl.com\/fr\/wp-json\/wp\/v2\/product_brand?post=1986"},{"taxonomy":"product_cat","embeddable":true,"href":"https:\/\/www.rinaldisrl.com\/fr\/wp-json\/wp\/v2\/product_cat?post=1986"},{"taxonomy":"product_tag","embeddable":true,"href":"https:\/\/www.rinaldisrl.com\/fr\/wp-json\/wp\/v2\/product_tag?post=1986"}],"curies":[{"name":"wp","href":"https:\/\/api.w.org\/{rel}","templated":true}]}}