{"id":1984,"date":"2023-09-08T07:24:49","date_gmt":"2023-09-08T05:24:49","guid":{"rendered":"https:\/\/www.rinaldisrl.com\/prodotti\/pantografo-pan-38i-2\/"},"modified":"2025-02-25T10:58:57","modified_gmt":"2025-02-25T09:58:57","slug":"pantographe-pan-38i","status":"publish","type":"product","link":"https:\/\/www.rinaldisrl.com\/fr\/produit\/pantographe-pan-38i\/","title":{"rendered":"Pantographe PAN 38i"},"content":{"rendered":"","protected":false},"excerpt":{"rendered":"<p><strong>Pantographe mono-t\u00eate \u00e0 commande manuelle<\/strong>, blocage pneumatique de la descente de t\u00eate et mouvement de translation par levier indirect.<br \/>\n<strong>Vitesse de rotation de la broche r\u00e9glable avec variateur \u00e9lectronique pour am\u00e9liorer la qualit\u00e9 du fraisage et la dur\u00e9e de vie de l\u2019outil.<\/strong><br \/>\n<strong>Le palpeur avec 6 m\u00e9moires r\u00e9glables permet un positionnement rapide et pr\u00e9cis de la machine.<\/strong><br \/>\nLe syst\u00e8me de rotation du plateau \u00e9tau (brevet\u00e9) permet de<strong> travailler 4 faces du profil\u00e9 sans<\/strong><br \/>\n<strong>d\u00e9bloquer les \u00e9taux.<\/strong><br \/>\nLe mouvement rotatif de 0 \u00b0 \u00e0 180 \u00b0 maintient le m\u00eame axe ; la figure produite sur la premi\u00e8re face \u00e0 0 \u00b0 est \u00e0 la m\u00eame hauteur que celle reproduite sur la face oppos\u00e9e \u00e0 180 \u00b0. Ce syst\u00e8me permet d\u2019augmenter la vitesse d\u2019ex\u00e9cution et la pr\u00e9cision, d\u2019utiliser des outils de longueur inf\u00e9rieure, d\u2019\u00e9liminer les usinages traversants et donc de r\u00e9duire les vibrations et le bruit.<br \/>\nProtection avant de la zone de travail \u00e0 commande pneumatique.<\/p>\n","protected":false},"featured_media":1099,"template":"","meta":[],"product_brand":[],"product_cat":[253],"product_tag":[],"class_list":{"0":"post-1984","1":"product","2":"type-product","3":"status-publish","4":"has-post-thumbnail","6":"product_cat-pantographes","8":"first","9":"instock","10":"shipping-taxable","11":"product-type-simple"},"yoast_head":"<!-- This site is optimized with the Yoast SEO plugin v27.2 - https:\/\/yoast.com\/product\/yoast-seo-wordpress\/ -->\n<title>Pantographe mono-t\u00eate avec blocage pneumatique de la descente | PAN38I<\/title>\n<meta name=\"description\" content=\"pantographe mono-t\u00eate avec blocage pneumatique de la descente.\" \/>\n<meta name=\"robots\" content=\"index, follow, max-snippet:-1, max-image-preview:large, max-video-preview:-1\" \/>\n<link rel=\"canonical\" href=\"https:\/\/www.rinaldisrl.com\/fr\/produit\/pantographe-pan-38i\/\" \/>\n<meta property=\"og:locale\" content=\"fr_FR\" \/>\n<meta property=\"og:type\" content=\"article\" \/>\n<meta property=\"og:title\" content=\"Pantographe mono-t\u00eate avec blocage pneumatique de la descente | PAN38I\" \/>\n<meta property=\"og:description\" content=\"pantographe mono-t\u00eate avec blocage pneumatique de la descente.\" \/>\n<meta property=\"og:url\" content=\"https:\/\/www.rinaldisrl.com\/fr\/produit\/pantographe-pan-38i\/\" \/>\n<meta property=\"og:site_name\" content=\"Rinaldi Srl\" \/>\n<meta property=\"article:modified_time\" content=\"2025-02-25T09:58:57+00:00\" \/>\n<meta property=\"og:image\" content=\"https:\/\/www.rinaldisrl.com\/wp-content\/uploads\/2023\/09\/pantografo-PAN38i.jpg\" \/>\n\t<meta property=\"og:image:width\" content=\"1200\" \/>\n\t<meta property=\"og:image:height\" content=\"1200\" \/>\n\t<meta property=\"og:image:type\" content=\"image\/jpeg\" \/>\n<meta name=\"twitter:card\" content=\"summary_large_image\" \/>\n<meta name=\"twitter:label1\" content=\"Dur\u00e9e de lecture estim\u00e9e\" \/>\n\t<meta name=\"twitter:data1\" content=\"1 minute\" \/>\n<script type=\"application\/ld+json\" class=\"yoast-schema-graph\">{\"@context\":\"https:\/\/schema.org\",\"@graph\":[{\"@type\":\"WebPage\",\"@id\":\"https:\/\/www.rinaldisrl.com\/fr\/produit\/pantographe-pan-38i\/\",\"url\":\"https:\/\/www.rinaldisrl.com\/fr\/produit\/pantographe-pan-38i\/\",\"name\":\"Pantographe mono-t\u00eate avec blocage pneumatique de la descente | PAN38I\",\"isPartOf\":{\"@id\":\"https:\/\/www.rinaldisrl.com\/fr\/#website\"},\"primaryImageOfPage\":{\"@id\":\"https:\/\/www.rinaldisrl.com\/fr\/produit\/pantographe-pan-38i\/#primaryimage\"},\"image\":{\"@id\":\"https:\/\/www.rinaldisrl.com\/fr\/produit\/pantographe-pan-38i\/#primaryimage\"},\"thumbnailUrl\":\"https:\/\/www.rinaldisrl.com\/wp-content\/uploads\/2023\/09\/pantografo-PAN38i.jpg\",\"datePublished\":\"2023-09-08T05:24:49+00:00\",\"dateModified\":\"2025-02-25T09:58:57+00:00\",\"description\":\"pantographe mono-t\u00eate avec blocage pneumatique de la descente.\",\"breadcrumb\":{\"@id\":\"https:\/\/www.rinaldisrl.com\/fr\/produit\/pantographe-pan-38i\/#breadcrumb\"},\"inLanguage\":\"fr-FR\",\"potentialAction\":[{\"@type\":\"ReadAction\",\"target\":[\"https:\/\/www.rinaldisrl.com\/fr\/produit\/pantographe-pan-38i\/\"]}]},{\"@type\":\"ImageObject\",\"inLanguage\":\"fr-FR\",\"@id\":\"https:\/\/www.rinaldisrl.com\/fr\/produit\/pantographe-pan-38i\/#primaryimage\",\"url\":\"https:\/\/www.rinaldisrl.com\/wp-content\/uploads\/2023\/09\/pantografo-PAN38i.jpg\",\"contentUrl\":\"https:\/\/www.rinaldisrl.com\/wp-content\/uploads\/2023\/09\/pantografo-PAN38i.jpg\",\"width\":1200,\"height\":1200},{\"@type\":\"BreadcrumbList\",\"@id\":\"https:\/\/www.rinaldisrl.com\/fr\/produit\/pantographe-pan-38i\/#breadcrumb\",\"itemListElement\":[{\"@type\":\"ListItem\",\"position\":1,\"name\":\"Home\",\"item\":\"https:\/\/www.rinaldisrl.com\/fr\/\"},{\"@type\":\"ListItem\",\"position\":2,\"name\":\"Catalogue\",\"item\":\"https:\/\/www.rinaldisrl.com\/fr\/catalogue\/\"},{\"@type\":\"ListItem\",\"position\":3,\"name\":\"Pantographe PAN 38i\"}]},{\"@type\":\"WebSite\",\"@id\":\"https:\/\/www.rinaldisrl.com\/fr\/#website\",\"url\":\"https:\/\/www.rinaldisrl.com\/fr\/\",\"name\":\"Rinaldi Srl\",\"description\":\"\",\"publisher\":{\"@id\":\"https:\/\/www.rinaldisrl.com\/fr\/#organization\"},\"potentialAction\":[{\"@type\":\"SearchAction\",\"target\":{\"@type\":\"EntryPoint\",\"urlTemplate\":\"https:\/\/www.rinaldisrl.com\/fr\/?s={search_term_string}\"},\"query-input\":{\"@type\":\"PropertyValueSpecification\",\"valueRequired\":true,\"valueName\":\"search_term_string\"}}],\"inLanguage\":\"fr-FR\"},{\"@type\":\"Organization\",\"@id\":\"https:\/\/www.rinaldisrl.com\/fr\/#organization\",\"name\":\"Fratelli Rinaldi Srl\",\"alternateName\":\"Fratelli Rinaldi Srl\",\"url\":\"https:\/\/www.rinaldisrl.com\/fr\/\",\"logo\":{\"@type\":\"ImageObject\",\"inLanguage\":\"fr-FR\",\"@id\":\"https:\/\/www.rinaldisrl.com\/fr\/#\/schema\/logo\/image\/\",\"url\":\"https:\/\/www.rinaldisrl.com\/wp-content\/uploads\/2023\/07\/logo-50-anni.png\",\"contentUrl\":\"https:\/\/www.rinaldisrl.com\/wp-content\/uploads\/2023\/07\/logo-50-anni.png\",\"width\":350,\"height\":200,\"caption\":\"Fratelli Rinaldi Srl\"},\"image\":{\"@id\":\"https:\/\/www.rinaldisrl.com\/fr\/#\/schema\/logo\/image\/\"}}]}<\/script>\n<!-- \/ Yoast SEO plugin. -->","yoast_head_json":{"title":"Pantographe mono-t\u00eate avec blocage pneumatique de la descente | PAN38I","description":"pantographe mono-t\u00eate avec blocage pneumatique de la descente.","robots":{"index":"index","follow":"follow","max-snippet":"max-snippet:-1","max-image-preview":"max-image-preview:large","max-video-preview":"max-video-preview:-1"},"canonical":"https:\/\/www.rinaldisrl.com\/fr\/produit\/pantographe-pan-38i\/","og_locale":"fr_FR","og_type":"article","og_title":"Pantographe mono-t\u00eate avec blocage pneumatique de la descente | PAN38I","og_description":"pantographe mono-t\u00eate avec blocage pneumatique de la descente.","og_url":"https:\/\/www.rinaldisrl.com\/fr\/produit\/pantographe-pan-38i\/","og_site_name":"Rinaldi Srl","article_modified_time":"2025-02-25T09:58:57+00:00","og_image":[{"width":1200,"height":1200,"url":"https:\/\/www.rinaldisrl.com\/wp-content\/uploads\/2023\/09\/pantografo-PAN38i.jpg","type":"image\/jpeg"}],"twitter_card":"summary_large_image","twitter_misc":{"Dur\u00e9e de lecture estim\u00e9e":"1 minute"},"schema":{"@context":"https:\/\/schema.org","@graph":[{"@type":"WebPage","@id":"https:\/\/www.rinaldisrl.com\/fr\/produit\/pantographe-pan-38i\/","url":"https:\/\/www.rinaldisrl.com\/fr\/produit\/pantographe-pan-38i\/","name":"Pantographe mono-t\u00eate avec blocage pneumatique de la descente | PAN38I","isPartOf":{"@id":"https:\/\/www.rinaldisrl.com\/fr\/#website"},"primaryImageOfPage":{"@id":"https:\/\/www.rinaldisrl.com\/fr\/produit\/pantographe-pan-38i\/#primaryimage"},"image":{"@id":"https:\/\/www.rinaldisrl.com\/fr\/produit\/pantographe-pan-38i\/#primaryimage"},"thumbnailUrl":"https:\/\/www.rinaldisrl.com\/wp-content\/uploads\/2023\/09\/pantografo-PAN38i.jpg","datePublished":"2023-09-08T05:24:49+00:00","dateModified":"2025-02-25T09:58:57+00:00","description":"pantographe mono-t\u00eate avec blocage pneumatique de la descente.","breadcrumb":{"@id":"https:\/\/www.rinaldisrl.com\/fr\/produit\/pantographe-pan-38i\/#breadcrumb"},"inLanguage":"fr-FR","potentialAction":[{"@type":"ReadAction","target":["https:\/\/www.rinaldisrl.com\/fr\/produit\/pantographe-pan-38i\/"]}]},{"@type":"ImageObject","inLanguage":"fr-FR","@id":"https:\/\/www.rinaldisrl.com\/fr\/produit\/pantographe-pan-38i\/#primaryimage","url":"https:\/\/www.rinaldisrl.com\/wp-content\/uploads\/2023\/09\/pantografo-PAN38i.jpg","contentUrl":"https:\/\/www.rinaldisrl.com\/wp-content\/uploads\/2023\/09\/pantografo-PAN38i.jpg","width":1200,"height":1200},{"@type":"BreadcrumbList","@id":"https:\/\/www.rinaldisrl.com\/fr\/produit\/pantographe-pan-38i\/#breadcrumb","itemListElement":[{"@type":"ListItem","position":1,"name":"Home","item":"https:\/\/www.rinaldisrl.com\/fr\/"},{"@type":"ListItem","position":2,"name":"Catalogue","item":"https:\/\/www.rinaldisrl.com\/fr\/catalogue\/"},{"@type":"ListItem","position":3,"name":"Pantographe PAN 38i"}]},{"@type":"WebSite","@id":"https:\/\/www.rinaldisrl.com\/fr\/#website","url":"https:\/\/www.rinaldisrl.com\/fr\/","name":"Rinaldi Srl","description":"","publisher":{"@id":"https:\/\/www.rinaldisrl.com\/fr\/#organization"},"potentialAction":[{"@type":"SearchAction","target":{"@type":"EntryPoint","urlTemplate":"https:\/\/www.rinaldisrl.com\/fr\/?s={search_term_string}"},"query-input":{"@type":"PropertyValueSpecification","valueRequired":true,"valueName":"search_term_string"}}],"inLanguage":"fr-FR"},{"@type":"Organization","@id":"https:\/\/www.rinaldisrl.com\/fr\/#organization","name":"Fratelli Rinaldi Srl","alternateName":"Fratelli Rinaldi Srl","url":"https:\/\/www.rinaldisrl.com\/fr\/","logo":{"@type":"ImageObject","inLanguage":"fr-FR","@id":"https:\/\/www.rinaldisrl.com\/fr\/#\/schema\/logo\/image\/","url":"https:\/\/www.rinaldisrl.com\/wp-content\/uploads\/2023\/07\/logo-50-anni.png","contentUrl":"https:\/\/www.rinaldisrl.com\/wp-content\/uploads\/2023\/07\/logo-50-anni.png","width":350,"height":200,"caption":"Fratelli Rinaldi Srl"},"image":{"@id":"https:\/\/www.rinaldisrl.com\/fr\/#\/schema\/logo\/image\/"}}]}},"_links":{"self":[{"href":"https:\/\/www.rinaldisrl.com\/fr\/wp-json\/wp\/v2\/product\/1984","targetHints":{"allow":["GET"]}}],"collection":[{"href":"https:\/\/www.rinaldisrl.com\/fr\/wp-json\/wp\/v2\/product"}],"about":[{"href":"https:\/\/www.rinaldisrl.com\/fr\/wp-json\/wp\/v2\/types\/product"}],"wp:featuredmedia":[{"embeddable":true,"href":"https:\/\/www.rinaldisrl.com\/fr\/wp-json\/wp\/v2\/media\/1099"}],"wp:attachment":[{"href":"https:\/\/www.rinaldisrl.com\/fr\/wp-json\/wp\/v2\/media?parent=1984"}],"wp:term":[{"taxonomy":"product_brand","embeddable":true,"href":"https:\/\/www.rinaldisrl.com\/fr\/wp-json\/wp\/v2\/product_brand?post=1984"},{"taxonomy":"product_cat","embeddable":true,"href":"https:\/\/www.rinaldisrl.com\/fr\/wp-json\/wp\/v2\/product_cat?post=1984"},{"taxonomy":"product_tag","embeddable":true,"href":"https:\/\/www.rinaldisrl.com\/fr\/wp-json\/wp\/v2\/product_tag?post=1984"}],"curies":[{"name":"wp","href":"https:\/\/api.w.org\/{rel}","templated":true}]}}