{"id":1983,"date":"2023-09-08T08:06:57","date_gmt":"2023-09-08T06:06:57","guid":{"rendered":"https:\/\/www.rinaldisrl.com\/prodotti\/pantografo-pan-38l-38li-2\/"},"modified":"2026-04-28T12:21:11","modified_gmt":"2026-04-28T10:21:11","slug":"fraiseuse-a-copier-pan-38l-38li","status":"publish","type":"product","link":"https:\/\/www.rinaldisrl.com\/fr\/produit\/fraiseuse-a-copier-pan-38l-38li\/","title":{"rendered":"Fraiseuse \u00e0 copier PAN 38L &#8211; 38Li"},"content":{"rendered":"","protected":false},"excerpt":{"rendered":"<p><span data-sheets-root=\"1\">Fraiseuse \u00e0 copier mono-t\u00eate pneumatique \u00e0 descente manuelle assist\u00e9e pour aluminium. <strong>Sur socle de 3 000 mm de longueur, avec unit\u00e9 mobile manuelle et blocage pneumatique.<\/strong><\/span><\/p>\n<p>Avancement semi-automatique de la descente de t\u00eate avec dispositif d\u2019approche rapide et saut chambre.<br \/>\nChangement rapide de l\u2019outil \u00e0 commande pneumatique (en option).<br \/>\nPossibilit\u00e9 de travailler l\u2019acier jusqu\u2019\u00e0 2 mm avec un \u00e9quipement standard ; avec un accessoire sp\u00e9cifique en acier inoxydable jusqu\u2019\u00e0 1,5 mm.<br \/>\n<strong>Le palpeur pneumatique avec translation pneumatique \u00e0 5 positions r\u00e9glables permet un positionnement rapide et pr\u00e9cis de la machine.<\/strong><br \/>\nLe syst\u00e8me de rotation du plateau \u00e9tau permet de travailler 3 faces du profil\u00e9 sans d\u00e9verrouiller les \u00e9taux ou 4 faces en effectuant des usinages passants.<br \/>\n<strong>Le mouvement rotatif de 0 \u00b0 \u00e0 180 \u00b0 maintient le m\u00eame axe ; la figure produite sur la premi\u00e8re face \u00e0 0 \u00b0 est \u00e0 la m\u00eame hauteur que celle reproduite sur la face oppos\u00e9e \u00e0 180 \u00b0.<\/strong> Ce syst\u00e8me permet d\u2019augmenter la vitesse d\u2019ex\u00e9cution et la pr\u00e9cision, d\u2019utiliser des outils de longueur inf\u00e9rieure puis de r\u00e9duire les<br \/>\nvibrations et le bruit.<br \/>\nProtection avant de la zone de travail \u00e0 commande pneumatique.<\/p>\n","protected":false},"featured_media":1103,"template":"","meta":[],"product_brand":[],"product_cat":[253],"product_tag":[],"class_list":{"0":"post-1983","1":"product","2":"type-product","3":"status-publish","4":"has-post-thumbnail","6":"product_cat-pantographes","8":"first","9":"instock","10":"shipping-taxable","11":"product-type-simple"},"yoast_head":"<!-- This site is optimized with the Yoast SEO plugin v27.5 - https:\/\/yoast.com\/product\/yoast-seo-wordpress\/ -->\n<title>Fraiseuse \u00e0 copier pneumatique \u00e0 descente manuelle assist\u00e9e | PAN38L \u2013 38LI<\/title>\n<meta name=\"description\" content=\"Fraiseuse \u00e0 copier pneumatique \u00e0 descente manuelle assist\u00e9e pour aluminium . Possibilit\u00e9 de travailler l\u2019acier.\" \/>\n<meta name=\"robots\" content=\"index, follow, max-snippet:-1, max-image-preview:large, max-video-preview:-1\" \/>\n<link rel=\"canonical\" href=\"https:\/\/www.rinaldisrl.com\/fr\/produit\/fraiseuse-a-copier-pan-38l-38li\/\" \/>\n<meta property=\"og:locale\" content=\"fr_FR\" \/>\n<meta property=\"og:type\" content=\"article\" \/>\n<meta property=\"og:title\" content=\"Fraiseuse \u00e0 copier pneumatique \u00e0 descente manuelle assist\u00e9e | PAN38L \u2013 38LI\" \/>\n<meta property=\"og:description\" content=\"Fraiseuse \u00e0 copier pneumatique \u00e0 descente manuelle assist\u00e9e pour aluminium . Possibilit\u00e9 de travailler l\u2019acier.\" \/>\n<meta property=\"og:url\" content=\"https:\/\/www.rinaldisrl.com\/fr\/produit\/fraiseuse-a-copier-pan-38l-38li\/\" \/>\n<meta property=\"og:site_name\" content=\"Rinaldi Srl\" \/>\n<meta property=\"article:modified_time\" content=\"2026-04-28T10:21:11+00:00\" \/>\n<meta property=\"og:image\" content=\"https:\/\/www.rinaldisrl.com\/wp-content\/uploads\/2023\/09\/pantografo-PAN38Li.jpg\" \/>\n\t<meta property=\"og:image:width\" content=\"1200\" \/>\n\t<meta property=\"og:image:height\" content=\"1200\" \/>\n\t<meta property=\"og:image:type\" content=\"image\/jpeg\" \/>\n<meta name=\"twitter:card\" content=\"summary_large_image\" \/>\n<meta name=\"twitter:label1\" content=\"Dur\u00e9e de lecture estim\u00e9e\" \/>\n\t<meta name=\"twitter:data1\" content=\"1 minute\" \/>\n<script type=\"application\/ld+json\" class=\"yoast-schema-graph\">{\"@context\":\"https:\\\/\\\/schema.org\",\"@graph\":[{\"@type\":\"WebPage\",\"@id\":\"https:\\\/\\\/www.rinaldisrl.com\\\/fr\\\/produit\\\/fraiseuse-a-copier-pan-38l-38li\\\/\",\"url\":\"https:\\\/\\\/www.rinaldisrl.com\\\/fr\\\/produit\\\/fraiseuse-a-copier-pan-38l-38li\\\/\",\"name\":\"Fraiseuse \u00e0 copier pneumatique \u00e0 descente manuelle assist\u00e9e | PAN38L \u2013 38LI\",\"isPartOf\":{\"@id\":\"https:\\\/\\\/www.rinaldisrl.com\\\/fr\\\/#website\"},\"primaryImageOfPage\":{\"@id\":\"https:\\\/\\\/www.rinaldisrl.com\\\/fr\\\/produit\\\/fraiseuse-a-copier-pan-38l-38li\\\/#primaryimage\"},\"image\":{\"@id\":\"https:\\\/\\\/www.rinaldisrl.com\\\/fr\\\/produit\\\/fraiseuse-a-copier-pan-38l-38li\\\/#primaryimage\"},\"thumbnailUrl\":\"https:\\\/\\\/www.rinaldisrl.com\\\/wp-content\\\/uploads\\\/2023\\\/09\\\/pantografo-PAN38Li.jpg\",\"datePublished\":\"2023-09-08T06:06:57+00:00\",\"dateModified\":\"2026-04-28T10:21:11+00:00\",\"description\":\"Fraiseuse \u00e0 copier pneumatique \u00e0 descente manuelle assist\u00e9e pour aluminium . Possibilit\u00e9 de travailler l\u2019acier.\",\"breadcrumb\":{\"@id\":\"https:\\\/\\\/www.rinaldisrl.com\\\/fr\\\/produit\\\/fraiseuse-a-copier-pan-38l-38li\\\/#breadcrumb\"},\"inLanguage\":\"fr-FR\",\"potentialAction\":[{\"@type\":\"ReadAction\",\"target\":[\"https:\\\/\\\/www.rinaldisrl.com\\\/fr\\\/produit\\\/fraiseuse-a-copier-pan-38l-38li\\\/\"]}]},{\"@type\":\"ImageObject\",\"inLanguage\":\"fr-FR\",\"@id\":\"https:\\\/\\\/www.rinaldisrl.com\\\/fr\\\/produit\\\/fraiseuse-a-copier-pan-38l-38li\\\/#primaryimage\",\"url\":\"https:\\\/\\\/www.rinaldisrl.com\\\/wp-content\\\/uploads\\\/2023\\\/09\\\/pantografo-PAN38Li.jpg\",\"contentUrl\":\"https:\\\/\\\/www.rinaldisrl.com\\\/wp-content\\\/uploads\\\/2023\\\/09\\\/pantografo-PAN38Li.jpg\",\"width\":1200,\"height\":1200},{\"@type\":\"BreadcrumbList\",\"@id\":\"https:\\\/\\\/www.rinaldisrl.com\\\/fr\\\/produit\\\/fraiseuse-a-copier-pan-38l-38li\\\/#breadcrumb\",\"itemListElement\":[{\"@type\":\"ListItem\",\"position\":1,\"name\":\"Home\",\"item\":\"https:\\\/\\\/www.rinaldisrl.com\\\/fr\\\/\"},{\"@type\":\"ListItem\",\"position\":2,\"name\":\"Catalogue\",\"item\":\"https:\\\/\\\/www.rinaldisrl.com\\\/fr\\\/catalogue\\\/\"},{\"@type\":\"ListItem\",\"position\":3,\"name\":\"Fraiseuse \u00e0 copier PAN 38L &#8211; 38Li\"}]},{\"@type\":\"WebSite\",\"@id\":\"https:\\\/\\\/www.rinaldisrl.com\\\/fr\\\/#website\",\"url\":\"https:\\\/\\\/www.rinaldisrl.com\\\/fr\\\/\",\"name\":\"Rinaldi Srl\",\"description\":\"\",\"publisher\":{\"@id\":\"https:\\\/\\\/www.rinaldisrl.com\\\/fr\\\/#organization\"},\"potentialAction\":[{\"@type\":\"SearchAction\",\"target\":{\"@type\":\"EntryPoint\",\"urlTemplate\":\"https:\\\/\\\/www.rinaldisrl.com\\\/fr\\\/?s={search_term_string}\"},\"query-input\":{\"@type\":\"PropertyValueSpecification\",\"valueRequired\":true,\"valueName\":\"search_term_string\"}}],\"inLanguage\":\"fr-FR\"},{\"@type\":\"Organization\",\"@id\":\"https:\\\/\\\/www.rinaldisrl.com\\\/fr\\\/#organization\",\"name\":\"Fratelli Rinaldi Srl\",\"alternateName\":\"Fratelli Rinaldi Srl\",\"url\":\"https:\\\/\\\/www.rinaldisrl.com\\\/fr\\\/\",\"logo\":{\"@type\":\"ImageObject\",\"inLanguage\":\"fr-FR\",\"@id\":\"https:\\\/\\\/www.rinaldisrl.com\\\/fr\\\/#\\\/schema\\\/logo\\\/image\\\/\",\"url\":\"https:\\\/\\\/www.rinaldisrl.com\\\/wp-content\\\/uploads\\\/2023\\\/07\\\/logo-50-anni.png\",\"contentUrl\":\"https:\\\/\\\/www.rinaldisrl.com\\\/wp-content\\\/uploads\\\/2023\\\/07\\\/logo-50-anni.png\",\"width\":350,\"height\":200,\"caption\":\"Fratelli Rinaldi Srl\"},\"image\":{\"@id\":\"https:\\\/\\\/www.rinaldisrl.com\\\/fr\\\/#\\\/schema\\\/logo\\\/image\\\/\"}}]}<\/script>\n<!-- \/ Yoast SEO plugin. -->","yoast_head_json":{"title":"Fraiseuse \u00e0 copier pneumatique \u00e0 descente manuelle assist\u00e9e | PAN38L \u2013 38LI","description":"Fraiseuse \u00e0 copier pneumatique \u00e0 descente manuelle assist\u00e9e pour aluminium . Possibilit\u00e9 de travailler l\u2019acier.","robots":{"index":"index","follow":"follow","max-snippet":"max-snippet:-1","max-image-preview":"max-image-preview:large","max-video-preview":"max-video-preview:-1"},"canonical":"https:\/\/www.rinaldisrl.com\/fr\/produit\/fraiseuse-a-copier-pan-38l-38li\/","og_locale":"fr_FR","og_type":"article","og_title":"Fraiseuse \u00e0 copier pneumatique \u00e0 descente manuelle assist\u00e9e | PAN38L \u2013 38LI","og_description":"Fraiseuse \u00e0 copier pneumatique \u00e0 descente manuelle assist\u00e9e pour aluminium . Possibilit\u00e9 de travailler l\u2019acier.","og_url":"https:\/\/www.rinaldisrl.com\/fr\/produit\/fraiseuse-a-copier-pan-38l-38li\/","og_site_name":"Rinaldi Srl","article_modified_time":"2026-04-28T10:21:11+00:00","og_image":[{"width":1200,"height":1200,"url":"https:\/\/www.rinaldisrl.com\/wp-content\/uploads\/2023\/09\/pantografo-PAN38Li.jpg","type":"image\/jpeg"}],"twitter_card":"summary_large_image","twitter_misc":{"Dur\u00e9e de lecture estim\u00e9e":"1 minute"},"schema":{"@context":"https:\/\/schema.org","@graph":[{"@type":"WebPage","@id":"https:\/\/www.rinaldisrl.com\/fr\/produit\/fraiseuse-a-copier-pan-38l-38li\/","url":"https:\/\/www.rinaldisrl.com\/fr\/produit\/fraiseuse-a-copier-pan-38l-38li\/","name":"Fraiseuse \u00e0 copier pneumatique \u00e0 descente manuelle assist\u00e9e | PAN38L \u2013 38LI","isPartOf":{"@id":"https:\/\/www.rinaldisrl.com\/fr\/#website"},"primaryImageOfPage":{"@id":"https:\/\/www.rinaldisrl.com\/fr\/produit\/fraiseuse-a-copier-pan-38l-38li\/#primaryimage"},"image":{"@id":"https:\/\/www.rinaldisrl.com\/fr\/produit\/fraiseuse-a-copier-pan-38l-38li\/#primaryimage"},"thumbnailUrl":"https:\/\/www.rinaldisrl.com\/wp-content\/uploads\/2023\/09\/pantografo-PAN38Li.jpg","datePublished":"2023-09-08T06:06:57+00:00","dateModified":"2026-04-28T10:21:11+00:00","description":"Fraiseuse \u00e0 copier pneumatique \u00e0 descente manuelle assist\u00e9e pour aluminium . Possibilit\u00e9 de travailler l\u2019acier.","breadcrumb":{"@id":"https:\/\/www.rinaldisrl.com\/fr\/produit\/fraiseuse-a-copier-pan-38l-38li\/#breadcrumb"},"inLanguage":"fr-FR","potentialAction":[{"@type":"ReadAction","target":["https:\/\/www.rinaldisrl.com\/fr\/produit\/fraiseuse-a-copier-pan-38l-38li\/"]}]},{"@type":"ImageObject","inLanguage":"fr-FR","@id":"https:\/\/www.rinaldisrl.com\/fr\/produit\/fraiseuse-a-copier-pan-38l-38li\/#primaryimage","url":"https:\/\/www.rinaldisrl.com\/wp-content\/uploads\/2023\/09\/pantografo-PAN38Li.jpg","contentUrl":"https:\/\/www.rinaldisrl.com\/wp-content\/uploads\/2023\/09\/pantografo-PAN38Li.jpg","width":1200,"height":1200},{"@type":"BreadcrumbList","@id":"https:\/\/www.rinaldisrl.com\/fr\/produit\/fraiseuse-a-copier-pan-38l-38li\/#breadcrumb","itemListElement":[{"@type":"ListItem","position":1,"name":"Home","item":"https:\/\/www.rinaldisrl.com\/fr\/"},{"@type":"ListItem","position":2,"name":"Catalogue","item":"https:\/\/www.rinaldisrl.com\/fr\/catalogue\/"},{"@type":"ListItem","position":3,"name":"Fraiseuse \u00e0 copier PAN 38L &#8211; 38Li"}]},{"@type":"WebSite","@id":"https:\/\/www.rinaldisrl.com\/fr\/#website","url":"https:\/\/www.rinaldisrl.com\/fr\/","name":"Rinaldi Srl","description":"","publisher":{"@id":"https:\/\/www.rinaldisrl.com\/fr\/#organization"},"potentialAction":[{"@type":"SearchAction","target":{"@type":"EntryPoint","urlTemplate":"https:\/\/www.rinaldisrl.com\/fr\/?s={search_term_string}"},"query-input":{"@type":"PropertyValueSpecification","valueRequired":true,"valueName":"search_term_string"}}],"inLanguage":"fr-FR"},{"@type":"Organization","@id":"https:\/\/www.rinaldisrl.com\/fr\/#organization","name":"Fratelli Rinaldi Srl","alternateName":"Fratelli Rinaldi Srl","url":"https:\/\/www.rinaldisrl.com\/fr\/","logo":{"@type":"ImageObject","inLanguage":"fr-FR","@id":"https:\/\/www.rinaldisrl.com\/fr\/#\/schema\/logo\/image\/","url":"https:\/\/www.rinaldisrl.com\/wp-content\/uploads\/2023\/07\/logo-50-anni.png","contentUrl":"https:\/\/www.rinaldisrl.com\/wp-content\/uploads\/2023\/07\/logo-50-anni.png","width":350,"height":200,"caption":"Fratelli Rinaldi Srl"},"image":{"@id":"https:\/\/www.rinaldisrl.com\/fr\/#\/schema\/logo\/image\/"}}]}},"_links":{"self":[{"href":"https:\/\/www.rinaldisrl.com\/fr\/wp-json\/wp\/v2\/product\/1983","targetHints":{"allow":["GET"]}}],"collection":[{"href":"https:\/\/www.rinaldisrl.com\/fr\/wp-json\/wp\/v2\/product"}],"about":[{"href":"https:\/\/www.rinaldisrl.com\/fr\/wp-json\/wp\/v2\/types\/product"}],"wp:featuredmedia":[{"embeddable":true,"href":"https:\/\/www.rinaldisrl.com\/fr\/wp-json\/wp\/v2\/media\/1103"}],"wp:attachment":[{"href":"https:\/\/www.rinaldisrl.com\/fr\/wp-json\/wp\/v2\/media?parent=1983"}],"wp:term":[{"taxonomy":"product_brand","embeddable":true,"href":"https:\/\/www.rinaldisrl.com\/fr\/wp-json\/wp\/v2\/product_brand?post=1983"},{"taxonomy":"product_cat","embeddable":true,"href":"https:\/\/www.rinaldisrl.com\/fr\/wp-json\/wp\/v2\/product_cat?post=1983"},{"taxonomy":"product_tag","embeddable":true,"href":"https:\/\/www.rinaldisrl.com\/fr\/wp-json\/wp\/v2\/product_tag?post=1983"}],"curies":[{"name":"wp","href":"https:\/\/api.w.org\/{rel}","templated":true}]}}