{"id":1980,"date":"2023-09-08T10:28:06","date_gmt":"2023-09-08T08:28:06","guid":{"rendered":"https:\/\/www.rinaldisrl.com\/prodotti\/foratrice-for-22d-for-23d-for-33d-2\/"},"modified":"2025-02-25T11:32:36","modified_gmt":"2025-02-25T10:32:36","slug":"perceuse-for-22d-for-23d-for-33d","status":"publish","type":"product","link":"https:\/\/www.rinaldisrl.com\/fr\/produit\/perceuse-for-22d-for-23d-for-33d\/","title":{"rendered":"Perceuse FOR 22D &#8211; FOR 23D &#8211; FOR 33D"},"content":{"rendered":"","protected":false},"excerpt":{"rendered":"<p><strong>Perceuses multi-t\u00eates avec t\u00eate de gauche fixant les autres meubles manuellement, avec blocage pneumatique.<\/strong><br \/>\n<strong>Chaque t\u00eate de descente semi-automatique peut \u00eatre s\u00e9lectionn\u00e9e s\u00e9par\u00e9ment, elle dispose de 2 broches \u00e0 empattement variable, d\u2019un d\u00e9placement pneumatique de la pointe mobile avec possibilit\u00e9 de m\u00e9moriser 2 empattements et d\u2019un dispositif d\u2019approche rapide avec d\u00e9tection automatique de la hauteur profil\u00e9e.<\/strong><br \/>\nLes plateaux \u00e9tau r\u00e9glables transversalement axe Y, avec possibilit\u00e9 de m\u00e9moriser 6 positions, acc\u00e9l\u00e8rent le positionnement. Les versions \u00ab 22d \u00bb et \u00ab 23D \u00bb disposent de 2 t\u00eates et d\u2019un socle de 2 000 et 3 000 mm de longueur respectivement, la \u00ab 33d \u00bb dispose de 3 t\u00eates et d\u2019un socle de 3 000 mm de longueur.<br \/>\nSur demande, des machines avec plusieurs t\u00eates et des bases de longueur diff\u00e9rente sont r\u00e9alisables.<\/p>\n","protected":false},"featured_media":1135,"template":"","meta":[],"product_brand":[],"product_cat":[255],"product_tag":[],"class_list":{"0":"post-1980","1":"product","2":"type-product","3":"status-publish","4":"has-post-thumbnail","6":"product_cat-perceuses","8":"first","9":"instock","10":"shipping-taxable","11":"product-type-simple"},"yoast_head":"<!-- This site is optimized with the Yoast SEO plugin v27.2 - https:\/\/yoast.com\/product\/yoast-seo-wordpress\/ -->\n<title>Perceuse multi-t\u00eates | FOR22D \u2013 S3D \u2013 33D<\/title>\n<meta name=\"description\" content=\"Perceuses multi-t\u00eates avec t\u00eate de gauche. Chaque t\u00eate de descente semi-automatique peut \u00eatre s\u00e9lectionn\u00e9e s\u00e9par\u00e9ment.\" \/>\n<meta name=\"robots\" content=\"index, follow, max-snippet:-1, max-image-preview:large, max-video-preview:-1\" \/>\n<link rel=\"canonical\" href=\"https:\/\/www.rinaldisrl.com\/fr\/produit\/perceuse-for-22d-for-23d-for-33d\/\" \/>\n<meta property=\"og:locale\" content=\"fr_FR\" \/>\n<meta property=\"og:type\" content=\"article\" \/>\n<meta property=\"og:title\" content=\"Perceuse multi-t\u00eates | FOR22D \u2013 S3D \u2013 33D\" \/>\n<meta property=\"og:description\" content=\"Perceuses multi-t\u00eates avec t\u00eate de gauche. Chaque t\u00eate de descente semi-automatique peut \u00eatre s\u00e9lectionn\u00e9e s\u00e9par\u00e9ment.\" \/>\n<meta property=\"og:url\" content=\"https:\/\/www.rinaldisrl.com\/fr\/produit\/perceuse-for-22d-for-23d-for-33d\/\" \/>\n<meta property=\"og:site_name\" content=\"Rinaldi Srl\" \/>\n<meta property=\"article:modified_time\" content=\"2025-02-25T10:32:36+00:00\" \/>\n<meta property=\"og:image\" content=\"https:\/\/www.rinaldisrl.com\/wp-content\/uploads\/2023\/09\/foratrice-FOR22.jpg\" \/>\n\t<meta property=\"og:image:width\" content=\"1200\" \/>\n\t<meta property=\"og:image:height\" content=\"1200\" \/>\n\t<meta property=\"og:image:type\" content=\"image\/jpeg\" \/>\n<meta name=\"twitter:card\" content=\"summary_large_image\" \/>\n<meta name=\"twitter:label1\" content=\"Dur\u00e9e de lecture estim\u00e9e\" \/>\n\t<meta name=\"twitter:data1\" content=\"1 minute\" \/>\n<script type=\"application\/ld+json\" class=\"yoast-schema-graph\">{\"@context\":\"https:\/\/schema.org\",\"@graph\":[{\"@type\":\"WebPage\",\"@id\":\"https:\/\/www.rinaldisrl.com\/fr\/produit\/perceuse-for-22d-for-23d-for-33d\/\",\"url\":\"https:\/\/www.rinaldisrl.com\/fr\/produit\/perceuse-for-22d-for-23d-for-33d\/\",\"name\":\"Perceuse multi-t\u00eates | FOR22D \u2013 S3D \u2013 33D\",\"isPartOf\":{\"@id\":\"https:\/\/www.rinaldisrl.com\/fr\/#website\"},\"primaryImageOfPage\":{\"@id\":\"https:\/\/www.rinaldisrl.com\/fr\/produit\/perceuse-for-22d-for-23d-for-33d\/#primaryimage\"},\"image\":{\"@id\":\"https:\/\/www.rinaldisrl.com\/fr\/produit\/perceuse-for-22d-for-23d-for-33d\/#primaryimage\"},\"thumbnailUrl\":\"https:\/\/www.rinaldisrl.com\/wp-content\/uploads\/2023\/09\/foratrice-FOR22.jpg\",\"datePublished\":\"2023-09-08T08:28:06+00:00\",\"dateModified\":\"2025-02-25T10:32:36+00:00\",\"description\":\"Perceuses multi-t\u00eates avec t\u00eate de gauche. Chaque t\u00eate de descente semi-automatique peut \u00eatre s\u00e9lectionn\u00e9e s\u00e9par\u00e9ment.\",\"breadcrumb\":{\"@id\":\"https:\/\/www.rinaldisrl.com\/fr\/produit\/perceuse-for-22d-for-23d-for-33d\/#breadcrumb\"},\"inLanguage\":\"fr-FR\",\"potentialAction\":[{\"@type\":\"ReadAction\",\"target\":[\"https:\/\/www.rinaldisrl.com\/fr\/produit\/perceuse-for-22d-for-23d-for-33d\/\"]}]},{\"@type\":\"ImageObject\",\"inLanguage\":\"fr-FR\",\"@id\":\"https:\/\/www.rinaldisrl.com\/fr\/produit\/perceuse-for-22d-for-23d-for-33d\/#primaryimage\",\"url\":\"https:\/\/www.rinaldisrl.com\/wp-content\/uploads\/2023\/09\/foratrice-FOR22.jpg\",\"contentUrl\":\"https:\/\/www.rinaldisrl.com\/wp-content\/uploads\/2023\/09\/foratrice-FOR22.jpg\",\"width\":1200,\"height\":1200},{\"@type\":\"BreadcrumbList\",\"@id\":\"https:\/\/www.rinaldisrl.com\/fr\/produit\/perceuse-for-22d-for-23d-for-33d\/#breadcrumb\",\"itemListElement\":[{\"@type\":\"ListItem\",\"position\":1,\"name\":\"Home\",\"item\":\"https:\/\/www.rinaldisrl.com\/fr\/\"},{\"@type\":\"ListItem\",\"position\":2,\"name\":\"Catalogue\",\"item\":\"https:\/\/www.rinaldisrl.com\/fr\/catalogue\/\"},{\"@type\":\"ListItem\",\"position\":3,\"name\":\"Perceuse FOR 22D &#8211; FOR 23D &#8211; FOR 33D\"}]},{\"@type\":\"WebSite\",\"@id\":\"https:\/\/www.rinaldisrl.com\/fr\/#website\",\"url\":\"https:\/\/www.rinaldisrl.com\/fr\/\",\"name\":\"Rinaldi Srl\",\"description\":\"\",\"publisher\":{\"@id\":\"https:\/\/www.rinaldisrl.com\/fr\/#organization\"},\"potentialAction\":[{\"@type\":\"SearchAction\",\"target\":{\"@type\":\"EntryPoint\",\"urlTemplate\":\"https:\/\/www.rinaldisrl.com\/fr\/?s={search_term_string}\"},\"query-input\":{\"@type\":\"PropertyValueSpecification\",\"valueRequired\":true,\"valueName\":\"search_term_string\"}}],\"inLanguage\":\"fr-FR\"},{\"@type\":\"Organization\",\"@id\":\"https:\/\/www.rinaldisrl.com\/fr\/#organization\",\"name\":\"Fratelli Rinaldi Srl\",\"alternateName\":\"Fratelli Rinaldi Srl\",\"url\":\"https:\/\/www.rinaldisrl.com\/fr\/\",\"logo\":{\"@type\":\"ImageObject\",\"inLanguage\":\"fr-FR\",\"@id\":\"https:\/\/www.rinaldisrl.com\/fr\/#\/schema\/logo\/image\/\",\"url\":\"https:\/\/www.rinaldisrl.com\/wp-content\/uploads\/2023\/07\/logo-50-anni.png\",\"contentUrl\":\"https:\/\/www.rinaldisrl.com\/wp-content\/uploads\/2023\/07\/logo-50-anni.png\",\"width\":350,\"height\":200,\"caption\":\"Fratelli Rinaldi Srl\"},\"image\":{\"@id\":\"https:\/\/www.rinaldisrl.com\/fr\/#\/schema\/logo\/image\/\"}}]}<\/script>\n<!-- \/ Yoast SEO plugin. -->","yoast_head_json":{"title":"Perceuse multi-t\u00eates | FOR22D \u2013 S3D \u2013 33D","description":"Perceuses multi-t\u00eates avec t\u00eate de gauche. Chaque t\u00eate de descente semi-automatique peut \u00eatre s\u00e9lectionn\u00e9e s\u00e9par\u00e9ment.","robots":{"index":"index","follow":"follow","max-snippet":"max-snippet:-1","max-image-preview":"max-image-preview:large","max-video-preview":"max-video-preview:-1"},"canonical":"https:\/\/www.rinaldisrl.com\/fr\/produit\/perceuse-for-22d-for-23d-for-33d\/","og_locale":"fr_FR","og_type":"article","og_title":"Perceuse multi-t\u00eates | FOR22D \u2013 S3D \u2013 33D","og_description":"Perceuses multi-t\u00eates avec t\u00eate de gauche. Chaque t\u00eate de descente semi-automatique peut \u00eatre s\u00e9lectionn\u00e9e s\u00e9par\u00e9ment.","og_url":"https:\/\/www.rinaldisrl.com\/fr\/produit\/perceuse-for-22d-for-23d-for-33d\/","og_site_name":"Rinaldi Srl","article_modified_time":"2025-02-25T10:32:36+00:00","og_image":[{"width":1200,"height":1200,"url":"https:\/\/www.rinaldisrl.com\/wp-content\/uploads\/2023\/09\/foratrice-FOR22.jpg","type":"image\/jpeg"}],"twitter_card":"summary_large_image","twitter_misc":{"Dur\u00e9e de lecture estim\u00e9e":"1 minute"},"schema":{"@context":"https:\/\/schema.org","@graph":[{"@type":"WebPage","@id":"https:\/\/www.rinaldisrl.com\/fr\/produit\/perceuse-for-22d-for-23d-for-33d\/","url":"https:\/\/www.rinaldisrl.com\/fr\/produit\/perceuse-for-22d-for-23d-for-33d\/","name":"Perceuse multi-t\u00eates | FOR22D \u2013 S3D \u2013 33D","isPartOf":{"@id":"https:\/\/www.rinaldisrl.com\/fr\/#website"},"primaryImageOfPage":{"@id":"https:\/\/www.rinaldisrl.com\/fr\/produit\/perceuse-for-22d-for-23d-for-33d\/#primaryimage"},"image":{"@id":"https:\/\/www.rinaldisrl.com\/fr\/produit\/perceuse-for-22d-for-23d-for-33d\/#primaryimage"},"thumbnailUrl":"https:\/\/www.rinaldisrl.com\/wp-content\/uploads\/2023\/09\/foratrice-FOR22.jpg","datePublished":"2023-09-08T08:28:06+00:00","dateModified":"2025-02-25T10:32:36+00:00","description":"Perceuses multi-t\u00eates avec t\u00eate de gauche. Chaque t\u00eate de descente semi-automatique peut \u00eatre s\u00e9lectionn\u00e9e s\u00e9par\u00e9ment.","breadcrumb":{"@id":"https:\/\/www.rinaldisrl.com\/fr\/produit\/perceuse-for-22d-for-23d-for-33d\/#breadcrumb"},"inLanguage":"fr-FR","potentialAction":[{"@type":"ReadAction","target":["https:\/\/www.rinaldisrl.com\/fr\/produit\/perceuse-for-22d-for-23d-for-33d\/"]}]},{"@type":"ImageObject","inLanguage":"fr-FR","@id":"https:\/\/www.rinaldisrl.com\/fr\/produit\/perceuse-for-22d-for-23d-for-33d\/#primaryimage","url":"https:\/\/www.rinaldisrl.com\/wp-content\/uploads\/2023\/09\/foratrice-FOR22.jpg","contentUrl":"https:\/\/www.rinaldisrl.com\/wp-content\/uploads\/2023\/09\/foratrice-FOR22.jpg","width":1200,"height":1200},{"@type":"BreadcrumbList","@id":"https:\/\/www.rinaldisrl.com\/fr\/produit\/perceuse-for-22d-for-23d-for-33d\/#breadcrumb","itemListElement":[{"@type":"ListItem","position":1,"name":"Home","item":"https:\/\/www.rinaldisrl.com\/fr\/"},{"@type":"ListItem","position":2,"name":"Catalogue","item":"https:\/\/www.rinaldisrl.com\/fr\/catalogue\/"},{"@type":"ListItem","position":3,"name":"Perceuse FOR 22D &#8211; FOR 23D &#8211; FOR 33D"}]},{"@type":"WebSite","@id":"https:\/\/www.rinaldisrl.com\/fr\/#website","url":"https:\/\/www.rinaldisrl.com\/fr\/","name":"Rinaldi Srl","description":"","publisher":{"@id":"https:\/\/www.rinaldisrl.com\/fr\/#organization"},"potentialAction":[{"@type":"SearchAction","target":{"@type":"EntryPoint","urlTemplate":"https:\/\/www.rinaldisrl.com\/fr\/?s={search_term_string}"},"query-input":{"@type":"PropertyValueSpecification","valueRequired":true,"valueName":"search_term_string"}}],"inLanguage":"fr-FR"},{"@type":"Organization","@id":"https:\/\/www.rinaldisrl.com\/fr\/#organization","name":"Fratelli Rinaldi Srl","alternateName":"Fratelli Rinaldi Srl","url":"https:\/\/www.rinaldisrl.com\/fr\/","logo":{"@type":"ImageObject","inLanguage":"fr-FR","@id":"https:\/\/www.rinaldisrl.com\/fr\/#\/schema\/logo\/image\/","url":"https:\/\/www.rinaldisrl.com\/wp-content\/uploads\/2023\/07\/logo-50-anni.png","contentUrl":"https:\/\/www.rinaldisrl.com\/wp-content\/uploads\/2023\/07\/logo-50-anni.png","width":350,"height":200,"caption":"Fratelli Rinaldi Srl"},"image":{"@id":"https:\/\/www.rinaldisrl.com\/fr\/#\/schema\/logo\/image\/"}}]}},"_links":{"self":[{"href":"https:\/\/www.rinaldisrl.com\/fr\/wp-json\/wp\/v2\/product\/1980","targetHints":{"allow":["GET"]}}],"collection":[{"href":"https:\/\/www.rinaldisrl.com\/fr\/wp-json\/wp\/v2\/product"}],"about":[{"href":"https:\/\/www.rinaldisrl.com\/fr\/wp-json\/wp\/v2\/types\/product"}],"wp:featuredmedia":[{"embeddable":true,"href":"https:\/\/www.rinaldisrl.com\/fr\/wp-json\/wp\/v2\/media\/1135"}],"wp:attachment":[{"href":"https:\/\/www.rinaldisrl.com\/fr\/wp-json\/wp\/v2\/media?parent=1980"}],"wp:term":[{"taxonomy":"product_brand","embeddable":true,"href":"https:\/\/www.rinaldisrl.com\/fr\/wp-json\/wp\/v2\/product_brand?post=1980"},{"taxonomy":"product_cat","embeddable":true,"href":"https:\/\/www.rinaldisrl.com\/fr\/wp-json\/wp\/v2\/product_cat?post=1980"},{"taxonomy":"product_tag","embeddable":true,"href":"https:\/\/www.rinaldisrl.com\/fr\/wp-json\/wp\/v2\/product_tag?post=1980"}],"curies":[{"name":"wp","href":"https:\/\/api.w.org\/{rel}","templated":true}]}}