{"id":1974,"date":"2023-09-08T19:50:39","date_gmt":"2023-09-08T17:50:39","guid":{"rendered":"https:\/\/www.rinaldisrl.com\/prodotti\/tma-60a-tma-60e-alimentatore-2\/"},"modified":"2025-02-14T11:47:35","modified_gmt":"2025-02-14T10:47:35","slug":"tma-60a-tma-60e-alimentation","status":"publish","type":"product","link":"https:\/\/www.rinaldisrl.com\/fr\/produit\/tma-60a-tma-60e-alimentation\/","title":{"rendered":"TMA 60A \u2013 TMA 60E + Alimentation"},"content":{"rendered":"","protected":false},"excerpt":{"rendered":"<p><strong>Ligne de coupe avec tron\u00e7onneuse mono-t\u00eate ascendante<\/strong> avec une grande capacit\u00e9 de coupe \u00e0 avancement automatique de la lame.<br \/>\n<strong>Cadre vertical, r\u00e9glable<\/strong>, pour augmenter la capacit\u00e9 de coupe ;<strong> angle de coupe \u00e0 commande manuelle dans la version \u00ab 60A \u00bb ou automatique dans la version \u00ab 60E \u00bb.<\/strong><br \/>\n<strong>Protection int\u00e9grale de la zone de coupe avec des tunnels de s\u00e9curit\u00e9 lat\u00e9raux.<\/strong><br \/>\nLe convoyeur \u00e0 rouleaux a pour fonction de pousser la barre avec un mouvement de positionnement automatique command\u00e9 par un moteur en courant continu, et un syst\u00e8me de d\u00e9tection de position de haute pr\u00e9cision avec bande magn\u00e9tique.<br \/>\nLecture et r\u00e9glage des cotes sur \u00e9cran num\u00e9rique LCD ou par la saisie de listes de coupe import\u00e9es \u00e0 partir d\u2019une cl\u00e9 USB ou d\u2019une prise RJ45 en option.<br \/>\n<strong>La longueur maximale de chargement est de 7000 mm.<\/strong><\/p>\n","protected":false},"featured_media":1191,"template":"","meta":[],"product_brand":[],"product_cat":[283],"product_tag":[],"class_list":{"0":"post-1974","1":"product","2":"type-product","3":"status-publish","4":"has-post-thumbnail","6":"product_cat-ligne-de-coupe","8":"first","9":"instock","10":"shipping-taxable","11":"product-type-simple"},"yoast_head":"<!-- This site is optimized with the Yoast SEO plugin v27.2 - https:\/\/yoast.com\/product\/yoast-seo-wordpress\/ -->\n<title>Ligne de coupe avec tron\u00e7onneuse mono-t\u00eate | TMA 60A\u2013TMA 60E<\/title>\n<meta name=\"description\" content=\"Ligne de coupe avec tron\u00e7onneuse mono-t\u00eate \u00e0 avancement automatique de la lame.\" \/>\n<meta name=\"robots\" content=\"index, follow, max-snippet:-1, max-image-preview:large, max-video-preview:-1\" \/>\n<link rel=\"canonical\" href=\"https:\/\/www.rinaldisrl.com\/fr\/produit\/tma-60a-tma-60e-alimentation\/\" \/>\n<meta property=\"og:locale\" content=\"fr_FR\" \/>\n<meta property=\"og:type\" content=\"article\" \/>\n<meta property=\"og:title\" content=\"Ligne de coupe avec tron\u00e7onneuse mono-t\u00eate | TMA 60A\u2013TMA 60E\" \/>\n<meta property=\"og:description\" content=\"Ligne de coupe avec tron\u00e7onneuse mono-t\u00eate \u00e0 avancement automatique de la lame.\" \/>\n<meta property=\"og:url\" content=\"https:\/\/www.rinaldisrl.com\/fr\/produit\/tma-60a-tma-60e-alimentation\/\" \/>\n<meta property=\"og:site_name\" content=\"Rinaldi Srl\" \/>\n<meta property=\"article:modified_time\" content=\"2025-02-14T10:47:35+00:00\" \/>\n<meta property=\"og:image\" content=\"https:\/\/www.rinaldisrl.com\/wp-content\/uploads\/2023\/09\/linea-troncatrice-TMA60A.jpg\" \/>\n\t<meta property=\"og:image:width\" content=\"1200\" \/>\n\t<meta property=\"og:image:height\" content=\"1200\" \/>\n\t<meta property=\"og:image:type\" content=\"image\/jpeg\" \/>\n<meta name=\"twitter:card\" content=\"summary_large_image\" \/>\n<meta name=\"twitter:label1\" content=\"Dur\u00e9e de lecture estim\u00e9e\" \/>\n\t<meta name=\"twitter:data1\" content=\"1 minute\" \/>\n<script type=\"application\/ld+json\" class=\"yoast-schema-graph\">{\"@context\":\"https:\/\/schema.org\",\"@graph\":[{\"@type\":\"WebPage\",\"@id\":\"https:\/\/www.rinaldisrl.com\/fr\/produit\/tma-60a-tma-60e-alimentation\/\",\"url\":\"https:\/\/www.rinaldisrl.com\/fr\/produit\/tma-60a-tma-60e-alimentation\/\",\"name\":\"Ligne de coupe avec tron\u00e7onneuse mono-t\u00eate | TMA 60A\u2013TMA 60E\",\"isPartOf\":{\"@id\":\"https:\/\/www.rinaldisrl.com\/fr\/#website\"},\"primaryImageOfPage\":{\"@id\":\"https:\/\/www.rinaldisrl.com\/fr\/produit\/tma-60a-tma-60e-alimentation\/#primaryimage\"},\"image\":{\"@id\":\"https:\/\/www.rinaldisrl.com\/fr\/produit\/tma-60a-tma-60e-alimentation\/#primaryimage\"},\"thumbnailUrl\":\"https:\/\/www.rinaldisrl.com\/wp-content\/uploads\/2023\/09\/linea-troncatrice-TMA60A.jpg\",\"datePublished\":\"2023-09-08T17:50:39+00:00\",\"dateModified\":\"2025-02-14T10:47:35+00:00\",\"description\":\"Ligne de coupe avec tron\u00e7onneuse mono-t\u00eate \u00e0 avancement automatique de la lame.\",\"breadcrumb\":{\"@id\":\"https:\/\/www.rinaldisrl.com\/fr\/produit\/tma-60a-tma-60e-alimentation\/#breadcrumb\"},\"inLanguage\":\"fr-FR\",\"potentialAction\":[{\"@type\":\"ReadAction\",\"target\":[\"https:\/\/www.rinaldisrl.com\/fr\/produit\/tma-60a-tma-60e-alimentation\/\"]}]},{\"@type\":\"ImageObject\",\"inLanguage\":\"fr-FR\",\"@id\":\"https:\/\/www.rinaldisrl.com\/fr\/produit\/tma-60a-tma-60e-alimentation\/#primaryimage\",\"url\":\"https:\/\/www.rinaldisrl.com\/wp-content\/uploads\/2023\/09\/linea-troncatrice-TMA60A.jpg\",\"contentUrl\":\"https:\/\/www.rinaldisrl.com\/wp-content\/uploads\/2023\/09\/linea-troncatrice-TMA60A.jpg\",\"width\":1200,\"height\":1200,\"caption\":\"Tronzadoras TMA 60A - TMA 60E + Alimentador\"},{\"@type\":\"BreadcrumbList\",\"@id\":\"https:\/\/www.rinaldisrl.com\/fr\/produit\/tma-60a-tma-60e-alimentation\/#breadcrumb\",\"itemListElement\":[{\"@type\":\"ListItem\",\"position\":1,\"name\":\"Home\",\"item\":\"https:\/\/www.rinaldisrl.com\/fr\/\"},{\"@type\":\"ListItem\",\"position\":2,\"name\":\"Catalogue\",\"item\":\"https:\/\/www.rinaldisrl.com\/fr\/catalogue\/\"},{\"@type\":\"ListItem\",\"position\":3,\"name\":\"TMA 60A \u2013 TMA 60E + Alimentation\"}]},{\"@type\":\"WebSite\",\"@id\":\"https:\/\/www.rinaldisrl.com\/fr\/#website\",\"url\":\"https:\/\/www.rinaldisrl.com\/fr\/\",\"name\":\"Rinaldi Srl\",\"description\":\"\",\"publisher\":{\"@id\":\"https:\/\/www.rinaldisrl.com\/fr\/#organization\"},\"potentialAction\":[{\"@type\":\"SearchAction\",\"target\":{\"@type\":\"EntryPoint\",\"urlTemplate\":\"https:\/\/www.rinaldisrl.com\/fr\/?s={search_term_string}\"},\"query-input\":{\"@type\":\"PropertyValueSpecification\",\"valueRequired\":true,\"valueName\":\"search_term_string\"}}],\"inLanguage\":\"fr-FR\"},{\"@type\":\"Organization\",\"@id\":\"https:\/\/www.rinaldisrl.com\/fr\/#organization\",\"name\":\"Fratelli Rinaldi Srl\",\"alternateName\":\"Fratelli Rinaldi Srl\",\"url\":\"https:\/\/www.rinaldisrl.com\/fr\/\",\"logo\":{\"@type\":\"ImageObject\",\"inLanguage\":\"fr-FR\",\"@id\":\"https:\/\/www.rinaldisrl.com\/fr\/#\/schema\/logo\/image\/\",\"url\":\"https:\/\/www.rinaldisrl.com\/wp-content\/uploads\/2023\/07\/logo-50-anni.png\",\"contentUrl\":\"https:\/\/www.rinaldisrl.com\/wp-content\/uploads\/2023\/07\/logo-50-anni.png\",\"width\":350,\"height\":200,\"caption\":\"Fratelli Rinaldi Srl\"},\"image\":{\"@id\":\"https:\/\/www.rinaldisrl.com\/fr\/#\/schema\/logo\/image\/\"}}]}<\/script>\n<!-- \/ Yoast SEO plugin. -->","yoast_head_json":{"title":"Ligne de coupe avec tron\u00e7onneuse mono-t\u00eate | TMA 60A\u2013TMA 60E","description":"Ligne de coupe avec tron\u00e7onneuse mono-t\u00eate \u00e0 avancement automatique de la lame.","robots":{"index":"index","follow":"follow","max-snippet":"max-snippet:-1","max-image-preview":"max-image-preview:large","max-video-preview":"max-video-preview:-1"},"canonical":"https:\/\/www.rinaldisrl.com\/fr\/produit\/tma-60a-tma-60e-alimentation\/","og_locale":"fr_FR","og_type":"article","og_title":"Ligne de coupe avec tron\u00e7onneuse mono-t\u00eate | TMA 60A\u2013TMA 60E","og_description":"Ligne de coupe avec tron\u00e7onneuse mono-t\u00eate \u00e0 avancement automatique de la lame.","og_url":"https:\/\/www.rinaldisrl.com\/fr\/produit\/tma-60a-tma-60e-alimentation\/","og_site_name":"Rinaldi Srl","article_modified_time":"2025-02-14T10:47:35+00:00","og_image":[{"width":1200,"height":1200,"url":"https:\/\/www.rinaldisrl.com\/wp-content\/uploads\/2023\/09\/linea-troncatrice-TMA60A.jpg","type":"image\/jpeg"}],"twitter_card":"summary_large_image","twitter_misc":{"Dur\u00e9e de lecture estim\u00e9e":"1 minute"},"schema":{"@context":"https:\/\/schema.org","@graph":[{"@type":"WebPage","@id":"https:\/\/www.rinaldisrl.com\/fr\/produit\/tma-60a-tma-60e-alimentation\/","url":"https:\/\/www.rinaldisrl.com\/fr\/produit\/tma-60a-tma-60e-alimentation\/","name":"Ligne de coupe avec tron\u00e7onneuse mono-t\u00eate | TMA 60A\u2013TMA 60E","isPartOf":{"@id":"https:\/\/www.rinaldisrl.com\/fr\/#website"},"primaryImageOfPage":{"@id":"https:\/\/www.rinaldisrl.com\/fr\/produit\/tma-60a-tma-60e-alimentation\/#primaryimage"},"image":{"@id":"https:\/\/www.rinaldisrl.com\/fr\/produit\/tma-60a-tma-60e-alimentation\/#primaryimage"},"thumbnailUrl":"https:\/\/www.rinaldisrl.com\/wp-content\/uploads\/2023\/09\/linea-troncatrice-TMA60A.jpg","datePublished":"2023-09-08T17:50:39+00:00","dateModified":"2025-02-14T10:47:35+00:00","description":"Ligne de coupe avec tron\u00e7onneuse mono-t\u00eate \u00e0 avancement automatique de la lame.","breadcrumb":{"@id":"https:\/\/www.rinaldisrl.com\/fr\/produit\/tma-60a-tma-60e-alimentation\/#breadcrumb"},"inLanguage":"fr-FR","potentialAction":[{"@type":"ReadAction","target":["https:\/\/www.rinaldisrl.com\/fr\/produit\/tma-60a-tma-60e-alimentation\/"]}]},{"@type":"ImageObject","inLanguage":"fr-FR","@id":"https:\/\/www.rinaldisrl.com\/fr\/produit\/tma-60a-tma-60e-alimentation\/#primaryimage","url":"https:\/\/www.rinaldisrl.com\/wp-content\/uploads\/2023\/09\/linea-troncatrice-TMA60A.jpg","contentUrl":"https:\/\/www.rinaldisrl.com\/wp-content\/uploads\/2023\/09\/linea-troncatrice-TMA60A.jpg","width":1200,"height":1200,"caption":"Tronzadoras TMA 60A - TMA 60E + Alimentador"},{"@type":"BreadcrumbList","@id":"https:\/\/www.rinaldisrl.com\/fr\/produit\/tma-60a-tma-60e-alimentation\/#breadcrumb","itemListElement":[{"@type":"ListItem","position":1,"name":"Home","item":"https:\/\/www.rinaldisrl.com\/fr\/"},{"@type":"ListItem","position":2,"name":"Catalogue","item":"https:\/\/www.rinaldisrl.com\/fr\/catalogue\/"},{"@type":"ListItem","position":3,"name":"TMA 60A \u2013 TMA 60E + Alimentation"}]},{"@type":"WebSite","@id":"https:\/\/www.rinaldisrl.com\/fr\/#website","url":"https:\/\/www.rinaldisrl.com\/fr\/","name":"Rinaldi Srl","description":"","publisher":{"@id":"https:\/\/www.rinaldisrl.com\/fr\/#organization"},"potentialAction":[{"@type":"SearchAction","target":{"@type":"EntryPoint","urlTemplate":"https:\/\/www.rinaldisrl.com\/fr\/?s={search_term_string}"},"query-input":{"@type":"PropertyValueSpecification","valueRequired":true,"valueName":"search_term_string"}}],"inLanguage":"fr-FR"},{"@type":"Organization","@id":"https:\/\/www.rinaldisrl.com\/fr\/#organization","name":"Fratelli Rinaldi Srl","alternateName":"Fratelli Rinaldi Srl","url":"https:\/\/www.rinaldisrl.com\/fr\/","logo":{"@type":"ImageObject","inLanguage":"fr-FR","@id":"https:\/\/www.rinaldisrl.com\/fr\/#\/schema\/logo\/image\/","url":"https:\/\/www.rinaldisrl.com\/wp-content\/uploads\/2023\/07\/logo-50-anni.png","contentUrl":"https:\/\/www.rinaldisrl.com\/wp-content\/uploads\/2023\/07\/logo-50-anni.png","width":350,"height":200,"caption":"Fratelli Rinaldi Srl"},"image":{"@id":"https:\/\/www.rinaldisrl.com\/fr\/#\/schema\/logo\/image\/"}}]}},"_links":{"self":[{"href":"https:\/\/www.rinaldisrl.com\/fr\/wp-json\/wp\/v2\/product\/1974","targetHints":{"allow":["GET"]}}],"collection":[{"href":"https:\/\/www.rinaldisrl.com\/fr\/wp-json\/wp\/v2\/product"}],"about":[{"href":"https:\/\/www.rinaldisrl.com\/fr\/wp-json\/wp\/v2\/types\/product"}],"wp:featuredmedia":[{"embeddable":true,"href":"https:\/\/www.rinaldisrl.com\/fr\/wp-json\/wp\/v2\/media\/1191"}],"wp:attachment":[{"href":"https:\/\/www.rinaldisrl.com\/fr\/wp-json\/wp\/v2\/media?parent=1974"}],"wp:term":[{"taxonomy":"product_brand","embeddable":true,"href":"https:\/\/www.rinaldisrl.com\/fr\/wp-json\/wp\/v2\/product_brand?post=1974"},{"taxonomy":"product_cat","embeddable":true,"href":"https:\/\/www.rinaldisrl.com\/fr\/wp-json\/wp\/v2\/product_cat?post=1974"},{"taxonomy":"product_tag","embeddable":true,"href":"https:\/\/www.rinaldisrl.com\/fr\/wp-json\/wp\/v2\/product_tag?post=1974"}],"curies":[{"name":"wp","href":"https:\/\/api.w.org\/{rel}","templated":true}]}}