{"id":1969,"date":"2023-09-11T21:43:24","date_gmt":"2023-09-11T19:43:24","guid":{"rendered":"https:\/\/www.rinaldisrl.com\/prodotti\/rulliere-ris-22-ris-44-ris-66-2\/"},"modified":"2025-02-26T10:57:24","modified_gmt":"2025-02-26T09:57:24","slug":"convoyeurs-a-rouleaux-ris-22-ris-44-ris-66","status":"publish","type":"product","link":"https:\/\/www.rinaldisrl.com\/fr\/produit\/convoyeurs-a-rouleaux-ris-22-ris-44-ris-66\/","title":{"rendered":"Convoyeurs \u00e0 rouleaux RIS 22 &#8211; RIS 44 &#8211; RIS 66"},"content":{"rendered":"","protected":false},"excerpt":{"rendered":"<p><strong>Convoyeur \u00e0 rouleaux support profil\u00e9 de chargement c\u00f4t\u00e9 droit ou gauche avec structure modulaire.<\/strong><br \/>\nLa version \u00ab 22 \u00bb a une longueur de 2 200 mm, la version \u00ab 44 \u00bb de 4 400 mm et la version \u00ab 66 \u00bb de 6 600 mm.<\/p>\n","protected":false},"featured_media":1235,"template":"","meta":[],"product_brand":[],"product_cat":[260],"product_tag":[],"class_list":{"0":"post-1969","1":"product","2":"type-product","3":"status-publish","4":"has-post-thumbnail","6":"product_cat-convoyeurs-a-rouleaux","8":"first","9":"instock","10":"shipping-taxable","11":"product-type-simple"},"yoast_head":"<!-- This site is optimized with the Yoast SEO plugin v27.2 - https:\/\/yoast.com\/product\/yoast-seo-wordpress\/ -->\n<title>Convoyeur \u00e0 rouleaux avec structure modulaire | RIS 22 - 44 - 66<\/title>\n<meta name=\"description\" content=\"Convoyeur \u00e0 rouleaux avec structure modulaire. Disponible en 3 versions : longueur 2200 mm, longueur 4400 mm et longueur 6600 mm.\" \/>\n<meta name=\"robots\" content=\"index, follow, max-snippet:-1, max-image-preview:large, max-video-preview:-1\" \/>\n<link rel=\"canonical\" href=\"https:\/\/www.rinaldisrl.com\/fr\/produit\/convoyeurs-a-rouleaux-ris-22-ris-44-ris-66\/\" \/>\n<meta property=\"og:locale\" content=\"fr_FR\" \/>\n<meta property=\"og:type\" content=\"article\" \/>\n<meta property=\"og:title\" content=\"Convoyeur \u00e0 rouleaux avec structure modulaire | RIS 22 - 44 - 66\" \/>\n<meta property=\"og:description\" content=\"Convoyeur \u00e0 rouleaux avec structure modulaire. Disponible en 3 versions : longueur 2200 mm, longueur 4400 mm et longueur 6600 mm.\" \/>\n<meta property=\"og:url\" content=\"https:\/\/www.rinaldisrl.com\/fr\/produit\/convoyeurs-a-rouleaux-ris-22-ris-44-ris-66\/\" \/>\n<meta property=\"og:site_name\" content=\"Rinaldi Srl\" \/>\n<meta property=\"article:modified_time\" content=\"2025-02-26T09:57:24+00:00\" \/>\n<meta property=\"og:image\" content=\"https:\/\/www.rinaldisrl.com\/wp-content\/uploads\/2023\/09\/rulliere-RIS22-44-66.jpg\" \/>\n\t<meta property=\"og:image:width\" content=\"1200\" \/>\n\t<meta property=\"og:image:height\" content=\"1200\" \/>\n\t<meta property=\"og:image:type\" content=\"image\/jpeg\" \/>\n<meta name=\"twitter:card\" content=\"summary_large_image\" \/>\n<meta name=\"twitter:label1\" content=\"Dur\u00e9e de lecture estim\u00e9e\" \/>\n\t<meta name=\"twitter:data1\" content=\"1 minute\" \/>\n<script type=\"application\/ld+json\" class=\"yoast-schema-graph\">{\"@context\":\"https:\/\/schema.org\",\"@graph\":[{\"@type\":\"WebPage\",\"@id\":\"https:\/\/www.rinaldisrl.com\/fr\/produit\/convoyeurs-a-rouleaux-ris-22-ris-44-ris-66\/\",\"url\":\"https:\/\/www.rinaldisrl.com\/fr\/produit\/convoyeurs-a-rouleaux-ris-22-ris-44-ris-66\/\",\"name\":\"Convoyeur \u00e0 rouleaux avec structure modulaire | RIS 22 - 44 - 66\",\"isPartOf\":{\"@id\":\"https:\/\/www.rinaldisrl.com\/fr\/#website\"},\"primaryImageOfPage\":{\"@id\":\"https:\/\/www.rinaldisrl.com\/fr\/produit\/convoyeurs-a-rouleaux-ris-22-ris-44-ris-66\/#primaryimage\"},\"image\":{\"@id\":\"https:\/\/www.rinaldisrl.com\/fr\/produit\/convoyeurs-a-rouleaux-ris-22-ris-44-ris-66\/#primaryimage\"},\"thumbnailUrl\":\"https:\/\/www.rinaldisrl.com\/wp-content\/uploads\/2023\/09\/rulliere-RIS22-44-66.jpg\",\"datePublished\":\"2023-09-11T19:43:24+00:00\",\"dateModified\":\"2025-02-26T09:57:24+00:00\",\"description\":\"Convoyeur \u00e0 rouleaux avec structure modulaire. Disponible en 3 versions : longueur 2200 mm, longueur 4400 mm et longueur 6600 mm.\",\"breadcrumb\":{\"@id\":\"https:\/\/www.rinaldisrl.com\/fr\/produit\/convoyeurs-a-rouleaux-ris-22-ris-44-ris-66\/#breadcrumb\"},\"inLanguage\":\"fr-FR\",\"potentialAction\":[{\"@type\":\"ReadAction\",\"target\":[\"https:\/\/www.rinaldisrl.com\/fr\/produit\/convoyeurs-a-rouleaux-ris-22-ris-44-ris-66\/\"]}]},{\"@type\":\"ImageObject\",\"inLanguage\":\"fr-FR\",\"@id\":\"https:\/\/www.rinaldisrl.com\/fr\/produit\/convoyeurs-a-rouleaux-ris-22-ris-44-ris-66\/#primaryimage\",\"url\":\"https:\/\/www.rinaldisrl.com\/wp-content\/uploads\/2023\/09\/rulliere-RIS22-44-66.jpg\",\"contentUrl\":\"https:\/\/www.rinaldisrl.com\/wp-content\/uploads\/2023\/09\/rulliere-RIS22-44-66.jpg\",\"width\":1200,\"height\":1200},{\"@type\":\"BreadcrumbList\",\"@id\":\"https:\/\/www.rinaldisrl.com\/fr\/produit\/convoyeurs-a-rouleaux-ris-22-ris-44-ris-66\/#breadcrumb\",\"itemListElement\":[{\"@type\":\"ListItem\",\"position\":1,\"name\":\"Home\",\"item\":\"https:\/\/www.rinaldisrl.com\/fr\/\"},{\"@type\":\"ListItem\",\"position\":2,\"name\":\"Catalogue\",\"item\":\"https:\/\/www.rinaldisrl.com\/fr\/catalogue\/\"},{\"@type\":\"ListItem\",\"position\":3,\"name\":\"Convoyeurs \u00e0 rouleaux RIS 22 &#8211; RIS 44 &#8211; RIS 66\"}]},{\"@type\":\"WebSite\",\"@id\":\"https:\/\/www.rinaldisrl.com\/fr\/#website\",\"url\":\"https:\/\/www.rinaldisrl.com\/fr\/\",\"name\":\"Rinaldi Srl\",\"description\":\"\",\"publisher\":{\"@id\":\"https:\/\/www.rinaldisrl.com\/fr\/#organization\"},\"potentialAction\":[{\"@type\":\"SearchAction\",\"target\":{\"@type\":\"EntryPoint\",\"urlTemplate\":\"https:\/\/www.rinaldisrl.com\/fr\/?s={search_term_string}\"},\"query-input\":{\"@type\":\"PropertyValueSpecification\",\"valueRequired\":true,\"valueName\":\"search_term_string\"}}],\"inLanguage\":\"fr-FR\"},{\"@type\":\"Organization\",\"@id\":\"https:\/\/www.rinaldisrl.com\/fr\/#organization\",\"name\":\"Fratelli Rinaldi Srl\",\"alternateName\":\"Fratelli Rinaldi Srl\",\"url\":\"https:\/\/www.rinaldisrl.com\/fr\/\",\"logo\":{\"@type\":\"ImageObject\",\"inLanguage\":\"fr-FR\",\"@id\":\"https:\/\/www.rinaldisrl.com\/fr\/#\/schema\/logo\/image\/\",\"url\":\"https:\/\/www.rinaldisrl.com\/wp-content\/uploads\/2023\/07\/logo-50-anni.png\",\"contentUrl\":\"https:\/\/www.rinaldisrl.com\/wp-content\/uploads\/2023\/07\/logo-50-anni.png\",\"width\":350,\"height\":200,\"caption\":\"Fratelli Rinaldi Srl\"},\"image\":{\"@id\":\"https:\/\/www.rinaldisrl.com\/fr\/#\/schema\/logo\/image\/\"}}]}<\/script>\n<!-- \/ Yoast SEO plugin. -->","yoast_head_json":{"title":"Convoyeur \u00e0 rouleaux avec structure modulaire | RIS 22 - 44 - 66","description":"Convoyeur \u00e0 rouleaux avec structure modulaire. Disponible en 3 versions : longueur 2200 mm, longueur 4400 mm et longueur 6600 mm.","robots":{"index":"index","follow":"follow","max-snippet":"max-snippet:-1","max-image-preview":"max-image-preview:large","max-video-preview":"max-video-preview:-1"},"canonical":"https:\/\/www.rinaldisrl.com\/fr\/produit\/convoyeurs-a-rouleaux-ris-22-ris-44-ris-66\/","og_locale":"fr_FR","og_type":"article","og_title":"Convoyeur \u00e0 rouleaux avec structure modulaire | RIS 22 - 44 - 66","og_description":"Convoyeur \u00e0 rouleaux avec structure modulaire. Disponible en 3 versions : longueur 2200 mm, longueur 4400 mm et longueur 6600 mm.","og_url":"https:\/\/www.rinaldisrl.com\/fr\/produit\/convoyeurs-a-rouleaux-ris-22-ris-44-ris-66\/","og_site_name":"Rinaldi Srl","article_modified_time":"2025-02-26T09:57:24+00:00","og_image":[{"width":1200,"height":1200,"url":"https:\/\/www.rinaldisrl.com\/wp-content\/uploads\/2023\/09\/rulliere-RIS22-44-66.jpg","type":"image\/jpeg"}],"twitter_card":"summary_large_image","twitter_misc":{"Dur\u00e9e de lecture estim\u00e9e":"1 minute"},"schema":{"@context":"https:\/\/schema.org","@graph":[{"@type":"WebPage","@id":"https:\/\/www.rinaldisrl.com\/fr\/produit\/convoyeurs-a-rouleaux-ris-22-ris-44-ris-66\/","url":"https:\/\/www.rinaldisrl.com\/fr\/produit\/convoyeurs-a-rouleaux-ris-22-ris-44-ris-66\/","name":"Convoyeur \u00e0 rouleaux avec structure modulaire | RIS 22 - 44 - 66","isPartOf":{"@id":"https:\/\/www.rinaldisrl.com\/fr\/#website"},"primaryImageOfPage":{"@id":"https:\/\/www.rinaldisrl.com\/fr\/produit\/convoyeurs-a-rouleaux-ris-22-ris-44-ris-66\/#primaryimage"},"image":{"@id":"https:\/\/www.rinaldisrl.com\/fr\/produit\/convoyeurs-a-rouleaux-ris-22-ris-44-ris-66\/#primaryimage"},"thumbnailUrl":"https:\/\/www.rinaldisrl.com\/wp-content\/uploads\/2023\/09\/rulliere-RIS22-44-66.jpg","datePublished":"2023-09-11T19:43:24+00:00","dateModified":"2025-02-26T09:57:24+00:00","description":"Convoyeur \u00e0 rouleaux avec structure modulaire. Disponible en 3 versions : longueur 2200 mm, longueur 4400 mm et longueur 6600 mm.","breadcrumb":{"@id":"https:\/\/www.rinaldisrl.com\/fr\/produit\/convoyeurs-a-rouleaux-ris-22-ris-44-ris-66\/#breadcrumb"},"inLanguage":"fr-FR","potentialAction":[{"@type":"ReadAction","target":["https:\/\/www.rinaldisrl.com\/fr\/produit\/convoyeurs-a-rouleaux-ris-22-ris-44-ris-66\/"]}]},{"@type":"ImageObject","inLanguage":"fr-FR","@id":"https:\/\/www.rinaldisrl.com\/fr\/produit\/convoyeurs-a-rouleaux-ris-22-ris-44-ris-66\/#primaryimage","url":"https:\/\/www.rinaldisrl.com\/wp-content\/uploads\/2023\/09\/rulliere-RIS22-44-66.jpg","contentUrl":"https:\/\/www.rinaldisrl.com\/wp-content\/uploads\/2023\/09\/rulliere-RIS22-44-66.jpg","width":1200,"height":1200},{"@type":"BreadcrumbList","@id":"https:\/\/www.rinaldisrl.com\/fr\/produit\/convoyeurs-a-rouleaux-ris-22-ris-44-ris-66\/#breadcrumb","itemListElement":[{"@type":"ListItem","position":1,"name":"Home","item":"https:\/\/www.rinaldisrl.com\/fr\/"},{"@type":"ListItem","position":2,"name":"Catalogue","item":"https:\/\/www.rinaldisrl.com\/fr\/catalogue\/"},{"@type":"ListItem","position":3,"name":"Convoyeurs \u00e0 rouleaux RIS 22 &#8211; RIS 44 &#8211; RIS 66"}]},{"@type":"WebSite","@id":"https:\/\/www.rinaldisrl.com\/fr\/#website","url":"https:\/\/www.rinaldisrl.com\/fr\/","name":"Rinaldi Srl","description":"","publisher":{"@id":"https:\/\/www.rinaldisrl.com\/fr\/#organization"},"potentialAction":[{"@type":"SearchAction","target":{"@type":"EntryPoint","urlTemplate":"https:\/\/www.rinaldisrl.com\/fr\/?s={search_term_string}"},"query-input":{"@type":"PropertyValueSpecification","valueRequired":true,"valueName":"search_term_string"}}],"inLanguage":"fr-FR"},{"@type":"Organization","@id":"https:\/\/www.rinaldisrl.com\/fr\/#organization","name":"Fratelli Rinaldi Srl","alternateName":"Fratelli Rinaldi Srl","url":"https:\/\/www.rinaldisrl.com\/fr\/","logo":{"@type":"ImageObject","inLanguage":"fr-FR","@id":"https:\/\/www.rinaldisrl.com\/fr\/#\/schema\/logo\/image\/","url":"https:\/\/www.rinaldisrl.com\/wp-content\/uploads\/2023\/07\/logo-50-anni.png","contentUrl":"https:\/\/www.rinaldisrl.com\/wp-content\/uploads\/2023\/07\/logo-50-anni.png","width":350,"height":200,"caption":"Fratelli Rinaldi Srl"},"image":{"@id":"https:\/\/www.rinaldisrl.com\/fr\/#\/schema\/logo\/image\/"}}]}},"_links":{"self":[{"href":"https:\/\/www.rinaldisrl.com\/fr\/wp-json\/wp\/v2\/product\/1969","targetHints":{"allow":["GET"]}}],"collection":[{"href":"https:\/\/www.rinaldisrl.com\/fr\/wp-json\/wp\/v2\/product"}],"about":[{"href":"https:\/\/www.rinaldisrl.com\/fr\/wp-json\/wp\/v2\/types\/product"}],"wp:featuredmedia":[{"embeddable":true,"href":"https:\/\/www.rinaldisrl.com\/fr\/wp-json\/wp\/v2\/media\/1235"}],"wp:attachment":[{"href":"https:\/\/www.rinaldisrl.com\/fr\/wp-json\/wp\/v2\/media?parent=1969"}],"wp:term":[{"taxonomy":"product_brand","embeddable":true,"href":"https:\/\/www.rinaldisrl.com\/fr\/wp-json\/wp\/v2\/product_brand?post=1969"},{"taxonomy":"product_cat","embeddable":true,"href":"https:\/\/www.rinaldisrl.com\/fr\/wp-json\/wp\/v2\/product_cat?post=1969"},{"taxonomy":"product_tag","embeddable":true,"href":"https:\/\/www.rinaldisrl.com\/fr\/wp-json\/wp\/v2\/product_tag?post=1969"}],"curies":[{"name":"wp","href":"https:\/\/api.w.org\/{rel}","templated":true}]}}