{"id":1967,"date":"2023-09-13T14:28:09","date_gmt":"2023-09-13T12:28:09","guid":{"rendered":"https:\/\/www.rinaldisrl.com\/prodotti\/rulliere-ris-17v-ris-40v-ris-60v-2\/"},"modified":"2025-02-26T11:53:46","modified_gmt":"2025-02-26T10:53:46","slug":"convoyeurs-a-rouleaux-17v-ris-40v-ris-60v","status":"publish","type":"product","link":"https:\/\/www.rinaldisrl.com\/fr\/produit\/convoyeurs-a-rouleaux-17v-ris-40v-ris-60v\/","title":{"rendered":"Convoyeurs \u00e0 rouleaux RIS 17V &#8211; RIS 40V &#8211; RIS 60V"},"content":{"rendered":"","protected":false},"excerpt":{"rendered":"<p><strong>Convoyeur \u00e0 rouleaux support profil\u00e9 de d\u00e9chargement c\u00f4t\u00e9 droit avec mouvement de positionnement but\u00e9e de r\u00e9f\u00e9rence, exclusive, command\u00e9 manuellement avec volant.<\/strong><br \/>\nLecture de la cote sur l\u2019afficheur num\u00e9rique LCD aliment\u00e9 par batterie.<br \/>\n<strong>La version \u00ab 17V \u00bb a une longueur utile de r\u00e9f\u00e9rence de 1 700 mm, la version \u00ab 40V \u00bb de 4 000 mm et la version \u00ab 60V \u00bb de 6 000 mm.<\/strong><\/p>\n","protected":false},"featured_media":1247,"template":"","meta":[],"product_brand":[],"product_cat":[260],"product_tag":[],"class_list":{"0":"post-1967","1":"product","2":"type-product","3":"status-publish","4":"has-post-thumbnail","6":"product_cat-convoyeurs-a-rouleaux","8":"first","9":"instock","10":"shipping-taxable","11":"product-type-simple"},"yoast_head":"<!-- This site is optimized with the Yoast SEO plugin v27.2 - https:\/\/yoast.com\/product\/yoast-seo-wordpress\/ -->\n<title>Convoyeur \u00e0 rouleaux support profil\u00e9 de d\u00e9chargement | RIS 17V \u2013 40V \u2013 60V<\/title>\n<meta name=\"description\" content=\"Convoyeur \u00e0 rouleaux support profil\u00e9 de d\u00e9chargement c\u00f4t\u00e9 droit. Disponible en 3 versions: longueur 1700 mm, longueur 4400 mm et longeur 6000 mm\" \/>\n<meta name=\"robots\" content=\"index, follow, max-snippet:-1, max-image-preview:large, max-video-preview:-1\" \/>\n<link rel=\"canonical\" href=\"https:\/\/www.rinaldisrl.com\/fr\/produit\/convoyeurs-a-rouleaux-17v-ris-40v-ris-60v\/\" \/>\n<meta property=\"og:locale\" content=\"fr_FR\" \/>\n<meta property=\"og:type\" content=\"article\" \/>\n<meta property=\"og:title\" content=\"Convoyeur \u00e0 rouleaux support profil\u00e9 de d\u00e9chargement | RIS 17V \u2013 40V \u2013 60V\" \/>\n<meta property=\"og:description\" content=\"Convoyeur \u00e0 rouleaux support profil\u00e9 de d\u00e9chargement c\u00f4t\u00e9 droit. Disponible en 3 versions: longueur 1700 mm, longueur 4400 mm et longeur 6000 mm\" \/>\n<meta property=\"og:url\" content=\"https:\/\/www.rinaldisrl.com\/fr\/produit\/convoyeurs-a-rouleaux-17v-ris-40v-ris-60v\/\" \/>\n<meta property=\"og:site_name\" content=\"Rinaldi Srl\" \/>\n<meta property=\"article:modified_time\" content=\"2025-02-26T10:53:46+00:00\" \/>\n<meta property=\"og:image\" content=\"https:\/\/www.rinaldisrl.com\/wp-content\/uploads\/2023\/09\/rulliere-RIS17V-40V-70V.jpg\" \/>\n\t<meta property=\"og:image:width\" content=\"1200\" \/>\n\t<meta property=\"og:image:height\" content=\"1200\" \/>\n\t<meta property=\"og:image:type\" content=\"image\/jpeg\" \/>\n<meta name=\"twitter:card\" content=\"summary_large_image\" \/>\n<meta name=\"twitter:label1\" content=\"Dur\u00e9e de lecture estim\u00e9e\" \/>\n\t<meta name=\"twitter:data1\" content=\"1 minute\" \/>\n<script type=\"application\/ld+json\" class=\"yoast-schema-graph\">{\"@context\":\"https:\/\/schema.org\",\"@graph\":[{\"@type\":\"WebPage\",\"@id\":\"https:\/\/www.rinaldisrl.com\/fr\/produit\/convoyeurs-a-rouleaux-17v-ris-40v-ris-60v\/\",\"url\":\"https:\/\/www.rinaldisrl.com\/fr\/produit\/convoyeurs-a-rouleaux-17v-ris-40v-ris-60v\/\",\"name\":\"Convoyeur \u00e0 rouleaux support profil\u00e9 de d\u00e9chargement | RIS 17V \u2013 40V \u2013 60V\",\"isPartOf\":{\"@id\":\"https:\/\/www.rinaldisrl.com\/fr\/#website\"},\"primaryImageOfPage\":{\"@id\":\"https:\/\/www.rinaldisrl.com\/fr\/produit\/convoyeurs-a-rouleaux-17v-ris-40v-ris-60v\/#primaryimage\"},\"image\":{\"@id\":\"https:\/\/www.rinaldisrl.com\/fr\/produit\/convoyeurs-a-rouleaux-17v-ris-40v-ris-60v\/#primaryimage\"},\"thumbnailUrl\":\"https:\/\/www.rinaldisrl.com\/wp-content\/uploads\/2023\/09\/rulliere-RIS17V-40V-70V.jpg\",\"datePublished\":\"2023-09-13T12:28:09+00:00\",\"dateModified\":\"2025-02-26T10:53:46+00:00\",\"description\":\"Convoyeur \u00e0 rouleaux support profil\u00e9 de d\u00e9chargement c\u00f4t\u00e9 droit. Disponible en 3 versions: longueur 1700 mm, longueur 4400 mm et longeur 6000 mm\",\"breadcrumb\":{\"@id\":\"https:\/\/www.rinaldisrl.com\/fr\/produit\/convoyeurs-a-rouleaux-17v-ris-40v-ris-60v\/#breadcrumb\"},\"inLanguage\":\"fr-FR\",\"potentialAction\":[{\"@type\":\"ReadAction\",\"target\":[\"https:\/\/www.rinaldisrl.com\/fr\/produit\/convoyeurs-a-rouleaux-17v-ris-40v-ris-60v\/\"]}]},{\"@type\":\"ImageObject\",\"inLanguage\":\"fr-FR\",\"@id\":\"https:\/\/www.rinaldisrl.com\/fr\/produit\/convoyeurs-a-rouleaux-17v-ris-40v-ris-60v\/#primaryimage\",\"url\":\"https:\/\/www.rinaldisrl.com\/wp-content\/uploads\/2023\/09\/rulliere-RIS17V-40V-70V.jpg\",\"contentUrl\":\"https:\/\/www.rinaldisrl.com\/wp-content\/uploads\/2023\/09\/rulliere-RIS17V-40V-70V.jpg\",\"width\":1200,\"height\":1200},{\"@type\":\"BreadcrumbList\",\"@id\":\"https:\/\/www.rinaldisrl.com\/fr\/produit\/convoyeurs-a-rouleaux-17v-ris-40v-ris-60v\/#breadcrumb\",\"itemListElement\":[{\"@type\":\"ListItem\",\"position\":1,\"name\":\"Home\",\"item\":\"https:\/\/www.rinaldisrl.com\/fr\/\"},{\"@type\":\"ListItem\",\"position\":2,\"name\":\"Catalogue\",\"item\":\"https:\/\/www.rinaldisrl.com\/fr\/catalogue\/\"},{\"@type\":\"ListItem\",\"position\":3,\"name\":\"Convoyeurs \u00e0 rouleaux RIS 17V &#8211; RIS 40V &#8211; RIS 60V\"}]},{\"@type\":\"WebSite\",\"@id\":\"https:\/\/www.rinaldisrl.com\/fr\/#website\",\"url\":\"https:\/\/www.rinaldisrl.com\/fr\/\",\"name\":\"Rinaldi Srl\",\"description\":\"\",\"publisher\":{\"@id\":\"https:\/\/www.rinaldisrl.com\/fr\/#organization\"},\"potentialAction\":[{\"@type\":\"SearchAction\",\"target\":{\"@type\":\"EntryPoint\",\"urlTemplate\":\"https:\/\/www.rinaldisrl.com\/fr\/?s={search_term_string}\"},\"query-input\":{\"@type\":\"PropertyValueSpecification\",\"valueRequired\":true,\"valueName\":\"search_term_string\"}}],\"inLanguage\":\"fr-FR\"},{\"@type\":\"Organization\",\"@id\":\"https:\/\/www.rinaldisrl.com\/fr\/#organization\",\"name\":\"Fratelli Rinaldi Srl\",\"alternateName\":\"Fratelli Rinaldi Srl\",\"url\":\"https:\/\/www.rinaldisrl.com\/fr\/\",\"logo\":{\"@type\":\"ImageObject\",\"inLanguage\":\"fr-FR\",\"@id\":\"https:\/\/www.rinaldisrl.com\/fr\/#\/schema\/logo\/image\/\",\"url\":\"https:\/\/www.rinaldisrl.com\/wp-content\/uploads\/2023\/07\/logo-50-anni.png\",\"contentUrl\":\"https:\/\/www.rinaldisrl.com\/wp-content\/uploads\/2023\/07\/logo-50-anni.png\",\"width\":350,\"height\":200,\"caption\":\"Fratelli Rinaldi Srl\"},\"image\":{\"@id\":\"https:\/\/www.rinaldisrl.com\/fr\/#\/schema\/logo\/image\/\"}}]}<\/script>\n<!-- \/ Yoast SEO plugin. -->","yoast_head_json":{"title":"Convoyeur \u00e0 rouleaux support profil\u00e9 de d\u00e9chargement | RIS 17V \u2013 40V \u2013 60V","description":"Convoyeur \u00e0 rouleaux support profil\u00e9 de d\u00e9chargement c\u00f4t\u00e9 droit. Disponible en 3 versions: longueur 1700 mm, longueur 4400 mm et longeur 6000 mm","robots":{"index":"index","follow":"follow","max-snippet":"max-snippet:-1","max-image-preview":"max-image-preview:large","max-video-preview":"max-video-preview:-1"},"canonical":"https:\/\/www.rinaldisrl.com\/fr\/produit\/convoyeurs-a-rouleaux-17v-ris-40v-ris-60v\/","og_locale":"fr_FR","og_type":"article","og_title":"Convoyeur \u00e0 rouleaux support profil\u00e9 de d\u00e9chargement | RIS 17V \u2013 40V \u2013 60V","og_description":"Convoyeur \u00e0 rouleaux support profil\u00e9 de d\u00e9chargement c\u00f4t\u00e9 droit. Disponible en 3 versions: longueur 1700 mm, longueur 4400 mm et longeur 6000 mm","og_url":"https:\/\/www.rinaldisrl.com\/fr\/produit\/convoyeurs-a-rouleaux-17v-ris-40v-ris-60v\/","og_site_name":"Rinaldi Srl","article_modified_time":"2025-02-26T10:53:46+00:00","og_image":[{"width":1200,"height":1200,"url":"https:\/\/www.rinaldisrl.com\/wp-content\/uploads\/2023\/09\/rulliere-RIS17V-40V-70V.jpg","type":"image\/jpeg"}],"twitter_card":"summary_large_image","twitter_misc":{"Dur\u00e9e de lecture estim\u00e9e":"1 minute"},"schema":{"@context":"https:\/\/schema.org","@graph":[{"@type":"WebPage","@id":"https:\/\/www.rinaldisrl.com\/fr\/produit\/convoyeurs-a-rouleaux-17v-ris-40v-ris-60v\/","url":"https:\/\/www.rinaldisrl.com\/fr\/produit\/convoyeurs-a-rouleaux-17v-ris-40v-ris-60v\/","name":"Convoyeur \u00e0 rouleaux support profil\u00e9 de d\u00e9chargement | RIS 17V \u2013 40V \u2013 60V","isPartOf":{"@id":"https:\/\/www.rinaldisrl.com\/fr\/#website"},"primaryImageOfPage":{"@id":"https:\/\/www.rinaldisrl.com\/fr\/produit\/convoyeurs-a-rouleaux-17v-ris-40v-ris-60v\/#primaryimage"},"image":{"@id":"https:\/\/www.rinaldisrl.com\/fr\/produit\/convoyeurs-a-rouleaux-17v-ris-40v-ris-60v\/#primaryimage"},"thumbnailUrl":"https:\/\/www.rinaldisrl.com\/wp-content\/uploads\/2023\/09\/rulliere-RIS17V-40V-70V.jpg","datePublished":"2023-09-13T12:28:09+00:00","dateModified":"2025-02-26T10:53:46+00:00","description":"Convoyeur \u00e0 rouleaux support profil\u00e9 de d\u00e9chargement c\u00f4t\u00e9 droit. Disponible en 3 versions: longueur 1700 mm, longueur 4400 mm et longeur 6000 mm","breadcrumb":{"@id":"https:\/\/www.rinaldisrl.com\/fr\/produit\/convoyeurs-a-rouleaux-17v-ris-40v-ris-60v\/#breadcrumb"},"inLanguage":"fr-FR","potentialAction":[{"@type":"ReadAction","target":["https:\/\/www.rinaldisrl.com\/fr\/produit\/convoyeurs-a-rouleaux-17v-ris-40v-ris-60v\/"]}]},{"@type":"ImageObject","inLanguage":"fr-FR","@id":"https:\/\/www.rinaldisrl.com\/fr\/produit\/convoyeurs-a-rouleaux-17v-ris-40v-ris-60v\/#primaryimage","url":"https:\/\/www.rinaldisrl.com\/wp-content\/uploads\/2023\/09\/rulliere-RIS17V-40V-70V.jpg","contentUrl":"https:\/\/www.rinaldisrl.com\/wp-content\/uploads\/2023\/09\/rulliere-RIS17V-40V-70V.jpg","width":1200,"height":1200},{"@type":"BreadcrumbList","@id":"https:\/\/www.rinaldisrl.com\/fr\/produit\/convoyeurs-a-rouleaux-17v-ris-40v-ris-60v\/#breadcrumb","itemListElement":[{"@type":"ListItem","position":1,"name":"Home","item":"https:\/\/www.rinaldisrl.com\/fr\/"},{"@type":"ListItem","position":2,"name":"Catalogue","item":"https:\/\/www.rinaldisrl.com\/fr\/catalogue\/"},{"@type":"ListItem","position":3,"name":"Convoyeurs \u00e0 rouleaux RIS 17V &#8211; RIS 40V &#8211; RIS 60V"}]},{"@type":"WebSite","@id":"https:\/\/www.rinaldisrl.com\/fr\/#website","url":"https:\/\/www.rinaldisrl.com\/fr\/","name":"Rinaldi Srl","description":"","publisher":{"@id":"https:\/\/www.rinaldisrl.com\/fr\/#organization"},"potentialAction":[{"@type":"SearchAction","target":{"@type":"EntryPoint","urlTemplate":"https:\/\/www.rinaldisrl.com\/fr\/?s={search_term_string}"},"query-input":{"@type":"PropertyValueSpecification","valueRequired":true,"valueName":"search_term_string"}}],"inLanguage":"fr-FR"},{"@type":"Organization","@id":"https:\/\/www.rinaldisrl.com\/fr\/#organization","name":"Fratelli Rinaldi Srl","alternateName":"Fratelli Rinaldi Srl","url":"https:\/\/www.rinaldisrl.com\/fr\/","logo":{"@type":"ImageObject","inLanguage":"fr-FR","@id":"https:\/\/www.rinaldisrl.com\/fr\/#\/schema\/logo\/image\/","url":"https:\/\/www.rinaldisrl.com\/wp-content\/uploads\/2023\/07\/logo-50-anni.png","contentUrl":"https:\/\/www.rinaldisrl.com\/wp-content\/uploads\/2023\/07\/logo-50-anni.png","width":350,"height":200,"caption":"Fratelli Rinaldi Srl"},"image":{"@id":"https:\/\/www.rinaldisrl.com\/fr\/#\/schema\/logo\/image\/"}}]}},"_links":{"self":[{"href":"https:\/\/www.rinaldisrl.com\/fr\/wp-json\/wp\/v2\/product\/1967","targetHints":{"allow":["GET"]}}],"collection":[{"href":"https:\/\/www.rinaldisrl.com\/fr\/wp-json\/wp\/v2\/product"}],"about":[{"href":"https:\/\/www.rinaldisrl.com\/fr\/wp-json\/wp\/v2\/types\/product"}],"wp:featuredmedia":[{"embeddable":true,"href":"https:\/\/www.rinaldisrl.com\/fr\/wp-json\/wp\/v2\/media\/1247"}],"wp:attachment":[{"href":"https:\/\/www.rinaldisrl.com\/fr\/wp-json\/wp\/v2\/media?parent=1967"}],"wp:term":[{"taxonomy":"product_brand","embeddable":true,"href":"https:\/\/www.rinaldisrl.com\/fr\/wp-json\/wp\/v2\/product_brand?post=1967"},{"taxonomy":"product_cat","embeddable":true,"href":"https:\/\/www.rinaldisrl.com\/fr\/wp-json\/wp\/v2\/product_cat?post=1967"},{"taxonomy":"product_tag","embeddable":true,"href":"https:\/\/www.rinaldisrl.com\/fr\/wp-json\/wp\/v2\/product_tag?post=1967"}],"curies":[{"name":"wp","href":"https:\/\/api.w.org\/{rel}","templated":true}]}}