{"id":1966,"date":"2023-09-14T06:51:09","date_gmt":"2023-09-14T04:51:09","guid":{"rendered":"https:\/\/www.rinaldisrl.com\/prodotti\/rulliera-ris-70e-2\/"},"modified":"2025-02-27T09:39:47","modified_gmt":"2025-02-27T08:39:47","slug":"convoyeur-a-rouleaux-ris-70e","status":"publish","type":"product","link":"https:\/\/www.rinaldisrl.com\/fr\/produit\/convoyeur-a-rouleaux-ris-70e\/","title":{"rendered":"Convoyeur \u00e0 rouleaux RIS 70E"},"content":{"rendered":"","protected":false},"excerpt":{"rendered":"<p><strong>Convoyeur \u00e0 rouleaux support profil\u00e9 d\u2019\u00e9chappement c\u00f4t\u00e9 droit avec mouvement de positionnement automatique de la but\u00e9e de r\u00e9f\u00e9rence, exclusive<\/strong>, command\u00e9 par un moteur en courant continu et un syst\u00e8me de d\u00e9tection de position de haute pr\u00e9cision avec bande magn\u00e9tique.<br \/>\n<strong>Possibilit\u00e9 d\u2019\u00eatre utilis\u00e9 comme pousse-barres pour r\u00e9aliser une ligne de coupe.<\/strong><br \/>\nLecture et r\u00e9glage de la cote sur l\u2019\u00e9cran num\u00e9rique LCD. La longueur utile de r\u00e9f\u00e9rence de 7 000 mm.<\/p>\n","protected":false},"featured_media":1251,"template":"","meta":[],"product_brand":[],"product_cat":[260],"product_tag":[],"class_list":{"0":"post-1966","1":"product","2":"type-product","3":"status-publish","4":"has-post-thumbnail","6":"product_cat-convoyeurs-a-rouleaux","8":"first","9":"instock","10":"shipping-taxable","11":"product-type-simple"},"yoast_head":"<!-- This site is optimized with the Yoast SEO plugin v27.5 - https:\/\/yoast.com\/product\/yoast-seo-wordpress\/ -->\n<title>Convoyeur \u00e0 rouleaux \u00e0 d\u00e9charge lat\u00e9rale | RIS 70E<\/title>\n<meta name=\"description\" content=\"Convoyeur \u00e0 rouleaux \u00e0 d\u00e9charge lat\u00e9rale. Possibilit\u00e9 d\u2019\u00eatre utilis\u00e9 comme pousse-barres pour r\u00e9aliser une ligne de coupe.\" \/>\n<meta name=\"robots\" content=\"index, follow, max-snippet:-1, max-image-preview:large, max-video-preview:-1\" \/>\n<link rel=\"canonical\" href=\"https:\/\/www.rinaldisrl.com\/fr\/produit\/convoyeur-a-rouleaux-ris-70e\/\" \/>\n<meta property=\"og:locale\" content=\"fr_FR\" \/>\n<meta property=\"og:type\" content=\"article\" \/>\n<meta property=\"og:title\" content=\"Convoyeur \u00e0 rouleaux \u00e0 d\u00e9charge lat\u00e9rale | RIS 70E\" \/>\n<meta property=\"og:description\" content=\"Convoyeur \u00e0 rouleaux \u00e0 d\u00e9charge lat\u00e9rale. Possibilit\u00e9 d\u2019\u00eatre utilis\u00e9 comme pousse-barres pour r\u00e9aliser une ligne de coupe.\" \/>\n<meta property=\"og:url\" content=\"https:\/\/www.rinaldisrl.com\/fr\/produit\/convoyeur-a-rouleaux-ris-70e\/\" \/>\n<meta property=\"og:site_name\" content=\"Rinaldi Srl\" \/>\n<meta property=\"article:modified_time\" content=\"2025-02-27T08:39:47+00:00\" \/>\n<meta property=\"og:image\" content=\"https:\/\/www.rinaldisrl.com\/wp-content\/uploads\/2023\/09\/rulliere-RIS70E.jpg\" \/>\n\t<meta property=\"og:image:width\" content=\"1200\" \/>\n\t<meta property=\"og:image:height\" content=\"1200\" \/>\n\t<meta property=\"og:image:type\" content=\"image\/jpeg\" \/>\n<meta name=\"twitter:card\" content=\"summary_large_image\" \/>\n<meta name=\"twitter:label1\" content=\"Dur\u00e9e de lecture estim\u00e9e\" \/>\n\t<meta name=\"twitter:data1\" content=\"1 minute\" \/>\n<script type=\"application\/ld+json\" class=\"yoast-schema-graph\">{\"@context\":\"https:\\\/\\\/schema.org\",\"@graph\":[{\"@type\":\"WebPage\",\"@id\":\"https:\\\/\\\/www.rinaldisrl.com\\\/fr\\\/produit\\\/convoyeur-a-rouleaux-ris-70e\\\/\",\"url\":\"https:\\\/\\\/www.rinaldisrl.com\\\/fr\\\/produit\\\/convoyeur-a-rouleaux-ris-70e\\\/\",\"name\":\"Convoyeur \u00e0 rouleaux \u00e0 d\u00e9charge lat\u00e9rale | RIS 70E\",\"isPartOf\":{\"@id\":\"https:\\\/\\\/www.rinaldisrl.com\\\/fr\\\/#website\"},\"primaryImageOfPage\":{\"@id\":\"https:\\\/\\\/www.rinaldisrl.com\\\/fr\\\/produit\\\/convoyeur-a-rouleaux-ris-70e\\\/#primaryimage\"},\"image\":{\"@id\":\"https:\\\/\\\/www.rinaldisrl.com\\\/fr\\\/produit\\\/convoyeur-a-rouleaux-ris-70e\\\/#primaryimage\"},\"thumbnailUrl\":\"https:\\\/\\\/www.rinaldisrl.com\\\/wp-content\\\/uploads\\\/2023\\\/09\\\/rulliere-RIS70E.jpg\",\"datePublished\":\"2023-09-14T04:51:09+00:00\",\"dateModified\":\"2025-02-27T08:39:47+00:00\",\"description\":\"Convoyeur \u00e0 rouleaux \u00e0 d\u00e9charge lat\u00e9rale. Possibilit\u00e9 d\u2019\u00eatre utilis\u00e9 comme pousse-barres pour r\u00e9aliser une ligne de coupe.\",\"breadcrumb\":{\"@id\":\"https:\\\/\\\/www.rinaldisrl.com\\\/fr\\\/produit\\\/convoyeur-a-rouleaux-ris-70e\\\/#breadcrumb\"},\"inLanguage\":\"fr-FR\",\"potentialAction\":[{\"@type\":\"ReadAction\",\"target\":[\"https:\\\/\\\/www.rinaldisrl.com\\\/fr\\\/produit\\\/convoyeur-a-rouleaux-ris-70e\\\/\"]}]},{\"@type\":\"ImageObject\",\"inLanguage\":\"fr-FR\",\"@id\":\"https:\\\/\\\/www.rinaldisrl.com\\\/fr\\\/produit\\\/convoyeur-a-rouleaux-ris-70e\\\/#primaryimage\",\"url\":\"https:\\\/\\\/www.rinaldisrl.com\\\/wp-content\\\/uploads\\\/2023\\\/09\\\/rulliere-RIS70E.jpg\",\"contentUrl\":\"https:\\\/\\\/www.rinaldisrl.com\\\/wp-content\\\/uploads\\\/2023\\\/09\\\/rulliere-RIS70E.jpg\",\"width\":1200,\"height\":1200},{\"@type\":\"BreadcrumbList\",\"@id\":\"https:\\\/\\\/www.rinaldisrl.com\\\/fr\\\/produit\\\/convoyeur-a-rouleaux-ris-70e\\\/#breadcrumb\",\"itemListElement\":[{\"@type\":\"ListItem\",\"position\":1,\"name\":\"Home\",\"item\":\"https:\\\/\\\/www.rinaldisrl.com\\\/fr\\\/\"},{\"@type\":\"ListItem\",\"position\":2,\"name\":\"Catalogue\",\"item\":\"https:\\\/\\\/www.rinaldisrl.com\\\/fr\\\/catalogue\\\/\"},{\"@type\":\"ListItem\",\"position\":3,\"name\":\"Convoyeur \u00e0 rouleaux RIS 70E\"}]},{\"@type\":\"WebSite\",\"@id\":\"https:\\\/\\\/www.rinaldisrl.com\\\/fr\\\/#website\",\"url\":\"https:\\\/\\\/www.rinaldisrl.com\\\/fr\\\/\",\"name\":\"Rinaldi Srl\",\"description\":\"\",\"publisher\":{\"@id\":\"https:\\\/\\\/www.rinaldisrl.com\\\/fr\\\/#organization\"},\"potentialAction\":[{\"@type\":\"SearchAction\",\"target\":{\"@type\":\"EntryPoint\",\"urlTemplate\":\"https:\\\/\\\/www.rinaldisrl.com\\\/fr\\\/?s={search_term_string}\"},\"query-input\":{\"@type\":\"PropertyValueSpecification\",\"valueRequired\":true,\"valueName\":\"search_term_string\"}}],\"inLanguage\":\"fr-FR\"},{\"@type\":\"Organization\",\"@id\":\"https:\\\/\\\/www.rinaldisrl.com\\\/fr\\\/#organization\",\"name\":\"Fratelli Rinaldi Srl\",\"alternateName\":\"Fratelli Rinaldi Srl\",\"url\":\"https:\\\/\\\/www.rinaldisrl.com\\\/fr\\\/\",\"logo\":{\"@type\":\"ImageObject\",\"inLanguage\":\"fr-FR\",\"@id\":\"https:\\\/\\\/www.rinaldisrl.com\\\/fr\\\/#\\\/schema\\\/logo\\\/image\\\/\",\"url\":\"https:\\\/\\\/www.rinaldisrl.com\\\/wp-content\\\/uploads\\\/2023\\\/07\\\/logo-50-anni.png\",\"contentUrl\":\"https:\\\/\\\/www.rinaldisrl.com\\\/wp-content\\\/uploads\\\/2023\\\/07\\\/logo-50-anni.png\",\"width\":350,\"height\":200,\"caption\":\"Fratelli Rinaldi Srl\"},\"image\":{\"@id\":\"https:\\\/\\\/www.rinaldisrl.com\\\/fr\\\/#\\\/schema\\\/logo\\\/image\\\/\"}}]}<\/script>\n<!-- \/ Yoast SEO plugin. -->","yoast_head_json":{"title":"Convoyeur \u00e0 rouleaux \u00e0 d\u00e9charge lat\u00e9rale | RIS 70E","description":"Convoyeur \u00e0 rouleaux \u00e0 d\u00e9charge lat\u00e9rale. Possibilit\u00e9 d\u2019\u00eatre utilis\u00e9 comme pousse-barres pour r\u00e9aliser une ligne de coupe.","robots":{"index":"index","follow":"follow","max-snippet":"max-snippet:-1","max-image-preview":"max-image-preview:large","max-video-preview":"max-video-preview:-1"},"canonical":"https:\/\/www.rinaldisrl.com\/fr\/produit\/convoyeur-a-rouleaux-ris-70e\/","og_locale":"fr_FR","og_type":"article","og_title":"Convoyeur \u00e0 rouleaux \u00e0 d\u00e9charge lat\u00e9rale | RIS 70E","og_description":"Convoyeur \u00e0 rouleaux \u00e0 d\u00e9charge lat\u00e9rale. Possibilit\u00e9 d\u2019\u00eatre utilis\u00e9 comme pousse-barres pour r\u00e9aliser une ligne de coupe.","og_url":"https:\/\/www.rinaldisrl.com\/fr\/produit\/convoyeur-a-rouleaux-ris-70e\/","og_site_name":"Rinaldi Srl","article_modified_time":"2025-02-27T08:39:47+00:00","og_image":[{"width":1200,"height":1200,"url":"https:\/\/www.rinaldisrl.com\/wp-content\/uploads\/2023\/09\/rulliere-RIS70E.jpg","type":"image\/jpeg"}],"twitter_card":"summary_large_image","twitter_misc":{"Dur\u00e9e de lecture estim\u00e9e":"1 minute"},"schema":{"@context":"https:\/\/schema.org","@graph":[{"@type":"WebPage","@id":"https:\/\/www.rinaldisrl.com\/fr\/produit\/convoyeur-a-rouleaux-ris-70e\/","url":"https:\/\/www.rinaldisrl.com\/fr\/produit\/convoyeur-a-rouleaux-ris-70e\/","name":"Convoyeur \u00e0 rouleaux \u00e0 d\u00e9charge lat\u00e9rale | RIS 70E","isPartOf":{"@id":"https:\/\/www.rinaldisrl.com\/fr\/#website"},"primaryImageOfPage":{"@id":"https:\/\/www.rinaldisrl.com\/fr\/produit\/convoyeur-a-rouleaux-ris-70e\/#primaryimage"},"image":{"@id":"https:\/\/www.rinaldisrl.com\/fr\/produit\/convoyeur-a-rouleaux-ris-70e\/#primaryimage"},"thumbnailUrl":"https:\/\/www.rinaldisrl.com\/wp-content\/uploads\/2023\/09\/rulliere-RIS70E.jpg","datePublished":"2023-09-14T04:51:09+00:00","dateModified":"2025-02-27T08:39:47+00:00","description":"Convoyeur \u00e0 rouleaux \u00e0 d\u00e9charge lat\u00e9rale. Possibilit\u00e9 d\u2019\u00eatre utilis\u00e9 comme pousse-barres pour r\u00e9aliser une ligne de coupe.","breadcrumb":{"@id":"https:\/\/www.rinaldisrl.com\/fr\/produit\/convoyeur-a-rouleaux-ris-70e\/#breadcrumb"},"inLanguage":"fr-FR","potentialAction":[{"@type":"ReadAction","target":["https:\/\/www.rinaldisrl.com\/fr\/produit\/convoyeur-a-rouleaux-ris-70e\/"]}]},{"@type":"ImageObject","inLanguage":"fr-FR","@id":"https:\/\/www.rinaldisrl.com\/fr\/produit\/convoyeur-a-rouleaux-ris-70e\/#primaryimage","url":"https:\/\/www.rinaldisrl.com\/wp-content\/uploads\/2023\/09\/rulliere-RIS70E.jpg","contentUrl":"https:\/\/www.rinaldisrl.com\/wp-content\/uploads\/2023\/09\/rulliere-RIS70E.jpg","width":1200,"height":1200},{"@type":"BreadcrumbList","@id":"https:\/\/www.rinaldisrl.com\/fr\/produit\/convoyeur-a-rouleaux-ris-70e\/#breadcrumb","itemListElement":[{"@type":"ListItem","position":1,"name":"Home","item":"https:\/\/www.rinaldisrl.com\/fr\/"},{"@type":"ListItem","position":2,"name":"Catalogue","item":"https:\/\/www.rinaldisrl.com\/fr\/catalogue\/"},{"@type":"ListItem","position":3,"name":"Convoyeur \u00e0 rouleaux RIS 70E"}]},{"@type":"WebSite","@id":"https:\/\/www.rinaldisrl.com\/fr\/#website","url":"https:\/\/www.rinaldisrl.com\/fr\/","name":"Rinaldi Srl","description":"","publisher":{"@id":"https:\/\/www.rinaldisrl.com\/fr\/#organization"},"potentialAction":[{"@type":"SearchAction","target":{"@type":"EntryPoint","urlTemplate":"https:\/\/www.rinaldisrl.com\/fr\/?s={search_term_string}"},"query-input":{"@type":"PropertyValueSpecification","valueRequired":true,"valueName":"search_term_string"}}],"inLanguage":"fr-FR"},{"@type":"Organization","@id":"https:\/\/www.rinaldisrl.com\/fr\/#organization","name":"Fratelli Rinaldi Srl","alternateName":"Fratelli Rinaldi Srl","url":"https:\/\/www.rinaldisrl.com\/fr\/","logo":{"@type":"ImageObject","inLanguage":"fr-FR","@id":"https:\/\/www.rinaldisrl.com\/fr\/#\/schema\/logo\/image\/","url":"https:\/\/www.rinaldisrl.com\/wp-content\/uploads\/2023\/07\/logo-50-anni.png","contentUrl":"https:\/\/www.rinaldisrl.com\/wp-content\/uploads\/2023\/07\/logo-50-anni.png","width":350,"height":200,"caption":"Fratelli Rinaldi Srl"},"image":{"@id":"https:\/\/www.rinaldisrl.com\/fr\/#\/schema\/logo\/image\/"}}]}},"_links":{"self":[{"href":"https:\/\/www.rinaldisrl.com\/fr\/wp-json\/wp\/v2\/product\/1966","targetHints":{"allow":["GET"]}}],"collection":[{"href":"https:\/\/www.rinaldisrl.com\/fr\/wp-json\/wp\/v2\/product"}],"about":[{"href":"https:\/\/www.rinaldisrl.com\/fr\/wp-json\/wp\/v2\/types\/product"}],"wp:featuredmedia":[{"embeddable":true,"href":"https:\/\/www.rinaldisrl.com\/fr\/wp-json\/wp\/v2\/media\/1251"}],"wp:attachment":[{"href":"https:\/\/www.rinaldisrl.com\/fr\/wp-json\/wp\/v2\/media?parent=1966"}],"wp:term":[{"taxonomy":"product_brand","embeddable":true,"href":"https:\/\/www.rinaldisrl.com\/fr\/wp-json\/wp\/v2\/product_brand?post=1966"},{"taxonomy":"product_cat","embeddable":true,"href":"https:\/\/www.rinaldisrl.com\/fr\/wp-json\/wp\/v2\/product_cat?post=1966"},{"taxonomy":"product_tag","embeddable":true,"href":"https:\/\/www.rinaldisrl.com\/fr\/wp-json\/wp\/v2\/product_tag?post=1966"}],"curies":[{"name":"wp","href":"https:\/\/api.w.org\/{rel}","templated":true}]}}