{"id":1962,"date":"2023-09-14T08:08:22","date_gmt":"2023-09-14T06:08:22","guid":{"rendered":"https:\/\/www.rinaldisrl.com\/prodotti\/aspiratori-asp-15-asp-22-asp-40-2\/"},"modified":"2025-02-27T10:04:54","modified_gmt":"2025-02-27T09:04:54","slug":"aspirateurs-asp-15-asp-22-asp-40","status":"publish","type":"product","link":"https:\/\/www.rinaldisrl.com\/fr\/produit\/aspirateurs-asp-15-asp-22-asp-40\/","title":{"rendered":"Aspirateurs ASP 15 &#8211; ASP 22 &#8211; ASP 40"},"content":{"rendered":"","protected":false},"excerpt":{"rendered":"<p><strong>Aspirateur industriel sur chenilles avec ventilateur centrifuge silencieux \u00e0 haut d\u00e9bit d\u2019air avec r\u00e9cipient \u00e0 copeaux amovible, con\u00e7u pour les copeaux d\u2019aluminium.<\/strong><br \/>\nL\u2019unit\u00e9 filtrante \u00e9quip\u00e9e d\u2019une turbine pneumatique permet \u00e0 l\u2019op\u00e9rateur de nettoyer facilement le filtre en prolongeant sa dur\u00e9e de vie.<br \/>\nDisponible en trois versions \u00ab 15 \u00bb pour les machines simples, \u00ab 22 \u00bb pour les tron\u00e7onneuses \u00e0 double t\u00eate avec d\u00e9marrage automatique et \u00ab 40 \u00bb pour toutes les utilisations de mani\u00e8re tr\u00e8s intensive.<\/p>\n","protected":false},"featured_media":1283,"template":"","meta":[],"product_brand":[],"product_cat":[261],"product_tag":[],"class_list":{"0":"post-1962","1":"product","2":"type-product","3":"status-publish","4":"has-post-thumbnail","6":"product_cat-aspirateurs","8":"first","9":"instock","10":"shipping-taxable","11":"product-type-simple"},"yoast_head":"<!-- This site is optimized with the Yoast SEO plugin v27.5 - https:\/\/yoast.com\/product\/yoast-seo-wordpress\/ -->\n<title>Aspirateur industriel sur chenilles | ASP 15 - 22<\/title>\n<meta name=\"description\" content=\"Aspirateur industriel sur chenilles avec ventilateur centrifuge silencieux. Con\u00e7u pour les copeaux d\u2019aluminium\" \/>\n<meta name=\"robots\" content=\"index, follow, max-snippet:-1, max-image-preview:large, max-video-preview:-1\" \/>\n<link rel=\"canonical\" href=\"https:\/\/www.rinaldisrl.com\/fr\/produit\/aspirateurs-asp-15-asp-22-asp-40\/\" \/>\n<meta property=\"og:locale\" content=\"fr_FR\" \/>\n<meta property=\"og:type\" content=\"article\" \/>\n<meta property=\"og:title\" content=\"Aspirateur industriel sur chenilles | ASP 15 - 22\" \/>\n<meta property=\"og:description\" content=\"Aspirateur industriel sur chenilles avec ventilateur centrifuge silencieux. Con\u00e7u pour les copeaux d\u2019aluminium\" \/>\n<meta property=\"og:url\" content=\"https:\/\/www.rinaldisrl.com\/fr\/produit\/aspirateurs-asp-15-asp-22-asp-40\/\" \/>\n<meta property=\"og:site_name\" content=\"Rinaldi Srl\" \/>\n<meta property=\"article:modified_time\" content=\"2025-02-27T09:04:54+00:00\" \/>\n<meta property=\"og:image\" content=\"https:\/\/www.rinaldisrl.com\/wp-content\/uploads\/2023\/09\/aspiratori-ASP-15-22-40.jpg\" \/>\n\t<meta property=\"og:image:width\" content=\"1200\" \/>\n\t<meta property=\"og:image:height\" content=\"1200\" \/>\n\t<meta property=\"og:image:type\" content=\"image\/jpeg\" \/>\n<meta name=\"twitter:card\" content=\"summary_large_image\" \/>\n<meta name=\"twitter:label1\" content=\"Dur\u00e9e de lecture estim\u00e9e\" \/>\n\t<meta name=\"twitter:data1\" content=\"1 minute\" \/>\n<script type=\"application\/ld+json\" class=\"yoast-schema-graph\">{\"@context\":\"https:\\\/\\\/schema.org\",\"@graph\":[{\"@type\":\"WebPage\",\"@id\":\"https:\\\/\\\/www.rinaldisrl.com\\\/fr\\\/produit\\\/aspirateurs-asp-15-asp-22-asp-40\\\/\",\"url\":\"https:\\\/\\\/www.rinaldisrl.com\\\/fr\\\/produit\\\/aspirateurs-asp-15-asp-22-asp-40\\\/\",\"name\":\"Aspirateur industriel sur chenilles | ASP 15 - 22\",\"isPartOf\":{\"@id\":\"https:\\\/\\\/www.rinaldisrl.com\\\/fr\\\/#website\"},\"primaryImageOfPage\":{\"@id\":\"https:\\\/\\\/www.rinaldisrl.com\\\/fr\\\/produit\\\/aspirateurs-asp-15-asp-22-asp-40\\\/#primaryimage\"},\"image\":{\"@id\":\"https:\\\/\\\/www.rinaldisrl.com\\\/fr\\\/produit\\\/aspirateurs-asp-15-asp-22-asp-40\\\/#primaryimage\"},\"thumbnailUrl\":\"https:\\\/\\\/www.rinaldisrl.com\\\/wp-content\\\/uploads\\\/2023\\\/09\\\/aspiratori-ASP-15-22-40.jpg\",\"datePublished\":\"2023-09-14T06:08:22+00:00\",\"dateModified\":\"2025-02-27T09:04:54+00:00\",\"description\":\"Aspirateur industriel sur chenilles avec ventilateur centrifuge silencieux. Con\u00e7u pour les copeaux d\u2019aluminium\",\"breadcrumb\":{\"@id\":\"https:\\\/\\\/www.rinaldisrl.com\\\/fr\\\/produit\\\/aspirateurs-asp-15-asp-22-asp-40\\\/#breadcrumb\"},\"inLanguage\":\"fr-FR\",\"potentialAction\":[{\"@type\":\"ReadAction\",\"target\":[\"https:\\\/\\\/www.rinaldisrl.com\\\/fr\\\/produit\\\/aspirateurs-asp-15-asp-22-asp-40\\\/\"]}]},{\"@type\":\"ImageObject\",\"inLanguage\":\"fr-FR\",\"@id\":\"https:\\\/\\\/www.rinaldisrl.com\\\/fr\\\/produit\\\/aspirateurs-asp-15-asp-22-asp-40\\\/#primaryimage\",\"url\":\"https:\\\/\\\/www.rinaldisrl.com\\\/wp-content\\\/uploads\\\/2023\\\/09\\\/aspiratori-ASP-15-22-40.jpg\",\"contentUrl\":\"https:\\\/\\\/www.rinaldisrl.com\\\/wp-content\\\/uploads\\\/2023\\\/09\\\/aspiratori-ASP-15-22-40.jpg\",\"width\":1200,\"height\":1200},{\"@type\":\"BreadcrumbList\",\"@id\":\"https:\\\/\\\/www.rinaldisrl.com\\\/fr\\\/produit\\\/aspirateurs-asp-15-asp-22-asp-40\\\/#breadcrumb\",\"itemListElement\":[{\"@type\":\"ListItem\",\"position\":1,\"name\":\"Home\",\"item\":\"https:\\\/\\\/www.rinaldisrl.com\\\/fr\\\/\"},{\"@type\":\"ListItem\",\"position\":2,\"name\":\"Catalogue\",\"item\":\"https:\\\/\\\/www.rinaldisrl.com\\\/fr\\\/catalogue\\\/\"},{\"@type\":\"ListItem\",\"position\":3,\"name\":\"Aspirateurs ASP 15 &#8211; ASP 22 &#8211; ASP 40\"}]},{\"@type\":\"WebSite\",\"@id\":\"https:\\\/\\\/www.rinaldisrl.com\\\/fr\\\/#website\",\"url\":\"https:\\\/\\\/www.rinaldisrl.com\\\/fr\\\/\",\"name\":\"Rinaldi Srl\",\"description\":\"\",\"publisher\":{\"@id\":\"https:\\\/\\\/www.rinaldisrl.com\\\/fr\\\/#organization\"},\"potentialAction\":[{\"@type\":\"SearchAction\",\"target\":{\"@type\":\"EntryPoint\",\"urlTemplate\":\"https:\\\/\\\/www.rinaldisrl.com\\\/fr\\\/?s={search_term_string}\"},\"query-input\":{\"@type\":\"PropertyValueSpecification\",\"valueRequired\":true,\"valueName\":\"search_term_string\"}}],\"inLanguage\":\"fr-FR\"},{\"@type\":\"Organization\",\"@id\":\"https:\\\/\\\/www.rinaldisrl.com\\\/fr\\\/#organization\",\"name\":\"Fratelli Rinaldi Srl\",\"alternateName\":\"Fratelli Rinaldi Srl\",\"url\":\"https:\\\/\\\/www.rinaldisrl.com\\\/fr\\\/\",\"logo\":{\"@type\":\"ImageObject\",\"inLanguage\":\"fr-FR\",\"@id\":\"https:\\\/\\\/www.rinaldisrl.com\\\/fr\\\/#\\\/schema\\\/logo\\\/image\\\/\",\"url\":\"https:\\\/\\\/www.rinaldisrl.com\\\/wp-content\\\/uploads\\\/2023\\\/07\\\/logo-50-anni.png\",\"contentUrl\":\"https:\\\/\\\/www.rinaldisrl.com\\\/wp-content\\\/uploads\\\/2023\\\/07\\\/logo-50-anni.png\",\"width\":350,\"height\":200,\"caption\":\"Fratelli Rinaldi Srl\"},\"image\":{\"@id\":\"https:\\\/\\\/www.rinaldisrl.com\\\/fr\\\/#\\\/schema\\\/logo\\\/image\\\/\"}}]}<\/script>\n<!-- \/ Yoast SEO plugin. -->","yoast_head_json":{"title":"Aspirateur industriel sur chenilles | ASP 15 - 22","description":"Aspirateur industriel sur chenilles avec ventilateur centrifuge silencieux. Con\u00e7u pour les copeaux d\u2019aluminium","robots":{"index":"index","follow":"follow","max-snippet":"max-snippet:-1","max-image-preview":"max-image-preview:large","max-video-preview":"max-video-preview:-1"},"canonical":"https:\/\/www.rinaldisrl.com\/fr\/produit\/aspirateurs-asp-15-asp-22-asp-40\/","og_locale":"fr_FR","og_type":"article","og_title":"Aspirateur industriel sur chenilles | ASP 15 - 22","og_description":"Aspirateur industriel sur chenilles avec ventilateur centrifuge silencieux. Con\u00e7u pour les copeaux d\u2019aluminium","og_url":"https:\/\/www.rinaldisrl.com\/fr\/produit\/aspirateurs-asp-15-asp-22-asp-40\/","og_site_name":"Rinaldi Srl","article_modified_time":"2025-02-27T09:04:54+00:00","og_image":[{"width":1200,"height":1200,"url":"https:\/\/www.rinaldisrl.com\/wp-content\/uploads\/2023\/09\/aspiratori-ASP-15-22-40.jpg","type":"image\/jpeg"}],"twitter_card":"summary_large_image","twitter_misc":{"Dur\u00e9e de lecture estim\u00e9e":"1 minute"},"schema":{"@context":"https:\/\/schema.org","@graph":[{"@type":"WebPage","@id":"https:\/\/www.rinaldisrl.com\/fr\/produit\/aspirateurs-asp-15-asp-22-asp-40\/","url":"https:\/\/www.rinaldisrl.com\/fr\/produit\/aspirateurs-asp-15-asp-22-asp-40\/","name":"Aspirateur industriel sur chenilles | ASP 15 - 22","isPartOf":{"@id":"https:\/\/www.rinaldisrl.com\/fr\/#website"},"primaryImageOfPage":{"@id":"https:\/\/www.rinaldisrl.com\/fr\/produit\/aspirateurs-asp-15-asp-22-asp-40\/#primaryimage"},"image":{"@id":"https:\/\/www.rinaldisrl.com\/fr\/produit\/aspirateurs-asp-15-asp-22-asp-40\/#primaryimage"},"thumbnailUrl":"https:\/\/www.rinaldisrl.com\/wp-content\/uploads\/2023\/09\/aspiratori-ASP-15-22-40.jpg","datePublished":"2023-09-14T06:08:22+00:00","dateModified":"2025-02-27T09:04:54+00:00","description":"Aspirateur industriel sur chenilles avec ventilateur centrifuge silencieux. Con\u00e7u pour les copeaux d\u2019aluminium","breadcrumb":{"@id":"https:\/\/www.rinaldisrl.com\/fr\/produit\/aspirateurs-asp-15-asp-22-asp-40\/#breadcrumb"},"inLanguage":"fr-FR","potentialAction":[{"@type":"ReadAction","target":["https:\/\/www.rinaldisrl.com\/fr\/produit\/aspirateurs-asp-15-asp-22-asp-40\/"]}]},{"@type":"ImageObject","inLanguage":"fr-FR","@id":"https:\/\/www.rinaldisrl.com\/fr\/produit\/aspirateurs-asp-15-asp-22-asp-40\/#primaryimage","url":"https:\/\/www.rinaldisrl.com\/wp-content\/uploads\/2023\/09\/aspiratori-ASP-15-22-40.jpg","contentUrl":"https:\/\/www.rinaldisrl.com\/wp-content\/uploads\/2023\/09\/aspiratori-ASP-15-22-40.jpg","width":1200,"height":1200},{"@type":"BreadcrumbList","@id":"https:\/\/www.rinaldisrl.com\/fr\/produit\/aspirateurs-asp-15-asp-22-asp-40\/#breadcrumb","itemListElement":[{"@type":"ListItem","position":1,"name":"Home","item":"https:\/\/www.rinaldisrl.com\/fr\/"},{"@type":"ListItem","position":2,"name":"Catalogue","item":"https:\/\/www.rinaldisrl.com\/fr\/catalogue\/"},{"@type":"ListItem","position":3,"name":"Aspirateurs ASP 15 &#8211; ASP 22 &#8211; ASP 40"}]},{"@type":"WebSite","@id":"https:\/\/www.rinaldisrl.com\/fr\/#website","url":"https:\/\/www.rinaldisrl.com\/fr\/","name":"Rinaldi Srl","description":"","publisher":{"@id":"https:\/\/www.rinaldisrl.com\/fr\/#organization"},"potentialAction":[{"@type":"SearchAction","target":{"@type":"EntryPoint","urlTemplate":"https:\/\/www.rinaldisrl.com\/fr\/?s={search_term_string}"},"query-input":{"@type":"PropertyValueSpecification","valueRequired":true,"valueName":"search_term_string"}}],"inLanguage":"fr-FR"},{"@type":"Organization","@id":"https:\/\/www.rinaldisrl.com\/fr\/#organization","name":"Fratelli Rinaldi Srl","alternateName":"Fratelli Rinaldi Srl","url":"https:\/\/www.rinaldisrl.com\/fr\/","logo":{"@type":"ImageObject","inLanguage":"fr-FR","@id":"https:\/\/www.rinaldisrl.com\/fr\/#\/schema\/logo\/image\/","url":"https:\/\/www.rinaldisrl.com\/wp-content\/uploads\/2023\/07\/logo-50-anni.png","contentUrl":"https:\/\/www.rinaldisrl.com\/wp-content\/uploads\/2023\/07\/logo-50-anni.png","width":350,"height":200,"caption":"Fratelli Rinaldi Srl"},"image":{"@id":"https:\/\/www.rinaldisrl.com\/fr\/#\/schema\/logo\/image\/"}}]}},"_links":{"self":[{"href":"https:\/\/www.rinaldisrl.com\/fr\/wp-json\/wp\/v2\/product\/1962","targetHints":{"allow":["GET"]}}],"collection":[{"href":"https:\/\/www.rinaldisrl.com\/fr\/wp-json\/wp\/v2\/product"}],"about":[{"href":"https:\/\/www.rinaldisrl.com\/fr\/wp-json\/wp\/v2\/types\/product"}],"wp:featuredmedia":[{"embeddable":true,"href":"https:\/\/www.rinaldisrl.com\/fr\/wp-json\/wp\/v2\/media\/1283"}],"wp:attachment":[{"href":"https:\/\/www.rinaldisrl.com\/fr\/wp-json\/wp\/v2\/media?parent=1962"}],"wp:term":[{"taxonomy":"product_brand","embeddable":true,"href":"https:\/\/www.rinaldisrl.com\/fr\/wp-json\/wp\/v2\/product_brand?post=1962"},{"taxonomy":"product_cat","embeddable":true,"href":"https:\/\/www.rinaldisrl.com\/fr\/wp-json\/wp\/v2\/product_cat?post=1962"},{"taxonomy":"product_tag","embeddable":true,"href":"https:\/\/www.rinaldisrl.com\/fr\/wp-json\/wp\/v2\/product_tag?post=1962"}],"curies":[{"name":"wp","href":"https:\/\/api.w.org\/{rel}","templated":true}]}}