{"id":2718,"date":"2024-12-16T16:58:38","date_gmt":"2024-12-16T15:58:38","guid":{"rendered":"https:\/\/www.rinaldisrl.com\/mappa-del-sito-fratelli-rinaldi-srl-macchinari-per-profilati-in-alluminio-e-pvc\/"},"modified":"2025-02-27T10:39:51","modified_gmt":"2025-02-27T09:39:51","slug":"plan-du-site-fratelli-rinaldi-srl-machines-pour-lusinage-de-profiles","status":"publish","type":"page","link":"https:\/\/www.rinaldisrl.com\/fr\/plan-du-site-fratelli-rinaldi-srl-machines-pour-lusinage-de-profiles\/","title":{"rendered":"Plan du site Fratelli Rinaldi srl &#8211; Machines pour l&rsquo;usinage de profil\u00e9s"},"content":{"rendered":"<h1>Plan du site Fratelli Rinaldi srl &#8211; Machines pour l&rsquo;usinage de profil\u00e9s<\/h1>\n<h2><a style=\"color: red;\" href=\"\/?product_cat=ebouteuses\">\u00c9bouteuses<\/a><\/h2>\n<ul>\n<li>\n<h3><a href=\"https:\/\/www.rinaldisrl.com\/fr\/produit\/ebouteuse-int-30f\/\">\u00c9bouteuse horizontale INT 30 &#8211; INT 30F<\/a><\/h3>\n<\/li>\n<li>\n<h3><a href=\"https:\/\/www.rinaldisrl.com\/fr\/produit\/ebouteuse-int-30m\/\">\u00c9bouteuse horizontale \u00e0 avancement manuel INT 30M<\/a><\/h3>\n<\/li>\n<li>\n<h3><a href=\"https:\/\/www.rinaldisrl.com\/fr\/produit\/ebouteuse-int-32-32a\/\">\u00c9bouteuse horizontale \u00e0 avancement manuel ou semi-automatique INT 32 &#8211; 32A<\/a><\/h3>\n<\/li>\n<li>\n<h3><a href=\"https:\/\/www.rinaldisrl.com\/fr\/produit\/ebouteuse-int-32s-32as\/\">\u00c9bouteuse horizontale \u00e0 avancement manuel ou automatique INT 32S &#8211; 32AS<\/a><\/h3>\n<\/li>\n<li>\n<h3><a href=\"https:\/\/www.rinaldisrl.com\/fr\/produit\/ebouteuse-int-35-35s\/\">\u00c9bouteuse \u00e0 avancement automatique INT 35 &#8211; 35S<\/a><\/h3>\n<\/li>\n<li>\n<h3><a href=\"https:\/\/www.rinaldisrl.com\/fr\/produit\/ebouteuse-baby\/\">\u00c9bouteuse horizontale de comptoir Baby<\/a><\/h3>\n<\/li>\n<\/ul>\n<p>&nbsp;<\/p>\n<h2><a style=\"color: red;\" href=\"https:\/\/www.rinaldisrl.com\/fr\/catalogue\/pantographes\/\">Pantographes<\/a><\/h2>\n<ul>\n<li>\n<h3><a href=\"https:\/\/www.rinaldisrl.com\/fr\/produit\/pantographe-pan-22\/\">Pantographe mono-t\u00eate comptoir PAN 22<\/a><\/h3>\n<\/li>\n<li>\n<h3><a href=\"https:\/\/www.rinaldisrl.com\/fr\/produit\/pantographe-pan-26\/\">Pantographe mono-t\u00eate \u00e0 commande manuelle PAN 26<\/a><\/h3>\n<\/li>\n<li>\n<h3><a href=\"https:\/\/www.rinaldisrl.com\/fr\/produit\/pantographe-pan-31\/\">Pantographe mono-t\u00eate PAN 31<\/a><\/h3>\n<\/li>\n<li>\n<h3><a href=\"https:\/\/www.rinaldisrl.com\/fr\/produit\/pantographe-pan-31c\/\">Pantographe pneumatique PAN 31C<\/a><\/h3>\n<\/li>\n<li>\n<h3><a href=\"https:\/\/www.rinaldisrl.com\/fr\/produit\/pantographe-pan-36\/\">Pantographe pneumatique mono-t\u00eate PAN 36<\/a><\/h3>\n<\/li>\n<li>\n<h3><a href=\"https:\/\/www.rinaldisrl.com\/fr\/produit\/pantographe-pan-40-40i\/\">Pantographe mono-t\u00eate avec descente semi-automatique PAN 40 &#8211; 40I<\/a><\/h3>\n<\/li>\n<li>\n<h3><a href=\"https:\/\/www.rinaldisrl.com\/fr\/produit\/pantographe-pan-38i\/\">Pantographe mono-t\u00eate avec blocage pneumatique de la descente PAN 38I<\/a><\/h3>\n<\/li>\n<li>\n<h3><a href=\"https:\/\/www.rinaldisrl.com\/fr\/produit\/pantographe-pan-38l-38li\/\">Pantographe avencement semi-auotmatique <\/a><a href=\"https:\/\/www.rinaldisrl.com\/fr\/produit\/pantografo-pan-38l-38li\/\">PAN 38L &#8211; 38LI<\/a><\/h3>\n<\/li>\n<\/ul>\n<p>&nbsp;<\/p>\n<h2><a style=\"color: red;\" href=\"https:\/\/www.rinaldisrl.com\/fr\/catalogue\/perceuses\/\">Perceuses<\/a><\/h2>\n<ul>\n<li>\n<h3><a href=\"https:\/\/www.rinaldisrl.com\/fr\/produit\/perceuse-for-16\/\">Perceuse mono-t\u00eate FOR 16<\/a><\/h3>\n<\/li>\n<li>\n<h3><a href=\"https:\/\/www.rinaldisrl.com\/fr\/produit\/perceuse-for-18p\/\">Perceuse mono-t\u00eate \u00e0 avancement semi-automatique FOR 18P<\/a><\/h3>\n<\/li>\n<li>\n<h3><a href=\"https:\/\/www.rinaldisrl.com\/fr\/produit\/perceuse-for-22d-for-23d-for-33d\/\">Perceuses multi-t\u00eates FOR 22D &#8211; 23D &#8211; 33D<\/a><\/h3>\n<\/li>\n<li>\n<h3><a href=\"https:\/\/www.rinaldisrl.com\/fr\/produit\/perceuse-mul-46r\/\">Perceuse mono-t\u00eate \u00e0 descente manuelle MUL 46R<\/a><\/h3>\n<\/li>\n<\/ul>\n<p>&nbsp;<\/p>\n<h2><a style=\"color: red;\" href=\"https:\/\/www.rinaldisrl.com\/fr\/catalogue\/tronconneuses\/\">Tron\u00e7onneuses<\/a><\/h2>\n<ul>\n<li>\n<h3><a href=\"https:\/\/www.rinaldisrl.com\/fr\/produit\/tronconneuse-tma-42-tma42a-tma42d\/\">Tron\u00e7onneuse mono-t\u00eate TMA 42 &#8211; 42A &#8211; 42D<\/a><\/h3>\n<\/li>\n<li>\n<h3><a href=\"https:\/\/www.rinaldisrl.com\/fr\/produit\/tronconneuse-tma-60a-tma60ac\/\"><span data-sheets-root=\"1\">Tron\u00e7onneuse mono-t\u00eate ascendante <\/span> TMA 60A &#8211; 60AC<\/a><\/h3>\n<\/li>\n<li>\n<h3><a href=\"https:\/\/www.rinaldisrl.com\/fr\/produit\/troncatrice-tmf-55a\/\">Tron\u00e7onneuse mono-t\u00eate frontale semi-automatique TMF 55A<\/a><\/h3>\n<\/li>\n<li>\n<h3><a href=\"https:\/\/www.rinaldisrl.com\/fr\/produit\/affuteuse-rif-35\/\">Aff\u00fbteuse pour les profil\u00e9s en aluminium et PVC. RIF 35<\/a><\/h3>\n<\/li>\n<li>\n<h3><a href=\"https:\/\/www.rinaldisrl.com\/fr\/produit\/tma-60a-tma-60e-alimentation\/\">Ligne de coupe avec tron\u00e7onneuse mono-t\u00eate TMA 60A &#8211; 60E + Alimentation<\/a><\/h3>\n<\/li>\n<li>\n<h3><a href=\"https:\/\/www.rinaldisrl.com\/fr\/produit\/tronconneuse-tdf-55p\/\">Tron\u00e7onneuse \u00e0 double t\u00eate TDF 55P<\/a><\/h3>\n<\/li>\n<li>\n<h3><a href=\"https:\/\/www.rinaldisrl.com\/fr\/produit\/tronconneuse-tdf-55r\/\">Tron\u00e7onneuse double t\u00eate pour aluminium TDF 55R<\/a><\/h3>\n<\/li>\n<li>\n<h3><a href=\"https:\/\/www.rinaldisrl.com\/fr\/produit\/tronconneuse-tdf-55e\/\">Tron\u00e7onneuse \u00e0 double t\u00eate frontale pour aluminium TDF 55E<\/a><\/h3>\n<\/li>\n<\/ul>\n<p>&nbsp;<\/p>\n<p>&nbsp;<\/p>\n<h2><a style=\"color: red;\" href=\"https:\/\/www.rinaldisrl.com\/fr\/catalogue\/centre-dusinage\/\">Centres d&rsquo;usinage<\/a><\/h2>\n<ul>\n<li>\n<h3><a href=\"https:\/\/www.rinaldisrl.com\/fr\/produit\/centre-dusinage-cdl-33q\/\">Centre d\u2019usinage \u00e0 avec mandrin vertical CDL 33Q\u00a0<\/a><\/h3>\n<\/li>\n<\/ul>\n<p>&nbsp;<\/p>\n<h2><a style=\"color: red;\" href=\"https:\/\/www.rinaldisrl.com\/fr\/catalogue\/poinconneuses\/\">Poin\u00e7onneuse<\/a><\/h2>\n<ul>\n<li>\n<h3><a href=\"https:\/\/www.rinaldisrl.com\/fr\/produit\/poinconneuse-pneufor\/\">Poin\u00e7onneuse portative pneumatique PNEUFOR<\/a><\/h3>\n<\/li>\n<li>\n<h3><a href=\"https:\/\/www.rinaldisrl.com\/fr\/produit\/poinconneuse-pneufor-12\/\">Poin\u00e7onneuse de profil\u00e9s pour menuiseries PNEUFOR 12<\/a><\/h3>\n<\/li>\n<\/ul>\n<p>&nbsp;<\/p>\n<h2><a style=\"color: red;\" href=\"https:\/\/www.rinaldisrl.com\/fr\/catalogue\/limeuses\/\">Limeuses<\/a><\/h2>\n<ul>\n<li>\n<h3><a href=\"https:\/\/www.rinaldisrl.com\/fr\/?attachment_id=583\">Limeuse \u00e0 disque pour profil\u00e9s en aluminium LIMA 25<\/a><\/h3>\n<\/li>\n<\/ul>\n<p>&nbsp;<\/p>\n<h2><a style=\"color: red;\" href=\"https:\/\/www.rinaldisrl.com\/fr\/catalogue\/convoyeurs-a-rouleaux\/\">Convoyeurs \u00e0 rouleaux<\/a><\/h2>\n<ul>\n<li>\n<h3><a href=\"https:\/\/www.rinaldisrl.com\/fr\/produit\/convoyeurs-a-rouleaux-ris-22-ris-44-ris-66\/\"><span data-sheets-root=\"1\">Convoyeur \u00e0 rouleaux avec structure modulaire<\/span> RIS 22 &#8211; 44 &#8211; 66\u00a0<\/a><\/h3>\n<\/li>\n<li>\n<h3><a href=\"https:\/\/www.rinaldisrl.com\/fr\/produit\/convoyeurs-a-rouleaux-ris-20m-ris-40m\/\">Convoyeur \u00e0 rouleaux support profil\u00e9 de d\u00e9chargement RIS 20M &#8211; 40M<\/a><\/h3>\n<\/li>\n<li>\n<h3><a href=\"https:\/\/www.rinaldisrl.com\/fr\/produit\/convoyeurs-a-rouleaux-17v-ris-40v-ris-60v\/\">Convoyeur \u00e0 rouleaux support profil\u00e9 de d\u00e9chargement c\u00f4t\u00e9 droit 17V &#8211; 40V &#8211; 60V<\/a><\/h3>\n<\/li>\n<li>\n<h3><a href=\"https:\/\/www.rinaldisrl.com\/fr\/produit\/convoyeur-a-rouleaux-ris-70e\/\">Convoyeur \u00e0 rouleaux \u00e0 d\u00e9charger lat\u00e9rale RIS 70E<\/a><\/h3>\n<\/li>\n<\/ul>\n<p>&nbsp;<\/p>\n<h2><a style=\"color: red;\" href=\"https:\/\/www.rinaldisrl.com\/fr\/catalogue\/aspirateurs\/\">Aspirateurs Industriel<\/a><\/h2>\n<ul>\n<li>\n<h3><a href=\"https:\/\/www.rinaldisrl.com\/fr\/produit\/aspirateurs-asp-15-asp-22-asp-40\/\">Aspirateur industriel sur chenilles ASP 15 &#8211; 22 -40<\/a><\/h3>\n<\/li>\n<\/ul>\n<p>&nbsp;<\/p>\n<h2><a style=\"color: red;\" href=\"https:\/\/www.rinaldisrl.com\/fr\/catalogue\/logistique\/\">Logistique<\/a><\/h2>\n<ul>\n<li>\n<h3><a href=\"https:\/\/www.rinaldisrl.com\/fr\/produit\/banc-dassemblage-bas-24\/\">Banc d\u2019assemblage extensible pour portes et fen\u00eatres BAS 24<\/a><\/h3>\n<\/li>\n<li>\n<h3><a href=\"https:\/\/www.rinaldisrl.com\/fr\/produit\/chariot-porte-joints-pro-4\/\">Chariot porte-joints\u00a0 PRO 4<\/a><\/h3>\n<\/li>\n<\/ul>\n","protected":false},"excerpt":{"rendered":"<p>Plan du site Fratelli Rinaldi srl &#8211; Machines pour l&rsquo;usinage de profil\u00e9s \u00c9bouteuses \u00c9bouteuse horizontale INT 30 &#8211; INT 30F \u00c9bouteuse horizontale \u00e0 avancement manuel INT<span class=\"excerpt-hellip\"> [\u2026]<\/span><\/p>\n","protected":false},"author":2,"featured_media":0,"parent":0,"menu_order":0,"comment_status":"closed","ping_status":"closed","template":"","meta":{"footnotes":""},"class_list":["post-2718","page","type-page","status-publish","hentry"],"yoast_head":"<!-- This site is optimized with the Yoast SEO plugin v27.5 - https:\/\/yoast.com\/product\/yoast-seo-wordpress\/ -->\n<title>Plan du site Fratelli Rinaldi srl - Machines pour l&#039;usinage de profil\u00e9s - Rinaldi Srl<\/title>\n<meta name=\"robots\" content=\"index, follow, max-snippet:-1, max-image-preview:large, max-video-preview:-1\" \/>\n<link rel=\"canonical\" href=\"https:\/\/www.rinaldisrl.com\/fr\/plan-du-site-fratelli-rinaldi-srl-machines-pour-lusinage-de-profiles\/\" \/>\n<meta property=\"og:locale\" content=\"fr_FR\" \/>\n<meta property=\"og:type\" content=\"article\" \/>\n<meta property=\"og:title\" content=\"Plan du site Fratelli Rinaldi srl - Machines pour l&#039;usinage de profil\u00e9s - Rinaldi Srl\" \/>\n<meta property=\"og:description\" content=\"Plan du site Fratelli Rinaldi srl &#8211; Machines pour l&rsquo;usinage de profil\u00e9s \u00c9bouteuses \u00c9bouteuse horizontale INT 30 &#8211; INT 30F \u00c9bouteuse horizontale \u00e0 avancement manuel INT [\u2026]\" \/>\n<meta property=\"og:url\" content=\"https:\/\/www.rinaldisrl.com\/fr\/plan-du-site-fratelli-rinaldi-srl-machines-pour-lusinage-de-profiles\/\" \/>\n<meta property=\"og:site_name\" content=\"Rinaldi Srl\" \/>\n<meta property=\"article:modified_time\" content=\"2025-02-27T09:39:51+00:00\" \/>\n<meta name=\"twitter:card\" content=\"summary_large_image\" \/>\n<meta name=\"twitter:label1\" content=\"Dur\u00e9e de lecture estim\u00e9e\" \/>\n\t<meta name=\"twitter:data1\" content=\"2 minutes\" \/>\n<script type=\"application\/ld+json\" class=\"yoast-schema-graph\">{\"@context\":\"https:\\\/\\\/schema.org\",\"@graph\":[{\"@type\":\"WebPage\",\"@id\":\"https:\\\/\\\/www.rinaldisrl.com\\\/fr\\\/plan-du-site-fratelli-rinaldi-srl-machines-pour-lusinage-de-profiles\\\/\",\"url\":\"https:\\\/\\\/www.rinaldisrl.com\\\/fr\\\/plan-du-site-fratelli-rinaldi-srl-machines-pour-lusinage-de-profiles\\\/\",\"name\":\"Plan du site Fratelli Rinaldi srl - Machines pour l'usinage de profil\u00e9s - Rinaldi Srl\",\"isPartOf\":{\"@id\":\"https:\\\/\\\/www.rinaldisrl.com\\\/fr\\\/#website\"},\"datePublished\":\"2024-12-16T15:58:38+00:00\",\"dateModified\":\"2025-02-27T09:39:51+00:00\",\"breadcrumb\":{\"@id\":\"https:\\\/\\\/www.rinaldisrl.com\\\/fr\\\/plan-du-site-fratelli-rinaldi-srl-machines-pour-lusinage-de-profiles\\\/#breadcrumb\"},\"inLanguage\":\"fr-FR\",\"potentialAction\":[{\"@type\":\"ReadAction\",\"target\":[\"https:\\\/\\\/www.rinaldisrl.com\\\/fr\\\/plan-du-site-fratelli-rinaldi-srl-machines-pour-lusinage-de-profiles\\\/\"]}]},{\"@type\":\"BreadcrumbList\",\"@id\":\"https:\\\/\\\/www.rinaldisrl.com\\\/fr\\\/plan-du-site-fratelli-rinaldi-srl-machines-pour-lusinage-de-profiles\\\/#breadcrumb\",\"itemListElement\":[{\"@type\":\"ListItem\",\"position\":1,\"name\":\"Home\",\"item\":\"https:\\\/\\\/www.rinaldisrl.com\\\/fr\\\/\"},{\"@type\":\"ListItem\",\"position\":2,\"name\":\"Plan du site Fratelli Rinaldi srl &#8211; Machines pour l&rsquo;usinage de profil\u00e9s\"}]},{\"@type\":\"WebSite\",\"@id\":\"https:\\\/\\\/www.rinaldisrl.com\\\/fr\\\/#website\",\"url\":\"https:\\\/\\\/www.rinaldisrl.com\\\/fr\\\/\",\"name\":\"Rinaldi Srl\",\"description\":\"\",\"publisher\":{\"@id\":\"https:\\\/\\\/www.rinaldisrl.com\\\/fr\\\/#organization\"},\"potentialAction\":[{\"@type\":\"SearchAction\",\"target\":{\"@type\":\"EntryPoint\",\"urlTemplate\":\"https:\\\/\\\/www.rinaldisrl.com\\\/fr\\\/?s={search_term_string}\"},\"query-input\":{\"@type\":\"PropertyValueSpecification\",\"valueRequired\":true,\"valueName\":\"search_term_string\"}}],\"inLanguage\":\"fr-FR\"},{\"@type\":\"Organization\",\"@id\":\"https:\\\/\\\/www.rinaldisrl.com\\\/fr\\\/#organization\",\"name\":\"Fratelli Rinaldi Srl\",\"alternateName\":\"Fratelli Rinaldi Srl\",\"url\":\"https:\\\/\\\/www.rinaldisrl.com\\\/fr\\\/\",\"logo\":{\"@type\":\"ImageObject\",\"inLanguage\":\"fr-FR\",\"@id\":\"https:\\\/\\\/www.rinaldisrl.com\\\/fr\\\/#\\\/schema\\\/logo\\\/image\\\/\",\"url\":\"https:\\\/\\\/www.rinaldisrl.com\\\/wp-content\\\/uploads\\\/2023\\\/07\\\/logo-50-anni.png\",\"contentUrl\":\"https:\\\/\\\/www.rinaldisrl.com\\\/wp-content\\\/uploads\\\/2023\\\/07\\\/logo-50-anni.png\",\"width\":350,\"height\":200,\"caption\":\"Fratelli Rinaldi Srl\"},\"image\":{\"@id\":\"https:\\\/\\\/www.rinaldisrl.com\\\/fr\\\/#\\\/schema\\\/logo\\\/image\\\/\"}}]}<\/script>\n<!-- \/ Yoast SEO plugin. -->","yoast_head_json":{"title":"Plan du site Fratelli Rinaldi srl - Machines pour l'usinage de profil\u00e9s - Rinaldi Srl","robots":{"index":"index","follow":"follow","max-snippet":"max-snippet:-1","max-image-preview":"max-image-preview:large","max-video-preview":"max-video-preview:-1"},"canonical":"https:\/\/www.rinaldisrl.com\/fr\/plan-du-site-fratelli-rinaldi-srl-machines-pour-lusinage-de-profiles\/","og_locale":"fr_FR","og_type":"article","og_title":"Plan du site Fratelli Rinaldi srl - Machines pour l'usinage de profil\u00e9s - Rinaldi Srl","og_description":"Plan du site Fratelli Rinaldi srl &#8211; Machines pour l&rsquo;usinage de profil\u00e9s \u00c9bouteuses \u00c9bouteuse horizontale INT 30 &#8211; INT 30F \u00c9bouteuse horizontale \u00e0 avancement manuel INT [\u2026]","og_url":"https:\/\/www.rinaldisrl.com\/fr\/plan-du-site-fratelli-rinaldi-srl-machines-pour-lusinage-de-profiles\/","og_site_name":"Rinaldi Srl","article_modified_time":"2025-02-27T09:39:51+00:00","twitter_card":"summary_large_image","twitter_misc":{"Dur\u00e9e de lecture estim\u00e9e":"2 minutes"},"schema":{"@context":"https:\/\/schema.org","@graph":[{"@type":"WebPage","@id":"https:\/\/www.rinaldisrl.com\/fr\/plan-du-site-fratelli-rinaldi-srl-machines-pour-lusinage-de-profiles\/","url":"https:\/\/www.rinaldisrl.com\/fr\/plan-du-site-fratelli-rinaldi-srl-machines-pour-lusinage-de-profiles\/","name":"Plan du site Fratelli Rinaldi srl - Machines pour l'usinage de profil\u00e9s - Rinaldi Srl","isPartOf":{"@id":"https:\/\/www.rinaldisrl.com\/fr\/#website"},"datePublished":"2024-12-16T15:58:38+00:00","dateModified":"2025-02-27T09:39:51+00:00","breadcrumb":{"@id":"https:\/\/www.rinaldisrl.com\/fr\/plan-du-site-fratelli-rinaldi-srl-machines-pour-lusinage-de-profiles\/#breadcrumb"},"inLanguage":"fr-FR","potentialAction":[{"@type":"ReadAction","target":["https:\/\/www.rinaldisrl.com\/fr\/plan-du-site-fratelli-rinaldi-srl-machines-pour-lusinage-de-profiles\/"]}]},{"@type":"BreadcrumbList","@id":"https:\/\/www.rinaldisrl.com\/fr\/plan-du-site-fratelli-rinaldi-srl-machines-pour-lusinage-de-profiles\/#breadcrumb","itemListElement":[{"@type":"ListItem","position":1,"name":"Home","item":"https:\/\/www.rinaldisrl.com\/fr\/"},{"@type":"ListItem","position":2,"name":"Plan du site Fratelli Rinaldi srl &#8211; Machines pour l&rsquo;usinage de profil\u00e9s"}]},{"@type":"WebSite","@id":"https:\/\/www.rinaldisrl.com\/fr\/#website","url":"https:\/\/www.rinaldisrl.com\/fr\/","name":"Rinaldi Srl","description":"","publisher":{"@id":"https:\/\/www.rinaldisrl.com\/fr\/#organization"},"potentialAction":[{"@type":"SearchAction","target":{"@type":"EntryPoint","urlTemplate":"https:\/\/www.rinaldisrl.com\/fr\/?s={search_term_string}"},"query-input":{"@type":"PropertyValueSpecification","valueRequired":true,"valueName":"search_term_string"}}],"inLanguage":"fr-FR"},{"@type":"Organization","@id":"https:\/\/www.rinaldisrl.com\/fr\/#organization","name":"Fratelli Rinaldi Srl","alternateName":"Fratelli Rinaldi Srl","url":"https:\/\/www.rinaldisrl.com\/fr\/","logo":{"@type":"ImageObject","inLanguage":"fr-FR","@id":"https:\/\/www.rinaldisrl.com\/fr\/#\/schema\/logo\/image\/","url":"https:\/\/www.rinaldisrl.com\/wp-content\/uploads\/2023\/07\/logo-50-anni.png","contentUrl":"https:\/\/www.rinaldisrl.com\/wp-content\/uploads\/2023\/07\/logo-50-anni.png","width":350,"height":200,"caption":"Fratelli Rinaldi Srl"},"image":{"@id":"https:\/\/www.rinaldisrl.com\/fr\/#\/schema\/logo\/image\/"}}]}},"_links":{"self":[{"href":"https:\/\/www.rinaldisrl.com\/fr\/wp-json\/wp\/v2\/pages\/2718","targetHints":{"allow":["GET"]}}],"collection":[{"href":"https:\/\/www.rinaldisrl.com\/fr\/wp-json\/wp\/v2\/pages"}],"about":[{"href":"https:\/\/www.rinaldisrl.com\/fr\/wp-json\/wp\/v2\/types\/page"}],"author":[{"embeddable":true,"href":"https:\/\/www.rinaldisrl.com\/fr\/wp-json\/wp\/v2\/users\/2"}],"replies":[{"embeddable":true,"href":"https:\/\/www.rinaldisrl.com\/fr\/wp-json\/wp\/v2\/comments?post=2718"}],"version-history":[{"count":12,"href":"https:\/\/www.rinaldisrl.com\/fr\/wp-json\/wp\/v2\/pages\/2718\/revisions"}],"predecessor-version":[{"id":2966,"href":"https:\/\/www.rinaldisrl.com\/fr\/wp-json\/wp\/v2\/pages\/2718\/revisions\/2966"}],"wp:attachment":[{"href":"https:\/\/www.rinaldisrl.com\/fr\/wp-json\/wp\/v2\/media?parent=2718"}],"curies":[{"name":"wp","href":"https:\/\/api.w.org\/{rel}","templated":true}]}}