{"id":3929,"date":"2026-04-29T17:55:40","date_gmt":"2026-04-29T15:55:40","guid":{"rendered":"https:\/\/www.rinaldisrl.com\/prodotti\/software-para-la-gestion-integral-de-las-ventanas\/"},"modified":"2026-04-29T17:55:40","modified_gmt":"2026-04-29T15:55:40","slug":"software-para-la-gestion-integral-de-las-ventanas","status":"publish","type":"product","link":"https:\/\/www.rinaldisrl.com\/es\/productos\/software-para-la-gestion-integral-de-las-ventanas\/","title":{"rendered":"Software para la gesti\u00f3n integral de las ventanas y puertas"},"content":{"rendered":"","protected":false},"excerpt":{"rendered":"<p>El software de Rinaldi srl para la gesti\u00f3n integral de las ventanas y puertas permite seguir de forma sencilla, intuitiva y controlada las principales fases de la producci\u00f3n.<\/p>\n<p>El programa permite configurar ventanas y puertas de aluminio y PVC, introducir medidas, definir aberturas, elegir perfiles, cristales, manillas y accesorios, manteniendo bajo control los materiales, los costes, los cortes, los procesos de fabricaci\u00f3n y los tiempos de producci\u00f3n.<\/p>\n<p>Un \u00fanico entorno de trabajo para pasar del dise\u00f1o a la preparaci\u00f3n de las listas operativas, hasta la generaci\u00f3n de la informaci\u00f3n necesaria para la producci\u00f3n y el env\u00edo de datos a la maquinaria.<\/p>\n","protected":false},"featured_media":3894,"template":"","meta":[],"product_brand":[],"product_cat":[294],"product_tag":[],"class_list":{"0":"post-3929","1":"product","2":"type-product","3":"status-publish","4":"has-post-thumbnail","6":"product_cat-software","8":"first","9":"instock","10":"shipping-taxable","11":"product-type-simple"},"yoast_head":"<!-- This site is optimized with the Yoast SEO plugin v27.5 - https:\/\/yoast.com\/product\/yoast-seo-wordpress\/ -->\n<title>Software<\/title>\n<meta name=\"robots\" content=\"index, follow, max-snippet:-1, max-image-preview:large, max-video-preview:-1\" \/>\n<link rel=\"canonical\" href=\"https:\/\/www.rinaldisrl.com\/es\/productos\/software-para-la-gestion-integral-de-las-ventanas\/\" \/>\n<meta property=\"og:locale\" content=\"es_ES\" \/>\n<meta property=\"og:type\" content=\"article\" \/>\n<meta property=\"og:title\" content=\"Software\" \/>\n<meta property=\"og:description\" content=\"El software de Rinaldi srl para la gesti\u00f3n integral de las ventanas y puertas permite seguir de forma sencilla, intuitiva y controlada las principales fases de la producci\u00f3n.El programa permite configurar ventanas y puertas de aluminio y PVC, introducir medidas, definir aberturas, elegir perfiles, cristales, manillas y accesorios, manteniendo bajo control los materiales, los costes, los cortes, los procesos de fabricaci\u00f3n y los tiempos de producci\u00f3n.Un \u00fanico entorno de trabajo para pasar del dise\u00f1o a la preparaci\u00f3n de las listas operativas, hasta la generaci\u00f3n de la informaci\u00f3n necesaria para la producci\u00f3n y el env\u00edo de datos a la maquinaria.\" \/>\n<meta property=\"og:url\" content=\"https:\/\/www.rinaldisrl.com\/es\/productos\/software-para-la-gestion-integral-de-las-ventanas\/\" \/>\n<meta property=\"og:site_name\" content=\"Rinaldi Srl\" \/>\n<meta property=\"og:image\" content=\"https:\/\/www.rinaldisrl.com\/wp-content\/uploads\/2026\/04\/software.jpg\" \/>\n\t<meta property=\"og:image:width\" content=\"1200\" \/>\n\t<meta property=\"og:image:height\" content=\"1200\" \/>\n\t<meta property=\"og:image:type\" content=\"image\/jpeg\" \/>\n<meta name=\"twitter:card\" content=\"summary_large_image\" \/>\n<script type=\"application\/ld+json\" class=\"yoast-schema-graph\">{\"@context\":\"https:\\\/\\\/schema.org\",\"@graph\":[{\"@type\":\"WebPage\",\"@id\":\"https:\\\/\\\/www.rinaldisrl.com\\\/es\\\/productos\\\/software-para-la-gestion-integral-de-las-ventanas\\\/\",\"url\":\"https:\\\/\\\/www.rinaldisrl.com\\\/es\\\/productos\\\/software-para-la-gestion-integral-de-las-ventanas\\\/\",\"name\":\"Software\",\"isPartOf\":{\"@id\":\"https:\\\/\\\/www.rinaldisrl.com\\\/es\\\/#website\"},\"primaryImageOfPage\":{\"@id\":\"https:\\\/\\\/www.rinaldisrl.com\\\/es\\\/productos\\\/software-para-la-gestion-integral-de-las-ventanas\\\/#primaryimage\"},\"image\":{\"@id\":\"https:\\\/\\\/www.rinaldisrl.com\\\/es\\\/productos\\\/software-para-la-gestion-integral-de-las-ventanas\\\/#primaryimage\"},\"thumbnailUrl\":\"https:\\\/\\\/www.rinaldisrl.com\\\/wp-content\\\/uploads\\\/2026\\\/04\\\/software.jpg\",\"datePublished\":\"2026-04-29T15:55:40+00:00\",\"breadcrumb\":{\"@id\":\"https:\\\/\\\/www.rinaldisrl.com\\\/es\\\/productos\\\/software-para-la-gestion-integral-de-las-ventanas\\\/#breadcrumb\"},\"inLanguage\":\"es\",\"potentialAction\":[{\"@type\":\"ReadAction\",\"target\":[\"https:\\\/\\\/www.rinaldisrl.com\\\/es\\\/productos\\\/software-para-la-gestion-integral-de-las-ventanas\\\/\"]}]},{\"@type\":\"ImageObject\",\"inLanguage\":\"es\",\"@id\":\"https:\\\/\\\/www.rinaldisrl.com\\\/es\\\/productos\\\/software-para-la-gestion-integral-de-las-ventanas\\\/#primaryimage\",\"url\":\"https:\\\/\\\/www.rinaldisrl.com\\\/wp-content\\\/uploads\\\/2026\\\/04\\\/software.jpg\",\"contentUrl\":\"https:\\\/\\\/www.rinaldisrl.com\\\/wp-content\\\/uploads\\\/2026\\\/04\\\/software.jpg\",\"width\":1200,\"height\":1200},{\"@type\":\"BreadcrumbList\",\"@id\":\"https:\\\/\\\/www.rinaldisrl.com\\\/es\\\/productos\\\/software-para-la-gestion-integral-de-las-ventanas\\\/#breadcrumb\",\"itemListElement\":[{\"@type\":\"ListItem\",\"position\":1,\"name\":\"Home\",\"item\":\"https:\\\/\\\/www.rinaldisrl.com\\\/es\\\/\"},{\"@type\":\"ListItem\",\"position\":2,\"name\":\"Cat\u00e1logo\",\"item\":\"https:\\\/\\\/www.rinaldisrl.com\\\/es\\\/catalogo\\\/\"},{\"@type\":\"ListItem\",\"position\":3,\"name\":\"Software para la gesti\u00f3n integral de las ventanas y puertas\"}]},{\"@type\":\"WebSite\",\"@id\":\"https:\\\/\\\/www.rinaldisrl.com\\\/es\\\/#website\",\"url\":\"https:\\\/\\\/www.rinaldisrl.com\\\/es\\\/\",\"name\":\"Rinaldi Srl\",\"description\":\"\",\"publisher\":{\"@id\":\"https:\\\/\\\/www.rinaldisrl.com\\\/es\\\/#organization\"},\"potentialAction\":[{\"@type\":\"SearchAction\",\"target\":{\"@type\":\"EntryPoint\",\"urlTemplate\":\"https:\\\/\\\/www.rinaldisrl.com\\\/es\\\/?s={search_term_string}\"},\"query-input\":{\"@type\":\"PropertyValueSpecification\",\"valueRequired\":true,\"valueName\":\"search_term_string\"}}],\"inLanguage\":\"es\"},{\"@type\":\"Organization\",\"@id\":\"https:\\\/\\\/www.rinaldisrl.com\\\/es\\\/#organization\",\"name\":\"Fratelli Rinaldi Srl\",\"alternateName\":\"Fratelli Rinaldi Srl\",\"url\":\"https:\\\/\\\/www.rinaldisrl.com\\\/es\\\/\",\"logo\":{\"@type\":\"ImageObject\",\"inLanguage\":\"es\",\"@id\":\"https:\\\/\\\/www.rinaldisrl.com\\\/es\\\/#\\\/schema\\\/logo\\\/image\\\/\",\"url\":\"https:\\\/\\\/www.rinaldisrl.com\\\/wp-content\\\/uploads\\\/2023\\\/07\\\/logo-50-anni.png\",\"contentUrl\":\"https:\\\/\\\/www.rinaldisrl.com\\\/wp-content\\\/uploads\\\/2023\\\/07\\\/logo-50-anni.png\",\"width\":350,\"height\":200,\"caption\":\"Fratelli Rinaldi Srl\"},\"image\":{\"@id\":\"https:\\\/\\\/www.rinaldisrl.com\\\/es\\\/#\\\/schema\\\/logo\\\/image\\\/\"}}]}<\/script>\n<!-- \/ Yoast SEO plugin. -->","yoast_head_json":{"title":"Software","robots":{"index":"index","follow":"follow","max-snippet":"max-snippet:-1","max-image-preview":"max-image-preview:large","max-video-preview":"max-video-preview:-1"},"canonical":"https:\/\/www.rinaldisrl.com\/es\/productos\/software-para-la-gestion-integral-de-las-ventanas\/","og_locale":"es_ES","og_type":"article","og_title":"Software","og_description":"El software de Rinaldi srl para la gesti\u00f3n integral de las ventanas y puertas permite seguir de forma sencilla, intuitiva y controlada las principales fases de la producci\u00f3n.El programa permite configurar ventanas y puertas de aluminio y PVC, introducir medidas, definir aberturas, elegir perfiles, cristales, manillas y accesorios, manteniendo bajo control los materiales, los costes, los cortes, los procesos de fabricaci\u00f3n y los tiempos de producci\u00f3n.Un \u00fanico entorno de trabajo para pasar del dise\u00f1o a la preparaci\u00f3n de las listas operativas, hasta la generaci\u00f3n de la informaci\u00f3n necesaria para la producci\u00f3n y el env\u00edo de datos a la maquinaria.","og_url":"https:\/\/www.rinaldisrl.com\/es\/productos\/software-para-la-gestion-integral-de-las-ventanas\/","og_site_name":"Rinaldi Srl","og_image":[{"width":1200,"height":1200,"url":"https:\/\/www.rinaldisrl.com\/wp-content\/uploads\/2026\/04\/software.jpg","type":"image\/jpeg"}],"twitter_card":"summary_large_image","schema":{"@context":"https:\/\/schema.org","@graph":[{"@type":"WebPage","@id":"https:\/\/www.rinaldisrl.com\/es\/productos\/software-para-la-gestion-integral-de-las-ventanas\/","url":"https:\/\/www.rinaldisrl.com\/es\/productos\/software-para-la-gestion-integral-de-las-ventanas\/","name":"Software","isPartOf":{"@id":"https:\/\/www.rinaldisrl.com\/es\/#website"},"primaryImageOfPage":{"@id":"https:\/\/www.rinaldisrl.com\/es\/productos\/software-para-la-gestion-integral-de-las-ventanas\/#primaryimage"},"image":{"@id":"https:\/\/www.rinaldisrl.com\/es\/productos\/software-para-la-gestion-integral-de-las-ventanas\/#primaryimage"},"thumbnailUrl":"https:\/\/www.rinaldisrl.com\/wp-content\/uploads\/2026\/04\/software.jpg","datePublished":"2026-04-29T15:55:40+00:00","breadcrumb":{"@id":"https:\/\/www.rinaldisrl.com\/es\/productos\/software-para-la-gestion-integral-de-las-ventanas\/#breadcrumb"},"inLanguage":"es","potentialAction":[{"@type":"ReadAction","target":["https:\/\/www.rinaldisrl.com\/es\/productos\/software-para-la-gestion-integral-de-las-ventanas\/"]}]},{"@type":"ImageObject","inLanguage":"es","@id":"https:\/\/www.rinaldisrl.com\/es\/productos\/software-para-la-gestion-integral-de-las-ventanas\/#primaryimage","url":"https:\/\/www.rinaldisrl.com\/wp-content\/uploads\/2026\/04\/software.jpg","contentUrl":"https:\/\/www.rinaldisrl.com\/wp-content\/uploads\/2026\/04\/software.jpg","width":1200,"height":1200},{"@type":"BreadcrumbList","@id":"https:\/\/www.rinaldisrl.com\/es\/productos\/software-para-la-gestion-integral-de-las-ventanas\/#breadcrumb","itemListElement":[{"@type":"ListItem","position":1,"name":"Home","item":"https:\/\/www.rinaldisrl.com\/es\/"},{"@type":"ListItem","position":2,"name":"Cat\u00e1logo","item":"https:\/\/www.rinaldisrl.com\/es\/catalogo\/"},{"@type":"ListItem","position":3,"name":"Software para la gesti\u00f3n integral de las ventanas y puertas"}]},{"@type":"WebSite","@id":"https:\/\/www.rinaldisrl.com\/es\/#website","url":"https:\/\/www.rinaldisrl.com\/es\/","name":"Rinaldi Srl","description":"","publisher":{"@id":"https:\/\/www.rinaldisrl.com\/es\/#organization"},"potentialAction":[{"@type":"SearchAction","target":{"@type":"EntryPoint","urlTemplate":"https:\/\/www.rinaldisrl.com\/es\/?s={search_term_string}"},"query-input":{"@type":"PropertyValueSpecification","valueRequired":true,"valueName":"search_term_string"}}],"inLanguage":"es"},{"@type":"Organization","@id":"https:\/\/www.rinaldisrl.com\/es\/#organization","name":"Fratelli Rinaldi Srl","alternateName":"Fratelli Rinaldi Srl","url":"https:\/\/www.rinaldisrl.com\/es\/","logo":{"@type":"ImageObject","inLanguage":"es","@id":"https:\/\/www.rinaldisrl.com\/es\/#\/schema\/logo\/image\/","url":"https:\/\/www.rinaldisrl.com\/wp-content\/uploads\/2023\/07\/logo-50-anni.png","contentUrl":"https:\/\/www.rinaldisrl.com\/wp-content\/uploads\/2023\/07\/logo-50-anni.png","width":350,"height":200,"caption":"Fratelli Rinaldi Srl"},"image":{"@id":"https:\/\/www.rinaldisrl.com\/es\/#\/schema\/logo\/image\/"}}]}},"_links":{"self":[{"href":"https:\/\/www.rinaldisrl.com\/es\/wp-json\/wp\/v2\/product\/3929","targetHints":{"allow":["GET"]}}],"collection":[{"href":"https:\/\/www.rinaldisrl.com\/es\/wp-json\/wp\/v2\/product"}],"about":[{"href":"https:\/\/www.rinaldisrl.com\/es\/wp-json\/wp\/v2\/types\/product"}],"wp:featuredmedia":[{"embeddable":true,"href":"https:\/\/www.rinaldisrl.com\/es\/wp-json\/wp\/v2\/media\/3894"}],"wp:attachment":[{"href":"https:\/\/www.rinaldisrl.com\/es\/wp-json\/wp\/v2\/media?parent=3929"}],"wp:term":[{"taxonomy":"product_brand","embeddable":true,"href":"https:\/\/www.rinaldisrl.com\/es\/wp-json\/wp\/v2\/product_brand?post=3929"},{"taxonomy":"product_cat","embeddable":true,"href":"https:\/\/www.rinaldisrl.com\/es\/wp-json\/wp\/v2\/product_cat?post=3929"},{"taxonomy":"product_tag","embeddable":true,"href":"https:\/\/www.rinaldisrl.com\/es\/wp-json\/wp\/v2\/product_tag?post=3929"}],"curies":[{"name":"wp","href":"https:\/\/api.w.org\/{rel}","templated":true}]}}