{"id":1886,"date":"2023-09-07T14:41:36","date_gmt":"2023-09-07T12:41:36","guid":{"rendered":"https:\/\/www.rinaldisrl.com\/prodotti\/intestatrice-int-32-32a-2\/"},"modified":"2026-02-13T10:45:11","modified_gmt":"2026-02-13T09:45:11","slug":"retestadora-int-32-32a","status":"publish","type":"product","link":"https:\/\/www.rinaldisrl.com\/es\/productos\/retestadora-int-32-32a\/","title":{"rendered":"Retestadora INT 32 &#8211; 32A"},"content":{"rendered":"","protected":false},"excerpt":{"rendered":"<p><strong>Retestadora semiautom\u00e1tica para perfiles de aluminio con sistema de avance manual o semiautom\u00e1tico en la versi\u00f3n \u201c32A\u201d<\/strong>.<br \/>\nLa alta velocidad de rotaci\u00f3n de la herramienta mejora la calidad del mecanizado de perfiles barnizados y descuadrados.<br \/>\n<strong>Realiza fresado a 90\u00b0 y en \u00e1ngulo variable de -45\u00b0 a +45\u00b0.<\/strong><br \/>\n<strong>Cambio r\u00e1pido del grupo fresas con mando neum\u00e1tico.<\/strong><br \/>\nSuperficie de trabajo a prueba de rayones.<br \/>\nProtecci\u00f3n integral de la zona de trabajo y amplia visibilidad interna.<\/p>\n","protected":false},"featured_media":1033,"template":"","meta":[],"product_brand":[],"product_cat":[246],"product_tag":[],"class_list":{"0":"post-1886","1":"product","2":"type-product","3":"status-publish","4":"has-post-thumbnail","6":"product_cat-retestadoras","8":"first","9":"instock","10":"shipping-taxable","11":"product-type-simple"},"yoast_head":"<!-- This site is optimized with the Yoast SEO plugin v27.5 - https:\/\/yoast.com\/product\/yoast-seo-wordpress\/ -->\n<title>Retestadora Horizontal con Avance Semiautom\u00e1tico | INT 32 \u2013 32A<\/title>\n<meta name=\"description\" content=\"Retestadora horizontal con avance manual o semiautom\u00e1tico. La elevada velocidad de rotaci\u00f3n de la herramienta mejora la calidad del mecanizado de perfiles.\" \/>\n<meta name=\"robots\" content=\"index, follow, max-snippet:-1, max-image-preview:large, max-video-preview:-1\" \/>\n<link rel=\"canonical\" href=\"https:\/\/www.rinaldisrl.com\/es\/productos\/retestadora-int-32-32a\/\" \/>\n<meta property=\"og:locale\" content=\"es_ES\" \/>\n<meta property=\"og:type\" content=\"article\" \/>\n<meta property=\"og:title\" content=\"Retestadora Horizontal con Avance Semiautom\u00e1tico | INT 32 \u2013 32A\" \/>\n<meta property=\"og:description\" content=\"Retestadora horizontal con avance manual o semiautom\u00e1tico. La elevada velocidad de rotaci\u00f3n de la herramienta mejora la calidad del mecanizado de perfiles.\" \/>\n<meta property=\"og:url\" content=\"https:\/\/www.rinaldisrl.com\/es\/productos\/retestadora-int-32-32a\/\" \/>\n<meta property=\"og:site_name\" content=\"Rinaldi Srl\" \/>\n<meta property=\"article:modified_time\" content=\"2026-02-13T09:45:11+00:00\" \/>\n<meta property=\"og:image\" content=\"https:\/\/www.rinaldisrl.com\/wp-content\/uploads\/2023\/09\/intestatrice-INT32A.jpg\" \/>\n\t<meta property=\"og:image:width\" content=\"1200\" \/>\n\t<meta property=\"og:image:height\" content=\"1200\" \/>\n\t<meta property=\"og:image:type\" content=\"image\/jpeg\" \/>\n<meta name=\"twitter:card\" content=\"summary_large_image\" \/>\n<meta name=\"twitter:label1\" content=\"Tiempo de lectura\" \/>\n\t<meta name=\"twitter:data1\" content=\"1 minuto\" \/>\n<script type=\"application\/ld+json\" class=\"yoast-schema-graph\">{\"@context\":\"https:\\\/\\\/schema.org\",\"@graph\":[{\"@type\":\"WebPage\",\"@id\":\"https:\\\/\\\/www.rinaldisrl.com\\\/es\\\/productos\\\/retestadora-int-32-32a\\\/\",\"url\":\"https:\\\/\\\/www.rinaldisrl.com\\\/es\\\/productos\\\/retestadora-int-32-32a\\\/\",\"name\":\"Retestadora Horizontal con Avance Semiautom\u00e1tico | INT 32 \u2013 32A\",\"isPartOf\":{\"@id\":\"https:\\\/\\\/www.rinaldisrl.com\\\/es\\\/#website\"},\"primaryImageOfPage\":{\"@id\":\"https:\\\/\\\/www.rinaldisrl.com\\\/es\\\/productos\\\/retestadora-int-32-32a\\\/#primaryimage\"},\"image\":{\"@id\":\"https:\\\/\\\/www.rinaldisrl.com\\\/es\\\/productos\\\/retestadora-int-32-32a\\\/#primaryimage\"},\"thumbnailUrl\":\"https:\\\/\\\/www.rinaldisrl.com\\\/wp-content\\\/uploads\\\/2023\\\/09\\\/intestatrice-INT32A.jpg\",\"datePublished\":\"2023-09-07T12:41:36+00:00\",\"dateModified\":\"2026-02-13T09:45:11+00:00\",\"description\":\"Retestadora horizontal con avance manual o semiautom\u00e1tico. La elevada velocidad de rotaci\u00f3n de la herramienta mejora la calidad del mecanizado de perfiles.\",\"breadcrumb\":{\"@id\":\"https:\\\/\\\/www.rinaldisrl.com\\\/es\\\/productos\\\/retestadora-int-32-32a\\\/#breadcrumb\"},\"inLanguage\":\"es\",\"potentialAction\":[{\"@type\":\"ReadAction\",\"target\":[\"https:\\\/\\\/www.rinaldisrl.com\\\/es\\\/productos\\\/retestadora-int-32-32a\\\/\"]}]},{\"@type\":\"ImageObject\",\"inLanguage\":\"es\",\"@id\":\"https:\\\/\\\/www.rinaldisrl.com\\\/es\\\/productos\\\/retestadora-int-32-32a\\\/#primaryimage\",\"url\":\"https:\\\/\\\/www.rinaldisrl.com\\\/wp-content\\\/uploads\\\/2023\\\/09\\\/intestatrice-INT32A.jpg\",\"contentUrl\":\"https:\\\/\\\/www.rinaldisrl.com\\\/wp-content\\\/uploads\\\/2023\\\/09\\\/intestatrice-INT32A.jpg\",\"width\":1200,\"height\":1200},{\"@type\":\"BreadcrumbList\",\"@id\":\"https:\\\/\\\/www.rinaldisrl.com\\\/es\\\/productos\\\/retestadora-int-32-32a\\\/#breadcrumb\",\"itemListElement\":[{\"@type\":\"ListItem\",\"position\":1,\"name\":\"Home\",\"item\":\"https:\\\/\\\/www.rinaldisrl.com\\\/es\\\/\"},{\"@type\":\"ListItem\",\"position\":2,\"name\":\"Cat\u00e1logo\",\"item\":\"https:\\\/\\\/www.rinaldisrl.com\\\/es\\\/catalogo\\\/\"},{\"@type\":\"ListItem\",\"position\":3,\"name\":\"Retestadora INT 32 &#8211; 32A\"}]},{\"@type\":\"WebSite\",\"@id\":\"https:\\\/\\\/www.rinaldisrl.com\\\/es\\\/#website\",\"url\":\"https:\\\/\\\/www.rinaldisrl.com\\\/es\\\/\",\"name\":\"Rinaldi Srl\",\"description\":\"\",\"publisher\":{\"@id\":\"https:\\\/\\\/www.rinaldisrl.com\\\/es\\\/#organization\"},\"potentialAction\":[{\"@type\":\"SearchAction\",\"target\":{\"@type\":\"EntryPoint\",\"urlTemplate\":\"https:\\\/\\\/www.rinaldisrl.com\\\/es\\\/?s={search_term_string}\"},\"query-input\":{\"@type\":\"PropertyValueSpecification\",\"valueRequired\":true,\"valueName\":\"search_term_string\"}}],\"inLanguage\":\"es\"},{\"@type\":\"Organization\",\"@id\":\"https:\\\/\\\/www.rinaldisrl.com\\\/es\\\/#organization\",\"name\":\"Fratelli Rinaldi Srl\",\"alternateName\":\"Fratelli Rinaldi Srl\",\"url\":\"https:\\\/\\\/www.rinaldisrl.com\\\/es\\\/\",\"logo\":{\"@type\":\"ImageObject\",\"inLanguage\":\"es\",\"@id\":\"https:\\\/\\\/www.rinaldisrl.com\\\/es\\\/#\\\/schema\\\/logo\\\/image\\\/\",\"url\":\"https:\\\/\\\/www.rinaldisrl.com\\\/wp-content\\\/uploads\\\/2023\\\/07\\\/logo-50-anni.png\",\"contentUrl\":\"https:\\\/\\\/www.rinaldisrl.com\\\/wp-content\\\/uploads\\\/2023\\\/07\\\/logo-50-anni.png\",\"width\":350,\"height\":200,\"caption\":\"Fratelli Rinaldi Srl\"},\"image\":{\"@id\":\"https:\\\/\\\/www.rinaldisrl.com\\\/es\\\/#\\\/schema\\\/logo\\\/image\\\/\"}}]}<\/script>\n<!-- \/ Yoast SEO plugin. -->","yoast_head_json":{"title":"Retestadora Horizontal con Avance Semiautom\u00e1tico | INT 32 \u2013 32A","description":"Retestadora horizontal con avance manual o semiautom\u00e1tico. La elevada velocidad de rotaci\u00f3n de la herramienta mejora la calidad del mecanizado de perfiles.","robots":{"index":"index","follow":"follow","max-snippet":"max-snippet:-1","max-image-preview":"max-image-preview:large","max-video-preview":"max-video-preview:-1"},"canonical":"https:\/\/www.rinaldisrl.com\/es\/productos\/retestadora-int-32-32a\/","og_locale":"es_ES","og_type":"article","og_title":"Retestadora Horizontal con Avance Semiautom\u00e1tico | INT 32 \u2013 32A","og_description":"Retestadora horizontal con avance manual o semiautom\u00e1tico. La elevada velocidad de rotaci\u00f3n de la herramienta mejora la calidad del mecanizado de perfiles.","og_url":"https:\/\/www.rinaldisrl.com\/es\/productos\/retestadora-int-32-32a\/","og_site_name":"Rinaldi Srl","article_modified_time":"2026-02-13T09:45:11+00:00","og_image":[{"width":1200,"height":1200,"url":"https:\/\/www.rinaldisrl.com\/wp-content\/uploads\/2023\/09\/intestatrice-INT32A.jpg","type":"image\/jpeg"}],"twitter_card":"summary_large_image","twitter_misc":{"Tiempo de lectura":"1 minuto"},"schema":{"@context":"https:\/\/schema.org","@graph":[{"@type":"WebPage","@id":"https:\/\/www.rinaldisrl.com\/es\/productos\/retestadora-int-32-32a\/","url":"https:\/\/www.rinaldisrl.com\/es\/productos\/retestadora-int-32-32a\/","name":"Retestadora Horizontal con Avance Semiautom\u00e1tico | INT 32 \u2013 32A","isPartOf":{"@id":"https:\/\/www.rinaldisrl.com\/es\/#website"},"primaryImageOfPage":{"@id":"https:\/\/www.rinaldisrl.com\/es\/productos\/retestadora-int-32-32a\/#primaryimage"},"image":{"@id":"https:\/\/www.rinaldisrl.com\/es\/productos\/retestadora-int-32-32a\/#primaryimage"},"thumbnailUrl":"https:\/\/www.rinaldisrl.com\/wp-content\/uploads\/2023\/09\/intestatrice-INT32A.jpg","datePublished":"2023-09-07T12:41:36+00:00","dateModified":"2026-02-13T09:45:11+00:00","description":"Retestadora horizontal con avance manual o semiautom\u00e1tico. La elevada velocidad de rotaci\u00f3n de la herramienta mejora la calidad del mecanizado de perfiles.","breadcrumb":{"@id":"https:\/\/www.rinaldisrl.com\/es\/productos\/retestadora-int-32-32a\/#breadcrumb"},"inLanguage":"es","potentialAction":[{"@type":"ReadAction","target":["https:\/\/www.rinaldisrl.com\/es\/productos\/retestadora-int-32-32a\/"]}]},{"@type":"ImageObject","inLanguage":"es","@id":"https:\/\/www.rinaldisrl.com\/es\/productos\/retestadora-int-32-32a\/#primaryimage","url":"https:\/\/www.rinaldisrl.com\/wp-content\/uploads\/2023\/09\/intestatrice-INT32A.jpg","contentUrl":"https:\/\/www.rinaldisrl.com\/wp-content\/uploads\/2023\/09\/intestatrice-INT32A.jpg","width":1200,"height":1200},{"@type":"BreadcrumbList","@id":"https:\/\/www.rinaldisrl.com\/es\/productos\/retestadora-int-32-32a\/#breadcrumb","itemListElement":[{"@type":"ListItem","position":1,"name":"Home","item":"https:\/\/www.rinaldisrl.com\/es\/"},{"@type":"ListItem","position":2,"name":"Cat\u00e1logo","item":"https:\/\/www.rinaldisrl.com\/es\/catalogo\/"},{"@type":"ListItem","position":3,"name":"Retestadora INT 32 &#8211; 32A"}]},{"@type":"WebSite","@id":"https:\/\/www.rinaldisrl.com\/es\/#website","url":"https:\/\/www.rinaldisrl.com\/es\/","name":"Rinaldi Srl","description":"","publisher":{"@id":"https:\/\/www.rinaldisrl.com\/es\/#organization"},"potentialAction":[{"@type":"SearchAction","target":{"@type":"EntryPoint","urlTemplate":"https:\/\/www.rinaldisrl.com\/es\/?s={search_term_string}"},"query-input":{"@type":"PropertyValueSpecification","valueRequired":true,"valueName":"search_term_string"}}],"inLanguage":"es"},{"@type":"Organization","@id":"https:\/\/www.rinaldisrl.com\/es\/#organization","name":"Fratelli Rinaldi Srl","alternateName":"Fratelli Rinaldi Srl","url":"https:\/\/www.rinaldisrl.com\/es\/","logo":{"@type":"ImageObject","inLanguage":"es","@id":"https:\/\/www.rinaldisrl.com\/es\/#\/schema\/logo\/image\/","url":"https:\/\/www.rinaldisrl.com\/wp-content\/uploads\/2023\/07\/logo-50-anni.png","contentUrl":"https:\/\/www.rinaldisrl.com\/wp-content\/uploads\/2023\/07\/logo-50-anni.png","width":350,"height":200,"caption":"Fratelli Rinaldi Srl"},"image":{"@id":"https:\/\/www.rinaldisrl.com\/es\/#\/schema\/logo\/image\/"}}]}},"_links":{"self":[{"href":"https:\/\/www.rinaldisrl.com\/es\/wp-json\/wp\/v2\/product\/1886","targetHints":{"allow":["GET"]}}],"collection":[{"href":"https:\/\/www.rinaldisrl.com\/es\/wp-json\/wp\/v2\/product"}],"about":[{"href":"https:\/\/www.rinaldisrl.com\/es\/wp-json\/wp\/v2\/types\/product"}],"wp:featuredmedia":[{"embeddable":true,"href":"https:\/\/www.rinaldisrl.com\/es\/wp-json\/wp\/v2\/media\/1033"}],"wp:attachment":[{"href":"https:\/\/www.rinaldisrl.com\/es\/wp-json\/wp\/v2\/media?parent=1886"}],"wp:term":[{"taxonomy":"product_brand","embeddable":true,"href":"https:\/\/www.rinaldisrl.com\/es\/wp-json\/wp\/v2\/product_brand?post=1886"},{"taxonomy":"product_cat","embeddable":true,"href":"https:\/\/www.rinaldisrl.com\/es\/wp-json\/wp\/v2\/product_cat?post=1886"},{"taxonomy":"product_tag","embeddable":true,"href":"https:\/\/www.rinaldisrl.com\/es\/wp-json\/wp\/v2\/product_tag?post=1886"}],"curies":[{"name":"wp","href":"https:\/\/api.w.org\/{rel}","templated":true}]}}