{"id":1877,"date":"2023-09-08T06:45:08","date_gmt":"2023-09-08T04:45:08","guid":{"rendered":"https:\/\/www.rinaldisrl.com\/prodotti\/pantografo-pan-40-40i-2\/"},"modified":"2026-02-24T11:16:30","modified_gmt":"2026-02-24T10:16:30","slug":"copiadora-pan-40-40i","status":"publish","type":"product","link":"https:\/\/www.rinaldisrl.com\/es\/productos\/copiadora-pan-40-40i\/","title":{"rendered":"Copiadora PAN 40 &#8211; 40i"},"content":{"rendered":"","protected":false},"excerpt":{"rendered":"<p><strong>Copiadora para perfiles de aluminio de un solo cabezal controlado manualmente, descenso semiautom\u00e1tico con dispositivo de aproximaci\u00f3n r\u00e1pida<\/strong><br \/>\n<strong>y salto de c\u00e1mara.<\/strong><br \/>\n<strong>Posibilidad de trabajar acero hasta 3 mm con equipamiento est\u00e1ndar; en la versi\u00f3n \u201c40I\u201d con accesorio espec\u00edfico tambi\u00e9n de acero inoxidable hasta 2 mm.<\/strong><br \/>\nVelocidad de rotaci\u00f3n del husillo regulable en la versi\u00f3n \u201c40I\u201d con variador electr\u00f3nico para mejorar la calidad de los procesamientos y vida \u00fatil de la herramienta.<br \/>\n<strong>Posibilidad de realizar mecanizados pasantes en aluminio sin necesidad de girar la pieza.<\/strong><br \/>\nSuperficie de trabajo a prueba de rayones.<br \/>\nPant\u00f3grafo para aluminio con palpador de mando neum\u00e1tico en empu\u00f1adura<\/p>\n","protected":false},"featured_media":1097,"template":"","meta":[],"product_brand":[],"product_cat":[249],"product_tag":[],"class_list":{"0":"post-1877","1":"product","2":"type-product","3":"status-publish","4":"has-post-thumbnail","6":"product_cat-copiadoras","8":"first","9":"instock","10":"shipping-taxable","11":"product-type-simple"},"yoast_head":"<!-- This site is optimized with the Yoast SEO plugin v27.2 - https:\/\/yoast.com\/product\/yoast-seo-wordpress\/ -->\n<title>Copiadora para perfiles de aluminio | PAN40 \u2013 40I<\/title>\n<meta name=\"description\" content=\"Pant\u00f3grafo para aluminio de un solo cabezal controlado manualmente, descenso semiautom\u00e1tico con dispositivo de aproximaci\u00f3n r\u00e1piday salto de c\u00e1mara.\" \/>\n<meta name=\"robots\" content=\"index, follow, max-snippet:-1, max-image-preview:large, max-video-preview:-1\" \/>\n<link rel=\"canonical\" href=\"https:\/\/www.rinaldisrl.com\/es\/productos\/copiadora-pan-40-40i\/\" \/>\n<meta property=\"og:locale\" content=\"es_ES\" \/>\n<meta property=\"og:type\" content=\"article\" \/>\n<meta property=\"og:title\" content=\"Copiadora para perfiles de aluminio | PAN40 \u2013 40I\" \/>\n<meta property=\"og:description\" content=\"Pant\u00f3grafo para aluminio de un solo cabezal controlado manualmente, descenso semiautom\u00e1tico con dispositivo de aproximaci\u00f3n r\u00e1piday salto de c\u00e1mara.\" \/>\n<meta property=\"og:url\" content=\"https:\/\/www.rinaldisrl.com\/es\/productos\/copiadora-pan-40-40i\/\" \/>\n<meta property=\"og:site_name\" content=\"Rinaldi Srl\" \/>\n<meta property=\"article:modified_time\" content=\"2026-02-24T10:16:30+00:00\" \/>\n<meta property=\"og:image\" content=\"https:\/\/www.rinaldisrl.com\/wp-content\/uploads\/2023\/09\/pantografo-PAN40.jpg\" \/>\n\t<meta property=\"og:image:width\" content=\"1200\" \/>\n\t<meta property=\"og:image:height\" content=\"1200\" \/>\n\t<meta property=\"og:image:type\" content=\"image\/jpeg\" \/>\n<meta name=\"twitter:card\" content=\"summary_large_image\" \/>\n<meta name=\"twitter:label1\" content=\"Tiempo de lectura\" \/>\n\t<meta name=\"twitter:data1\" content=\"1 minuto\" \/>\n<script type=\"application\/ld+json\" class=\"yoast-schema-graph\">{\"@context\":\"https:\/\/schema.org\",\"@graph\":[{\"@type\":\"WebPage\",\"@id\":\"https:\/\/www.rinaldisrl.com\/es\/productos\/copiadora-pan-40-40i\/\",\"url\":\"https:\/\/www.rinaldisrl.com\/es\/productos\/copiadora-pan-40-40i\/\",\"name\":\"Copiadora para perfiles de aluminio | PAN40 \u2013 40I\",\"isPartOf\":{\"@id\":\"https:\/\/www.rinaldisrl.com\/es\/#website\"},\"primaryImageOfPage\":{\"@id\":\"https:\/\/www.rinaldisrl.com\/es\/productos\/copiadora-pan-40-40i\/#primaryimage\"},\"image\":{\"@id\":\"https:\/\/www.rinaldisrl.com\/es\/productos\/copiadora-pan-40-40i\/#primaryimage\"},\"thumbnailUrl\":\"https:\/\/www.rinaldisrl.com\/wp-content\/uploads\/2023\/09\/pantografo-PAN40.jpg\",\"datePublished\":\"2023-09-08T04:45:08+00:00\",\"dateModified\":\"2026-02-24T10:16:30+00:00\",\"description\":\"Pant\u00f3grafo para aluminio de un solo cabezal controlado manualmente, descenso semiautom\u00e1tico con dispositivo de aproximaci\u00f3n r\u00e1piday salto de c\u00e1mara.\",\"breadcrumb\":{\"@id\":\"https:\/\/www.rinaldisrl.com\/es\/productos\/copiadora-pan-40-40i\/#breadcrumb\"},\"inLanguage\":\"es\",\"potentialAction\":[{\"@type\":\"ReadAction\",\"target\":[\"https:\/\/www.rinaldisrl.com\/es\/productos\/copiadora-pan-40-40i\/\"]}]},{\"@type\":\"ImageObject\",\"inLanguage\":\"es\",\"@id\":\"https:\/\/www.rinaldisrl.com\/es\/productos\/copiadora-pan-40-40i\/#primaryimage\",\"url\":\"https:\/\/www.rinaldisrl.com\/wp-content\/uploads\/2023\/09\/pantografo-PAN40.jpg\",\"contentUrl\":\"https:\/\/www.rinaldisrl.com\/wp-content\/uploads\/2023\/09\/pantografo-PAN40.jpg\",\"width\":1200,\"height\":1200},{\"@type\":\"BreadcrumbList\",\"@id\":\"https:\/\/www.rinaldisrl.com\/es\/productos\/copiadora-pan-40-40i\/#breadcrumb\",\"itemListElement\":[{\"@type\":\"ListItem\",\"position\":1,\"name\":\"Home\",\"item\":\"https:\/\/www.rinaldisrl.com\/es\/\"},{\"@type\":\"ListItem\",\"position\":2,\"name\":\"Cat\u00e1logo\",\"item\":\"https:\/\/www.rinaldisrl.com\/es\/catalogo\/\"},{\"@type\":\"ListItem\",\"position\":3,\"name\":\"Copiadora PAN 40 &#8211; 40i\"}]},{\"@type\":\"WebSite\",\"@id\":\"https:\/\/www.rinaldisrl.com\/es\/#website\",\"url\":\"https:\/\/www.rinaldisrl.com\/es\/\",\"name\":\"Rinaldi Srl\",\"description\":\"\",\"publisher\":{\"@id\":\"https:\/\/www.rinaldisrl.com\/es\/#organization\"},\"potentialAction\":[{\"@type\":\"SearchAction\",\"target\":{\"@type\":\"EntryPoint\",\"urlTemplate\":\"https:\/\/www.rinaldisrl.com\/es\/?s={search_term_string}\"},\"query-input\":{\"@type\":\"PropertyValueSpecification\",\"valueRequired\":true,\"valueName\":\"search_term_string\"}}],\"inLanguage\":\"es\"},{\"@type\":\"Organization\",\"@id\":\"https:\/\/www.rinaldisrl.com\/es\/#organization\",\"name\":\"Fratelli Rinaldi Srl\",\"alternateName\":\"Fratelli Rinaldi Srl\",\"url\":\"https:\/\/www.rinaldisrl.com\/es\/\",\"logo\":{\"@type\":\"ImageObject\",\"inLanguage\":\"es\",\"@id\":\"https:\/\/www.rinaldisrl.com\/es\/#\/schema\/logo\/image\/\",\"url\":\"https:\/\/www.rinaldisrl.com\/wp-content\/uploads\/2023\/07\/logo-50-anni.png\",\"contentUrl\":\"https:\/\/www.rinaldisrl.com\/wp-content\/uploads\/2023\/07\/logo-50-anni.png\",\"width\":350,\"height\":200,\"caption\":\"Fratelli Rinaldi Srl\"},\"image\":{\"@id\":\"https:\/\/www.rinaldisrl.com\/es\/#\/schema\/logo\/image\/\"}}]}<\/script>\n<!-- \/ Yoast SEO plugin. -->","yoast_head_json":{"title":"Copiadora para perfiles de aluminio | PAN40 \u2013 40I","description":"Pant\u00f3grafo para aluminio de un solo cabezal controlado manualmente, descenso semiautom\u00e1tico con dispositivo de aproximaci\u00f3n r\u00e1piday salto de c\u00e1mara.","robots":{"index":"index","follow":"follow","max-snippet":"max-snippet:-1","max-image-preview":"max-image-preview:large","max-video-preview":"max-video-preview:-1"},"canonical":"https:\/\/www.rinaldisrl.com\/es\/productos\/copiadora-pan-40-40i\/","og_locale":"es_ES","og_type":"article","og_title":"Copiadora para perfiles de aluminio | PAN40 \u2013 40I","og_description":"Pant\u00f3grafo para aluminio de un solo cabezal controlado manualmente, descenso semiautom\u00e1tico con dispositivo de aproximaci\u00f3n r\u00e1piday salto de c\u00e1mara.","og_url":"https:\/\/www.rinaldisrl.com\/es\/productos\/copiadora-pan-40-40i\/","og_site_name":"Rinaldi Srl","article_modified_time":"2026-02-24T10:16:30+00:00","og_image":[{"width":1200,"height":1200,"url":"https:\/\/www.rinaldisrl.com\/wp-content\/uploads\/2023\/09\/pantografo-PAN40.jpg","type":"image\/jpeg"}],"twitter_card":"summary_large_image","twitter_misc":{"Tiempo de lectura":"1 minuto"},"schema":{"@context":"https:\/\/schema.org","@graph":[{"@type":"WebPage","@id":"https:\/\/www.rinaldisrl.com\/es\/productos\/copiadora-pan-40-40i\/","url":"https:\/\/www.rinaldisrl.com\/es\/productos\/copiadora-pan-40-40i\/","name":"Copiadora para perfiles de aluminio | PAN40 \u2013 40I","isPartOf":{"@id":"https:\/\/www.rinaldisrl.com\/es\/#website"},"primaryImageOfPage":{"@id":"https:\/\/www.rinaldisrl.com\/es\/productos\/copiadora-pan-40-40i\/#primaryimage"},"image":{"@id":"https:\/\/www.rinaldisrl.com\/es\/productos\/copiadora-pan-40-40i\/#primaryimage"},"thumbnailUrl":"https:\/\/www.rinaldisrl.com\/wp-content\/uploads\/2023\/09\/pantografo-PAN40.jpg","datePublished":"2023-09-08T04:45:08+00:00","dateModified":"2026-02-24T10:16:30+00:00","description":"Pant\u00f3grafo para aluminio de un solo cabezal controlado manualmente, descenso semiautom\u00e1tico con dispositivo de aproximaci\u00f3n r\u00e1piday salto de c\u00e1mara.","breadcrumb":{"@id":"https:\/\/www.rinaldisrl.com\/es\/productos\/copiadora-pan-40-40i\/#breadcrumb"},"inLanguage":"es","potentialAction":[{"@type":"ReadAction","target":["https:\/\/www.rinaldisrl.com\/es\/productos\/copiadora-pan-40-40i\/"]}]},{"@type":"ImageObject","inLanguage":"es","@id":"https:\/\/www.rinaldisrl.com\/es\/productos\/copiadora-pan-40-40i\/#primaryimage","url":"https:\/\/www.rinaldisrl.com\/wp-content\/uploads\/2023\/09\/pantografo-PAN40.jpg","contentUrl":"https:\/\/www.rinaldisrl.com\/wp-content\/uploads\/2023\/09\/pantografo-PAN40.jpg","width":1200,"height":1200},{"@type":"BreadcrumbList","@id":"https:\/\/www.rinaldisrl.com\/es\/productos\/copiadora-pan-40-40i\/#breadcrumb","itemListElement":[{"@type":"ListItem","position":1,"name":"Home","item":"https:\/\/www.rinaldisrl.com\/es\/"},{"@type":"ListItem","position":2,"name":"Cat\u00e1logo","item":"https:\/\/www.rinaldisrl.com\/es\/catalogo\/"},{"@type":"ListItem","position":3,"name":"Copiadora PAN 40 &#8211; 40i"}]},{"@type":"WebSite","@id":"https:\/\/www.rinaldisrl.com\/es\/#website","url":"https:\/\/www.rinaldisrl.com\/es\/","name":"Rinaldi Srl","description":"","publisher":{"@id":"https:\/\/www.rinaldisrl.com\/es\/#organization"},"potentialAction":[{"@type":"SearchAction","target":{"@type":"EntryPoint","urlTemplate":"https:\/\/www.rinaldisrl.com\/es\/?s={search_term_string}"},"query-input":{"@type":"PropertyValueSpecification","valueRequired":true,"valueName":"search_term_string"}}],"inLanguage":"es"},{"@type":"Organization","@id":"https:\/\/www.rinaldisrl.com\/es\/#organization","name":"Fratelli Rinaldi Srl","alternateName":"Fratelli Rinaldi Srl","url":"https:\/\/www.rinaldisrl.com\/es\/","logo":{"@type":"ImageObject","inLanguage":"es","@id":"https:\/\/www.rinaldisrl.com\/es\/#\/schema\/logo\/image\/","url":"https:\/\/www.rinaldisrl.com\/wp-content\/uploads\/2023\/07\/logo-50-anni.png","contentUrl":"https:\/\/www.rinaldisrl.com\/wp-content\/uploads\/2023\/07\/logo-50-anni.png","width":350,"height":200,"caption":"Fratelli Rinaldi Srl"},"image":{"@id":"https:\/\/www.rinaldisrl.com\/es\/#\/schema\/logo\/image\/"}}]}},"_links":{"self":[{"href":"https:\/\/www.rinaldisrl.com\/es\/wp-json\/wp\/v2\/product\/1877","targetHints":{"allow":["GET"]}}],"collection":[{"href":"https:\/\/www.rinaldisrl.com\/es\/wp-json\/wp\/v2\/product"}],"about":[{"href":"https:\/\/www.rinaldisrl.com\/es\/wp-json\/wp\/v2\/types\/product"}],"wp:featuredmedia":[{"embeddable":true,"href":"https:\/\/www.rinaldisrl.com\/es\/wp-json\/wp\/v2\/media\/1097"}],"wp:attachment":[{"href":"https:\/\/www.rinaldisrl.com\/es\/wp-json\/wp\/v2\/media?parent=1877"}],"wp:term":[{"taxonomy":"product_brand","embeddable":true,"href":"https:\/\/www.rinaldisrl.com\/es\/wp-json\/wp\/v2\/product_brand?post=1877"},{"taxonomy":"product_cat","embeddable":true,"href":"https:\/\/www.rinaldisrl.com\/es\/wp-json\/wp\/v2\/product_cat?post=1877"},{"taxonomy":"product_tag","embeddable":true,"href":"https:\/\/www.rinaldisrl.com\/es\/wp-json\/wp\/v2\/product_tag?post=1877"}],"curies":[{"name":"wp","href":"https:\/\/api.w.org\/{rel}","templated":true}]}}