{"id":1874,"date":"2023-09-08T08:06:57","date_gmt":"2023-09-08T06:06:57","guid":{"rendered":"https:\/\/www.rinaldisrl.com\/prodotti\/pantografo-pan-38l-38li-2\/"},"modified":"2026-02-24T11:47:13","modified_gmt":"2026-02-24T10:47:13","slug":"copiadora-pan-38l-38li","status":"publish","type":"product","link":"https:\/\/www.rinaldisrl.com\/es\/productos\/copiadora-pan-38l-38li\/","title":{"rendered":"Copiadora PAN 38L &#8211; 38Li"},"content":{"rendered":"","protected":false},"excerpt":{"rendered":"<p><strong>Copiadora manual para aluminio de un solo cabezal de accionamiento manual<\/strong> sobre base de 3000 mm de longitud, con <strong>unidad desplazable manualmente<\/strong> y <strong>bloqueo neum\u00e1tico<\/strong>.<br \/>\nAvance de descenso del cabezal semiautom\u00e1tico con dispositivo de aproximaci\u00f3n r\u00e1pida y salto de c\u00e1mara.<\/p>\n<p><strong>Cambio r\u00e1pido de herramienta controlado neum\u00e1ticamente<\/strong> (opcional).<\/p>\n<p>Posibilidad de trabajar acero hasta 2 mm con equipamiento est\u00e1ndar; con accesorio espec\u00edfico de acero inoxidable hasta 1,5 mm.<br \/>\nPalpador neum\u00e1tico con traslaci\u00f3n neum\u00e1tica con <strong>5 posiciones regulables<\/strong> que permite un posicionamiento r\u00e1pido y preciso de la m\u00e1quina.<br \/>\nEl sistema de rotaci\u00f3n de la mesa de la mordaza permite <strong>trabajar 3 caras del perfil sin desbloquear las mordazas<\/strong> o 4 caras realizando procesamientos continuos.<\/p>\n<p>El movimiento giratorio de 0\u00b0 a 180\u00b0 mantiene el mismo eje; la figura realizada en la primera cara a 0\u00b0 est\u00e1 a la misma altura que la reproducida en la cara opuesta a 180\u00b0. Este sistema permite aumentar la velocidad de ejecuci\u00f3n y precisi\u00f3n, utilizar herramientas m\u00e1s cortas para reducir vibraciones y ruidos.<\/p>\n<p><strong>Protecci\u00f3n frontal de la zona de trabajo<\/strong> controlada neum\u00e1ticamente.<\/p>\n","protected":false},"featured_media":1105,"template":"","meta":[],"product_brand":[],"product_cat":[249],"product_tag":[],"class_list":{"0":"post-1874","1":"product","2":"type-product","3":"status-publish","4":"has-post-thumbnail","6":"product_cat-copiadoras","8":"first","9":"instock","10":"shipping-taxable","11":"product-type-simple"},"yoast_head":"<!-- This site is optimized with the Yoast SEO plugin v27.2 - https:\/\/yoast.com\/product\/yoast-seo-wordpress\/ -->\n<title>Copiadora manual para aluminio | PAN38L \u2013 38LI<\/title>\n<meta name=\"description\" content=\"Copiadora manual para aluminio de un solo cabezal de accionamiento manual sobre base de 3000 mm de longitud, con unidad desplazable manualmente y bloqueo neum\u00e1tico.\" \/>\n<meta name=\"robots\" content=\"index, follow, max-snippet:-1, max-image-preview:large, max-video-preview:-1\" \/>\n<link rel=\"canonical\" href=\"https:\/\/www.rinaldisrl.com\/es\/productos\/copiadora-pan-38l-38li\/\" \/>\n<meta property=\"og:locale\" content=\"es_ES\" \/>\n<meta property=\"og:type\" content=\"article\" \/>\n<meta property=\"og:title\" content=\"Copiadora manual para aluminio | PAN38L \u2013 38LI\" \/>\n<meta property=\"og:description\" content=\"Copiadora manual para aluminio de un solo cabezal de accionamiento manual sobre base de 3000 mm de longitud, con unidad desplazable manualmente y bloqueo neum\u00e1tico.\" \/>\n<meta property=\"og:url\" content=\"https:\/\/www.rinaldisrl.com\/es\/productos\/copiadora-pan-38l-38li\/\" \/>\n<meta property=\"og:site_name\" content=\"Rinaldi Srl\" \/>\n<meta property=\"article:modified_time\" content=\"2026-02-24T10:47:13+00:00\" \/>\n<meta property=\"og:image\" content=\"https:\/\/www.rinaldisrl.com\/wp-content\/uploads\/2023\/09\/pantografo-PAN38Li.jpg\" \/>\n\t<meta property=\"og:image:width\" content=\"1200\" \/>\n\t<meta property=\"og:image:height\" content=\"1200\" \/>\n\t<meta property=\"og:image:type\" content=\"image\/jpeg\" \/>\n<meta name=\"twitter:card\" content=\"summary_large_image\" \/>\n<meta name=\"twitter:label1\" content=\"Tiempo de lectura\" \/>\n\t<meta name=\"twitter:data1\" content=\"1 minuto\" \/>\n<script type=\"application\/ld+json\" class=\"yoast-schema-graph\">{\"@context\":\"https:\/\/schema.org\",\"@graph\":[{\"@type\":\"WebPage\",\"@id\":\"https:\/\/www.rinaldisrl.com\/es\/productos\/copiadora-pan-38l-38li\/\",\"url\":\"https:\/\/www.rinaldisrl.com\/es\/productos\/copiadora-pan-38l-38li\/\",\"name\":\"Copiadora manual para aluminio | PAN38L \u2013 38LI\",\"isPartOf\":{\"@id\":\"https:\/\/www.rinaldisrl.com\/es\/#website\"},\"primaryImageOfPage\":{\"@id\":\"https:\/\/www.rinaldisrl.com\/es\/productos\/copiadora-pan-38l-38li\/#primaryimage\"},\"image\":{\"@id\":\"https:\/\/www.rinaldisrl.com\/es\/productos\/copiadora-pan-38l-38li\/#primaryimage\"},\"thumbnailUrl\":\"https:\/\/www.rinaldisrl.com\/wp-content\/uploads\/2023\/09\/pantografo-PAN38Li.jpg\",\"datePublished\":\"2023-09-08T06:06:57+00:00\",\"dateModified\":\"2026-02-24T10:47:13+00:00\",\"description\":\"Copiadora manual para aluminio de un solo cabezal de accionamiento manual sobre base de 3000 mm de longitud, con unidad desplazable manualmente y bloqueo neum\u00e1tico.\",\"breadcrumb\":{\"@id\":\"https:\/\/www.rinaldisrl.com\/es\/productos\/copiadora-pan-38l-38li\/#breadcrumb\"},\"inLanguage\":\"es\",\"potentialAction\":[{\"@type\":\"ReadAction\",\"target\":[\"https:\/\/www.rinaldisrl.com\/es\/productos\/copiadora-pan-38l-38li\/\"]}]},{\"@type\":\"ImageObject\",\"inLanguage\":\"es\",\"@id\":\"https:\/\/www.rinaldisrl.com\/es\/productos\/copiadora-pan-38l-38li\/#primaryimage\",\"url\":\"https:\/\/www.rinaldisrl.com\/wp-content\/uploads\/2023\/09\/pantografo-PAN38Li.jpg\",\"contentUrl\":\"https:\/\/www.rinaldisrl.com\/wp-content\/uploads\/2023\/09\/pantografo-PAN38Li.jpg\",\"width\":1200,\"height\":1200},{\"@type\":\"BreadcrumbList\",\"@id\":\"https:\/\/www.rinaldisrl.com\/es\/productos\/copiadora-pan-38l-38li\/#breadcrumb\",\"itemListElement\":[{\"@type\":\"ListItem\",\"position\":1,\"name\":\"Home\",\"item\":\"https:\/\/www.rinaldisrl.com\/es\/\"},{\"@type\":\"ListItem\",\"position\":2,\"name\":\"Cat\u00e1logo\",\"item\":\"https:\/\/www.rinaldisrl.com\/es\/catalogo\/\"},{\"@type\":\"ListItem\",\"position\":3,\"name\":\"Copiadora PAN 38L &#8211; 38Li\"}]},{\"@type\":\"WebSite\",\"@id\":\"https:\/\/www.rinaldisrl.com\/es\/#website\",\"url\":\"https:\/\/www.rinaldisrl.com\/es\/\",\"name\":\"Rinaldi Srl\",\"description\":\"\",\"publisher\":{\"@id\":\"https:\/\/www.rinaldisrl.com\/es\/#organization\"},\"potentialAction\":[{\"@type\":\"SearchAction\",\"target\":{\"@type\":\"EntryPoint\",\"urlTemplate\":\"https:\/\/www.rinaldisrl.com\/es\/?s={search_term_string}\"},\"query-input\":{\"@type\":\"PropertyValueSpecification\",\"valueRequired\":true,\"valueName\":\"search_term_string\"}}],\"inLanguage\":\"es\"},{\"@type\":\"Organization\",\"@id\":\"https:\/\/www.rinaldisrl.com\/es\/#organization\",\"name\":\"Fratelli Rinaldi Srl\",\"alternateName\":\"Fratelli Rinaldi Srl\",\"url\":\"https:\/\/www.rinaldisrl.com\/es\/\",\"logo\":{\"@type\":\"ImageObject\",\"inLanguage\":\"es\",\"@id\":\"https:\/\/www.rinaldisrl.com\/es\/#\/schema\/logo\/image\/\",\"url\":\"https:\/\/www.rinaldisrl.com\/wp-content\/uploads\/2023\/07\/logo-50-anni.png\",\"contentUrl\":\"https:\/\/www.rinaldisrl.com\/wp-content\/uploads\/2023\/07\/logo-50-anni.png\",\"width\":350,\"height\":200,\"caption\":\"Fratelli Rinaldi Srl\"},\"image\":{\"@id\":\"https:\/\/www.rinaldisrl.com\/es\/#\/schema\/logo\/image\/\"}}]}<\/script>\n<!-- \/ Yoast SEO plugin. -->","yoast_head_json":{"title":"Copiadora manual para aluminio | PAN38L \u2013 38LI","description":"Copiadora manual para aluminio de un solo cabezal de accionamiento manual sobre base de 3000 mm de longitud, con unidad desplazable manualmente y bloqueo neum\u00e1tico.","robots":{"index":"index","follow":"follow","max-snippet":"max-snippet:-1","max-image-preview":"max-image-preview:large","max-video-preview":"max-video-preview:-1"},"canonical":"https:\/\/www.rinaldisrl.com\/es\/productos\/copiadora-pan-38l-38li\/","og_locale":"es_ES","og_type":"article","og_title":"Copiadora manual para aluminio | PAN38L \u2013 38LI","og_description":"Copiadora manual para aluminio de un solo cabezal de accionamiento manual sobre base de 3000 mm de longitud, con unidad desplazable manualmente y bloqueo neum\u00e1tico.","og_url":"https:\/\/www.rinaldisrl.com\/es\/productos\/copiadora-pan-38l-38li\/","og_site_name":"Rinaldi Srl","article_modified_time":"2026-02-24T10:47:13+00:00","og_image":[{"width":1200,"height":1200,"url":"https:\/\/www.rinaldisrl.com\/wp-content\/uploads\/2023\/09\/pantografo-PAN38Li.jpg","type":"image\/jpeg"}],"twitter_card":"summary_large_image","twitter_misc":{"Tiempo de lectura":"1 minuto"},"schema":{"@context":"https:\/\/schema.org","@graph":[{"@type":"WebPage","@id":"https:\/\/www.rinaldisrl.com\/es\/productos\/copiadora-pan-38l-38li\/","url":"https:\/\/www.rinaldisrl.com\/es\/productos\/copiadora-pan-38l-38li\/","name":"Copiadora manual para aluminio | PAN38L \u2013 38LI","isPartOf":{"@id":"https:\/\/www.rinaldisrl.com\/es\/#website"},"primaryImageOfPage":{"@id":"https:\/\/www.rinaldisrl.com\/es\/productos\/copiadora-pan-38l-38li\/#primaryimage"},"image":{"@id":"https:\/\/www.rinaldisrl.com\/es\/productos\/copiadora-pan-38l-38li\/#primaryimage"},"thumbnailUrl":"https:\/\/www.rinaldisrl.com\/wp-content\/uploads\/2023\/09\/pantografo-PAN38Li.jpg","datePublished":"2023-09-08T06:06:57+00:00","dateModified":"2026-02-24T10:47:13+00:00","description":"Copiadora manual para aluminio de un solo cabezal de accionamiento manual sobre base de 3000 mm de longitud, con unidad desplazable manualmente y bloqueo neum\u00e1tico.","breadcrumb":{"@id":"https:\/\/www.rinaldisrl.com\/es\/productos\/copiadora-pan-38l-38li\/#breadcrumb"},"inLanguage":"es","potentialAction":[{"@type":"ReadAction","target":["https:\/\/www.rinaldisrl.com\/es\/productos\/copiadora-pan-38l-38li\/"]}]},{"@type":"ImageObject","inLanguage":"es","@id":"https:\/\/www.rinaldisrl.com\/es\/productos\/copiadora-pan-38l-38li\/#primaryimage","url":"https:\/\/www.rinaldisrl.com\/wp-content\/uploads\/2023\/09\/pantografo-PAN38Li.jpg","contentUrl":"https:\/\/www.rinaldisrl.com\/wp-content\/uploads\/2023\/09\/pantografo-PAN38Li.jpg","width":1200,"height":1200},{"@type":"BreadcrumbList","@id":"https:\/\/www.rinaldisrl.com\/es\/productos\/copiadora-pan-38l-38li\/#breadcrumb","itemListElement":[{"@type":"ListItem","position":1,"name":"Home","item":"https:\/\/www.rinaldisrl.com\/es\/"},{"@type":"ListItem","position":2,"name":"Cat\u00e1logo","item":"https:\/\/www.rinaldisrl.com\/es\/catalogo\/"},{"@type":"ListItem","position":3,"name":"Copiadora PAN 38L &#8211; 38Li"}]},{"@type":"WebSite","@id":"https:\/\/www.rinaldisrl.com\/es\/#website","url":"https:\/\/www.rinaldisrl.com\/es\/","name":"Rinaldi Srl","description":"","publisher":{"@id":"https:\/\/www.rinaldisrl.com\/es\/#organization"},"potentialAction":[{"@type":"SearchAction","target":{"@type":"EntryPoint","urlTemplate":"https:\/\/www.rinaldisrl.com\/es\/?s={search_term_string}"},"query-input":{"@type":"PropertyValueSpecification","valueRequired":true,"valueName":"search_term_string"}}],"inLanguage":"es"},{"@type":"Organization","@id":"https:\/\/www.rinaldisrl.com\/es\/#organization","name":"Fratelli Rinaldi Srl","alternateName":"Fratelli Rinaldi Srl","url":"https:\/\/www.rinaldisrl.com\/es\/","logo":{"@type":"ImageObject","inLanguage":"es","@id":"https:\/\/www.rinaldisrl.com\/es\/#\/schema\/logo\/image\/","url":"https:\/\/www.rinaldisrl.com\/wp-content\/uploads\/2023\/07\/logo-50-anni.png","contentUrl":"https:\/\/www.rinaldisrl.com\/wp-content\/uploads\/2023\/07\/logo-50-anni.png","width":350,"height":200,"caption":"Fratelli Rinaldi Srl"},"image":{"@id":"https:\/\/www.rinaldisrl.com\/es\/#\/schema\/logo\/image\/"}}]}},"_links":{"self":[{"href":"https:\/\/www.rinaldisrl.com\/es\/wp-json\/wp\/v2\/product\/1874","targetHints":{"allow":["GET"]}}],"collection":[{"href":"https:\/\/www.rinaldisrl.com\/es\/wp-json\/wp\/v2\/product"}],"about":[{"href":"https:\/\/www.rinaldisrl.com\/es\/wp-json\/wp\/v2\/types\/product"}],"wp:featuredmedia":[{"embeddable":true,"href":"https:\/\/www.rinaldisrl.com\/es\/wp-json\/wp\/v2\/media\/1105"}],"wp:attachment":[{"href":"https:\/\/www.rinaldisrl.com\/es\/wp-json\/wp\/v2\/media?parent=1874"}],"wp:term":[{"taxonomy":"product_brand","embeddable":true,"href":"https:\/\/www.rinaldisrl.com\/es\/wp-json\/wp\/v2\/product_brand?post=1874"},{"taxonomy":"product_cat","embeddable":true,"href":"https:\/\/www.rinaldisrl.com\/es\/wp-json\/wp\/v2\/product_cat?post=1874"},{"taxonomy":"product_tag","embeddable":true,"href":"https:\/\/www.rinaldisrl.com\/es\/wp-json\/wp\/v2\/product_tag?post=1874"}],"curies":[{"name":"wp","href":"https:\/\/api.w.org\/{rel}","templated":true}]}}