{"id":1873,"date":"2023-09-08T09:55:59","date_gmt":"2023-09-08T07:55:59","guid":{"rendered":"https:\/\/www.rinaldisrl.com\/prodotti\/foratrice-for-18p-2\/"},"modified":"2026-02-23T10:53:28","modified_gmt":"2026-02-23T09:53:28","slug":"taladradora-for-18p","status":"publish","type":"product","link":"https:\/\/www.rinaldisrl.com\/es\/productos\/taladradora-for-18p\/","title":{"rendered":"Taladradora FOR 18P"},"content":{"rendered":"","protected":false},"excerpt":{"rendered":"<p><strong>Taladradora de cabezal \u00fanico para perfiles de aluminio, con avance de descenso y 2 husillos con distancia entre ejes variable.<br \/>\n<\/strong><br \/>\nMovimiento neum\u00e1tico de la punta m\u00f3vil con posibilidad de memorizar 2 distancias entre centros.<br \/>\nDispositivo de aproximaci\u00f3n r\u00e1pida con detecci\u00f3n autom\u00e1tica de la altura del perfil.<br \/>\n<strong>Mesa de mordaza regulable transversalmente en el eje Y, con posibilidad de memorizar 6 posiciones, agiliza el posicionamiento.<\/strong><\/p>\n","protected":false},"featured_media":1133,"template":"","meta":[],"product_brand":[],"product_cat":[245],"product_tag":[],"class_list":{"0":"post-1873","1":"product","2":"type-product","3":"status-publish","4":"has-post-thumbnail","6":"product_cat-taladradoras","8":"first","9":"instock","10":"shipping-taxable","11":"product-type-simple"},"yoast_head":"<!-- This site is optimized with the Yoast SEO plugin v27.2 - https:\/\/yoast.com\/product\/yoast-seo-wordpress\/ -->\n<title>Taladradora de Cabezal \u00danico | FOR18P<\/title>\n<meta name=\"description\" content=\"Taladradora de cabezal \u00fanico semiautom\u00e1tica. Dispositivo de aproximaci\u00f3n r\u00e1pida con detecci\u00f3n autom\u00e1tica de la altura del perfil.\" \/>\n<meta name=\"robots\" content=\"index, follow, max-snippet:-1, max-image-preview:large, max-video-preview:-1\" \/>\n<link rel=\"canonical\" href=\"https:\/\/www.rinaldisrl.com\/es\/productos\/taladradora-for-18p\/\" \/>\n<meta property=\"og:locale\" content=\"es_ES\" \/>\n<meta property=\"og:type\" content=\"article\" \/>\n<meta property=\"og:title\" content=\"Taladradora de Cabezal \u00danico | FOR18P\" \/>\n<meta property=\"og:description\" content=\"Taladradora de cabezal \u00fanico semiautom\u00e1tica. Dispositivo de aproximaci\u00f3n r\u00e1pida con detecci\u00f3n autom\u00e1tica de la altura del perfil.\" \/>\n<meta property=\"og:url\" content=\"https:\/\/www.rinaldisrl.com\/es\/productos\/taladradora-for-18p\/\" \/>\n<meta property=\"og:site_name\" content=\"Rinaldi Srl\" \/>\n<meta property=\"article:modified_time\" content=\"2026-02-23T09:53:28+00:00\" \/>\n<meta property=\"og:image\" content=\"https:\/\/www.rinaldisrl.com\/wp-content\/uploads\/2023\/09\/foratrice-FOR18P.jpg\" \/>\n\t<meta property=\"og:image:width\" content=\"1200\" \/>\n\t<meta property=\"og:image:height\" content=\"1200\" \/>\n\t<meta property=\"og:image:type\" content=\"image\/jpeg\" \/>\n<meta name=\"twitter:card\" content=\"summary_large_image\" \/>\n<meta name=\"twitter:label1\" content=\"Tiempo de lectura\" \/>\n\t<meta name=\"twitter:data1\" content=\"1 minuto\" \/>\n<script type=\"application\/ld+json\" class=\"yoast-schema-graph\">{\"@context\":\"https:\/\/schema.org\",\"@graph\":[{\"@type\":\"WebPage\",\"@id\":\"https:\/\/www.rinaldisrl.com\/es\/productos\/taladradora-for-18p\/\",\"url\":\"https:\/\/www.rinaldisrl.com\/es\/productos\/taladradora-for-18p\/\",\"name\":\"Taladradora de Cabezal \u00danico | FOR18P\",\"isPartOf\":{\"@id\":\"https:\/\/www.rinaldisrl.com\/es\/#website\"},\"primaryImageOfPage\":{\"@id\":\"https:\/\/www.rinaldisrl.com\/es\/productos\/taladradora-for-18p\/#primaryimage\"},\"image\":{\"@id\":\"https:\/\/www.rinaldisrl.com\/es\/productos\/taladradora-for-18p\/#primaryimage\"},\"thumbnailUrl\":\"https:\/\/www.rinaldisrl.com\/wp-content\/uploads\/2023\/09\/foratrice-FOR18P.jpg\",\"datePublished\":\"2023-09-08T07:55:59+00:00\",\"dateModified\":\"2026-02-23T09:53:28+00:00\",\"description\":\"Taladradora de cabezal \u00fanico semiautom\u00e1tica. Dispositivo de aproximaci\u00f3n r\u00e1pida con detecci\u00f3n autom\u00e1tica de la altura del perfil.\",\"breadcrumb\":{\"@id\":\"https:\/\/www.rinaldisrl.com\/es\/productos\/taladradora-for-18p\/#breadcrumb\"},\"inLanguage\":\"es\",\"potentialAction\":[{\"@type\":\"ReadAction\",\"target\":[\"https:\/\/www.rinaldisrl.com\/es\/productos\/taladradora-for-18p\/\"]}]},{\"@type\":\"ImageObject\",\"inLanguage\":\"es\",\"@id\":\"https:\/\/www.rinaldisrl.com\/es\/productos\/taladradora-for-18p\/#primaryimage\",\"url\":\"https:\/\/www.rinaldisrl.com\/wp-content\/uploads\/2023\/09\/foratrice-FOR18P.jpg\",\"contentUrl\":\"https:\/\/www.rinaldisrl.com\/wp-content\/uploads\/2023\/09\/foratrice-FOR18P.jpg\",\"width\":1200,\"height\":1200},{\"@type\":\"BreadcrumbList\",\"@id\":\"https:\/\/www.rinaldisrl.com\/es\/productos\/taladradora-for-18p\/#breadcrumb\",\"itemListElement\":[{\"@type\":\"ListItem\",\"position\":1,\"name\":\"Home\",\"item\":\"https:\/\/www.rinaldisrl.com\/es\/\"},{\"@type\":\"ListItem\",\"position\":2,\"name\":\"Cat\u00e1logo\",\"item\":\"https:\/\/www.rinaldisrl.com\/es\/catalogo\/\"},{\"@type\":\"ListItem\",\"position\":3,\"name\":\"Taladradora FOR 18P\"}]},{\"@type\":\"WebSite\",\"@id\":\"https:\/\/www.rinaldisrl.com\/es\/#website\",\"url\":\"https:\/\/www.rinaldisrl.com\/es\/\",\"name\":\"Rinaldi Srl\",\"description\":\"\",\"publisher\":{\"@id\":\"https:\/\/www.rinaldisrl.com\/es\/#organization\"},\"potentialAction\":[{\"@type\":\"SearchAction\",\"target\":{\"@type\":\"EntryPoint\",\"urlTemplate\":\"https:\/\/www.rinaldisrl.com\/es\/?s={search_term_string}\"},\"query-input\":{\"@type\":\"PropertyValueSpecification\",\"valueRequired\":true,\"valueName\":\"search_term_string\"}}],\"inLanguage\":\"es\"},{\"@type\":\"Organization\",\"@id\":\"https:\/\/www.rinaldisrl.com\/es\/#organization\",\"name\":\"Fratelli Rinaldi Srl\",\"alternateName\":\"Fratelli Rinaldi Srl\",\"url\":\"https:\/\/www.rinaldisrl.com\/es\/\",\"logo\":{\"@type\":\"ImageObject\",\"inLanguage\":\"es\",\"@id\":\"https:\/\/www.rinaldisrl.com\/es\/#\/schema\/logo\/image\/\",\"url\":\"https:\/\/www.rinaldisrl.com\/wp-content\/uploads\/2023\/07\/logo-50-anni.png\",\"contentUrl\":\"https:\/\/www.rinaldisrl.com\/wp-content\/uploads\/2023\/07\/logo-50-anni.png\",\"width\":350,\"height\":200,\"caption\":\"Fratelli Rinaldi Srl\"},\"image\":{\"@id\":\"https:\/\/www.rinaldisrl.com\/es\/#\/schema\/logo\/image\/\"}}]}<\/script>\n<!-- \/ Yoast SEO plugin. -->","yoast_head_json":{"title":"Taladradora de Cabezal \u00danico | FOR18P","description":"Taladradora de cabezal \u00fanico semiautom\u00e1tica. Dispositivo de aproximaci\u00f3n r\u00e1pida con detecci\u00f3n autom\u00e1tica de la altura del perfil.","robots":{"index":"index","follow":"follow","max-snippet":"max-snippet:-1","max-image-preview":"max-image-preview:large","max-video-preview":"max-video-preview:-1"},"canonical":"https:\/\/www.rinaldisrl.com\/es\/productos\/taladradora-for-18p\/","og_locale":"es_ES","og_type":"article","og_title":"Taladradora de Cabezal \u00danico | FOR18P","og_description":"Taladradora de cabezal \u00fanico semiautom\u00e1tica. Dispositivo de aproximaci\u00f3n r\u00e1pida con detecci\u00f3n autom\u00e1tica de la altura del perfil.","og_url":"https:\/\/www.rinaldisrl.com\/es\/productos\/taladradora-for-18p\/","og_site_name":"Rinaldi Srl","article_modified_time":"2026-02-23T09:53:28+00:00","og_image":[{"width":1200,"height":1200,"url":"https:\/\/www.rinaldisrl.com\/wp-content\/uploads\/2023\/09\/foratrice-FOR18P.jpg","type":"image\/jpeg"}],"twitter_card":"summary_large_image","twitter_misc":{"Tiempo de lectura":"1 minuto"},"schema":{"@context":"https:\/\/schema.org","@graph":[{"@type":"WebPage","@id":"https:\/\/www.rinaldisrl.com\/es\/productos\/taladradora-for-18p\/","url":"https:\/\/www.rinaldisrl.com\/es\/productos\/taladradora-for-18p\/","name":"Taladradora de Cabezal \u00danico | FOR18P","isPartOf":{"@id":"https:\/\/www.rinaldisrl.com\/es\/#website"},"primaryImageOfPage":{"@id":"https:\/\/www.rinaldisrl.com\/es\/productos\/taladradora-for-18p\/#primaryimage"},"image":{"@id":"https:\/\/www.rinaldisrl.com\/es\/productos\/taladradora-for-18p\/#primaryimage"},"thumbnailUrl":"https:\/\/www.rinaldisrl.com\/wp-content\/uploads\/2023\/09\/foratrice-FOR18P.jpg","datePublished":"2023-09-08T07:55:59+00:00","dateModified":"2026-02-23T09:53:28+00:00","description":"Taladradora de cabezal \u00fanico semiautom\u00e1tica. Dispositivo de aproximaci\u00f3n r\u00e1pida con detecci\u00f3n autom\u00e1tica de la altura del perfil.","breadcrumb":{"@id":"https:\/\/www.rinaldisrl.com\/es\/productos\/taladradora-for-18p\/#breadcrumb"},"inLanguage":"es","potentialAction":[{"@type":"ReadAction","target":["https:\/\/www.rinaldisrl.com\/es\/productos\/taladradora-for-18p\/"]}]},{"@type":"ImageObject","inLanguage":"es","@id":"https:\/\/www.rinaldisrl.com\/es\/productos\/taladradora-for-18p\/#primaryimage","url":"https:\/\/www.rinaldisrl.com\/wp-content\/uploads\/2023\/09\/foratrice-FOR18P.jpg","contentUrl":"https:\/\/www.rinaldisrl.com\/wp-content\/uploads\/2023\/09\/foratrice-FOR18P.jpg","width":1200,"height":1200},{"@type":"BreadcrumbList","@id":"https:\/\/www.rinaldisrl.com\/es\/productos\/taladradora-for-18p\/#breadcrumb","itemListElement":[{"@type":"ListItem","position":1,"name":"Home","item":"https:\/\/www.rinaldisrl.com\/es\/"},{"@type":"ListItem","position":2,"name":"Cat\u00e1logo","item":"https:\/\/www.rinaldisrl.com\/es\/catalogo\/"},{"@type":"ListItem","position":3,"name":"Taladradora FOR 18P"}]},{"@type":"WebSite","@id":"https:\/\/www.rinaldisrl.com\/es\/#website","url":"https:\/\/www.rinaldisrl.com\/es\/","name":"Rinaldi Srl","description":"","publisher":{"@id":"https:\/\/www.rinaldisrl.com\/es\/#organization"},"potentialAction":[{"@type":"SearchAction","target":{"@type":"EntryPoint","urlTemplate":"https:\/\/www.rinaldisrl.com\/es\/?s={search_term_string}"},"query-input":{"@type":"PropertyValueSpecification","valueRequired":true,"valueName":"search_term_string"}}],"inLanguage":"es"},{"@type":"Organization","@id":"https:\/\/www.rinaldisrl.com\/es\/#organization","name":"Fratelli Rinaldi Srl","alternateName":"Fratelli Rinaldi Srl","url":"https:\/\/www.rinaldisrl.com\/es\/","logo":{"@type":"ImageObject","inLanguage":"es","@id":"https:\/\/www.rinaldisrl.com\/es\/#\/schema\/logo\/image\/","url":"https:\/\/www.rinaldisrl.com\/wp-content\/uploads\/2023\/07\/logo-50-anni.png","contentUrl":"https:\/\/www.rinaldisrl.com\/wp-content\/uploads\/2023\/07\/logo-50-anni.png","width":350,"height":200,"caption":"Fratelli Rinaldi Srl"},"image":{"@id":"https:\/\/www.rinaldisrl.com\/es\/#\/schema\/logo\/image\/"}}]}},"_links":{"self":[{"href":"https:\/\/www.rinaldisrl.com\/es\/wp-json\/wp\/v2\/product\/1873","targetHints":{"allow":["GET"]}}],"collection":[{"href":"https:\/\/www.rinaldisrl.com\/es\/wp-json\/wp\/v2\/product"}],"about":[{"href":"https:\/\/www.rinaldisrl.com\/es\/wp-json\/wp\/v2\/types\/product"}],"wp:featuredmedia":[{"embeddable":true,"href":"https:\/\/www.rinaldisrl.com\/es\/wp-json\/wp\/v2\/media\/1133"}],"wp:attachment":[{"href":"https:\/\/www.rinaldisrl.com\/es\/wp-json\/wp\/v2\/media?parent=1873"}],"wp:term":[{"taxonomy":"product_brand","embeddable":true,"href":"https:\/\/www.rinaldisrl.com\/es\/wp-json\/wp\/v2\/product_brand?post=1873"},{"taxonomy":"product_cat","embeddable":true,"href":"https:\/\/www.rinaldisrl.com\/es\/wp-json\/wp\/v2\/product_cat?post=1873"},{"taxonomy":"product_tag","embeddable":true,"href":"https:\/\/www.rinaldisrl.com\/es\/wp-json\/wp\/v2\/product_tag?post=1873"}],"curies":[{"name":"wp","href":"https:\/\/api.w.org\/{rel}","templated":true}]}}