{"id":1871,"date":"2023-09-08T10:35:50","date_gmt":"2023-09-08T08:35:50","guid":{"rendered":"https:\/\/www.rinaldisrl.com\/prodotti\/foratrice-mul-46r-2\/"},"modified":"2026-02-23T11:13:56","modified_gmt":"2026-02-23T10:13:56","slug":"taladradora-mul-46r","status":"publish","type":"product","link":"https:\/\/www.rinaldisrl.com\/es\/productos\/taladradora-mul-46r\/","title":{"rendered":"Taladradora MUL 46R"},"content":{"rendered":"","protected":false},"excerpt":{"rendered":"<p><strong>Taladradora de un solo cabezal de descenso manual con 6 husillos dise\u00f1ado para realizar la perforaci\u00f3n necesaria para el montaje de bisagras de alta resistencia en un solo ciclo de trabajo (bloqueo de puerta y marcos entre s\u00ed) asegurando una ejecuci\u00f3n r\u00e1pida y precisa.<\/strong><br \/>\nEl sistema de cambio r\u00e1pido de broca agiliza la colocaci\u00f3n para perforar bisagras de doble ala a realizar en el lateral derecho e izquierdo.<br \/>\nPosibilidad de variar la distancia entre los orificios entre la puerta y el marco y memorizar 6 posiciones repetibles.<br \/>\nNOTA: especificar el c\u00f3digo del espaciador de perforaci\u00f3n de bisagra al realizar el pedido (ver equipamiento)<\/p>\n","protected":false},"featured_media":1141,"template":"","meta":[],"product_brand":[],"product_cat":[245],"product_tag":[],"class_list":{"0":"post-1871","1":"product","2":"type-product","3":"status-publish","4":"has-post-thumbnail","6":"product_cat-taladradoras","8":"first","9":"instock","10":"shipping-taxable","11":"product-type-simple"},"yoast_head":"<!-- This site is optimized with the Yoast SEO plugin v27.2 - https:\/\/yoast.com\/product\/yoast-seo-wordpress\/ -->\n<title>Taladradora de descenso manual para perfiles | MUL 46R<\/title>\n<meta name=\"description\" content=\"Taladradora de descenso manual para perfiles de aluminio para realizar la perforaci\u00f3n necesaria para el montaje de bisagras de alta resistencia en un solo ciclo de trabajo.\" \/>\n<meta name=\"robots\" content=\"index, follow, max-snippet:-1, max-image-preview:large, max-video-preview:-1\" \/>\n<link rel=\"canonical\" href=\"https:\/\/www.rinaldisrl.com\/es\/productos\/taladradora-mul-46r\/\" \/>\n<meta property=\"og:locale\" content=\"es_ES\" \/>\n<meta property=\"og:type\" content=\"article\" \/>\n<meta property=\"og:title\" content=\"Taladradora de descenso manual para perfiles | MUL 46R\" \/>\n<meta property=\"og:description\" content=\"Taladradora de descenso manual para perfiles de aluminio para realizar la perforaci\u00f3n necesaria para el montaje de bisagras de alta resistencia en un solo ciclo de trabajo.\" \/>\n<meta property=\"og:url\" content=\"https:\/\/www.rinaldisrl.com\/es\/productos\/taladradora-mul-46r\/\" \/>\n<meta property=\"og:site_name\" content=\"Rinaldi Srl\" \/>\n<meta property=\"article:modified_time\" content=\"2026-02-23T10:13:56+00:00\" \/>\n<meta property=\"og:image\" content=\"https:\/\/www.rinaldisrl.com\/wp-content\/uploads\/2023\/09\/foratrice-MUL46R.jpg\" \/>\n\t<meta property=\"og:image:width\" content=\"1200\" \/>\n\t<meta property=\"og:image:height\" content=\"1200\" \/>\n\t<meta property=\"og:image:type\" content=\"image\/jpeg\" \/>\n<meta name=\"twitter:card\" content=\"summary_large_image\" \/>\n<meta name=\"twitter:label1\" content=\"Tiempo de lectura\" \/>\n\t<meta name=\"twitter:data1\" content=\"1 minuto\" \/>\n<script type=\"application\/ld+json\" class=\"yoast-schema-graph\">{\"@context\":\"https:\/\/schema.org\",\"@graph\":[{\"@type\":\"WebPage\",\"@id\":\"https:\/\/www.rinaldisrl.com\/es\/productos\/taladradora-mul-46r\/\",\"url\":\"https:\/\/www.rinaldisrl.com\/es\/productos\/taladradora-mul-46r\/\",\"name\":\"Taladradora de descenso manual para perfiles | MUL 46R\",\"isPartOf\":{\"@id\":\"https:\/\/www.rinaldisrl.com\/es\/#website\"},\"primaryImageOfPage\":{\"@id\":\"https:\/\/www.rinaldisrl.com\/es\/productos\/taladradora-mul-46r\/#primaryimage\"},\"image\":{\"@id\":\"https:\/\/www.rinaldisrl.com\/es\/productos\/taladradora-mul-46r\/#primaryimage\"},\"thumbnailUrl\":\"https:\/\/www.rinaldisrl.com\/wp-content\/uploads\/2023\/09\/foratrice-MUL46R.jpg\",\"datePublished\":\"2023-09-08T08:35:50+00:00\",\"dateModified\":\"2026-02-23T10:13:56+00:00\",\"description\":\"Taladradora de descenso manual para perfiles de aluminio para realizar la perforaci\u00f3n necesaria para el montaje de bisagras de alta resistencia en un solo ciclo de trabajo.\",\"breadcrumb\":{\"@id\":\"https:\/\/www.rinaldisrl.com\/es\/productos\/taladradora-mul-46r\/#breadcrumb\"},\"inLanguage\":\"es\",\"potentialAction\":[{\"@type\":\"ReadAction\",\"target\":[\"https:\/\/www.rinaldisrl.com\/es\/productos\/taladradora-mul-46r\/\"]}]},{\"@type\":\"ImageObject\",\"inLanguage\":\"es\",\"@id\":\"https:\/\/www.rinaldisrl.com\/es\/productos\/taladradora-mul-46r\/#primaryimage\",\"url\":\"https:\/\/www.rinaldisrl.com\/wp-content\/uploads\/2023\/09\/foratrice-MUL46R.jpg\",\"contentUrl\":\"https:\/\/www.rinaldisrl.com\/wp-content\/uploads\/2023\/09\/foratrice-MUL46R.jpg\",\"width\":1200,\"height\":1200},{\"@type\":\"BreadcrumbList\",\"@id\":\"https:\/\/www.rinaldisrl.com\/es\/productos\/taladradora-mul-46r\/#breadcrumb\",\"itemListElement\":[{\"@type\":\"ListItem\",\"position\":1,\"name\":\"Home\",\"item\":\"https:\/\/www.rinaldisrl.com\/es\/\"},{\"@type\":\"ListItem\",\"position\":2,\"name\":\"Cat\u00e1logo\",\"item\":\"https:\/\/www.rinaldisrl.com\/es\/catalogo\/\"},{\"@type\":\"ListItem\",\"position\":3,\"name\":\"Taladradora MUL 46R\"}]},{\"@type\":\"WebSite\",\"@id\":\"https:\/\/www.rinaldisrl.com\/es\/#website\",\"url\":\"https:\/\/www.rinaldisrl.com\/es\/\",\"name\":\"Rinaldi Srl\",\"description\":\"\",\"publisher\":{\"@id\":\"https:\/\/www.rinaldisrl.com\/es\/#organization\"},\"potentialAction\":[{\"@type\":\"SearchAction\",\"target\":{\"@type\":\"EntryPoint\",\"urlTemplate\":\"https:\/\/www.rinaldisrl.com\/es\/?s={search_term_string}\"},\"query-input\":{\"@type\":\"PropertyValueSpecification\",\"valueRequired\":true,\"valueName\":\"search_term_string\"}}],\"inLanguage\":\"es\"},{\"@type\":\"Organization\",\"@id\":\"https:\/\/www.rinaldisrl.com\/es\/#organization\",\"name\":\"Fratelli Rinaldi Srl\",\"alternateName\":\"Fratelli Rinaldi Srl\",\"url\":\"https:\/\/www.rinaldisrl.com\/es\/\",\"logo\":{\"@type\":\"ImageObject\",\"inLanguage\":\"es\",\"@id\":\"https:\/\/www.rinaldisrl.com\/es\/#\/schema\/logo\/image\/\",\"url\":\"https:\/\/www.rinaldisrl.com\/wp-content\/uploads\/2023\/07\/logo-50-anni.png\",\"contentUrl\":\"https:\/\/www.rinaldisrl.com\/wp-content\/uploads\/2023\/07\/logo-50-anni.png\",\"width\":350,\"height\":200,\"caption\":\"Fratelli Rinaldi Srl\"},\"image\":{\"@id\":\"https:\/\/www.rinaldisrl.com\/es\/#\/schema\/logo\/image\/\"}}]}<\/script>\n<!-- \/ Yoast SEO plugin. -->","yoast_head_json":{"title":"Taladradora de descenso manual para perfiles | MUL 46R","description":"Taladradora de descenso manual para perfiles de aluminio para realizar la perforaci\u00f3n necesaria para el montaje de bisagras de alta resistencia en un solo ciclo de trabajo.","robots":{"index":"index","follow":"follow","max-snippet":"max-snippet:-1","max-image-preview":"max-image-preview:large","max-video-preview":"max-video-preview:-1"},"canonical":"https:\/\/www.rinaldisrl.com\/es\/productos\/taladradora-mul-46r\/","og_locale":"es_ES","og_type":"article","og_title":"Taladradora de descenso manual para perfiles | MUL 46R","og_description":"Taladradora de descenso manual para perfiles de aluminio para realizar la perforaci\u00f3n necesaria para el montaje de bisagras de alta resistencia en un solo ciclo de trabajo.","og_url":"https:\/\/www.rinaldisrl.com\/es\/productos\/taladradora-mul-46r\/","og_site_name":"Rinaldi Srl","article_modified_time":"2026-02-23T10:13:56+00:00","og_image":[{"width":1200,"height":1200,"url":"https:\/\/www.rinaldisrl.com\/wp-content\/uploads\/2023\/09\/foratrice-MUL46R.jpg","type":"image\/jpeg"}],"twitter_card":"summary_large_image","twitter_misc":{"Tiempo de lectura":"1 minuto"},"schema":{"@context":"https:\/\/schema.org","@graph":[{"@type":"WebPage","@id":"https:\/\/www.rinaldisrl.com\/es\/productos\/taladradora-mul-46r\/","url":"https:\/\/www.rinaldisrl.com\/es\/productos\/taladradora-mul-46r\/","name":"Taladradora de descenso manual para perfiles | MUL 46R","isPartOf":{"@id":"https:\/\/www.rinaldisrl.com\/es\/#website"},"primaryImageOfPage":{"@id":"https:\/\/www.rinaldisrl.com\/es\/productos\/taladradora-mul-46r\/#primaryimage"},"image":{"@id":"https:\/\/www.rinaldisrl.com\/es\/productos\/taladradora-mul-46r\/#primaryimage"},"thumbnailUrl":"https:\/\/www.rinaldisrl.com\/wp-content\/uploads\/2023\/09\/foratrice-MUL46R.jpg","datePublished":"2023-09-08T08:35:50+00:00","dateModified":"2026-02-23T10:13:56+00:00","description":"Taladradora de descenso manual para perfiles de aluminio para realizar la perforaci\u00f3n necesaria para el montaje de bisagras de alta resistencia en un solo ciclo de trabajo.","breadcrumb":{"@id":"https:\/\/www.rinaldisrl.com\/es\/productos\/taladradora-mul-46r\/#breadcrumb"},"inLanguage":"es","potentialAction":[{"@type":"ReadAction","target":["https:\/\/www.rinaldisrl.com\/es\/productos\/taladradora-mul-46r\/"]}]},{"@type":"ImageObject","inLanguage":"es","@id":"https:\/\/www.rinaldisrl.com\/es\/productos\/taladradora-mul-46r\/#primaryimage","url":"https:\/\/www.rinaldisrl.com\/wp-content\/uploads\/2023\/09\/foratrice-MUL46R.jpg","contentUrl":"https:\/\/www.rinaldisrl.com\/wp-content\/uploads\/2023\/09\/foratrice-MUL46R.jpg","width":1200,"height":1200},{"@type":"BreadcrumbList","@id":"https:\/\/www.rinaldisrl.com\/es\/productos\/taladradora-mul-46r\/#breadcrumb","itemListElement":[{"@type":"ListItem","position":1,"name":"Home","item":"https:\/\/www.rinaldisrl.com\/es\/"},{"@type":"ListItem","position":2,"name":"Cat\u00e1logo","item":"https:\/\/www.rinaldisrl.com\/es\/catalogo\/"},{"@type":"ListItem","position":3,"name":"Taladradora MUL 46R"}]},{"@type":"WebSite","@id":"https:\/\/www.rinaldisrl.com\/es\/#website","url":"https:\/\/www.rinaldisrl.com\/es\/","name":"Rinaldi Srl","description":"","publisher":{"@id":"https:\/\/www.rinaldisrl.com\/es\/#organization"},"potentialAction":[{"@type":"SearchAction","target":{"@type":"EntryPoint","urlTemplate":"https:\/\/www.rinaldisrl.com\/es\/?s={search_term_string}"},"query-input":{"@type":"PropertyValueSpecification","valueRequired":true,"valueName":"search_term_string"}}],"inLanguage":"es"},{"@type":"Organization","@id":"https:\/\/www.rinaldisrl.com\/es\/#organization","name":"Fratelli Rinaldi Srl","alternateName":"Fratelli Rinaldi Srl","url":"https:\/\/www.rinaldisrl.com\/es\/","logo":{"@type":"ImageObject","inLanguage":"es","@id":"https:\/\/www.rinaldisrl.com\/es\/#\/schema\/logo\/image\/","url":"https:\/\/www.rinaldisrl.com\/wp-content\/uploads\/2023\/07\/logo-50-anni.png","contentUrl":"https:\/\/www.rinaldisrl.com\/wp-content\/uploads\/2023\/07\/logo-50-anni.png","width":350,"height":200,"caption":"Fratelli Rinaldi Srl"},"image":{"@id":"https:\/\/www.rinaldisrl.com\/es\/#\/schema\/logo\/image\/"}}]}},"_links":{"self":[{"href":"https:\/\/www.rinaldisrl.com\/es\/wp-json\/wp\/v2\/product\/1871","targetHints":{"allow":["GET"]}}],"collection":[{"href":"https:\/\/www.rinaldisrl.com\/es\/wp-json\/wp\/v2\/product"}],"about":[{"href":"https:\/\/www.rinaldisrl.com\/es\/wp-json\/wp\/v2\/types\/product"}],"wp:featuredmedia":[{"embeddable":true,"href":"https:\/\/www.rinaldisrl.com\/es\/wp-json\/wp\/v2\/media\/1141"}],"wp:attachment":[{"href":"https:\/\/www.rinaldisrl.com\/es\/wp-json\/wp\/v2\/media?parent=1871"}],"wp:term":[{"taxonomy":"product_brand","embeddable":true,"href":"https:\/\/www.rinaldisrl.com\/es\/wp-json\/wp\/v2\/product_brand?post=1871"},{"taxonomy":"product_cat","embeddable":true,"href":"https:\/\/www.rinaldisrl.com\/es\/wp-json\/wp\/v2\/product_cat?post=1871"},{"taxonomy":"product_tag","embeddable":true,"href":"https:\/\/www.rinaldisrl.com\/es\/wp-json\/wp\/v2\/product_tag?post=1871"}],"curies":[{"name":"wp","href":"https:\/\/api.w.org\/{rel}","templated":true}]}}