{"id":1869,"date":"2023-09-08T13:50:44","date_gmt":"2023-09-08T13:50:44","guid":{"rendered":"https:\/\/www.rinaldisrl.com\/prodotti\/troncatrice-tma-60a-tma60ac-2\/"},"modified":"2025-03-07T11:29:39","modified_gmt":"2025-03-07T10:29:39","slug":"tronzadora-tma-60a-tma60ac","status":"publish","type":"product","link":"https:\/\/www.rinaldisrl.com\/es\/productos\/tronzadora-tma-60a-tma60ac\/","title":{"rendered":"Tronzadora TMA 60A &#8211; TMA60AC"},"content":{"rendered":"","protected":false},"excerpt":{"rendered":"<p><strong>Tronzadora de un solo cabezal ascendente con gran capacidad de corte y avance de cuchilla semiautom\u00e1tico.<\/strong><br \/>\nEscuadra vertical ajustable para aumentar la capacidad de corte; \u00c1ngulo de corte de hasta 15\u00b0 izquierda y derecha con tres posiciones fijas -45\u00b0, 0\u00b0, +45\u00b0 para una colocaci\u00f3n r\u00e1pida.<br \/>\nProtecci\u00f3n total de la zona de corte con t\u00faneles laterales de prevenci\u00f3n de accidentes.<br \/>\nLa versi\u00f3n \u201c60AC\u201d incluye el mando de apertura\/cierre de la protecci\u00f3n de neum\u00e1ticos.<\/p>\n","protected":false},"featured_media":1181,"template":"","meta":[],"product_brand":[],"product_cat":[277],"product_tag":[],"class_list":{"0":"post-1869","1":"product","2":"type-product","3":"status-publish","4":"has-post-thumbnail","6":"product_cat-tronzadoras-cabezal-unico","8":"first","9":"instock","10":"shipping-taxable","11":"product-type-simple"},"yoast_head":"<!-- This site is optimized with the Yoast SEO plugin v27.2 - https:\/\/yoast.com\/product\/yoast-seo-wordpress\/ -->\n<title>Tronzadora con Avance de Cuchilla Semiautom\u00e1tico | TMA 60A<\/title>\n<meta name=\"description\" content=\"Tronzadora con avance de cuchilla semiautom\u00e1tico, con gran capacidad de corte. Escuadra vertical ajustable para aumentar la capacidad de corte.\" \/>\n<meta name=\"robots\" content=\"index, follow, max-snippet:-1, max-image-preview:large, max-video-preview:-1\" \/>\n<link rel=\"canonical\" href=\"https:\/\/www.rinaldisrl.com\/es\/productos\/tronzadora-tma-60a-tma60ac\/\" \/>\n<meta property=\"og:locale\" content=\"es_ES\" \/>\n<meta property=\"og:type\" content=\"article\" \/>\n<meta property=\"og:title\" content=\"Tronzadora con Avance de Cuchilla Semiautom\u00e1tico | TMA 60A\" \/>\n<meta property=\"og:description\" content=\"Tronzadora con avance de cuchilla semiautom\u00e1tico, con gran capacidad de corte. Escuadra vertical ajustable para aumentar la capacidad de corte.\" \/>\n<meta property=\"og:url\" content=\"https:\/\/www.rinaldisrl.com\/es\/productos\/tronzadora-tma-60a-tma60ac\/\" \/>\n<meta property=\"og:site_name\" content=\"Rinaldi Srl\" \/>\n<meta property=\"article:modified_time\" content=\"2025-03-07T10:29:39+00:00\" \/>\n<meta property=\"og:image\" content=\"https:\/\/www.rinaldisrl.com\/wp-content\/uploads\/2023\/09\/troncatrice-TMA60A.jpg\" \/>\n\t<meta property=\"og:image:width\" content=\"1200\" \/>\n\t<meta property=\"og:image:height\" content=\"1200\" \/>\n\t<meta property=\"og:image:type\" content=\"image\/jpeg\" \/>\n<meta name=\"twitter:card\" content=\"summary_large_image\" \/>\n<meta name=\"twitter:label1\" content=\"Tiempo de lectura\" \/>\n\t<meta name=\"twitter:data1\" content=\"1 minuto\" \/>\n<script type=\"application\/ld+json\" class=\"yoast-schema-graph\">{\"@context\":\"https:\/\/schema.org\",\"@graph\":[{\"@type\":\"WebPage\",\"@id\":\"https:\/\/www.rinaldisrl.com\/es\/productos\/tronzadora-tma-60a-tma60ac\/\",\"url\":\"https:\/\/www.rinaldisrl.com\/es\/productos\/tronzadora-tma-60a-tma60ac\/\",\"name\":\"Tronzadora con Avance de Cuchilla Semiautom\u00e1tico | TMA 60A\",\"isPartOf\":{\"@id\":\"https:\/\/www.rinaldisrl.com\/es\/#website\"},\"primaryImageOfPage\":{\"@id\":\"https:\/\/www.rinaldisrl.com\/es\/productos\/tronzadora-tma-60a-tma60ac\/#primaryimage\"},\"image\":{\"@id\":\"https:\/\/www.rinaldisrl.com\/es\/productos\/tronzadora-tma-60a-tma60ac\/#primaryimage\"},\"thumbnailUrl\":\"https:\/\/www.rinaldisrl.com\/wp-content\/uploads\/2023\/09\/troncatrice-TMA60A.jpg\",\"datePublished\":\"2023-09-08T13:50:44+00:00\",\"dateModified\":\"2025-03-07T10:29:39+00:00\",\"description\":\"Tronzadora con avance de cuchilla semiautom\u00e1tico, con gran capacidad de corte. Escuadra vertical ajustable para aumentar la capacidad de corte.\",\"breadcrumb\":{\"@id\":\"https:\/\/www.rinaldisrl.com\/es\/productos\/tronzadora-tma-60a-tma60ac\/#breadcrumb\"},\"inLanguage\":\"es\",\"potentialAction\":[{\"@type\":\"ReadAction\",\"target\":[\"https:\/\/www.rinaldisrl.com\/es\/productos\/tronzadora-tma-60a-tma60ac\/\"]}]},{\"@type\":\"ImageObject\",\"inLanguage\":\"es\",\"@id\":\"https:\/\/www.rinaldisrl.com\/es\/productos\/tronzadora-tma-60a-tma60ac\/#primaryimage\",\"url\":\"https:\/\/www.rinaldisrl.com\/wp-content\/uploads\/2023\/09\/troncatrice-TMA60A.jpg\",\"contentUrl\":\"https:\/\/www.rinaldisrl.com\/wp-content\/uploads\/2023\/09\/troncatrice-TMA60A.jpg\",\"width\":1200,\"height\":1200},{\"@type\":\"BreadcrumbList\",\"@id\":\"https:\/\/www.rinaldisrl.com\/es\/productos\/tronzadora-tma-60a-tma60ac\/#breadcrumb\",\"itemListElement\":[{\"@type\":\"ListItem\",\"position\":1,\"name\":\"Home\",\"item\":\"https:\/\/www.rinaldisrl.com\/es\/\"},{\"@type\":\"ListItem\",\"position\":2,\"name\":\"Cat\u00e1logo\",\"item\":\"https:\/\/www.rinaldisrl.com\/es\/catalogo\/\"},{\"@type\":\"ListItem\",\"position\":3,\"name\":\"Tronzadora TMA 60A &#8211; TMA60AC\"}]},{\"@type\":\"WebSite\",\"@id\":\"https:\/\/www.rinaldisrl.com\/es\/#website\",\"url\":\"https:\/\/www.rinaldisrl.com\/es\/\",\"name\":\"Rinaldi Srl\",\"description\":\"\",\"publisher\":{\"@id\":\"https:\/\/www.rinaldisrl.com\/es\/#organization\"},\"potentialAction\":[{\"@type\":\"SearchAction\",\"target\":{\"@type\":\"EntryPoint\",\"urlTemplate\":\"https:\/\/www.rinaldisrl.com\/es\/?s={search_term_string}\"},\"query-input\":{\"@type\":\"PropertyValueSpecification\",\"valueRequired\":true,\"valueName\":\"search_term_string\"}}],\"inLanguage\":\"es\"},{\"@type\":\"Organization\",\"@id\":\"https:\/\/www.rinaldisrl.com\/es\/#organization\",\"name\":\"Fratelli Rinaldi Srl\",\"alternateName\":\"Fratelli Rinaldi Srl\",\"url\":\"https:\/\/www.rinaldisrl.com\/es\/\",\"logo\":{\"@type\":\"ImageObject\",\"inLanguage\":\"es\",\"@id\":\"https:\/\/www.rinaldisrl.com\/es\/#\/schema\/logo\/image\/\",\"url\":\"https:\/\/www.rinaldisrl.com\/wp-content\/uploads\/2023\/07\/logo-50-anni.png\",\"contentUrl\":\"https:\/\/www.rinaldisrl.com\/wp-content\/uploads\/2023\/07\/logo-50-anni.png\",\"width\":350,\"height\":200,\"caption\":\"Fratelli Rinaldi Srl\"},\"image\":{\"@id\":\"https:\/\/www.rinaldisrl.com\/es\/#\/schema\/logo\/image\/\"}}]}<\/script>\n<!-- \/ Yoast SEO plugin. -->","yoast_head_json":{"title":"Tronzadora con Avance de Cuchilla Semiautom\u00e1tico | TMA 60A","description":"Tronzadora con avance de cuchilla semiautom\u00e1tico, con gran capacidad de corte. Escuadra vertical ajustable para aumentar la capacidad de corte.","robots":{"index":"index","follow":"follow","max-snippet":"max-snippet:-1","max-image-preview":"max-image-preview:large","max-video-preview":"max-video-preview:-1"},"canonical":"https:\/\/www.rinaldisrl.com\/es\/productos\/tronzadora-tma-60a-tma60ac\/","og_locale":"es_ES","og_type":"article","og_title":"Tronzadora con Avance de Cuchilla Semiautom\u00e1tico | TMA 60A","og_description":"Tronzadora con avance de cuchilla semiautom\u00e1tico, con gran capacidad de corte. Escuadra vertical ajustable para aumentar la capacidad de corte.","og_url":"https:\/\/www.rinaldisrl.com\/es\/productos\/tronzadora-tma-60a-tma60ac\/","og_site_name":"Rinaldi Srl","article_modified_time":"2025-03-07T10:29:39+00:00","og_image":[{"width":1200,"height":1200,"url":"https:\/\/www.rinaldisrl.com\/wp-content\/uploads\/2023\/09\/troncatrice-TMA60A.jpg","type":"image\/jpeg"}],"twitter_card":"summary_large_image","twitter_misc":{"Tiempo de lectura":"1 minuto"},"schema":{"@context":"https:\/\/schema.org","@graph":[{"@type":"WebPage","@id":"https:\/\/www.rinaldisrl.com\/es\/productos\/tronzadora-tma-60a-tma60ac\/","url":"https:\/\/www.rinaldisrl.com\/es\/productos\/tronzadora-tma-60a-tma60ac\/","name":"Tronzadora con Avance de Cuchilla Semiautom\u00e1tico | TMA 60A","isPartOf":{"@id":"https:\/\/www.rinaldisrl.com\/es\/#website"},"primaryImageOfPage":{"@id":"https:\/\/www.rinaldisrl.com\/es\/productos\/tronzadora-tma-60a-tma60ac\/#primaryimage"},"image":{"@id":"https:\/\/www.rinaldisrl.com\/es\/productos\/tronzadora-tma-60a-tma60ac\/#primaryimage"},"thumbnailUrl":"https:\/\/www.rinaldisrl.com\/wp-content\/uploads\/2023\/09\/troncatrice-TMA60A.jpg","datePublished":"2023-09-08T13:50:44+00:00","dateModified":"2025-03-07T10:29:39+00:00","description":"Tronzadora con avance de cuchilla semiautom\u00e1tico, con gran capacidad de corte. Escuadra vertical ajustable para aumentar la capacidad de corte.","breadcrumb":{"@id":"https:\/\/www.rinaldisrl.com\/es\/productos\/tronzadora-tma-60a-tma60ac\/#breadcrumb"},"inLanguage":"es","potentialAction":[{"@type":"ReadAction","target":["https:\/\/www.rinaldisrl.com\/es\/productos\/tronzadora-tma-60a-tma60ac\/"]}]},{"@type":"ImageObject","inLanguage":"es","@id":"https:\/\/www.rinaldisrl.com\/es\/productos\/tronzadora-tma-60a-tma60ac\/#primaryimage","url":"https:\/\/www.rinaldisrl.com\/wp-content\/uploads\/2023\/09\/troncatrice-TMA60A.jpg","contentUrl":"https:\/\/www.rinaldisrl.com\/wp-content\/uploads\/2023\/09\/troncatrice-TMA60A.jpg","width":1200,"height":1200},{"@type":"BreadcrumbList","@id":"https:\/\/www.rinaldisrl.com\/es\/productos\/tronzadora-tma-60a-tma60ac\/#breadcrumb","itemListElement":[{"@type":"ListItem","position":1,"name":"Home","item":"https:\/\/www.rinaldisrl.com\/es\/"},{"@type":"ListItem","position":2,"name":"Cat\u00e1logo","item":"https:\/\/www.rinaldisrl.com\/es\/catalogo\/"},{"@type":"ListItem","position":3,"name":"Tronzadora TMA 60A &#8211; TMA60AC"}]},{"@type":"WebSite","@id":"https:\/\/www.rinaldisrl.com\/es\/#website","url":"https:\/\/www.rinaldisrl.com\/es\/","name":"Rinaldi Srl","description":"","publisher":{"@id":"https:\/\/www.rinaldisrl.com\/es\/#organization"},"potentialAction":[{"@type":"SearchAction","target":{"@type":"EntryPoint","urlTemplate":"https:\/\/www.rinaldisrl.com\/es\/?s={search_term_string}"},"query-input":{"@type":"PropertyValueSpecification","valueRequired":true,"valueName":"search_term_string"}}],"inLanguage":"es"},{"@type":"Organization","@id":"https:\/\/www.rinaldisrl.com\/es\/#organization","name":"Fratelli Rinaldi Srl","alternateName":"Fratelli Rinaldi Srl","url":"https:\/\/www.rinaldisrl.com\/es\/","logo":{"@type":"ImageObject","inLanguage":"es","@id":"https:\/\/www.rinaldisrl.com\/es\/#\/schema\/logo\/image\/","url":"https:\/\/www.rinaldisrl.com\/wp-content\/uploads\/2023\/07\/logo-50-anni.png","contentUrl":"https:\/\/www.rinaldisrl.com\/wp-content\/uploads\/2023\/07\/logo-50-anni.png","width":350,"height":200,"caption":"Fratelli Rinaldi Srl"},"image":{"@id":"https:\/\/www.rinaldisrl.com\/es\/#\/schema\/logo\/image\/"}}]}},"_links":{"self":[{"href":"https:\/\/www.rinaldisrl.com\/es\/wp-json\/wp\/v2\/product\/1869","targetHints":{"allow":["GET"]}}],"collection":[{"href":"https:\/\/www.rinaldisrl.com\/es\/wp-json\/wp\/v2\/product"}],"about":[{"href":"https:\/\/www.rinaldisrl.com\/es\/wp-json\/wp\/v2\/types\/product"}],"wp:featuredmedia":[{"embeddable":true,"href":"https:\/\/www.rinaldisrl.com\/es\/wp-json\/wp\/v2\/media\/1181"}],"wp:attachment":[{"href":"https:\/\/www.rinaldisrl.com\/es\/wp-json\/wp\/v2\/media?parent=1869"}],"wp:term":[{"taxonomy":"product_brand","embeddable":true,"href":"https:\/\/www.rinaldisrl.com\/es\/wp-json\/wp\/v2\/product_brand?post=1869"},{"taxonomy":"product_cat","embeddable":true,"href":"https:\/\/www.rinaldisrl.com\/es\/wp-json\/wp\/v2\/product_cat?post=1869"},{"taxonomy":"product_tag","embeddable":true,"href":"https:\/\/www.rinaldisrl.com\/es\/wp-json\/wp\/v2\/product_tag?post=1869"}],"curies":[{"name":"wp","href":"https:\/\/api.w.org\/{rel}","templated":true}]}}