{"id":1868,"date":"2023-09-08T14:04:56","date_gmt":"2023-09-08T12:04:56","guid":{"rendered":"https:\/\/www.rinaldisrl.com\/prodotti\/troncatrice-tmf-55a-2\/"},"modified":"2025-03-07T11:31:06","modified_gmt":"2025-03-07T10:31:06","slug":"tronzadora-tmf-55a","status":"publish","type":"product","link":"https:\/\/www.rinaldisrl.com\/es\/productos\/tronzadora-tmf-55a\/","title":{"rendered":"Tronzadora TMF 55A"},"content":{"rendered":"","protected":false},"excerpt":{"rendered":"<p>Tronzadora de un solo cabezal frontal de gran capacidad de corte con avance de cuchilla semiautom\u00e1tico.<br \/>\n<strong>Inclinaci\u00f3n del cabezal controlada el\u00e9ctricamente con tres botones r\u00e1pidos -45\u00b0 90\u00b0 +45\u00b0 \u00e1ngulos de corte derecho e izquierdo hasta 22,5\u00b0 con posicionamiento electr\u00f3nico.<\/strong> Protecci\u00f3n integral de la zona de corte controlada neum\u00e1ticamente.<\/p>\n","protected":false},"featured_media":1185,"template":"","meta":[],"product_brand":[],"product_cat":[277],"product_tag":[],"class_list":{"0":"post-1868","1":"product","2":"type-product","3":"status-publish","4":"has-post-thumbnail","6":"product_cat-tronzadoras-cabezal-unico","8":"first","9":"instock","10":"shipping-taxable","11":"product-type-simple"},"yoast_head":"<!-- This site is optimized with the Yoast SEO plugin v27.2 - https:\/\/yoast.com\/product\/yoast-seo-wordpress\/ -->\n<title>Tronzadora con Zona de Corte Controlada Neum\u00e1ticamente<\/title>\n<meta name=\"description\" content=\"Tronzadora con zona de corte controlada neum\u00e1ticamente. Un solo cabezal frontal, gran capacidad de corte con avance de cuchilla semiautom\u00e1tico.\" \/>\n<meta name=\"robots\" content=\"index, follow, max-snippet:-1, max-image-preview:large, max-video-preview:-1\" \/>\n<link rel=\"canonical\" href=\"https:\/\/www.rinaldisrl.com\/es\/productos\/tronzadora-tmf-55a\/\" \/>\n<meta property=\"og:locale\" content=\"es_ES\" \/>\n<meta property=\"og:type\" content=\"article\" \/>\n<meta property=\"og:title\" content=\"Tronzadora con Zona de Corte Controlada Neum\u00e1ticamente\" \/>\n<meta property=\"og:description\" content=\"Tronzadora con zona de corte controlada neum\u00e1ticamente. Un solo cabezal frontal, gran capacidad de corte con avance de cuchilla semiautom\u00e1tico.\" \/>\n<meta property=\"og:url\" content=\"https:\/\/www.rinaldisrl.com\/es\/productos\/tronzadora-tmf-55a\/\" \/>\n<meta property=\"og:site_name\" content=\"Rinaldi Srl\" \/>\n<meta property=\"article:modified_time\" content=\"2025-03-07T10:31:06+00:00\" \/>\n<meta property=\"og:image\" content=\"https:\/\/www.rinaldisrl.com\/wp-content\/uploads\/2023\/09\/troncatrice-TMF55A.jpg\" \/>\n\t<meta property=\"og:image:width\" content=\"1200\" \/>\n\t<meta property=\"og:image:height\" content=\"1200\" \/>\n\t<meta property=\"og:image:type\" content=\"image\/jpeg\" \/>\n<meta name=\"twitter:card\" content=\"summary_large_image\" \/>\n<meta name=\"twitter:label1\" content=\"Tiempo de lectura\" \/>\n\t<meta name=\"twitter:data1\" content=\"1 minuto\" \/>\n<script type=\"application\/ld+json\" class=\"yoast-schema-graph\">{\"@context\":\"https:\/\/schema.org\",\"@graph\":[{\"@type\":\"WebPage\",\"@id\":\"https:\/\/www.rinaldisrl.com\/es\/productos\/tronzadora-tmf-55a\/\",\"url\":\"https:\/\/www.rinaldisrl.com\/es\/productos\/tronzadora-tmf-55a\/\",\"name\":\"Tronzadora con Zona de Corte Controlada Neum\u00e1ticamente\",\"isPartOf\":{\"@id\":\"https:\/\/www.rinaldisrl.com\/es\/#website\"},\"primaryImageOfPage\":{\"@id\":\"https:\/\/www.rinaldisrl.com\/es\/productos\/tronzadora-tmf-55a\/#primaryimage\"},\"image\":{\"@id\":\"https:\/\/www.rinaldisrl.com\/es\/productos\/tronzadora-tmf-55a\/#primaryimage\"},\"thumbnailUrl\":\"https:\/\/www.rinaldisrl.com\/wp-content\/uploads\/2023\/09\/troncatrice-TMF55A.jpg\",\"datePublished\":\"2023-09-08T12:04:56+00:00\",\"dateModified\":\"2025-03-07T10:31:06+00:00\",\"description\":\"Tronzadora con zona de corte controlada neum\u00e1ticamente. Un solo cabezal frontal, gran capacidad de corte con avance de cuchilla semiautom\u00e1tico.\",\"breadcrumb\":{\"@id\":\"https:\/\/www.rinaldisrl.com\/es\/productos\/tronzadora-tmf-55a\/#breadcrumb\"},\"inLanguage\":\"es\",\"potentialAction\":[{\"@type\":\"ReadAction\",\"target\":[\"https:\/\/www.rinaldisrl.com\/es\/productos\/tronzadora-tmf-55a\/\"]}]},{\"@type\":\"ImageObject\",\"inLanguage\":\"es\",\"@id\":\"https:\/\/www.rinaldisrl.com\/es\/productos\/tronzadora-tmf-55a\/#primaryimage\",\"url\":\"https:\/\/www.rinaldisrl.com\/wp-content\/uploads\/2023\/09\/troncatrice-TMF55A.jpg\",\"contentUrl\":\"https:\/\/www.rinaldisrl.com\/wp-content\/uploads\/2023\/09\/troncatrice-TMF55A.jpg\",\"width\":1200,\"height\":1200},{\"@type\":\"BreadcrumbList\",\"@id\":\"https:\/\/www.rinaldisrl.com\/es\/productos\/tronzadora-tmf-55a\/#breadcrumb\",\"itemListElement\":[{\"@type\":\"ListItem\",\"position\":1,\"name\":\"Home\",\"item\":\"https:\/\/www.rinaldisrl.com\/es\/\"},{\"@type\":\"ListItem\",\"position\":2,\"name\":\"Cat\u00e1logo\",\"item\":\"https:\/\/www.rinaldisrl.com\/es\/catalogo\/\"},{\"@type\":\"ListItem\",\"position\":3,\"name\":\"Tronzadora TMF 55A\"}]},{\"@type\":\"WebSite\",\"@id\":\"https:\/\/www.rinaldisrl.com\/es\/#website\",\"url\":\"https:\/\/www.rinaldisrl.com\/es\/\",\"name\":\"Rinaldi Srl\",\"description\":\"\",\"publisher\":{\"@id\":\"https:\/\/www.rinaldisrl.com\/es\/#organization\"},\"potentialAction\":[{\"@type\":\"SearchAction\",\"target\":{\"@type\":\"EntryPoint\",\"urlTemplate\":\"https:\/\/www.rinaldisrl.com\/es\/?s={search_term_string}\"},\"query-input\":{\"@type\":\"PropertyValueSpecification\",\"valueRequired\":true,\"valueName\":\"search_term_string\"}}],\"inLanguage\":\"es\"},{\"@type\":\"Organization\",\"@id\":\"https:\/\/www.rinaldisrl.com\/es\/#organization\",\"name\":\"Fratelli Rinaldi Srl\",\"alternateName\":\"Fratelli Rinaldi Srl\",\"url\":\"https:\/\/www.rinaldisrl.com\/es\/\",\"logo\":{\"@type\":\"ImageObject\",\"inLanguage\":\"es\",\"@id\":\"https:\/\/www.rinaldisrl.com\/es\/#\/schema\/logo\/image\/\",\"url\":\"https:\/\/www.rinaldisrl.com\/wp-content\/uploads\/2023\/07\/logo-50-anni.png\",\"contentUrl\":\"https:\/\/www.rinaldisrl.com\/wp-content\/uploads\/2023\/07\/logo-50-anni.png\",\"width\":350,\"height\":200,\"caption\":\"Fratelli Rinaldi Srl\"},\"image\":{\"@id\":\"https:\/\/www.rinaldisrl.com\/es\/#\/schema\/logo\/image\/\"}}]}<\/script>\n<!-- \/ Yoast SEO plugin. -->","yoast_head_json":{"title":"Tronzadora con Zona de Corte Controlada Neum\u00e1ticamente","description":"Tronzadora con zona de corte controlada neum\u00e1ticamente. Un solo cabezal frontal, gran capacidad de corte con avance de cuchilla semiautom\u00e1tico.","robots":{"index":"index","follow":"follow","max-snippet":"max-snippet:-1","max-image-preview":"max-image-preview:large","max-video-preview":"max-video-preview:-1"},"canonical":"https:\/\/www.rinaldisrl.com\/es\/productos\/tronzadora-tmf-55a\/","og_locale":"es_ES","og_type":"article","og_title":"Tronzadora con Zona de Corte Controlada Neum\u00e1ticamente","og_description":"Tronzadora con zona de corte controlada neum\u00e1ticamente. Un solo cabezal frontal, gran capacidad de corte con avance de cuchilla semiautom\u00e1tico.","og_url":"https:\/\/www.rinaldisrl.com\/es\/productos\/tronzadora-tmf-55a\/","og_site_name":"Rinaldi Srl","article_modified_time":"2025-03-07T10:31:06+00:00","og_image":[{"width":1200,"height":1200,"url":"https:\/\/www.rinaldisrl.com\/wp-content\/uploads\/2023\/09\/troncatrice-TMF55A.jpg","type":"image\/jpeg"}],"twitter_card":"summary_large_image","twitter_misc":{"Tiempo de lectura":"1 minuto"},"schema":{"@context":"https:\/\/schema.org","@graph":[{"@type":"WebPage","@id":"https:\/\/www.rinaldisrl.com\/es\/productos\/tronzadora-tmf-55a\/","url":"https:\/\/www.rinaldisrl.com\/es\/productos\/tronzadora-tmf-55a\/","name":"Tronzadora con Zona de Corte Controlada Neum\u00e1ticamente","isPartOf":{"@id":"https:\/\/www.rinaldisrl.com\/es\/#website"},"primaryImageOfPage":{"@id":"https:\/\/www.rinaldisrl.com\/es\/productos\/tronzadora-tmf-55a\/#primaryimage"},"image":{"@id":"https:\/\/www.rinaldisrl.com\/es\/productos\/tronzadora-tmf-55a\/#primaryimage"},"thumbnailUrl":"https:\/\/www.rinaldisrl.com\/wp-content\/uploads\/2023\/09\/troncatrice-TMF55A.jpg","datePublished":"2023-09-08T12:04:56+00:00","dateModified":"2025-03-07T10:31:06+00:00","description":"Tronzadora con zona de corte controlada neum\u00e1ticamente. Un solo cabezal frontal, gran capacidad de corte con avance de cuchilla semiautom\u00e1tico.","breadcrumb":{"@id":"https:\/\/www.rinaldisrl.com\/es\/productos\/tronzadora-tmf-55a\/#breadcrumb"},"inLanguage":"es","potentialAction":[{"@type":"ReadAction","target":["https:\/\/www.rinaldisrl.com\/es\/productos\/tronzadora-tmf-55a\/"]}]},{"@type":"ImageObject","inLanguage":"es","@id":"https:\/\/www.rinaldisrl.com\/es\/productos\/tronzadora-tmf-55a\/#primaryimage","url":"https:\/\/www.rinaldisrl.com\/wp-content\/uploads\/2023\/09\/troncatrice-TMF55A.jpg","contentUrl":"https:\/\/www.rinaldisrl.com\/wp-content\/uploads\/2023\/09\/troncatrice-TMF55A.jpg","width":1200,"height":1200},{"@type":"BreadcrumbList","@id":"https:\/\/www.rinaldisrl.com\/es\/productos\/tronzadora-tmf-55a\/#breadcrumb","itemListElement":[{"@type":"ListItem","position":1,"name":"Home","item":"https:\/\/www.rinaldisrl.com\/es\/"},{"@type":"ListItem","position":2,"name":"Cat\u00e1logo","item":"https:\/\/www.rinaldisrl.com\/es\/catalogo\/"},{"@type":"ListItem","position":3,"name":"Tronzadora TMF 55A"}]},{"@type":"WebSite","@id":"https:\/\/www.rinaldisrl.com\/es\/#website","url":"https:\/\/www.rinaldisrl.com\/es\/","name":"Rinaldi Srl","description":"","publisher":{"@id":"https:\/\/www.rinaldisrl.com\/es\/#organization"},"potentialAction":[{"@type":"SearchAction","target":{"@type":"EntryPoint","urlTemplate":"https:\/\/www.rinaldisrl.com\/es\/?s={search_term_string}"},"query-input":{"@type":"PropertyValueSpecification","valueRequired":true,"valueName":"search_term_string"}}],"inLanguage":"es"},{"@type":"Organization","@id":"https:\/\/www.rinaldisrl.com\/es\/#organization","name":"Fratelli Rinaldi Srl","alternateName":"Fratelli Rinaldi Srl","url":"https:\/\/www.rinaldisrl.com\/es\/","logo":{"@type":"ImageObject","inLanguage":"es","@id":"https:\/\/www.rinaldisrl.com\/es\/#\/schema\/logo\/image\/","url":"https:\/\/www.rinaldisrl.com\/wp-content\/uploads\/2023\/07\/logo-50-anni.png","contentUrl":"https:\/\/www.rinaldisrl.com\/wp-content\/uploads\/2023\/07\/logo-50-anni.png","width":350,"height":200,"caption":"Fratelli Rinaldi Srl"},"image":{"@id":"https:\/\/www.rinaldisrl.com\/es\/#\/schema\/logo\/image\/"}}]}},"_links":{"self":[{"href":"https:\/\/www.rinaldisrl.com\/es\/wp-json\/wp\/v2\/product\/1868","targetHints":{"allow":["GET"]}}],"collection":[{"href":"https:\/\/www.rinaldisrl.com\/es\/wp-json\/wp\/v2\/product"}],"about":[{"href":"https:\/\/www.rinaldisrl.com\/es\/wp-json\/wp\/v2\/types\/product"}],"wp:featuredmedia":[{"embeddable":true,"href":"https:\/\/www.rinaldisrl.com\/es\/wp-json\/wp\/v2\/media\/1185"}],"wp:attachment":[{"href":"https:\/\/www.rinaldisrl.com\/es\/wp-json\/wp\/v2\/media?parent=1868"}],"wp:term":[{"taxonomy":"product_brand","embeddable":true,"href":"https:\/\/www.rinaldisrl.com\/es\/wp-json\/wp\/v2\/product_brand?post=1868"},{"taxonomy":"product_cat","embeddable":true,"href":"https:\/\/www.rinaldisrl.com\/es\/wp-json\/wp\/v2\/product_cat?post=1868"},{"taxonomy":"product_tag","embeddable":true,"href":"https:\/\/www.rinaldisrl.com\/es\/wp-json\/wp\/v2\/product_tag?post=1868"}],"curies":[{"name":"wp","href":"https:\/\/api.w.org\/{rel}","templated":true}]}}