{"id":1865,"date":"2023-09-08T19:50:39","date_gmt":"2023-09-08T17:50:39","guid":{"rendered":"https:\/\/www.rinaldisrl.com\/prodotti\/tma-60a-tma-60e-alimentatore-2\/"},"modified":"2026-02-26T10:23:14","modified_gmt":"2026-02-26T09:23:14","slug":"tronzadoras-tma-60a-tma-60e-alimentador","status":"publish","type":"product","link":"https:\/\/www.rinaldisrl.com\/es\/productos\/tronzadoras-tma-60a-tma-60e-alimentador\/","title":{"rendered":"Tronzadoras TMA 60A &#8211; TMA 60E + Alimentador"},"content":{"rendered":"","protected":false},"excerpt":{"rendered":"<p><strong>Tronzadora de cabezal \u00fanico ascendente con alimentador<\/strong> para perfiles, caracterizada por su gran capacidad de corte y el avance semiautom\u00e1tico de la cuchilla.<br \/>\nEscuadra vertical ajustable para aumentar la capacidad de corte; \u00c1ngulo de corte de hasta 15\u00b0 izquierda y derecha con tres posiciones fijas -45\u00b0, 0\u00b0, +45\u00b0 para una colocaci\u00f3n r\u00e1pida.<\/p>\n<p><strong>Protecci\u00f3n total de la zona de corte con t\u00faneles laterales de prevenci\u00f3n de accidentes.<\/strong><\/p>\n<p>El transportador de rodillos tiene la funci\u00f3n de empujador de barras con movimiento de posicionamiento autom\u00e1tico accionado por un motor de corriente continua y un sistema de detecci\u00f3n de posici\u00f3n de alta precisi\u00f3n con banda magn\u00e9tica.<\/p>\n<p>Lectura y ajuste de dimensiones en pantalla LCD digital o mediante entrada de listas de corte importadas desde llave USB o toma RJ45 opcional.<br \/>\nLa longitud m\u00e1xima de carga es de 7000 mm.<\/p>\n","protected":false},"featured_media":1193,"template":"","meta":[],"product_brand":[],"product_cat":[284],"product_tag":[],"class_list":{"0":"post-1865","1":"product","2":"type-product","3":"status-publish","4":"has-post-thumbnail","6":"product_cat-linea-de-corte","8":"first","9":"instock","10":"shipping-taxable","11":"product-type-simple"},"yoast_head":"<!-- This site is optimized with the Yoast SEO plugin v27.5 - https:\/\/yoast.com\/product\/yoast-seo-wordpress\/ -->\n<title>Tronzadora de Cabezal \u00fanico con alimentador | TMA60A - TMA60E<\/title>\n<meta name=\"description\" content=\"Tronzadora de cabezal \u00fanico con alimentador para perfiles. Avance de cuchilla semiautom\u00e1tico. E scuadra vertical ajustable para aumentar la capacidad de corte.\" \/>\n<meta name=\"robots\" content=\"index, follow, max-snippet:-1, max-image-preview:large, max-video-preview:-1\" \/>\n<link rel=\"canonical\" href=\"https:\/\/www.rinaldisrl.com\/es\/productos\/tronzadoras-tma-60a-tma-60e-alimentador\/\" \/>\n<meta property=\"og:locale\" content=\"es_ES\" \/>\n<meta property=\"og:type\" content=\"article\" \/>\n<meta property=\"og:title\" content=\"Tronzadora de Cabezal \u00fanico con alimentador | TMA60A - TMA60E\" \/>\n<meta property=\"og:description\" content=\"Tronzadora de cabezal \u00fanico con alimentador para perfiles. Avance de cuchilla semiautom\u00e1tico. E scuadra vertical ajustable para aumentar la capacidad de corte.\" \/>\n<meta property=\"og:url\" content=\"https:\/\/www.rinaldisrl.com\/es\/productos\/tronzadoras-tma-60a-tma-60e-alimentador\/\" \/>\n<meta property=\"og:site_name\" content=\"Rinaldi Srl\" \/>\n<meta property=\"article:modified_time\" content=\"2026-02-26T09:23:14+00:00\" \/>\n<meta property=\"og:image\" content=\"https:\/\/www.rinaldisrl.com\/wp-content\/uploads\/2023\/09\/linea-troncatrice-TMA60A.jpg\" \/>\n\t<meta property=\"og:image:width\" content=\"1200\" \/>\n\t<meta property=\"og:image:height\" content=\"1200\" \/>\n\t<meta property=\"og:image:type\" content=\"image\/jpeg\" \/>\n<meta name=\"twitter:card\" content=\"summary_large_image\" \/>\n<meta name=\"twitter:label1\" content=\"Tiempo de lectura\" \/>\n\t<meta name=\"twitter:data1\" content=\"1 minuto\" \/>\n<script type=\"application\/ld+json\" class=\"yoast-schema-graph\">{\"@context\":\"https:\\\/\\\/schema.org\",\"@graph\":[{\"@type\":\"WebPage\",\"@id\":\"https:\\\/\\\/www.rinaldisrl.com\\\/es\\\/productos\\\/tronzadoras-tma-60a-tma-60e-alimentador\\\/\",\"url\":\"https:\\\/\\\/www.rinaldisrl.com\\\/es\\\/productos\\\/tronzadoras-tma-60a-tma-60e-alimentador\\\/\",\"name\":\"Tronzadora de Cabezal \u00fanico con alimentador | TMA60A - TMA60E\",\"isPartOf\":{\"@id\":\"https:\\\/\\\/www.rinaldisrl.com\\\/es\\\/#website\"},\"primaryImageOfPage\":{\"@id\":\"https:\\\/\\\/www.rinaldisrl.com\\\/es\\\/productos\\\/tronzadoras-tma-60a-tma-60e-alimentador\\\/#primaryimage\"},\"image\":{\"@id\":\"https:\\\/\\\/www.rinaldisrl.com\\\/es\\\/productos\\\/tronzadoras-tma-60a-tma-60e-alimentador\\\/#primaryimage\"},\"thumbnailUrl\":\"https:\\\/\\\/www.rinaldisrl.com\\\/wp-content\\\/uploads\\\/2023\\\/09\\\/linea-troncatrice-TMA60A.jpg\",\"datePublished\":\"2023-09-08T17:50:39+00:00\",\"dateModified\":\"2026-02-26T09:23:14+00:00\",\"description\":\"Tronzadora de cabezal \u00fanico con alimentador para perfiles. Avance de cuchilla semiautom\u00e1tico. E scuadra vertical ajustable para aumentar la capacidad de corte.\",\"breadcrumb\":{\"@id\":\"https:\\\/\\\/www.rinaldisrl.com\\\/es\\\/productos\\\/tronzadoras-tma-60a-tma-60e-alimentador\\\/#breadcrumb\"},\"inLanguage\":\"es\",\"potentialAction\":[{\"@type\":\"ReadAction\",\"target\":[\"https:\\\/\\\/www.rinaldisrl.com\\\/es\\\/productos\\\/tronzadoras-tma-60a-tma-60e-alimentador\\\/\"]}]},{\"@type\":\"ImageObject\",\"inLanguage\":\"es\",\"@id\":\"https:\\\/\\\/www.rinaldisrl.com\\\/es\\\/productos\\\/tronzadoras-tma-60a-tma-60e-alimentador\\\/#primaryimage\",\"url\":\"https:\\\/\\\/www.rinaldisrl.com\\\/wp-content\\\/uploads\\\/2023\\\/09\\\/linea-troncatrice-TMA60A.jpg\",\"contentUrl\":\"https:\\\/\\\/www.rinaldisrl.com\\\/wp-content\\\/uploads\\\/2023\\\/09\\\/linea-troncatrice-TMA60A.jpg\",\"width\":1200,\"height\":1200,\"caption\":\"Tronzadoras TMA 60A - TMA 60E + Alimentador\"},{\"@type\":\"BreadcrumbList\",\"@id\":\"https:\\\/\\\/www.rinaldisrl.com\\\/es\\\/productos\\\/tronzadoras-tma-60a-tma-60e-alimentador\\\/#breadcrumb\",\"itemListElement\":[{\"@type\":\"ListItem\",\"position\":1,\"name\":\"Home\",\"item\":\"https:\\\/\\\/www.rinaldisrl.com\\\/es\\\/\"},{\"@type\":\"ListItem\",\"position\":2,\"name\":\"Cat\u00e1logo\",\"item\":\"https:\\\/\\\/www.rinaldisrl.com\\\/es\\\/catalogo\\\/\"},{\"@type\":\"ListItem\",\"position\":3,\"name\":\"Tronzadoras TMA 60A &#8211; TMA 60E + Alimentador\"}]},{\"@type\":\"WebSite\",\"@id\":\"https:\\\/\\\/www.rinaldisrl.com\\\/es\\\/#website\",\"url\":\"https:\\\/\\\/www.rinaldisrl.com\\\/es\\\/\",\"name\":\"Rinaldi Srl\",\"description\":\"\",\"publisher\":{\"@id\":\"https:\\\/\\\/www.rinaldisrl.com\\\/es\\\/#organization\"},\"potentialAction\":[{\"@type\":\"SearchAction\",\"target\":{\"@type\":\"EntryPoint\",\"urlTemplate\":\"https:\\\/\\\/www.rinaldisrl.com\\\/es\\\/?s={search_term_string}\"},\"query-input\":{\"@type\":\"PropertyValueSpecification\",\"valueRequired\":true,\"valueName\":\"search_term_string\"}}],\"inLanguage\":\"es\"},{\"@type\":\"Organization\",\"@id\":\"https:\\\/\\\/www.rinaldisrl.com\\\/es\\\/#organization\",\"name\":\"Fratelli Rinaldi Srl\",\"alternateName\":\"Fratelli Rinaldi Srl\",\"url\":\"https:\\\/\\\/www.rinaldisrl.com\\\/es\\\/\",\"logo\":{\"@type\":\"ImageObject\",\"inLanguage\":\"es\",\"@id\":\"https:\\\/\\\/www.rinaldisrl.com\\\/es\\\/#\\\/schema\\\/logo\\\/image\\\/\",\"url\":\"https:\\\/\\\/www.rinaldisrl.com\\\/wp-content\\\/uploads\\\/2023\\\/07\\\/logo-50-anni.png\",\"contentUrl\":\"https:\\\/\\\/www.rinaldisrl.com\\\/wp-content\\\/uploads\\\/2023\\\/07\\\/logo-50-anni.png\",\"width\":350,\"height\":200,\"caption\":\"Fratelli Rinaldi Srl\"},\"image\":{\"@id\":\"https:\\\/\\\/www.rinaldisrl.com\\\/es\\\/#\\\/schema\\\/logo\\\/image\\\/\"}}]}<\/script>\n<!-- \/ Yoast SEO plugin. -->","yoast_head_json":{"title":"Tronzadora de Cabezal \u00fanico con alimentador | TMA60A - TMA60E","description":"Tronzadora de cabezal \u00fanico con alimentador para perfiles. Avance de cuchilla semiautom\u00e1tico. E scuadra vertical ajustable para aumentar la capacidad de corte.","robots":{"index":"index","follow":"follow","max-snippet":"max-snippet:-1","max-image-preview":"max-image-preview:large","max-video-preview":"max-video-preview:-1"},"canonical":"https:\/\/www.rinaldisrl.com\/es\/productos\/tronzadoras-tma-60a-tma-60e-alimentador\/","og_locale":"es_ES","og_type":"article","og_title":"Tronzadora de Cabezal \u00fanico con alimentador | TMA60A - TMA60E","og_description":"Tronzadora de cabezal \u00fanico con alimentador para perfiles. Avance de cuchilla semiautom\u00e1tico. E scuadra vertical ajustable para aumentar la capacidad de corte.","og_url":"https:\/\/www.rinaldisrl.com\/es\/productos\/tronzadoras-tma-60a-tma-60e-alimentador\/","og_site_name":"Rinaldi Srl","article_modified_time":"2026-02-26T09:23:14+00:00","og_image":[{"width":1200,"height":1200,"url":"https:\/\/www.rinaldisrl.com\/wp-content\/uploads\/2023\/09\/linea-troncatrice-TMA60A.jpg","type":"image\/jpeg"}],"twitter_card":"summary_large_image","twitter_misc":{"Tiempo de lectura":"1 minuto"},"schema":{"@context":"https:\/\/schema.org","@graph":[{"@type":"WebPage","@id":"https:\/\/www.rinaldisrl.com\/es\/productos\/tronzadoras-tma-60a-tma-60e-alimentador\/","url":"https:\/\/www.rinaldisrl.com\/es\/productos\/tronzadoras-tma-60a-tma-60e-alimentador\/","name":"Tronzadora de Cabezal \u00fanico con alimentador | TMA60A - TMA60E","isPartOf":{"@id":"https:\/\/www.rinaldisrl.com\/es\/#website"},"primaryImageOfPage":{"@id":"https:\/\/www.rinaldisrl.com\/es\/productos\/tronzadoras-tma-60a-tma-60e-alimentador\/#primaryimage"},"image":{"@id":"https:\/\/www.rinaldisrl.com\/es\/productos\/tronzadoras-tma-60a-tma-60e-alimentador\/#primaryimage"},"thumbnailUrl":"https:\/\/www.rinaldisrl.com\/wp-content\/uploads\/2023\/09\/linea-troncatrice-TMA60A.jpg","datePublished":"2023-09-08T17:50:39+00:00","dateModified":"2026-02-26T09:23:14+00:00","description":"Tronzadora de cabezal \u00fanico con alimentador para perfiles. Avance de cuchilla semiautom\u00e1tico. E scuadra vertical ajustable para aumentar la capacidad de corte.","breadcrumb":{"@id":"https:\/\/www.rinaldisrl.com\/es\/productos\/tronzadoras-tma-60a-tma-60e-alimentador\/#breadcrumb"},"inLanguage":"es","potentialAction":[{"@type":"ReadAction","target":["https:\/\/www.rinaldisrl.com\/es\/productos\/tronzadoras-tma-60a-tma-60e-alimentador\/"]}]},{"@type":"ImageObject","inLanguage":"es","@id":"https:\/\/www.rinaldisrl.com\/es\/productos\/tronzadoras-tma-60a-tma-60e-alimentador\/#primaryimage","url":"https:\/\/www.rinaldisrl.com\/wp-content\/uploads\/2023\/09\/linea-troncatrice-TMA60A.jpg","contentUrl":"https:\/\/www.rinaldisrl.com\/wp-content\/uploads\/2023\/09\/linea-troncatrice-TMA60A.jpg","width":1200,"height":1200,"caption":"Tronzadoras TMA 60A - TMA 60E + Alimentador"},{"@type":"BreadcrumbList","@id":"https:\/\/www.rinaldisrl.com\/es\/productos\/tronzadoras-tma-60a-tma-60e-alimentador\/#breadcrumb","itemListElement":[{"@type":"ListItem","position":1,"name":"Home","item":"https:\/\/www.rinaldisrl.com\/es\/"},{"@type":"ListItem","position":2,"name":"Cat\u00e1logo","item":"https:\/\/www.rinaldisrl.com\/es\/catalogo\/"},{"@type":"ListItem","position":3,"name":"Tronzadoras TMA 60A &#8211; TMA 60E + Alimentador"}]},{"@type":"WebSite","@id":"https:\/\/www.rinaldisrl.com\/es\/#website","url":"https:\/\/www.rinaldisrl.com\/es\/","name":"Rinaldi Srl","description":"","publisher":{"@id":"https:\/\/www.rinaldisrl.com\/es\/#organization"},"potentialAction":[{"@type":"SearchAction","target":{"@type":"EntryPoint","urlTemplate":"https:\/\/www.rinaldisrl.com\/es\/?s={search_term_string}"},"query-input":{"@type":"PropertyValueSpecification","valueRequired":true,"valueName":"search_term_string"}}],"inLanguage":"es"},{"@type":"Organization","@id":"https:\/\/www.rinaldisrl.com\/es\/#organization","name":"Fratelli Rinaldi Srl","alternateName":"Fratelli Rinaldi Srl","url":"https:\/\/www.rinaldisrl.com\/es\/","logo":{"@type":"ImageObject","inLanguage":"es","@id":"https:\/\/www.rinaldisrl.com\/es\/#\/schema\/logo\/image\/","url":"https:\/\/www.rinaldisrl.com\/wp-content\/uploads\/2023\/07\/logo-50-anni.png","contentUrl":"https:\/\/www.rinaldisrl.com\/wp-content\/uploads\/2023\/07\/logo-50-anni.png","width":350,"height":200,"caption":"Fratelli Rinaldi Srl"},"image":{"@id":"https:\/\/www.rinaldisrl.com\/es\/#\/schema\/logo\/image\/"}}]}},"_links":{"self":[{"href":"https:\/\/www.rinaldisrl.com\/es\/wp-json\/wp\/v2\/product\/1865","targetHints":{"allow":["GET"]}}],"collection":[{"href":"https:\/\/www.rinaldisrl.com\/es\/wp-json\/wp\/v2\/product"}],"about":[{"href":"https:\/\/www.rinaldisrl.com\/es\/wp-json\/wp\/v2\/types\/product"}],"wp:featuredmedia":[{"embeddable":true,"href":"https:\/\/www.rinaldisrl.com\/es\/wp-json\/wp\/v2\/media\/1193"}],"wp:attachment":[{"href":"https:\/\/www.rinaldisrl.com\/es\/wp-json\/wp\/v2\/media?parent=1865"}],"wp:term":[{"taxonomy":"product_brand","embeddable":true,"href":"https:\/\/www.rinaldisrl.com\/es\/wp-json\/wp\/v2\/product_brand?post=1865"},{"taxonomy":"product_cat","embeddable":true,"href":"https:\/\/www.rinaldisrl.com\/es\/wp-json\/wp\/v2\/product_cat?post=1865"},{"taxonomy":"product_tag","embeddable":true,"href":"https:\/\/www.rinaldisrl.com\/es\/wp-json\/wp\/v2\/product_tag?post=1865"}],"curies":[{"name":"wp","href":"https:\/\/api.w.org\/{rel}","templated":true}]}}