{"id":1861,"date":"2023-09-08T20:44:10","date_gmt":"2023-09-08T18:44:10","guid":{"rendered":"https:\/\/www.rinaldisrl.com\/prodotti\/centro-di-lavoro-cdl-33q-2\/"},"modified":"2026-02-23T11:39:42","modified_gmt":"2026-02-23T10:39:42","slug":"centro-de-mecanizado-cdl-33q","status":"publish","type":"product","link":"https:\/\/www.rinaldisrl.com\/es\/productos\/centro-de-mecanizado-cdl-33q\/","title":{"rendered":"Centro de mecanizado vertical CDL 33Q"},"content":{"rendered":"","protected":false},"excerpt":{"rendered":"<p><strong>Centro de mecanizado vertical m\u00f3vil con husillo vertical y 4 ejes controlados por control num\u00e9rico. Carenado perimetral integral con tanque recolector de virutas. m\u00f3vil con husillo vertical y 4 ejes controlados por control num\u00e9rico que incluye rotaci\u00f3n continua de la mesa de mordaza que permite cualquier \u00e1ngulo de -90\u00b0 a +90\u00b0.<\/strong><br \/>\nCarenado perimetral integral con tanque recolector de virutas; protecci\u00f3n lateral frontal deslizante con control neum\u00e1tico.<br \/>\n<strong>Cambio r\u00e1pido de herramienta autom\u00e1tico de 4 posiciones cono ISO30.<\/strong><br \/>\nBloqueo de piezas con 4 mordazas neum\u00e1ticas de posicionamiento manual, bloqueo neum\u00e1tico y control autom\u00e1tico de posici\u00f3n de serie; bloqueo neum\u00e1tico y posicionamiento autom\u00e1tico como opci\u00f3n.<br \/>\n<strong>Posibilidad de trabajar aluminio, PVC, acero hasta 4 mm y acero inoxidable hasta 3 mm con accesorio espec\u00edfico.<\/strong><br \/>\nLa versi\u00f3n \u201c33Q\u201d tiene un husillo con una velocidad m\u00e1xima de 12.000 rpm, la versi\u00f3n \u201c33Q con electrohusillo\u201d con una velocidad m\u00e1xima de 20.000 rpm.<\/p>\n","protected":false},"featured_media":1209,"template":"","meta":[],"product_brand":[],"product_cat":[244],"product_tag":[],"class_list":{"0":"post-1861","1":"product","2":"type-product","3":"status-publish","4":"has-post-thumbnail","6":"product_cat-centro-de-mecanizado","8":"first","9":"instock","10":"shipping-taxable","11":"product-type-simple"},"yoast_head":"<!-- This site is optimized with the Yoast SEO plugin v27.2 - https:\/\/yoast.com\/product\/yoast-seo-wordpress\/ -->\n<title>Centro de Mecanizado Vertical | CDL 33Q<\/title>\n<meta name=\"description\" content=\"Centro de mecanizado vertical m\u00f3vil con husillo vertical y 4 ejes controlados por control num\u00e9rico. Carenado perimetral integral con tanque recolector de virutas.\" \/>\n<meta name=\"robots\" content=\"index, follow, max-snippet:-1, max-image-preview:large, max-video-preview:-1\" \/>\n<link rel=\"canonical\" href=\"https:\/\/www.rinaldisrl.com\/es\/productos\/centro-de-mecanizado-cdl-33q\/\" \/>\n<meta property=\"og:locale\" content=\"es_ES\" \/>\n<meta property=\"og:type\" content=\"article\" \/>\n<meta property=\"og:title\" content=\"Centro de Mecanizado Vertical | CDL 33Q\" \/>\n<meta property=\"og:description\" content=\"Centro de mecanizado vertical m\u00f3vil con husillo vertical y 4 ejes controlados por control num\u00e9rico. Carenado perimetral integral con tanque recolector de virutas.\" \/>\n<meta property=\"og:url\" content=\"https:\/\/www.rinaldisrl.com\/es\/productos\/centro-de-mecanizado-cdl-33q\/\" \/>\n<meta property=\"og:site_name\" content=\"Rinaldi Srl\" \/>\n<meta property=\"article:modified_time\" content=\"2026-02-23T10:39:42+00:00\" \/>\n<meta property=\"og:image\" content=\"https:\/\/www.rinaldisrl.com\/wp-content\/uploads\/2023\/09\/centro-lavoro-CDL33Q.jpg\" \/>\n\t<meta property=\"og:image:width\" content=\"1200\" \/>\n\t<meta property=\"og:image:height\" content=\"1200\" \/>\n\t<meta property=\"og:image:type\" content=\"image\/jpeg\" \/>\n<meta name=\"twitter:card\" content=\"summary_large_image\" \/>\n<meta name=\"twitter:label1\" content=\"Tiempo de lectura\" \/>\n\t<meta name=\"twitter:data1\" content=\"1 minuto\" \/>\n<script type=\"application\/ld+json\" class=\"yoast-schema-graph\">{\"@context\":\"https:\/\/schema.org\",\"@graph\":[{\"@type\":\"WebPage\",\"@id\":\"https:\/\/www.rinaldisrl.com\/es\/productos\/centro-de-mecanizado-cdl-33q\/\",\"url\":\"https:\/\/www.rinaldisrl.com\/es\/productos\/centro-de-mecanizado-cdl-33q\/\",\"name\":\"Centro de Mecanizado Vertical | CDL 33Q\",\"isPartOf\":{\"@id\":\"https:\/\/www.rinaldisrl.com\/es\/#website\"},\"primaryImageOfPage\":{\"@id\":\"https:\/\/www.rinaldisrl.com\/es\/productos\/centro-de-mecanizado-cdl-33q\/#primaryimage\"},\"image\":{\"@id\":\"https:\/\/www.rinaldisrl.com\/es\/productos\/centro-de-mecanizado-cdl-33q\/#primaryimage\"},\"thumbnailUrl\":\"https:\/\/www.rinaldisrl.com\/wp-content\/uploads\/2023\/09\/centro-lavoro-CDL33Q.jpg\",\"datePublished\":\"2023-09-08T18:44:10+00:00\",\"dateModified\":\"2026-02-23T10:39:42+00:00\",\"description\":\"Centro de mecanizado vertical m\u00f3vil con husillo vertical y 4 ejes controlados por control num\u00e9rico. Carenado perimetral integral con tanque recolector de virutas.\",\"breadcrumb\":{\"@id\":\"https:\/\/www.rinaldisrl.com\/es\/productos\/centro-de-mecanizado-cdl-33q\/#breadcrumb\"},\"inLanguage\":\"es\",\"potentialAction\":[{\"@type\":\"ReadAction\",\"target\":[\"https:\/\/www.rinaldisrl.com\/es\/productos\/centro-de-mecanizado-cdl-33q\/\"]}]},{\"@type\":\"ImageObject\",\"inLanguage\":\"es\",\"@id\":\"https:\/\/www.rinaldisrl.com\/es\/productos\/centro-de-mecanizado-cdl-33q\/#primaryimage\",\"url\":\"https:\/\/www.rinaldisrl.com\/wp-content\/uploads\/2023\/09\/centro-lavoro-CDL33Q.jpg\",\"contentUrl\":\"https:\/\/www.rinaldisrl.com\/wp-content\/uploads\/2023\/09\/centro-lavoro-CDL33Q.jpg\",\"width\":1200,\"height\":1200},{\"@type\":\"BreadcrumbList\",\"@id\":\"https:\/\/www.rinaldisrl.com\/es\/productos\/centro-de-mecanizado-cdl-33q\/#breadcrumb\",\"itemListElement\":[{\"@type\":\"ListItem\",\"position\":1,\"name\":\"Home\",\"item\":\"https:\/\/www.rinaldisrl.com\/es\/\"},{\"@type\":\"ListItem\",\"position\":2,\"name\":\"Cat\u00e1logo\",\"item\":\"https:\/\/www.rinaldisrl.com\/es\/catalogo\/\"},{\"@type\":\"ListItem\",\"position\":3,\"name\":\"Centro de mecanizado vertical CDL 33Q\"}]},{\"@type\":\"WebSite\",\"@id\":\"https:\/\/www.rinaldisrl.com\/es\/#website\",\"url\":\"https:\/\/www.rinaldisrl.com\/es\/\",\"name\":\"Rinaldi Srl\",\"description\":\"\",\"publisher\":{\"@id\":\"https:\/\/www.rinaldisrl.com\/es\/#organization\"},\"potentialAction\":[{\"@type\":\"SearchAction\",\"target\":{\"@type\":\"EntryPoint\",\"urlTemplate\":\"https:\/\/www.rinaldisrl.com\/es\/?s={search_term_string}\"},\"query-input\":{\"@type\":\"PropertyValueSpecification\",\"valueRequired\":true,\"valueName\":\"search_term_string\"}}],\"inLanguage\":\"es\"},{\"@type\":\"Organization\",\"@id\":\"https:\/\/www.rinaldisrl.com\/es\/#organization\",\"name\":\"Fratelli Rinaldi Srl\",\"alternateName\":\"Fratelli Rinaldi Srl\",\"url\":\"https:\/\/www.rinaldisrl.com\/es\/\",\"logo\":{\"@type\":\"ImageObject\",\"inLanguage\":\"es\",\"@id\":\"https:\/\/www.rinaldisrl.com\/es\/#\/schema\/logo\/image\/\",\"url\":\"https:\/\/www.rinaldisrl.com\/wp-content\/uploads\/2023\/07\/logo-50-anni.png\",\"contentUrl\":\"https:\/\/www.rinaldisrl.com\/wp-content\/uploads\/2023\/07\/logo-50-anni.png\",\"width\":350,\"height\":200,\"caption\":\"Fratelli Rinaldi Srl\"},\"image\":{\"@id\":\"https:\/\/www.rinaldisrl.com\/es\/#\/schema\/logo\/image\/\"}}]}<\/script>\n<!-- \/ Yoast SEO plugin. -->","yoast_head_json":{"title":"Centro de Mecanizado Vertical | CDL 33Q","description":"Centro de mecanizado vertical m\u00f3vil con husillo vertical y 4 ejes controlados por control num\u00e9rico. Carenado perimetral integral con tanque recolector de virutas.","robots":{"index":"index","follow":"follow","max-snippet":"max-snippet:-1","max-image-preview":"max-image-preview:large","max-video-preview":"max-video-preview:-1"},"canonical":"https:\/\/www.rinaldisrl.com\/es\/productos\/centro-de-mecanizado-cdl-33q\/","og_locale":"es_ES","og_type":"article","og_title":"Centro de Mecanizado Vertical | CDL 33Q","og_description":"Centro de mecanizado vertical m\u00f3vil con husillo vertical y 4 ejes controlados por control num\u00e9rico. Carenado perimetral integral con tanque recolector de virutas.","og_url":"https:\/\/www.rinaldisrl.com\/es\/productos\/centro-de-mecanizado-cdl-33q\/","og_site_name":"Rinaldi Srl","article_modified_time":"2026-02-23T10:39:42+00:00","og_image":[{"width":1200,"height":1200,"url":"https:\/\/www.rinaldisrl.com\/wp-content\/uploads\/2023\/09\/centro-lavoro-CDL33Q.jpg","type":"image\/jpeg"}],"twitter_card":"summary_large_image","twitter_misc":{"Tiempo de lectura":"1 minuto"},"schema":{"@context":"https:\/\/schema.org","@graph":[{"@type":"WebPage","@id":"https:\/\/www.rinaldisrl.com\/es\/productos\/centro-de-mecanizado-cdl-33q\/","url":"https:\/\/www.rinaldisrl.com\/es\/productos\/centro-de-mecanizado-cdl-33q\/","name":"Centro de Mecanizado Vertical | CDL 33Q","isPartOf":{"@id":"https:\/\/www.rinaldisrl.com\/es\/#website"},"primaryImageOfPage":{"@id":"https:\/\/www.rinaldisrl.com\/es\/productos\/centro-de-mecanizado-cdl-33q\/#primaryimage"},"image":{"@id":"https:\/\/www.rinaldisrl.com\/es\/productos\/centro-de-mecanizado-cdl-33q\/#primaryimage"},"thumbnailUrl":"https:\/\/www.rinaldisrl.com\/wp-content\/uploads\/2023\/09\/centro-lavoro-CDL33Q.jpg","datePublished":"2023-09-08T18:44:10+00:00","dateModified":"2026-02-23T10:39:42+00:00","description":"Centro de mecanizado vertical m\u00f3vil con husillo vertical y 4 ejes controlados por control num\u00e9rico. Carenado perimetral integral con tanque recolector de virutas.","breadcrumb":{"@id":"https:\/\/www.rinaldisrl.com\/es\/productos\/centro-de-mecanizado-cdl-33q\/#breadcrumb"},"inLanguage":"es","potentialAction":[{"@type":"ReadAction","target":["https:\/\/www.rinaldisrl.com\/es\/productos\/centro-de-mecanizado-cdl-33q\/"]}]},{"@type":"ImageObject","inLanguage":"es","@id":"https:\/\/www.rinaldisrl.com\/es\/productos\/centro-de-mecanizado-cdl-33q\/#primaryimage","url":"https:\/\/www.rinaldisrl.com\/wp-content\/uploads\/2023\/09\/centro-lavoro-CDL33Q.jpg","contentUrl":"https:\/\/www.rinaldisrl.com\/wp-content\/uploads\/2023\/09\/centro-lavoro-CDL33Q.jpg","width":1200,"height":1200},{"@type":"BreadcrumbList","@id":"https:\/\/www.rinaldisrl.com\/es\/productos\/centro-de-mecanizado-cdl-33q\/#breadcrumb","itemListElement":[{"@type":"ListItem","position":1,"name":"Home","item":"https:\/\/www.rinaldisrl.com\/es\/"},{"@type":"ListItem","position":2,"name":"Cat\u00e1logo","item":"https:\/\/www.rinaldisrl.com\/es\/catalogo\/"},{"@type":"ListItem","position":3,"name":"Centro de mecanizado vertical CDL 33Q"}]},{"@type":"WebSite","@id":"https:\/\/www.rinaldisrl.com\/es\/#website","url":"https:\/\/www.rinaldisrl.com\/es\/","name":"Rinaldi Srl","description":"","publisher":{"@id":"https:\/\/www.rinaldisrl.com\/es\/#organization"},"potentialAction":[{"@type":"SearchAction","target":{"@type":"EntryPoint","urlTemplate":"https:\/\/www.rinaldisrl.com\/es\/?s={search_term_string}"},"query-input":{"@type":"PropertyValueSpecification","valueRequired":true,"valueName":"search_term_string"}}],"inLanguage":"es"},{"@type":"Organization","@id":"https:\/\/www.rinaldisrl.com\/es\/#organization","name":"Fratelli Rinaldi Srl","alternateName":"Fratelli Rinaldi Srl","url":"https:\/\/www.rinaldisrl.com\/es\/","logo":{"@type":"ImageObject","inLanguage":"es","@id":"https:\/\/www.rinaldisrl.com\/es\/#\/schema\/logo\/image\/","url":"https:\/\/www.rinaldisrl.com\/wp-content\/uploads\/2023\/07\/logo-50-anni.png","contentUrl":"https:\/\/www.rinaldisrl.com\/wp-content\/uploads\/2023\/07\/logo-50-anni.png","width":350,"height":200,"caption":"Fratelli Rinaldi Srl"},"image":{"@id":"https:\/\/www.rinaldisrl.com\/es\/#\/schema\/logo\/image\/"}}]}},"_links":{"self":[{"href":"https:\/\/www.rinaldisrl.com\/es\/wp-json\/wp\/v2\/product\/1861","targetHints":{"allow":["GET"]}}],"collection":[{"href":"https:\/\/www.rinaldisrl.com\/es\/wp-json\/wp\/v2\/product"}],"about":[{"href":"https:\/\/www.rinaldisrl.com\/es\/wp-json\/wp\/v2\/types\/product"}],"wp:featuredmedia":[{"embeddable":true,"href":"https:\/\/www.rinaldisrl.com\/es\/wp-json\/wp\/v2\/media\/1209"}],"wp:attachment":[{"href":"https:\/\/www.rinaldisrl.com\/es\/wp-json\/wp\/v2\/media?parent=1861"}],"wp:term":[{"taxonomy":"product_brand","embeddable":true,"href":"https:\/\/www.rinaldisrl.com\/es\/wp-json\/wp\/v2\/product_brand?post=1861"},{"taxonomy":"product_cat","embeddable":true,"href":"https:\/\/www.rinaldisrl.com\/es\/wp-json\/wp\/v2\/product_cat?post=1861"},{"taxonomy":"product_tag","embeddable":true,"href":"https:\/\/www.rinaldisrl.com\/es\/wp-json\/wp\/v2\/product_tag?post=1861"}],"curies":[{"name":"wp","href":"https:\/\/api.w.org\/{rel}","templated":true}]}}