{"id":2719,"date":"2024-12-16T16:58:38","date_gmt":"2024-12-16T15:58:38","guid":{"rendered":"https:\/\/www.rinaldisrl.com\/mappa-del-sito-fratelli-rinaldi-srl-macchinari-per-profilati-in-alluminio-e-pvc\/"},"modified":"2026-02-26T10:39:27","modified_gmt":"2026-02-26T09:39:27","slug":"mapa-del-sitio-fratelli-rinaldi-srl-maquinas-para-mecanizado-de-perfiles-de-aluminio-acero-y-pvc","status":"publish","type":"page","link":"https:\/\/www.rinaldisrl.com\/es\/mapa-del-sitio-fratelli-rinaldi-srl-maquinas-para-mecanizado-de-perfiles-de-aluminio-acero-y-pvc\/","title":{"rendered":"Mapa del sitio Fratelli Rinaldi srl \u2013 M\u00e1quinas para mecanizado de perfiles de aluminio, acero y PVC."},"content":{"rendered":"<h1>Mapa del sitio Fratelli Rinaldi srl \u2013 M\u00e1quinas para mecanizado de perfiles de aluminio, acero y PVC.<\/h1>\n<h2><a style=\"color: red;\" href=\"https:\/\/www.rinaldisrl.com\/es\/catalogo\/retestadoras\/\">Retestadoras<\/a><\/h2>\n<ul>\n<li>\n<h3><a href=\"https:\/\/www.rinaldisrl.com\/es\/productos\/retestadora-int-30f\/\"><span data-sheets-root=\"1\">Retestadora horizontal de avance manual<\/span> INT 30 &#8211; INT 30F<\/a><\/h3>\n<\/li>\n<li>\n<h3><a href=\"https:\/\/www.rinaldisrl.com\/es\/productos\/retestadora-int-30m\/\"><span data-sheets-root=\"1\">Retestadora con cambio neum\u00e1tico<\/span> INT 30M<\/a><\/h3>\n<\/li>\n<li>\n<h3><a href=\"https:\/\/www.rinaldisrl.com\/es\/productos\/retestadora-int-32-32a\/\"><span data-sheets-root=\"1\">Retestadora horizontal con avance semiautom\u00e1tico<\/span> INT 32 &#8211; 32A<\/a><\/h3>\n<\/li>\n<li>\n<h3><a href=\"https:\/\/www.rinaldisrl.com\/es\/productos\/retestadora-int-32s-32as\/\"><span data-sheets-root=\"1\">Retestadora horizontal con mando neum\u00e1tico<\/span> INT 32S &#8211; 32AS<\/a><\/h3>\n<\/li>\n<li>\n<h3><a href=\"https:\/\/www.rinaldisrl.com\/es\/productos\/retestadora-int-35-35s\/\"><span data-sheets-root=\"1\">Retestadora horizontal ciclo de trabajo autom\u00e1tico <\/span>INT 35 &#8211; 35S<\/a><\/h3>\n<\/li>\n<li>\n<h3><a href=\"https:\/\/www.rinaldisrl.com\/es\/productos\/retestadora-baby\/\"><span data-sheets-root=\"1\">Retestadora horizontal<\/span>\u00a0de banco Baby<\/a><\/h3>\n<\/li>\n<\/ul>\n<p>&nbsp;<\/p>\n<h2><a style=\"color: red;\" href=\"https:\/\/www.rinaldisrl.com\/es\/catalogo\/copiadoras\/\">Copiadoras<\/a><\/h2>\n<ul>\n<li>\n<h3><a href=\"https:\/\/www.rinaldisrl.com\/es\/productos\/copiadora-pan-22\/\"><span data-sheets-root=\"1\">Copiadora de banco para perfiles<\/span> PAN 22<\/a><\/h3>\n<\/li>\n<li>\n<h3><a href=\"https:\/\/www.rinaldisrl.com\/es\/productos\/copiadora-pan-26\/\"><span data-sheets-root=\"1\">Copiadora de cabezal \u00fanico para aluminio<\/span> PAN 26<\/a><\/h3>\n<\/li>\n<li>\n<h3><a href=\"https:\/\/www.rinaldisrl.com\/es\/productos\/copiadora-pan-31\/\"><span data-sheets-root=\"1\">Copiadora para perfiles con palpador manual<\/span> PAN 31<\/a><\/h3>\n<\/li>\n<li>\n<h3><a href=\"https:\/\/www.rinaldisrl.com\/es\/productos\/copiadora-pan-31c\/\"><span data-sheets-root=\"1\">Copiadora semiautom\u00e1tica para perfiles<\/span> PAN 31C<\/a><\/h3>\n<\/li>\n<li>\n<h3><a href=\"https:\/\/www.rinaldisrl.com\/es\/productos\/copiadora-pan-36\/\"><span data-sheets-root=\"1\">M\u00e1quina copiadora neum\u00e1tica de cabeza \u00fanica<\/span> PAN 36<\/a><\/h3>\n<\/li>\n<li>\n<h3><a href=\"https:\/\/www.rinaldisrl.com\/es\/productos\/copiadora-pan-40-40i\/\"><span data-sheets-root=\"1\">Copiadora para perfiles de aluminio<\/span> PAN 40 &#8211; 40I<\/a><\/h3>\n<\/li>\n<li>\n<h3><a href=\"https:\/\/www.rinaldisrl.com\/es\/productos\/copiadora-pan-38i\/\"><span data-sheets-root=\"1\">Copiadora de un solo cabezal manual <\/span>PAN 38I<\/a><\/h3>\n<\/li>\n<li>\n<h3><a href=\"https:\/\/www.rinaldisrl.com\/es\/productos\/copiadora-pan-38l-38li\/\"><span data-sheets-root=\"1\">Copiadora manual para aluminio <\/span>PAN 38L &#8211; 38LI<\/a><\/h3>\n<\/li>\n<\/ul>\n<p>&nbsp;<\/p>\n<h2><a style=\"color: red;\" href=\"https:\/\/www.rinaldisrl.com\/es\/catalogo\/taladradoras\/\">Taladradoras<\/a><\/h2>\n<ul>\n<li>\n<h3><a href=\"https:\/\/www.rinaldisrl.com\/es\/productos\/taladradora-for-16\/\"><span data-sheets-root=\"1\">Taladradora manual para perfiles<\/span> FOR 16<\/a><\/h3>\n<\/li>\n<li>\n<h3><a href=\"https:\/\/www.rinaldisrl.com\/es\/productos\/taladradora-for-18p\/\"><span data-sheets-root=\"1\">Taladradora de cabezal \u00fanico <\/span>FOR 18P<\/a><\/h3>\n<\/li>\n<li>\n<h3><a href=\"https:\/\/www.rinaldisrl.com\/es\/productos\/taladradora-for-22d-for-23d-for-33d\/\"><span data-sheets-root=\"1\">Taladradora m\u00faltiple para aluminio<\/span> FOR 22D &#8211; 23D &#8211; 33D<\/a><\/h3>\n<\/li>\n<li>\n<h3><a href=\"https:\/\/www.rinaldisrl.com\/es\/productos\/taladradora-mul-46r\/\">Taladradora de descenso manual para perfiles de aluminio MUL 46R<\/a><\/h3>\n<\/li>\n<\/ul>\n<p>&nbsp;<\/p>\n<h2><a style=\"color: red;\" href=\"https:\/\/www.rinaldisrl.com\/es\/catalogo\/tronzadoras\/\">Tronzadoras<\/a><\/h2>\n<ul>\n<li>\n<h3><a href=\"https:\/\/www.rinaldisrl.com\/es\/productos\/tronzadora-tma-42-tma42a-tma42d\/\">Tronzadora de un solo cabezal ascendente TMA 42 &#8211; 42A &#8211; 42D<\/a><\/h3>\n<\/li>\n<li>\n<h3><a href=\"https:\/\/www.rinaldisrl.com\/es\/productos\/tronzadora-tma-60a-tma60ac\/\">Tronzadora con Avance de Cuchilla Semiautom\u00e1tico TMA 60A &#8211; 60AC<\/a><\/h3>\n<\/li>\n<li>\n<h3><a href=\"https:\/\/www.rinaldisrl.com\/es\/productos\/tronzadora-tmf-55a\/\">Tronzadora con zona de corte controlada neum\u00e1ticamente TMF 55A<\/a><\/h3>\n<\/li>\n<li>\n<h3><a href=\"https:\/\/www.rinaldisrl.com\/es\/productos\/recortadora-rif-35\/\"><span data-sheets-root=\"1\">M\u00e1quina recortadora para perfiles de aluminio<\/span> RIF 35<\/a><\/h3>\n<\/li>\n<li>\n<h3><a href=\"https:\/\/www.rinaldisrl.com\/es\/productos\/tronzadora-tma-60a-tma60ac\/\"><span data-sheets-root=\"1\">Tronzadora de cabezal \u00fanico con alimentador para perfiles <\/span>TMA 60A &#8211; 60E + Alimentador<\/a><\/h3>\n<\/li>\n<li>\n<h3><a href=\"https:\/\/www.rinaldisrl.com\/es\/productos\/tronzadora-tdf-55p\/\"><span data-sheets-root=\"1\">m\u00e1quina tronzadora frontal doble cabezal<\/span> TDF 55P<\/a><\/h3>\n<\/li>\n<li>\n<h3><a href=\"https:\/\/www.rinaldisrl.com\/es\/productos\/tronzadora-tdf-55r\/\">Tronzadora frontal con movimiento semiautom\u00e1tico TDF 55R<\/a><\/h3>\n<\/li>\n<li>\n<h3><a href=\"https:\/\/www.rinaldisrl.com\/es\/productos\/tronzadora-tdf-55e\/\"><span data-sheets-root=\"1\">Tronzadora doble cabezal para perfiles <\/span>TDF 55E<\/a><\/h3>\n<\/li>\n<\/ul>\n<p>&nbsp;<\/p>\n<p>&nbsp;<\/p>\n<h2><a style=\"color: red;\" href=\"https:\/\/www.rinaldisrl.com\/es\/catalogo\/centro-de-mecanizado\/\">C<span data-sheets-root=\"1\">entros de mecanizado aluminio<\/span>s<\/a><\/h2>\n<ul>\n<li>\n<h3><a href=\"https:\/\/www.rinaldisrl.com\/es\/productos\/centro-de-mecanizado-cdl-33q\/\"><span data-sheets-root=\"1\">Centro de mecanizado vertical<\/span> CDL 33Q\u00a0<\/a><\/h3>\n<\/li>\n<\/ul>\n<p>&nbsp;<\/p>\n<h2><a style=\"color: red;\" href=\"https:\/\/www.rinaldisrl.com\/es\/catalogo\/punzonadoras\/\">Punzonadoras<\/a><\/h2>\n<ul>\n<li>\n<h3><a href=\"https:\/\/www.rinaldisrl.com\/es\/productos\/punzonadora-pneufor\/\"><span data-sheets-root=\"1\">Punzonadora neum\u00e1tica port\u00e1til<\/span> PNEUFOR<\/a><\/h3>\n<\/li>\n<li>\n<h3><a href=\"https:\/\/www.rinaldisrl.com\/es\/productos\/punzonadora-pneufor-12\/\"><span data-sheets-root=\"1\">Punzonadora para perfiles de aluminio<\/span> PNEUFOR 12<\/a><\/h3>\n<\/li>\n<\/ul>\n<p>&nbsp;<\/p>\n<h2><a style=\"color: red;\" href=\"https:\/\/www.rinaldisrl.com\/es\/catalogo\/limadoras\/\">Limadoras<\/a><\/h2>\n<ul>\n<li>\n<h3><a href=\"https:\/\/www.rinaldisrl.com\/es\/productos\/limadora-lima-25\/\">Limadora de discos para perfiles de aluminio LIMA 25<\/a><\/h3>\n<\/li>\n<\/ul>\n<p>&nbsp;<\/p>\n<h2><a style=\"color: red;\" href=\"https:\/\/www.rinaldisrl.com\/es\/catalogo\/transportadores-de-rodillos\/\">Transportadores de rodillos<\/a><\/h2>\n<ul>\n<li>\n<h3><a href=\"https:\/\/www.rinaldisrl.com\/es\/productos\/transportador-de-rodillos-ris-22-ris-44-ris-66\/\"><span data-sheets-root=\"1\">Rodillo transportador de carga<\/span> RIS 22 &#8211; 44 &#8211; 66\u00a0<\/a><\/h3>\n<\/li>\n<li>\n<h3><a href=\"https:\/\/www.rinaldisrl.com\/es\/productos\/transportadores-de-rodillos-ris-20m-ris-40m\/\"><span data-sheets-root=\"1\">Transportador de rodillos control manual<\/span> RIS 20M &#8211; 40M<\/a><\/h3>\n<\/li>\n<li>\n<h3><a href=\"https:\/\/www.rinaldisrl.com\/es\/productos\/transportador-de-rodillos-ris-17v-ris-40v-ris-60v\/\"><span data-sheets-root=\"1\">Transportador de rodillos de descarga<\/span> RIS 17V &#8211; 40V &#8211; 60V<\/a><\/h3>\n<\/li>\n<li>\n<h3><a href=\"https:\/\/www.rinaldisrl.com\/es\/productos\/transportador-de-rodillos-ris-70e-ris-70e\/\"><span data-sheets-root=\"1\">Transportador de rodillos descarga lateral<\/span> RIS 70E<\/a><\/h3>\n<\/li>\n<\/ul>\n<p>&nbsp;<\/p>\n<h2><a style=\"color: red;\" href=\"https:\/\/www.rinaldisrl.com\/es\/catalogo\/aspiradores\/\">Aspiradores Industriales<\/a><\/h2>\n<ul>\n<li>\n<h3><a href=\"https:\/\/www.rinaldisrl.com\/es\/productos\/aspiradores-asp-15-asp-22-asp-40\/\">Aspirador industrial con ventilador centr\u00edfugo ASP 15 &#8211; 22 -40<\/a><\/h3>\n<\/li>\n<\/ul>\n<p>&nbsp;<\/p>\n<h2><a style=\"color: red;\" href=\"https:\/\/www.rinaldisrl.com\/es\/catalogo\/logistica-es\/\">Log\u00edstica<\/a><\/h2>\n<ul>\n<li>\n<h3><a href=\"https:\/\/www.rinaldisrl.com\/es\/productos\/banco-de-montaje-bas-24\/\">Banco de montaje extensible BAS 24<\/a><\/h3>\n<\/li>\n<li>\n<h3><a href=\"https:\/\/www.rinaldisrl.com\/es\/productos\/carro-porta-juntas-pro-4\/\">Carro porta-juntas Industrial PRO 4<\/a><\/h3>\n<\/li>\n<\/ul>\n","protected":false},"excerpt":{"rendered":"<p>Mapa del sitio Fratelli Rinaldi srl \u2013 M\u00e1quinas para mecanizado de perfiles de aluminio, acero y PVC. Retestadoras Retestadora horizontal de avance manual INT 30 &#8211;<span class=\"excerpt-hellip\"> [\u2026]<\/span><\/p>\n","protected":false},"author":2,"featured_media":-1,"parent":0,"menu_order":0,"comment_status":"closed","ping_status":"closed","template":"","meta":{"footnotes":""},"class_list":["post-2719","page","type-page","status-publish","has-post-thumbnail","hentry"],"yoast_head":"<!-- This site is optimized with the Yoast SEO plugin v27.5 - https:\/\/yoast.com\/product\/yoast-seo-wordpress\/ -->\n<title>Mapa del sitio Fratelli Rinaldi srl \u2013 M\u00e1quinas para mecanizado de perfiles de aluminio, acero y PVC. - Rinaldi Srl<\/title>\n<meta name=\"robots\" content=\"index, follow, max-snippet:-1, max-image-preview:large, max-video-preview:-1\" \/>\n<link rel=\"canonical\" href=\"https:\/\/www.rinaldisrl.com\/es\/mapa-del-sitio-fratelli-rinaldi-srl-maquinas-para-mecanizado-de-perfiles-de-aluminio-acero-y-pvc\/\" \/>\n<meta property=\"og:locale\" content=\"es_ES\" \/>\n<meta property=\"og:type\" content=\"article\" \/>\n<meta property=\"og:title\" content=\"Mapa del sitio Fratelli Rinaldi srl \u2013 M\u00e1quinas para mecanizado de perfiles de aluminio, acero y PVC. - Rinaldi Srl\" \/>\n<meta property=\"og:description\" content=\"Mapa del sitio Fratelli Rinaldi srl \u2013 M\u00e1quinas para mecanizado de perfiles de aluminio, acero y PVC. Retestadoras Retestadora horizontal de avance manual INT 30 &#8211; [\u2026]\" \/>\n<meta property=\"og:url\" content=\"https:\/\/www.rinaldisrl.com\/es\/mapa-del-sitio-fratelli-rinaldi-srl-maquinas-para-mecanizado-de-perfiles-de-aluminio-acero-y-pvc\/\" \/>\n<meta property=\"og:site_name\" content=\"Rinaldi Srl\" \/>\n<meta property=\"article:modified_time\" content=\"2026-02-26T09:39:27+00:00\" \/>\n<meta name=\"twitter:card\" content=\"summary_large_image\" \/>\n<meta name=\"twitter:label1\" content=\"Tiempo de lectura\" \/>\n\t<meta name=\"twitter:data1\" content=\"2 minutos\" \/>\n<script type=\"application\/ld+json\" class=\"yoast-schema-graph\">{\"@context\":\"https:\\\/\\\/schema.org\",\"@graph\":[{\"@type\":\"WebPage\",\"@id\":\"https:\\\/\\\/www.rinaldisrl.com\\\/es\\\/mapa-del-sitio-fratelli-rinaldi-srl-maquinas-para-mecanizado-de-perfiles-de-aluminio-acero-y-pvc\\\/\",\"url\":\"https:\\\/\\\/www.rinaldisrl.com\\\/es\\\/mapa-del-sitio-fratelli-rinaldi-srl-maquinas-para-mecanizado-de-perfiles-de-aluminio-acero-y-pvc\\\/\",\"name\":\"Mapa del sitio Fratelli Rinaldi srl \u2013 M\u00e1quinas para mecanizado de perfiles de aluminio, acero y PVC. - Rinaldi Srl\",\"isPartOf\":{\"@id\":\"https:\\\/\\\/www.rinaldisrl.com\\\/es\\\/#website\"},\"datePublished\":\"2024-12-16T15:58:38+00:00\",\"dateModified\":\"2026-02-26T09:39:27+00:00\",\"breadcrumb\":{\"@id\":\"https:\\\/\\\/www.rinaldisrl.com\\\/es\\\/mapa-del-sitio-fratelli-rinaldi-srl-maquinas-para-mecanizado-de-perfiles-de-aluminio-acero-y-pvc\\\/#breadcrumb\"},\"inLanguage\":\"es\",\"potentialAction\":[{\"@type\":\"ReadAction\",\"target\":[\"https:\\\/\\\/www.rinaldisrl.com\\\/es\\\/mapa-del-sitio-fratelli-rinaldi-srl-maquinas-para-mecanizado-de-perfiles-de-aluminio-acero-y-pvc\\\/\"]}]},{\"@type\":\"BreadcrumbList\",\"@id\":\"https:\\\/\\\/www.rinaldisrl.com\\\/es\\\/mapa-del-sitio-fratelli-rinaldi-srl-maquinas-para-mecanizado-de-perfiles-de-aluminio-acero-y-pvc\\\/#breadcrumb\",\"itemListElement\":[{\"@type\":\"ListItem\",\"position\":1,\"name\":\"Home\",\"item\":\"https:\\\/\\\/www.rinaldisrl.com\\\/es\\\/\"},{\"@type\":\"ListItem\",\"position\":2,\"name\":\"Mapa del sitio Fratelli Rinaldi srl \u2013 M\u00e1quinas para mecanizado de perfiles de aluminio, acero y PVC.\"}]},{\"@type\":\"WebSite\",\"@id\":\"https:\\\/\\\/www.rinaldisrl.com\\\/es\\\/#website\",\"url\":\"https:\\\/\\\/www.rinaldisrl.com\\\/es\\\/\",\"name\":\"Rinaldi Srl\",\"description\":\"\",\"publisher\":{\"@id\":\"https:\\\/\\\/www.rinaldisrl.com\\\/es\\\/#organization\"},\"potentialAction\":[{\"@type\":\"SearchAction\",\"target\":{\"@type\":\"EntryPoint\",\"urlTemplate\":\"https:\\\/\\\/www.rinaldisrl.com\\\/es\\\/?s={search_term_string}\"},\"query-input\":{\"@type\":\"PropertyValueSpecification\",\"valueRequired\":true,\"valueName\":\"search_term_string\"}}],\"inLanguage\":\"es\"},{\"@type\":\"Organization\",\"@id\":\"https:\\\/\\\/www.rinaldisrl.com\\\/es\\\/#organization\",\"name\":\"Fratelli Rinaldi Srl\",\"alternateName\":\"Fratelli Rinaldi Srl\",\"url\":\"https:\\\/\\\/www.rinaldisrl.com\\\/es\\\/\",\"logo\":{\"@type\":\"ImageObject\",\"inLanguage\":\"es\",\"@id\":\"https:\\\/\\\/www.rinaldisrl.com\\\/es\\\/#\\\/schema\\\/logo\\\/image\\\/\",\"url\":\"https:\\\/\\\/www.rinaldisrl.com\\\/wp-content\\\/uploads\\\/2023\\\/07\\\/logo-50-anni.png\",\"contentUrl\":\"https:\\\/\\\/www.rinaldisrl.com\\\/wp-content\\\/uploads\\\/2023\\\/07\\\/logo-50-anni.png\",\"width\":350,\"height\":200,\"caption\":\"Fratelli Rinaldi Srl\"},\"image\":{\"@id\":\"https:\\\/\\\/www.rinaldisrl.com\\\/es\\\/#\\\/schema\\\/logo\\\/image\\\/\"}}]}<\/script>\n<!-- \/ Yoast SEO plugin. -->","yoast_head_json":{"title":"Mapa del sitio Fratelli Rinaldi srl \u2013 M\u00e1quinas para mecanizado de perfiles de aluminio, acero y PVC. - Rinaldi Srl","robots":{"index":"index","follow":"follow","max-snippet":"max-snippet:-1","max-image-preview":"max-image-preview:large","max-video-preview":"max-video-preview:-1"},"canonical":"https:\/\/www.rinaldisrl.com\/es\/mapa-del-sitio-fratelli-rinaldi-srl-maquinas-para-mecanizado-de-perfiles-de-aluminio-acero-y-pvc\/","og_locale":"es_ES","og_type":"article","og_title":"Mapa del sitio Fratelli Rinaldi srl \u2013 M\u00e1quinas para mecanizado de perfiles de aluminio, acero y PVC. - Rinaldi Srl","og_description":"Mapa del sitio Fratelli Rinaldi srl \u2013 M\u00e1quinas para mecanizado de perfiles de aluminio, acero y PVC. Retestadoras Retestadora horizontal de avance manual INT 30 &#8211; [\u2026]","og_url":"https:\/\/www.rinaldisrl.com\/es\/mapa-del-sitio-fratelli-rinaldi-srl-maquinas-para-mecanizado-de-perfiles-de-aluminio-acero-y-pvc\/","og_site_name":"Rinaldi Srl","article_modified_time":"2026-02-26T09:39:27+00:00","twitter_card":"summary_large_image","twitter_misc":{"Tiempo de lectura":"2 minutos"},"schema":{"@context":"https:\/\/schema.org","@graph":[{"@type":"WebPage","@id":"https:\/\/www.rinaldisrl.com\/es\/mapa-del-sitio-fratelli-rinaldi-srl-maquinas-para-mecanizado-de-perfiles-de-aluminio-acero-y-pvc\/","url":"https:\/\/www.rinaldisrl.com\/es\/mapa-del-sitio-fratelli-rinaldi-srl-maquinas-para-mecanizado-de-perfiles-de-aluminio-acero-y-pvc\/","name":"Mapa del sitio Fratelli Rinaldi srl \u2013 M\u00e1quinas para mecanizado de perfiles de aluminio, acero y PVC. - Rinaldi Srl","isPartOf":{"@id":"https:\/\/www.rinaldisrl.com\/es\/#website"},"datePublished":"2024-12-16T15:58:38+00:00","dateModified":"2026-02-26T09:39:27+00:00","breadcrumb":{"@id":"https:\/\/www.rinaldisrl.com\/es\/mapa-del-sitio-fratelli-rinaldi-srl-maquinas-para-mecanizado-de-perfiles-de-aluminio-acero-y-pvc\/#breadcrumb"},"inLanguage":"es","potentialAction":[{"@type":"ReadAction","target":["https:\/\/www.rinaldisrl.com\/es\/mapa-del-sitio-fratelli-rinaldi-srl-maquinas-para-mecanizado-de-perfiles-de-aluminio-acero-y-pvc\/"]}]},{"@type":"BreadcrumbList","@id":"https:\/\/www.rinaldisrl.com\/es\/mapa-del-sitio-fratelli-rinaldi-srl-maquinas-para-mecanizado-de-perfiles-de-aluminio-acero-y-pvc\/#breadcrumb","itemListElement":[{"@type":"ListItem","position":1,"name":"Home","item":"https:\/\/www.rinaldisrl.com\/es\/"},{"@type":"ListItem","position":2,"name":"Mapa del sitio Fratelli Rinaldi srl \u2013 M\u00e1quinas para mecanizado de perfiles de aluminio, acero y PVC."}]},{"@type":"WebSite","@id":"https:\/\/www.rinaldisrl.com\/es\/#website","url":"https:\/\/www.rinaldisrl.com\/es\/","name":"Rinaldi Srl","description":"","publisher":{"@id":"https:\/\/www.rinaldisrl.com\/es\/#organization"},"potentialAction":[{"@type":"SearchAction","target":{"@type":"EntryPoint","urlTemplate":"https:\/\/www.rinaldisrl.com\/es\/?s={search_term_string}"},"query-input":{"@type":"PropertyValueSpecification","valueRequired":true,"valueName":"search_term_string"}}],"inLanguage":"es"},{"@type":"Organization","@id":"https:\/\/www.rinaldisrl.com\/es\/#organization","name":"Fratelli Rinaldi Srl","alternateName":"Fratelli Rinaldi Srl","url":"https:\/\/www.rinaldisrl.com\/es\/","logo":{"@type":"ImageObject","inLanguage":"es","@id":"https:\/\/www.rinaldisrl.com\/es\/#\/schema\/logo\/image\/","url":"https:\/\/www.rinaldisrl.com\/wp-content\/uploads\/2023\/07\/logo-50-anni.png","contentUrl":"https:\/\/www.rinaldisrl.com\/wp-content\/uploads\/2023\/07\/logo-50-anni.png","width":350,"height":200,"caption":"Fratelli Rinaldi Srl"},"image":{"@id":"https:\/\/www.rinaldisrl.com\/es\/#\/schema\/logo\/image\/"}}]}},"_links":{"self":[{"href":"https:\/\/www.rinaldisrl.com\/es\/wp-json\/wp\/v2\/pages\/2719","targetHints":{"allow":["GET"]}}],"collection":[{"href":"https:\/\/www.rinaldisrl.com\/es\/wp-json\/wp\/v2\/pages"}],"about":[{"href":"https:\/\/www.rinaldisrl.com\/es\/wp-json\/wp\/v2\/types\/page"}],"author":[{"embeddable":true,"href":"https:\/\/www.rinaldisrl.com\/es\/wp-json\/wp\/v2\/users\/2"}],"replies":[{"embeddable":true,"href":"https:\/\/www.rinaldisrl.com\/es\/wp-json\/wp\/v2\/comments?post=2719"}],"version-history":[{"count":18,"href":"https:\/\/www.rinaldisrl.com\/es\/wp-json\/wp\/v2\/pages\/2719\/revisions"}],"predecessor-version":[{"id":3707,"href":"https:\/\/www.rinaldisrl.com\/es\/wp-json\/wp\/v2\/pages\/2719\/revisions\/3707"}],"wp:featuredmedia":[{"embeddable":true,"href":"https:\/\/www.rinaldisrl.com\/es\/wp-json\/"}],"wp:attachment":[{"href":"https:\/\/www.rinaldisrl.com\/es\/wp-json\/wp\/v2\/media?parent=2719"}],"curies":[{"name":"wp","href":"https:\/\/api.w.org\/{rel}","templated":true}]}}