{"id":3928,"date":"2026-04-29T17:55:40","date_gmt":"2026-04-29T15:55:40","guid":{"rendered":"https:\/\/www.rinaldisrl.com\/prodotti\/software-fuer-die-komplette-fenster-und-tuer-verwaltung\/"},"modified":"2026-04-29T17:55:40","modified_gmt":"2026-04-29T15:55:40","slug":"software-fuer-die-komplette-fenster-und-tuer-verwaltung","status":"publish","type":"product","link":"https:\/\/www.rinaldisrl.com\/de\/produkt\/software-fuer-die-komplette-fenster-und-tuer-verwaltung\/","title":{"rendered":"Software f\u00fcr die umfassende Verwaltung von Fenstern und T\u00fcren"},"content":{"rendered":"","protected":false},"excerpt":{"rendered":"<p>Die Software von Rinaldi srl f\u00fcr die umfassende Verwaltung von Fenstern und T\u00fcren erm\u00f6glicht es, die wichtigsten Produktionsphasen auf einfache, intuitive und kontrollierte Weise zu verfolgen.<\/p>\n<p>Das Programm erm\u00f6glicht die Konfiguration von Aluminium- und PVC-Fenstern und -T\u00fcren, die Eingabe von Ma\u00dfen, die Festlegung von \u00d6ffnungen sowie die Auswahl von Profilen, Verglasungen, Griffen und Zubeh\u00f6r, wobei Materialien, Kosten, Zuschnitte, Bearbeitungen und Produktionszeiten unter Kontrolle bleiben.<\/p>\n<p>Eine einzige Arbeitsumgebung, um vom Entwurf \u00fcber die Erstellung der Arbeitslisten bis hin zur Generierung der f\u00fcr die Produktion erforderlichen Informationen und der Daten\u00fcbermittlung an die Maschinen zu gelangen.<\/p>\n","protected":false},"featured_media":3893,"template":"","meta":[],"product_brand":[],"product_cat":[293],"product_tag":[],"class_list":{"0":"post-3928","1":"product","2":"type-product","3":"status-publish","4":"has-post-thumbnail","6":"product_cat-software","8":"first","9":"instock","10":"shipping-taxable","11":"product-type-simple"},"yoast_head":"<!-- This site is optimized with the Yoast SEO plugin v27.5 - https:\/\/yoast.com\/product\/yoast-seo-wordpress\/ -->\n<title>Software<\/title>\n<meta name=\"robots\" content=\"index, follow, max-snippet:-1, max-image-preview:large, max-video-preview:-1\" \/>\n<link rel=\"canonical\" href=\"https:\/\/www.rinaldisrl.com\/de\/produkt\/software-fuer-die-komplette-fenster-und-tuer-verwaltung\/\" \/>\n<meta property=\"og:locale\" content=\"de_DE\" \/>\n<meta property=\"og:type\" content=\"article\" \/>\n<meta property=\"og:title\" content=\"Software\" \/>\n<meta property=\"og:description\" content=\"Die Software von Rinaldi srl f\u00fcr die umfassende Verwaltung von Fenstern und T\u00fcren erm\u00f6glicht es, die wichtigsten Produktionsphasen auf einfache, intuitive und kontrollierte Weise zu verfolgen.Das Programm erm\u00f6glicht die Konfiguration von Aluminium- und PVC-Fenstern und -T\u00fcren, die Eingabe von Ma\u00dfen, die Festlegung von \u00d6ffnungen sowie die Auswahl von Profilen, Verglasungen, Griffen und Zubeh\u00f6r, wobei Materialien, Kosten, Zuschnitte, Bearbeitungen und Produktionszeiten unter Kontrolle bleiben.Eine einzige Arbeitsumgebung, um vom Entwurf \u00fcber die Erstellung der Arbeitslisten bis hin zur Generierung der f\u00fcr die Produktion erforderlichen Informationen und der Daten\u00fcbermittlung an die Maschinen zu gelangen.\" \/>\n<meta property=\"og:url\" content=\"https:\/\/www.rinaldisrl.com\/de\/produkt\/software-fuer-die-komplette-fenster-und-tuer-verwaltung\/\" \/>\n<meta property=\"og:site_name\" content=\"Rinaldi Srl\" \/>\n<meta property=\"og:image\" content=\"https:\/\/www.rinaldisrl.com\/wp-content\/uploads\/2026\/04\/software.jpg\" \/>\n\t<meta property=\"og:image:width\" content=\"1200\" \/>\n\t<meta property=\"og:image:height\" content=\"1200\" \/>\n\t<meta property=\"og:image:type\" content=\"image\/jpeg\" \/>\n<meta name=\"twitter:card\" content=\"summary_large_image\" \/>\n<script type=\"application\/ld+json\" class=\"yoast-schema-graph\">{\"@context\":\"https:\\\/\\\/schema.org\",\"@graph\":[{\"@type\":\"WebPage\",\"@id\":\"https:\\\/\\\/www.rinaldisrl.com\\\/de\\\/produkt\\\/software-fuer-die-komplette-fenster-und-tuer-verwaltung\\\/\",\"url\":\"https:\\\/\\\/www.rinaldisrl.com\\\/de\\\/produkt\\\/software-fuer-die-komplette-fenster-und-tuer-verwaltung\\\/\",\"name\":\"Software\",\"isPartOf\":{\"@id\":\"https:\\\/\\\/www.rinaldisrl.com\\\/de\\\/#website\"},\"primaryImageOfPage\":{\"@id\":\"https:\\\/\\\/www.rinaldisrl.com\\\/de\\\/produkt\\\/software-fuer-die-komplette-fenster-und-tuer-verwaltung\\\/#primaryimage\"},\"image\":{\"@id\":\"https:\\\/\\\/www.rinaldisrl.com\\\/de\\\/produkt\\\/software-fuer-die-komplette-fenster-und-tuer-verwaltung\\\/#primaryimage\"},\"thumbnailUrl\":\"https:\\\/\\\/www.rinaldisrl.com\\\/wp-content\\\/uploads\\\/2026\\\/04\\\/software.jpg\",\"datePublished\":\"2026-04-29T15:55:40+00:00\",\"breadcrumb\":{\"@id\":\"https:\\\/\\\/www.rinaldisrl.com\\\/de\\\/produkt\\\/software-fuer-die-komplette-fenster-und-tuer-verwaltung\\\/#breadcrumb\"},\"inLanguage\":\"de\",\"potentialAction\":[{\"@type\":\"ReadAction\",\"target\":[\"https:\\\/\\\/www.rinaldisrl.com\\\/de\\\/produkt\\\/software-fuer-die-komplette-fenster-und-tuer-verwaltung\\\/\"]}]},{\"@type\":\"ImageObject\",\"inLanguage\":\"de\",\"@id\":\"https:\\\/\\\/www.rinaldisrl.com\\\/de\\\/produkt\\\/software-fuer-die-komplette-fenster-und-tuer-verwaltung\\\/#primaryimage\",\"url\":\"https:\\\/\\\/www.rinaldisrl.com\\\/wp-content\\\/uploads\\\/2026\\\/04\\\/software.jpg\",\"contentUrl\":\"https:\\\/\\\/www.rinaldisrl.com\\\/wp-content\\\/uploads\\\/2026\\\/04\\\/software.jpg\",\"width\":1200,\"height\":1200},{\"@type\":\"BreadcrumbList\",\"@id\":\"https:\\\/\\\/www.rinaldisrl.com\\\/de\\\/produkt\\\/software-fuer-die-komplette-fenster-und-tuer-verwaltung\\\/#breadcrumb\",\"itemListElement\":[{\"@type\":\"ListItem\",\"position\":1,\"name\":\"Home\",\"item\":\"https:\\\/\\\/www.rinaldisrl.com\\\/de\\\/\"},{\"@type\":\"ListItem\",\"position\":2,\"name\":\"Katalog\",\"item\":\"https:\\\/\\\/www.rinaldisrl.com\\\/katalog\\\/\"},{\"@type\":\"ListItem\",\"position\":3,\"name\":\"Software f\u00fcr die umfassende Verwaltung von Fenstern und T\u00fcren\"}]},{\"@type\":\"WebSite\",\"@id\":\"https:\\\/\\\/www.rinaldisrl.com\\\/de\\\/#website\",\"url\":\"https:\\\/\\\/www.rinaldisrl.com\\\/de\\\/\",\"name\":\"Rinaldi Srl\",\"description\":\"\",\"publisher\":{\"@id\":\"https:\\\/\\\/www.rinaldisrl.com\\\/de\\\/#organization\"},\"potentialAction\":[{\"@type\":\"SearchAction\",\"target\":{\"@type\":\"EntryPoint\",\"urlTemplate\":\"https:\\\/\\\/www.rinaldisrl.com\\\/de\\\/?s={search_term_string}\"},\"query-input\":{\"@type\":\"PropertyValueSpecification\",\"valueRequired\":true,\"valueName\":\"search_term_string\"}}],\"inLanguage\":\"de\"},{\"@type\":\"Organization\",\"@id\":\"https:\\\/\\\/www.rinaldisrl.com\\\/de\\\/#organization\",\"name\":\"Fratelli Rinaldi Srl\",\"alternateName\":\"Fratelli Rinaldi Srl\",\"url\":\"https:\\\/\\\/www.rinaldisrl.com\\\/de\\\/\",\"logo\":{\"@type\":\"ImageObject\",\"inLanguage\":\"de\",\"@id\":\"https:\\\/\\\/www.rinaldisrl.com\\\/de\\\/#\\\/schema\\\/logo\\\/image\\\/\",\"url\":\"https:\\\/\\\/www.rinaldisrl.com\\\/wp-content\\\/uploads\\\/2023\\\/07\\\/logo-50-anni.png\",\"contentUrl\":\"https:\\\/\\\/www.rinaldisrl.com\\\/wp-content\\\/uploads\\\/2023\\\/07\\\/logo-50-anni.png\",\"width\":350,\"height\":200,\"caption\":\"Fratelli Rinaldi Srl\"},\"image\":{\"@id\":\"https:\\\/\\\/www.rinaldisrl.com\\\/de\\\/#\\\/schema\\\/logo\\\/image\\\/\"}}]}<\/script>\n<!-- \/ Yoast SEO plugin. -->","yoast_head_json":{"title":"Software","robots":{"index":"index","follow":"follow","max-snippet":"max-snippet:-1","max-image-preview":"max-image-preview:large","max-video-preview":"max-video-preview:-1"},"canonical":"https:\/\/www.rinaldisrl.com\/de\/produkt\/software-fuer-die-komplette-fenster-und-tuer-verwaltung\/","og_locale":"de_DE","og_type":"article","og_title":"Software","og_description":"Die Software von Rinaldi srl f\u00fcr die umfassende Verwaltung von Fenstern und T\u00fcren erm\u00f6glicht es, die wichtigsten Produktionsphasen auf einfache, intuitive und kontrollierte Weise zu verfolgen.Das Programm erm\u00f6glicht die Konfiguration von Aluminium- und PVC-Fenstern und -T\u00fcren, die Eingabe von Ma\u00dfen, die Festlegung von \u00d6ffnungen sowie die Auswahl von Profilen, Verglasungen, Griffen und Zubeh\u00f6r, wobei Materialien, Kosten, Zuschnitte, Bearbeitungen und Produktionszeiten unter Kontrolle bleiben.Eine einzige Arbeitsumgebung, um vom Entwurf \u00fcber die Erstellung der Arbeitslisten bis hin zur Generierung der f\u00fcr die Produktion erforderlichen Informationen und der Daten\u00fcbermittlung an die Maschinen zu gelangen.","og_url":"https:\/\/www.rinaldisrl.com\/de\/produkt\/software-fuer-die-komplette-fenster-und-tuer-verwaltung\/","og_site_name":"Rinaldi Srl","og_image":[{"width":1200,"height":1200,"url":"https:\/\/www.rinaldisrl.com\/wp-content\/uploads\/2026\/04\/software.jpg","type":"image\/jpeg"}],"twitter_card":"summary_large_image","schema":{"@context":"https:\/\/schema.org","@graph":[{"@type":"WebPage","@id":"https:\/\/www.rinaldisrl.com\/de\/produkt\/software-fuer-die-komplette-fenster-und-tuer-verwaltung\/","url":"https:\/\/www.rinaldisrl.com\/de\/produkt\/software-fuer-die-komplette-fenster-und-tuer-verwaltung\/","name":"Software","isPartOf":{"@id":"https:\/\/www.rinaldisrl.com\/de\/#website"},"primaryImageOfPage":{"@id":"https:\/\/www.rinaldisrl.com\/de\/produkt\/software-fuer-die-komplette-fenster-und-tuer-verwaltung\/#primaryimage"},"image":{"@id":"https:\/\/www.rinaldisrl.com\/de\/produkt\/software-fuer-die-komplette-fenster-und-tuer-verwaltung\/#primaryimage"},"thumbnailUrl":"https:\/\/www.rinaldisrl.com\/wp-content\/uploads\/2026\/04\/software.jpg","datePublished":"2026-04-29T15:55:40+00:00","breadcrumb":{"@id":"https:\/\/www.rinaldisrl.com\/de\/produkt\/software-fuer-die-komplette-fenster-und-tuer-verwaltung\/#breadcrumb"},"inLanguage":"de","potentialAction":[{"@type":"ReadAction","target":["https:\/\/www.rinaldisrl.com\/de\/produkt\/software-fuer-die-komplette-fenster-und-tuer-verwaltung\/"]}]},{"@type":"ImageObject","inLanguage":"de","@id":"https:\/\/www.rinaldisrl.com\/de\/produkt\/software-fuer-die-komplette-fenster-und-tuer-verwaltung\/#primaryimage","url":"https:\/\/www.rinaldisrl.com\/wp-content\/uploads\/2026\/04\/software.jpg","contentUrl":"https:\/\/www.rinaldisrl.com\/wp-content\/uploads\/2026\/04\/software.jpg","width":1200,"height":1200},{"@type":"BreadcrumbList","@id":"https:\/\/www.rinaldisrl.com\/de\/produkt\/software-fuer-die-komplette-fenster-und-tuer-verwaltung\/#breadcrumb","itemListElement":[{"@type":"ListItem","position":1,"name":"Home","item":"https:\/\/www.rinaldisrl.com\/de\/"},{"@type":"ListItem","position":2,"name":"Katalog","item":"https:\/\/www.rinaldisrl.com\/katalog\/"},{"@type":"ListItem","position":3,"name":"Software f\u00fcr die umfassende Verwaltung von Fenstern und T\u00fcren"}]},{"@type":"WebSite","@id":"https:\/\/www.rinaldisrl.com\/de\/#website","url":"https:\/\/www.rinaldisrl.com\/de\/","name":"Rinaldi Srl","description":"","publisher":{"@id":"https:\/\/www.rinaldisrl.com\/de\/#organization"},"potentialAction":[{"@type":"SearchAction","target":{"@type":"EntryPoint","urlTemplate":"https:\/\/www.rinaldisrl.com\/de\/?s={search_term_string}"},"query-input":{"@type":"PropertyValueSpecification","valueRequired":true,"valueName":"search_term_string"}}],"inLanguage":"de"},{"@type":"Organization","@id":"https:\/\/www.rinaldisrl.com\/de\/#organization","name":"Fratelli Rinaldi Srl","alternateName":"Fratelli Rinaldi Srl","url":"https:\/\/www.rinaldisrl.com\/de\/","logo":{"@type":"ImageObject","inLanguage":"de","@id":"https:\/\/www.rinaldisrl.com\/de\/#\/schema\/logo\/image\/","url":"https:\/\/www.rinaldisrl.com\/wp-content\/uploads\/2023\/07\/logo-50-anni.png","contentUrl":"https:\/\/www.rinaldisrl.com\/wp-content\/uploads\/2023\/07\/logo-50-anni.png","width":350,"height":200,"caption":"Fratelli Rinaldi Srl"},"image":{"@id":"https:\/\/www.rinaldisrl.com\/de\/#\/schema\/logo\/image\/"}}]}},"_links":{"self":[{"href":"https:\/\/www.rinaldisrl.com\/de\/wp-json\/wp\/v2\/product\/3928","targetHints":{"allow":["GET"]}}],"collection":[{"href":"https:\/\/www.rinaldisrl.com\/de\/wp-json\/wp\/v2\/product"}],"about":[{"href":"https:\/\/www.rinaldisrl.com\/de\/wp-json\/wp\/v2\/types\/product"}],"wp:featuredmedia":[{"embeddable":true,"href":"https:\/\/www.rinaldisrl.com\/de\/wp-json\/wp\/v2\/media\/3893"}],"wp:attachment":[{"href":"https:\/\/www.rinaldisrl.com\/de\/wp-json\/wp\/v2\/media?parent=3928"}],"wp:term":[{"taxonomy":"product_brand","embeddable":true,"href":"https:\/\/www.rinaldisrl.com\/de\/wp-json\/wp\/v2\/product_brand?post=3928"},{"taxonomy":"product_cat","embeddable":true,"href":"https:\/\/www.rinaldisrl.com\/de\/wp-json\/wp\/v2\/product_cat?post=3928"},{"taxonomy":"product_tag","embeddable":true,"href":"https:\/\/www.rinaldisrl.com\/de\/wp-json\/wp\/v2\/product_tag?post=3928"}],"curies":[{"name":"wp","href":"https:\/\/api.w.org\/{rel}","templated":true}]}}