{"id":3886,"date":"2026-04-29T17:55:40","date_gmt":"2026-04-29T15:55:40","guid":{"rendered":"https:\/\/www.rinaldisrl.com\/?post_type=product&#038;p=3886"},"modified":"2026-04-29T18:14:50","modified_gmt":"2026-04-29T16:14:50","slug":"profil-bearbeitungszentrum-cdl-33q-copia","status":"publish","type":"product","link":"https:\/\/www.rinaldisrl.com\/de\/produkt\/profil-bearbeitungszentrum-cdl-33q-copia\/","title":{"rendered":"Profil\u2011Bearbeitungszentrum CDL 33Q (Copia)"},"content":{"rendered":"","protected":false},"excerpt":{"rendered":"<p><strong>Profil\u2011Bearbeitungszentrum mit fahrbarem St\u00e4nder mit vertikaler Spindel und 4 numerisch gesteuerten Achsen, einschlie\u00dflich kontinuierlicher Tischdrehung, die jeden Winkel von -90\u00b0 bis +90\u00b0 erm\u00f6glicht.<\/strong><br \/>\nIntegrierter Rundumschutz mit Sp\u00e4neauffangbeh\u00e4lter; pneumatisch bet\u00e4tigter, verschiebbarer Frontschutz.<br \/>\n<strong>Automatischer Werkzeugschnellwechsel mit 4 ISO30-Kegelpositionen.<\/strong><br \/>\nWerkst\u00fcckspannung mit 4 pneumatischen Schraubst\u00f6cken mit manueller Positionierung, pneumatischer Spannung und automatischer Positionskontrolle als Standard; pneumatische Spannung und automatische Positionierung als Option.<br \/>\n<strong>M\u00f6glichkeit der Bearbeitung von Aluminium, PVC, Stahl bis zu 4 mm und Edelstahl bis zu 3 mm mit spezifischem Zubeh\u00f6r<\/strong>.<br \/>\nDie Version &#8217;33Q&#8216; hat eine Spindel mit einer maximalen Drehzahl von 12.000 U\/min, die Version &#8217;33Q mit Elektrospindel&#8216; mit einer maximalen Drehzahl von 20.000 U\/min.<\/p>\n","protected":false},"featured_media":3893,"template":"","meta":[],"product_brand":[],"product_cat":[290],"product_tag":[],"class_list":{"0":"post-3886","1":"product","2":"type-product","3":"status-publish","4":"has-post-thumbnail","6":"product_cat-software","8":"first","9":"instock","10":"shipping-taxable","11":"product-type-simple"},"yoast_head":"<!-- This site is optimized with the Yoast SEO plugin v27.5 - https:\/\/yoast.com\/product\/yoast-seo-wordpress\/ -->\n<title>Profil\u2011Bearbeitungszentrum<\/title>\n<meta name=\"description\" content=\"Profil\u2011Bearbeitungszentrum mit beweglichem St\u00e4nder und vertikaler Spindel f\u00fcr die Bearbeitung von Aluminiumprofilen, PVC, Stahl bis 4 mm und Edelstahl bis 3 mm\" \/>\n<meta name=\"robots\" content=\"index, follow, max-snippet:-1, max-image-preview:large, max-video-preview:-1\" \/>\n<link rel=\"canonical\" href=\"https:\/\/www.rinaldisrl.com\/de\/produkt\/profil-bearbeitungszentrum-cdl-33q-copia\/\" \/>\n<meta property=\"og:locale\" content=\"de_DE\" \/>\n<meta property=\"og:type\" content=\"article\" \/>\n<meta property=\"og:title\" content=\"Profil\u2011Bearbeitungszentrum\" \/>\n<meta property=\"og:description\" content=\"Profil\u2011Bearbeitungszentrum mit beweglichem St\u00e4nder und vertikaler Spindel f\u00fcr die Bearbeitung von Aluminiumprofilen, PVC, Stahl bis 4 mm und Edelstahl bis 3 mm\" \/>\n<meta property=\"og:url\" content=\"https:\/\/www.rinaldisrl.com\/de\/produkt\/profil-bearbeitungszentrum-cdl-33q-copia\/\" \/>\n<meta property=\"og:site_name\" content=\"Rinaldi Srl\" \/>\n<meta property=\"article:modified_time\" content=\"2026-04-29T16:14:50+00:00\" \/>\n<meta property=\"og:image\" content=\"https:\/\/www.rinaldisrl.com\/wp-content\/uploads\/2026\/04\/software.jpg\" \/>\n\t<meta property=\"og:image:width\" content=\"1200\" \/>\n\t<meta property=\"og:image:height\" content=\"1200\" \/>\n\t<meta property=\"og:image:type\" content=\"image\/jpeg\" \/>\n<meta name=\"twitter:card\" content=\"summary_large_image\" \/>\n<meta name=\"twitter:label1\" content=\"Gesch\u00e4tzte Lesezeit\" \/>\n\t<meta name=\"twitter:data1\" content=\"1\u00a0Minute\" \/>\n<script type=\"application\/ld+json\" class=\"yoast-schema-graph\">{\"@context\":\"https:\\\/\\\/schema.org\",\"@graph\":[{\"@type\":\"WebPage\",\"@id\":\"https:\\\/\\\/www.rinaldisrl.com\\\/de\\\/produkt\\\/profil-bearbeitungszentrum-cdl-33q-copia\\\/\",\"url\":\"https:\\\/\\\/www.rinaldisrl.com\\\/de\\\/produkt\\\/profil-bearbeitungszentrum-cdl-33q-copia\\\/\",\"name\":\"Profil\u2011Bearbeitungszentrum\",\"isPartOf\":{\"@id\":\"https:\\\/\\\/www.rinaldisrl.com\\\/de\\\/#website\"},\"primaryImageOfPage\":{\"@id\":\"https:\\\/\\\/www.rinaldisrl.com\\\/de\\\/produkt\\\/profil-bearbeitungszentrum-cdl-33q-copia\\\/#primaryimage\"},\"image\":{\"@id\":\"https:\\\/\\\/www.rinaldisrl.com\\\/de\\\/produkt\\\/profil-bearbeitungszentrum-cdl-33q-copia\\\/#primaryimage\"},\"thumbnailUrl\":\"https:\\\/\\\/www.rinaldisrl.com\\\/wp-content\\\/uploads\\\/2026\\\/04\\\/software.jpg\",\"datePublished\":\"2026-04-29T15:55:40+00:00\",\"dateModified\":\"2026-04-29T16:14:50+00:00\",\"description\":\"Profil\u2011Bearbeitungszentrum mit beweglichem St\u00e4nder und vertikaler Spindel f\u00fcr die Bearbeitung von Aluminiumprofilen, PVC, Stahl bis 4 mm und Edelstahl bis 3 mm\",\"breadcrumb\":{\"@id\":\"https:\\\/\\\/www.rinaldisrl.com\\\/de\\\/produkt\\\/profil-bearbeitungszentrum-cdl-33q-copia\\\/#breadcrumb\"},\"inLanguage\":\"de\",\"potentialAction\":[{\"@type\":\"ReadAction\",\"target\":[\"https:\\\/\\\/www.rinaldisrl.com\\\/de\\\/produkt\\\/profil-bearbeitungszentrum-cdl-33q-copia\\\/\"]}]},{\"@type\":\"ImageObject\",\"inLanguage\":\"de\",\"@id\":\"https:\\\/\\\/www.rinaldisrl.com\\\/de\\\/produkt\\\/profil-bearbeitungszentrum-cdl-33q-copia\\\/#primaryimage\",\"url\":\"https:\\\/\\\/www.rinaldisrl.com\\\/wp-content\\\/uploads\\\/2026\\\/04\\\/software.jpg\",\"contentUrl\":\"https:\\\/\\\/www.rinaldisrl.com\\\/wp-content\\\/uploads\\\/2026\\\/04\\\/software.jpg\",\"width\":1200,\"height\":1200},{\"@type\":\"BreadcrumbList\",\"@id\":\"https:\\\/\\\/www.rinaldisrl.com\\\/de\\\/produkt\\\/profil-bearbeitungszentrum-cdl-33q-copia\\\/#breadcrumb\",\"itemListElement\":[{\"@type\":\"ListItem\",\"position\":1,\"name\":\"Home\",\"item\":\"https:\\\/\\\/www.rinaldisrl.com\\\/de\\\/\"},{\"@type\":\"ListItem\",\"position\":2,\"name\":\"Katalog\",\"item\":\"https:\\\/\\\/www.rinaldisrl.com\\\/katalog\\\/\"},{\"@type\":\"ListItem\",\"position\":3,\"name\":\"Profil\u2011Bearbeitungszentrum CDL 33Q (Copia)\"}]},{\"@type\":\"WebSite\",\"@id\":\"https:\\\/\\\/www.rinaldisrl.com\\\/de\\\/#website\",\"url\":\"https:\\\/\\\/www.rinaldisrl.com\\\/de\\\/\",\"name\":\"Rinaldi Srl\",\"description\":\"\",\"publisher\":{\"@id\":\"https:\\\/\\\/www.rinaldisrl.com\\\/de\\\/#organization\"},\"potentialAction\":[{\"@type\":\"SearchAction\",\"target\":{\"@type\":\"EntryPoint\",\"urlTemplate\":\"https:\\\/\\\/www.rinaldisrl.com\\\/de\\\/?s={search_term_string}\"},\"query-input\":{\"@type\":\"PropertyValueSpecification\",\"valueRequired\":true,\"valueName\":\"search_term_string\"}}],\"inLanguage\":\"de\"},{\"@type\":\"Organization\",\"@id\":\"https:\\\/\\\/www.rinaldisrl.com\\\/de\\\/#organization\",\"name\":\"Fratelli Rinaldi Srl\",\"alternateName\":\"Fratelli Rinaldi Srl\",\"url\":\"https:\\\/\\\/www.rinaldisrl.com\\\/de\\\/\",\"logo\":{\"@type\":\"ImageObject\",\"inLanguage\":\"de\",\"@id\":\"https:\\\/\\\/www.rinaldisrl.com\\\/de\\\/#\\\/schema\\\/logo\\\/image\\\/\",\"url\":\"https:\\\/\\\/www.rinaldisrl.com\\\/wp-content\\\/uploads\\\/2023\\\/07\\\/logo-50-anni.png\",\"contentUrl\":\"https:\\\/\\\/www.rinaldisrl.com\\\/wp-content\\\/uploads\\\/2023\\\/07\\\/logo-50-anni.png\",\"width\":350,\"height\":200,\"caption\":\"Fratelli Rinaldi Srl\"},\"image\":{\"@id\":\"https:\\\/\\\/www.rinaldisrl.com\\\/de\\\/#\\\/schema\\\/logo\\\/image\\\/\"}}]}<\/script>\n<!-- \/ Yoast SEO plugin. -->","yoast_head_json":{"title":"Profil\u2011Bearbeitungszentrum","description":"Profil\u2011Bearbeitungszentrum mit beweglichem St\u00e4nder und vertikaler Spindel f\u00fcr die Bearbeitung von Aluminiumprofilen, PVC, Stahl bis 4 mm und Edelstahl bis 3 mm","robots":{"index":"index","follow":"follow","max-snippet":"max-snippet:-1","max-image-preview":"max-image-preview:large","max-video-preview":"max-video-preview:-1"},"canonical":"https:\/\/www.rinaldisrl.com\/de\/produkt\/profil-bearbeitungszentrum-cdl-33q-copia\/","og_locale":"de_DE","og_type":"article","og_title":"Profil\u2011Bearbeitungszentrum","og_description":"Profil\u2011Bearbeitungszentrum mit beweglichem St\u00e4nder und vertikaler Spindel f\u00fcr die Bearbeitung von Aluminiumprofilen, PVC, Stahl bis 4 mm und Edelstahl bis 3 mm","og_url":"https:\/\/www.rinaldisrl.com\/de\/produkt\/profil-bearbeitungszentrum-cdl-33q-copia\/","og_site_name":"Rinaldi Srl","article_modified_time":"2026-04-29T16:14:50+00:00","og_image":[{"width":1200,"height":1200,"url":"https:\/\/www.rinaldisrl.com\/wp-content\/uploads\/2026\/04\/software.jpg","type":"image\/jpeg"}],"twitter_card":"summary_large_image","twitter_misc":{"Gesch\u00e4tzte Lesezeit":"1\u00a0Minute"},"schema":{"@context":"https:\/\/schema.org","@graph":[{"@type":"WebPage","@id":"https:\/\/www.rinaldisrl.com\/de\/produkt\/profil-bearbeitungszentrum-cdl-33q-copia\/","url":"https:\/\/www.rinaldisrl.com\/de\/produkt\/profil-bearbeitungszentrum-cdl-33q-copia\/","name":"Profil\u2011Bearbeitungszentrum","isPartOf":{"@id":"https:\/\/www.rinaldisrl.com\/de\/#website"},"primaryImageOfPage":{"@id":"https:\/\/www.rinaldisrl.com\/de\/produkt\/profil-bearbeitungszentrum-cdl-33q-copia\/#primaryimage"},"image":{"@id":"https:\/\/www.rinaldisrl.com\/de\/produkt\/profil-bearbeitungszentrum-cdl-33q-copia\/#primaryimage"},"thumbnailUrl":"https:\/\/www.rinaldisrl.com\/wp-content\/uploads\/2026\/04\/software.jpg","datePublished":"2026-04-29T15:55:40+00:00","dateModified":"2026-04-29T16:14:50+00:00","description":"Profil\u2011Bearbeitungszentrum mit beweglichem St\u00e4nder und vertikaler Spindel f\u00fcr die Bearbeitung von Aluminiumprofilen, PVC, Stahl bis 4 mm und Edelstahl bis 3 mm","breadcrumb":{"@id":"https:\/\/www.rinaldisrl.com\/de\/produkt\/profil-bearbeitungszentrum-cdl-33q-copia\/#breadcrumb"},"inLanguage":"de","potentialAction":[{"@type":"ReadAction","target":["https:\/\/www.rinaldisrl.com\/de\/produkt\/profil-bearbeitungszentrum-cdl-33q-copia\/"]}]},{"@type":"ImageObject","inLanguage":"de","@id":"https:\/\/www.rinaldisrl.com\/de\/produkt\/profil-bearbeitungszentrum-cdl-33q-copia\/#primaryimage","url":"https:\/\/www.rinaldisrl.com\/wp-content\/uploads\/2026\/04\/software.jpg","contentUrl":"https:\/\/www.rinaldisrl.com\/wp-content\/uploads\/2026\/04\/software.jpg","width":1200,"height":1200},{"@type":"BreadcrumbList","@id":"https:\/\/www.rinaldisrl.com\/de\/produkt\/profil-bearbeitungszentrum-cdl-33q-copia\/#breadcrumb","itemListElement":[{"@type":"ListItem","position":1,"name":"Home","item":"https:\/\/www.rinaldisrl.com\/de\/"},{"@type":"ListItem","position":2,"name":"Katalog","item":"https:\/\/www.rinaldisrl.com\/katalog\/"},{"@type":"ListItem","position":3,"name":"Profil\u2011Bearbeitungszentrum CDL 33Q (Copia)"}]},{"@type":"WebSite","@id":"https:\/\/www.rinaldisrl.com\/de\/#website","url":"https:\/\/www.rinaldisrl.com\/de\/","name":"Rinaldi Srl","description":"","publisher":{"@id":"https:\/\/www.rinaldisrl.com\/de\/#organization"},"potentialAction":[{"@type":"SearchAction","target":{"@type":"EntryPoint","urlTemplate":"https:\/\/www.rinaldisrl.com\/de\/?s={search_term_string}"},"query-input":{"@type":"PropertyValueSpecification","valueRequired":true,"valueName":"search_term_string"}}],"inLanguage":"de"},{"@type":"Organization","@id":"https:\/\/www.rinaldisrl.com\/de\/#organization","name":"Fratelli Rinaldi Srl","alternateName":"Fratelli Rinaldi Srl","url":"https:\/\/www.rinaldisrl.com\/de\/","logo":{"@type":"ImageObject","inLanguage":"de","@id":"https:\/\/www.rinaldisrl.com\/de\/#\/schema\/logo\/image\/","url":"https:\/\/www.rinaldisrl.com\/wp-content\/uploads\/2023\/07\/logo-50-anni.png","contentUrl":"https:\/\/www.rinaldisrl.com\/wp-content\/uploads\/2023\/07\/logo-50-anni.png","width":350,"height":200,"caption":"Fratelli Rinaldi Srl"},"image":{"@id":"https:\/\/www.rinaldisrl.com\/de\/#\/schema\/logo\/image\/"}}]}},"_links":{"self":[{"href":"https:\/\/www.rinaldisrl.com\/de\/wp-json\/wp\/v2\/product\/3886","targetHints":{"allow":["GET"]}}],"collection":[{"href":"https:\/\/www.rinaldisrl.com\/de\/wp-json\/wp\/v2\/product"}],"about":[{"href":"https:\/\/www.rinaldisrl.com\/de\/wp-json\/wp\/v2\/types\/product"}],"wp:featuredmedia":[{"embeddable":true,"href":"https:\/\/www.rinaldisrl.com\/de\/wp-json\/wp\/v2\/media\/3893"}],"wp:attachment":[{"href":"https:\/\/www.rinaldisrl.com\/de\/wp-json\/wp\/v2\/media?parent=3886"}],"wp:term":[{"taxonomy":"product_brand","embeddable":true,"href":"https:\/\/www.rinaldisrl.com\/de\/wp-json\/wp\/v2\/product_brand?post=3886"},{"taxonomy":"product_cat","embeddable":true,"href":"https:\/\/www.rinaldisrl.com\/de\/wp-json\/wp\/v2\/product_cat?post=3886"},{"taxonomy":"product_tag","embeddable":true,"href":"https:\/\/www.rinaldisrl.com\/de\/wp-json\/wp\/v2\/product_tag?post=3886"}],"curies":[{"name":"wp","href":"https:\/\/api.w.org\/{rel}","templated":true}]}}