{"id":2146,"date":"2023-09-07T15:00:22","date_gmt":"2023-09-07T13:00:22","guid":{"rendered":"https:\/\/www.rinaldisrl.com\/prodotti\/intestatrice-int-32s-32as-2\/"},"modified":"2026-03-20T09:22:50","modified_gmt":"2026-03-20T08:22:50","slug":"ausklinkfraese-int-32s-32as","status":"publish","type":"product","link":"https:\/\/www.rinaldisrl.com\/de\/produkt\/ausklinkfraese-int-32s-32as\/","title":{"rendered":"Ausklinkfr\u00e4se mit Hydropneumatische Vorschubgeschwindigkeits Regelung INT 32S &#8211; 32AS"},"content":{"rendered":"","protected":false},"excerpt":{"rendered":"<p>Ausklinkfr\u00e4se mit halbautomatischem Vorschub und Hydropneumatische Vorschubgeschwindigkeits Regelung in der Version &#8222;32AS&#8220;.<br \/>\nDie hohe Werkzeugdrehzahl verbessert die Bearbeitungsqualit\u00e4t bei lackierten und unregelm\u00e4\u00dfigen Profilen.<br \/>\n<strong>Erm\u00f6glicht das Fr\u00e4sen von 90\u00b0 und variable Winkel von -45\u00b0 bis +45\u00b0<\/strong>.<br \/>\nSchneller Wechsel der Fr\u00e4seinheit mit pneumatischer Steuerung.<br \/>\nKratzfester Arbeitstisch.<br \/>\n<strong>Schallged\u00e4mpfter, vollst\u00e4ndig geschlossener Arbeitsbereich mit weiter Innensicht.<\/strong><br \/>\n<strong>Manuell bedienbarer Schallschutztunnel (nur beim 90\u00b0-Fr\u00e4sen) reduziert die L\u00e4rmemission auf ca. 85 dB.<\/strong><\/p>\n","protected":false},"featured_media":1036,"template":"","meta":[],"product_brand":[],"product_cat":[266],"product_tag":[],"class_list":{"0":"post-2146","1":"product","2":"type-product","3":"status-publish","4":"has-post-thumbnail","6":"product_cat-ausklinkfraesen","8":"first","9":"instock","10":"shipping-taxable","11":"product-type-simple"},"yoast_head":"<!-- This site is optimized with the Yoast SEO plugin v27.5 - https:\/\/yoast.com\/product\/yoast-seo-wordpress\/ -->\n<title>Ausklinkfr\u00e4se mit Hydropneumatische Vorschubgeschwindigkeits Regelung<\/title>\n<meta name=\"description\" content=\"Ausklinkfr\u00e4se mit halbautomatischem Vorschub und Hydropneumatische Vorschubgeschwindigkeits Regelung fur Profilen.\" \/>\n<meta name=\"robots\" content=\"index, follow, max-snippet:-1, max-image-preview:large, max-video-preview:-1\" \/>\n<link rel=\"canonical\" href=\"https:\/\/www.rinaldisrl.com\/de\/produkt\/ausklinkfraese-int-32s-32as\/\" \/>\n<meta property=\"og:locale\" content=\"de_DE\" \/>\n<meta property=\"og:type\" content=\"article\" \/>\n<meta property=\"og:title\" content=\"Ausklinkfr\u00e4se mit Hydropneumatische Vorschubgeschwindigkeits Regelung\" \/>\n<meta property=\"og:description\" content=\"Ausklinkfr\u00e4se mit halbautomatischem Vorschub und Hydropneumatische Vorschubgeschwindigkeits Regelung fur Profilen.\" \/>\n<meta property=\"og:url\" content=\"https:\/\/www.rinaldisrl.com\/de\/produkt\/ausklinkfraese-int-32s-32as\/\" \/>\n<meta property=\"og:site_name\" content=\"Rinaldi Srl\" \/>\n<meta property=\"article:modified_time\" content=\"2026-03-20T08:22:50+00:00\" \/>\n<meta property=\"og:image\" content=\"https:\/\/www.rinaldisrl.com\/wp-content\/uploads\/2023\/09\/intestatrice-INT32S.jpg\" \/>\n\t<meta property=\"og:image:width\" content=\"1200\" \/>\n\t<meta property=\"og:image:height\" content=\"1200\" \/>\n\t<meta property=\"og:image:type\" content=\"image\/jpeg\" \/>\n<meta name=\"twitter:card\" content=\"summary_large_image\" \/>\n<meta name=\"twitter:label1\" content=\"Gesch\u00e4tzte Lesezeit\" \/>\n\t<meta name=\"twitter:data1\" content=\"1\u00a0Minute\" \/>\n<script type=\"application\/ld+json\" class=\"yoast-schema-graph\">{\"@context\":\"https:\\\/\\\/schema.org\",\"@graph\":[{\"@type\":\"WebPage\",\"@id\":\"https:\\\/\\\/www.rinaldisrl.com\\\/de\\\/produkt\\\/ausklinkfraese-int-32s-32as\\\/\",\"url\":\"https:\\\/\\\/www.rinaldisrl.com\\\/de\\\/produkt\\\/ausklinkfraese-int-32s-32as\\\/\",\"name\":\"Ausklinkfr\u00e4se mit Hydropneumatische Vorschubgeschwindigkeits Regelung\",\"isPartOf\":{\"@id\":\"https:\\\/\\\/www.rinaldisrl.com\\\/de\\\/#website\"},\"primaryImageOfPage\":{\"@id\":\"https:\\\/\\\/www.rinaldisrl.com\\\/de\\\/produkt\\\/ausklinkfraese-int-32s-32as\\\/#primaryimage\"},\"image\":{\"@id\":\"https:\\\/\\\/www.rinaldisrl.com\\\/de\\\/produkt\\\/ausklinkfraese-int-32s-32as\\\/#primaryimage\"},\"thumbnailUrl\":\"https:\\\/\\\/www.rinaldisrl.com\\\/wp-content\\\/uploads\\\/2023\\\/09\\\/intestatrice-INT32S.jpg\",\"datePublished\":\"2023-09-07T13:00:22+00:00\",\"dateModified\":\"2026-03-20T08:22:50+00:00\",\"description\":\"Ausklinkfr\u00e4se mit halbautomatischem Vorschub und Hydropneumatische Vorschubgeschwindigkeits Regelung fur Profilen.\",\"breadcrumb\":{\"@id\":\"https:\\\/\\\/www.rinaldisrl.com\\\/de\\\/produkt\\\/ausklinkfraese-int-32s-32as\\\/#breadcrumb\"},\"inLanguage\":\"de\",\"potentialAction\":[{\"@type\":\"ReadAction\",\"target\":[\"https:\\\/\\\/www.rinaldisrl.com\\\/de\\\/produkt\\\/ausklinkfraese-int-32s-32as\\\/\"]}]},{\"@type\":\"ImageObject\",\"inLanguage\":\"de\",\"@id\":\"https:\\\/\\\/www.rinaldisrl.com\\\/de\\\/produkt\\\/ausklinkfraese-int-32s-32as\\\/#primaryimage\",\"url\":\"https:\\\/\\\/www.rinaldisrl.com\\\/wp-content\\\/uploads\\\/2023\\\/09\\\/intestatrice-INT32S.jpg\",\"contentUrl\":\"https:\\\/\\\/www.rinaldisrl.com\\\/wp-content\\\/uploads\\\/2023\\\/09\\\/intestatrice-INT32S.jpg\",\"width\":1200,\"height\":1200},{\"@type\":\"BreadcrumbList\",\"@id\":\"https:\\\/\\\/www.rinaldisrl.com\\\/de\\\/produkt\\\/ausklinkfraese-int-32s-32as\\\/#breadcrumb\",\"itemListElement\":[{\"@type\":\"ListItem\",\"position\":1,\"name\":\"Home\",\"item\":\"https:\\\/\\\/www.rinaldisrl.com\\\/de\\\/\"},{\"@type\":\"ListItem\",\"position\":2,\"name\":\"Katalog\",\"item\":\"https:\\\/\\\/www.rinaldisrl.com\\\/katalog\\\/\"},{\"@type\":\"ListItem\",\"position\":3,\"name\":\"Ausklinkfr\u00e4se mit Hydropneumatische Vorschubgeschwindigkeits Regelung INT 32S &#8211; 32AS\"}]},{\"@type\":\"WebSite\",\"@id\":\"https:\\\/\\\/www.rinaldisrl.com\\\/de\\\/#website\",\"url\":\"https:\\\/\\\/www.rinaldisrl.com\\\/de\\\/\",\"name\":\"Rinaldi Srl\",\"description\":\"\",\"publisher\":{\"@id\":\"https:\\\/\\\/www.rinaldisrl.com\\\/de\\\/#organization\"},\"potentialAction\":[{\"@type\":\"SearchAction\",\"target\":{\"@type\":\"EntryPoint\",\"urlTemplate\":\"https:\\\/\\\/www.rinaldisrl.com\\\/de\\\/?s={search_term_string}\"},\"query-input\":{\"@type\":\"PropertyValueSpecification\",\"valueRequired\":true,\"valueName\":\"search_term_string\"}}],\"inLanguage\":\"de\"},{\"@type\":\"Organization\",\"@id\":\"https:\\\/\\\/www.rinaldisrl.com\\\/de\\\/#organization\",\"name\":\"Fratelli Rinaldi Srl\",\"alternateName\":\"Fratelli Rinaldi Srl\",\"url\":\"https:\\\/\\\/www.rinaldisrl.com\\\/de\\\/\",\"logo\":{\"@type\":\"ImageObject\",\"inLanguage\":\"de\",\"@id\":\"https:\\\/\\\/www.rinaldisrl.com\\\/de\\\/#\\\/schema\\\/logo\\\/image\\\/\",\"url\":\"https:\\\/\\\/www.rinaldisrl.com\\\/wp-content\\\/uploads\\\/2023\\\/07\\\/logo-50-anni.png\",\"contentUrl\":\"https:\\\/\\\/www.rinaldisrl.com\\\/wp-content\\\/uploads\\\/2023\\\/07\\\/logo-50-anni.png\",\"width\":350,\"height\":200,\"caption\":\"Fratelli Rinaldi Srl\"},\"image\":{\"@id\":\"https:\\\/\\\/www.rinaldisrl.com\\\/de\\\/#\\\/schema\\\/logo\\\/image\\\/\"}}]}<\/script>\n<!-- \/ Yoast SEO plugin. -->","yoast_head_json":{"title":"Ausklinkfr\u00e4se mit Hydropneumatische Vorschubgeschwindigkeits Regelung","description":"Ausklinkfr\u00e4se mit halbautomatischem Vorschub und Hydropneumatische Vorschubgeschwindigkeits Regelung fur Profilen.","robots":{"index":"index","follow":"follow","max-snippet":"max-snippet:-1","max-image-preview":"max-image-preview:large","max-video-preview":"max-video-preview:-1"},"canonical":"https:\/\/www.rinaldisrl.com\/de\/produkt\/ausklinkfraese-int-32s-32as\/","og_locale":"de_DE","og_type":"article","og_title":"Ausklinkfr\u00e4se mit Hydropneumatische Vorschubgeschwindigkeits Regelung","og_description":"Ausklinkfr\u00e4se mit halbautomatischem Vorschub und Hydropneumatische Vorschubgeschwindigkeits Regelung fur Profilen.","og_url":"https:\/\/www.rinaldisrl.com\/de\/produkt\/ausklinkfraese-int-32s-32as\/","og_site_name":"Rinaldi Srl","article_modified_time":"2026-03-20T08:22:50+00:00","og_image":[{"width":1200,"height":1200,"url":"https:\/\/www.rinaldisrl.com\/wp-content\/uploads\/2023\/09\/intestatrice-INT32S.jpg","type":"image\/jpeg"}],"twitter_card":"summary_large_image","twitter_misc":{"Gesch\u00e4tzte Lesezeit":"1\u00a0Minute"},"schema":{"@context":"https:\/\/schema.org","@graph":[{"@type":"WebPage","@id":"https:\/\/www.rinaldisrl.com\/de\/produkt\/ausklinkfraese-int-32s-32as\/","url":"https:\/\/www.rinaldisrl.com\/de\/produkt\/ausklinkfraese-int-32s-32as\/","name":"Ausklinkfr\u00e4se mit Hydropneumatische Vorschubgeschwindigkeits Regelung","isPartOf":{"@id":"https:\/\/www.rinaldisrl.com\/de\/#website"},"primaryImageOfPage":{"@id":"https:\/\/www.rinaldisrl.com\/de\/produkt\/ausklinkfraese-int-32s-32as\/#primaryimage"},"image":{"@id":"https:\/\/www.rinaldisrl.com\/de\/produkt\/ausklinkfraese-int-32s-32as\/#primaryimage"},"thumbnailUrl":"https:\/\/www.rinaldisrl.com\/wp-content\/uploads\/2023\/09\/intestatrice-INT32S.jpg","datePublished":"2023-09-07T13:00:22+00:00","dateModified":"2026-03-20T08:22:50+00:00","description":"Ausklinkfr\u00e4se mit halbautomatischem Vorschub und Hydropneumatische Vorschubgeschwindigkeits Regelung fur Profilen.","breadcrumb":{"@id":"https:\/\/www.rinaldisrl.com\/de\/produkt\/ausklinkfraese-int-32s-32as\/#breadcrumb"},"inLanguage":"de","potentialAction":[{"@type":"ReadAction","target":["https:\/\/www.rinaldisrl.com\/de\/produkt\/ausklinkfraese-int-32s-32as\/"]}]},{"@type":"ImageObject","inLanguage":"de","@id":"https:\/\/www.rinaldisrl.com\/de\/produkt\/ausklinkfraese-int-32s-32as\/#primaryimage","url":"https:\/\/www.rinaldisrl.com\/wp-content\/uploads\/2023\/09\/intestatrice-INT32S.jpg","contentUrl":"https:\/\/www.rinaldisrl.com\/wp-content\/uploads\/2023\/09\/intestatrice-INT32S.jpg","width":1200,"height":1200},{"@type":"BreadcrumbList","@id":"https:\/\/www.rinaldisrl.com\/de\/produkt\/ausklinkfraese-int-32s-32as\/#breadcrumb","itemListElement":[{"@type":"ListItem","position":1,"name":"Home","item":"https:\/\/www.rinaldisrl.com\/de\/"},{"@type":"ListItem","position":2,"name":"Katalog","item":"https:\/\/www.rinaldisrl.com\/katalog\/"},{"@type":"ListItem","position":3,"name":"Ausklinkfr\u00e4se mit Hydropneumatische Vorschubgeschwindigkeits Regelung INT 32S &#8211; 32AS"}]},{"@type":"WebSite","@id":"https:\/\/www.rinaldisrl.com\/de\/#website","url":"https:\/\/www.rinaldisrl.com\/de\/","name":"Rinaldi Srl","description":"","publisher":{"@id":"https:\/\/www.rinaldisrl.com\/de\/#organization"},"potentialAction":[{"@type":"SearchAction","target":{"@type":"EntryPoint","urlTemplate":"https:\/\/www.rinaldisrl.com\/de\/?s={search_term_string}"},"query-input":{"@type":"PropertyValueSpecification","valueRequired":true,"valueName":"search_term_string"}}],"inLanguage":"de"},{"@type":"Organization","@id":"https:\/\/www.rinaldisrl.com\/de\/#organization","name":"Fratelli Rinaldi Srl","alternateName":"Fratelli Rinaldi Srl","url":"https:\/\/www.rinaldisrl.com\/de\/","logo":{"@type":"ImageObject","inLanguage":"de","@id":"https:\/\/www.rinaldisrl.com\/de\/#\/schema\/logo\/image\/","url":"https:\/\/www.rinaldisrl.com\/wp-content\/uploads\/2023\/07\/logo-50-anni.png","contentUrl":"https:\/\/www.rinaldisrl.com\/wp-content\/uploads\/2023\/07\/logo-50-anni.png","width":350,"height":200,"caption":"Fratelli Rinaldi Srl"},"image":{"@id":"https:\/\/www.rinaldisrl.com\/de\/#\/schema\/logo\/image\/"}}]}},"_links":{"self":[{"href":"https:\/\/www.rinaldisrl.com\/de\/wp-json\/wp\/v2\/product\/2146","targetHints":{"allow":["GET"]}}],"collection":[{"href":"https:\/\/www.rinaldisrl.com\/de\/wp-json\/wp\/v2\/product"}],"about":[{"href":"https:\/\/www.rinaldisrl.com\/de\/wp-json\/wp\/v2\/types\/product"}],"wp:featuredmedia":[{"embeddable":true,"href":"https:\/\/www.rinaldisrl.com\/de\/wp-json\/wp\/v2\/media\/1036"}],"wp:attachment":[{"href":"https:\/\/www.rinaldisrl.com\/de\/wp-json\/wp\/v2\/media?parent=2146"}],"wp:term":[{"taxonomy":"product_brand","embeddable":true,"href":"https:\/\/www.rinaldisrl.com\/de\/wp-json\/wp\/v2\/product_brand?post=2146"},{"taxonomy":"product_cat","embeddable":true,"href":"https:\/\/www.rinaldisrl.com\/de\/wp-json\/wp\/v2\/product_cat?post=2146"},{"taxonomy":"product_tag","embeddable":true,"href":"https:\/\/www.rinaldisrl.com\/de\/wp-json\/wp\/v2\/product_tag?post=2146"}],"curies":[{"name":"wp","href":"https:\/\/api.w.org\/{rel}","templated":true}]}}