{"id":2144,"date":"2023-09-07T15:21:23","date_gmt":"2023-09-07T13:21:23","guid":{"rendered":"https:\/\/www.rinaldisrl.com\/prodotti\/intestatrice-baby-2\/"},"modified":"2026-03-20T09:25:33","modified_gmt":"2026-03-20T08:25:33","slug":"ausklinkfraese-fuer-die-werkbank","status":"publish","type":"product","link":"https:\/\/www.rinaldisrl.com\/de\/produkt\/ausklinkfraese-fuer-die-werkbank\/","title":{"rendered":"Ausklinkfr\u00e4se f\u00fcr die Werkbank BABY"},"content":{"rendered":"","protected":false},"excerpt":{"rendered":"<p><strong>Ausklinkfr\u00e4se f\u00fcr die Werkbank mit manuellem Vorschub, entwickelt f\u00fcr die Bearbeitung abgerundeter Glasleisten. Vollst\u00e4ndiger Schutz des Arbeitsbereichse mit manuellem Vorschub, auf der Werkbank montiert, f\u00fcr die Bearbeitung von abgerundeten Glasleisten<\/strong>.<br \/>\nSie f\u00fchrt die notwendigen Fr\u00e4sarbeiten aus, um die je nach Serie in 45\u00b0 oder 90\u00b0 geschnittenen Glasleisten auf dem Fl\u00fcgel einzurasten.<br \/>\nDie Maschine ist f\u00fcr die jeweilige Serie gepr\u00fcft.<br \/>\nIntegrierter Schutz des Arbeitsbereichs.<\/p>\n","protected":false},"featured_media":1044,"template":"","meta":[],"product_brand":[],"product_cat":[266],"product_tag":[],"class_list":{"0":"post-2144","1":"product","2":"type-product","3":"status-publish","4":"has-post-thumbnail","6":"product_cat-ausklinkfraesen","8":"first","9":"instock","10":"shipping-taxable","11":"product-type-simple"},"yoast_head":"<!-- This site is optimized with the Yoast SEO plugin v27.5 - https:\/\/yoast.com\/product\/yoast-seo-wordpress\/ -->\n<title>Ausklinkfr\u00e4se f\u00fcr die Werkbank<\/title>\n<meta name=\"description\" content=\"Ausklinkfr\u00e4se f\u00fcr die Werkbank mit manuellem Vorschub, entwickelt f\u00fcr die Bearbeitung abgerundeter Glasleisten. Vollst\u00e4ndiger Schutz des Arbeitsbereichs\" \/>\n<meta name=\"robots\" content=\"index, follow, max-snippet:-1, max-image-preview:large, max-video-preview:-1\" \/>\n<link rel=\"canonical\" href=\"https:\/\/www.rinaldisrl.com\/de\/produkt\/ausklinkfraese-fuer-die-werkbank\/\" \/>\n<meta property=\"og:locale\" content=\"de_DE\" \/>\n<meta property=\"og:type\" content=\"article\" \/>\n<meta property=\"og:title\" content=\"Ausklinkfr\u00e4se f\u00fcr die Werkbank\" \/>\n<meta property=\"og:description\" content=\"Ausklinkfr\u00e4se f\u00fcr die Werkbank mit manuellem Vorschub, entwickelt f\u00fcr die Bearbeitung abgerundeter Glasleisten. Vollst\u00e4ndiger Schutz des Arbeitsbereichs\" \/>\n<meta property=\"og:url\" content=\"https:\/\/www.rinaldisrl.com\/de\/produkt\/ausklinkfraese-fuer-die-werkbank\/\" \/>\n<meta property=\"og:site_name\" content=\"Rinaldi Srl\" \/>\n<meta property=\"article:modified_time\" content=\"2026-03-20T08:25:33+00:00\" \/>\n<meta property=\"og:image\" content=\"https:\/\/www.rinaldisrl.com\/wp-content\/uploads\/2023\/09\/intestatrice-BABY.jpg\" \/>\n\t<meta property=\"og:image:width\" content=\"1200\" \/>\n\t<meta property=\"og:image:height\" content=\"1200\" \/>\n\t<meta property=\"og:image:type\" content=\"image\/jpeg\" \/>\n<meta name=\"twitter:card\" content=\"summary_large_image\" \/>\n<meta name=\"twitter:label1\" content=\"Gesch\u00e4tzte Lesezeit\" \/>\n\t<meta name=\"twitter:data1\" content=\"1\u00a0Minute\" \/>\n<script type=\"application\/ld+json\" class=\"yoast-schema-graph\">{\"@context\":\"https:\\\/\\\/schema.org\",\"@graph\":[{\"@type\":\"WebPage\",\"@id\":\"https:\\\/\\\/www.rinaldisrl.com\\\/de\\\/produkt\\\/ausklinkfraese-fuer-die-werkbank\\\/\",\"url\":\"https:\\\/\\\/www.rinaldisrl.com\\\/de\\\/produkt\\\/ausklinkfraese-fuer-die-werkbank\\\/\",\"name\":\"Ausklinkfr\u00e4se f\u00fcr die Werkbank\",\"isPartOf\":{\"@id\":\"https:\\\/\\\/www.rinaldisrl.com\\\/de\\\/#website\"},\"primaryImageOfPage\":{\"@id\":\"https:\\\/\\\/www.rinaldisrl.com\\\/de\\\/produkt\\\/ausklinkfraese-fuer-die-werkbank\\\/#primaryimage\"},\"image\":{\"@id\":\"https:\\\/\\\/www.rinaldisrl.com\\\/de\\\/produkt\\\/ausklinkfraese-fuer-die-werkbank\\\/#primaryimage\"},\"thumbnailUrl\":\"https:\\\/\\\/www.rinaldisrl.com\\\/wp-content\\\/uploads\\\/2023\\\/09\\\/intestatrice-BABY.jpg\",\"datePublished\":\"2023-09-07T13:21:23+00:00\",\"dateModified\":\"2026-03-20T08:25:33+00:00\",\"description\":\"Ausklinkfr\u00e4se f\u00fcr die Werkbank mit manuellem Vorschub, entwickelt f\u00fcr die Bearbeitung abgerundeter Glasleisten. Vollst\u00e4ndiger Schutz des Arbeitsbereichs\",\"breadcrumb\":{\"@id\":\"https:\\\/\\\/www.rinaldisrl.com\\\/de\\\/produkt\\\/ausklinkfraese-fuer-die-werkbank\\\/#breadcrumb\"},\"inLanguage\":\"de\",\"potentialAction\":[{\"@type\":\"ReadAction\",\"target\":[\"https:\\\/\\\/www.rinaldisrl.com\\\/de\\\/produkt\\\/ausklinkfraese-fuer-die-werkbank\\\/\"]}]},{\"@type\":\"ImageObject\",\"inLanguage\":\"de\",\"@id\":\"https:\\\/\\\/www.rinaldisrl.com\\\/de\\\/produkt\\\/ausklinkfraese-fuer-die-werkbank\\\/#primaryimage\",\"url\":\"https:\\\/\\\/www.rinaldisrl.com\\\/wp-content\\\/uploads\\\/2023\\\/09\\\/intestatrice-BABY.jpg\",\"contentUrl\":\"https:\\\/\\\/www.rinaldisrl.com\\\/wp-content\\\/uploads\\\/2023\\\/09\\\/intestatrice-BABY.jpg\",\"width\":1200,\"height\":1200},{\"@type\":\"BreadcrumbList\",\"@id\":\"https:\\\/\\\/www.rinaldisrl.com\\\/de\\\/produkt\\\/ausklinkfraese-fuer-die-werkbank\\\/#breadcrumb\",\"itemListElement\":[{\"@type\":\"ListItem\",\"position\":1,\"name\":\"Home\",\"item\":\"https:\\\/\\\/www.rinaldisrl.com\\\/de\\\/\"},{\"@type\":\"ListItem\",\"position\":2,\"name\":\"Katalog\",\"item\":\"https:\\\/\\\/www.rinaldisrl.com\\\/katalog\\\/\"},{\"@type\":\"ListItem\",\"position\":3,\"name\":\"Ausklinkfr\u00e4se f\u00fcr die Werkbank BABY\"}]},{\"@type\":\"WebSite\",\"@id\":\"https:\\\/\\\/www.rinaldisrl.com\\\/de\\\/#website\",\"url\":\"https:\\\/\\\/www.rinaldisrl.com\\\/de\\\/\",\"name\":\"Rinaldi Srl\",\"description\":\"\",\"publisher\":{\"@id\":\"https:\\\/\\\/www.rinaldisrl.com\\\/de\\\/#organization\"},\"potentialAction\":[{\"@type\":\"SearchAction\",\"target\":{\"@type\":\"EntryPoint\",\"urlTemplate\":\"https:\\\/\\\/www.rinaldisrl.com\\\/de\\\/?s={search_term_string}\"},\"query-input\":{\"@type\":\"PropertyValueSpecification\",\"valueRequired\":true,\"valueName\":\"search_term_string\"}}],\"inLanguage\":\"de\"},{\"@type\":\"Organization\",\"@id\":\"https:\\\/\\\/www.rinaldisrl.com\\\/de\\\/#organization\",\"name\":\"Fratelli Rinaldi Srl\",\"alternateName\":\"Fratelli Rinaldi Srl\",\"url\":\"https:\\\/\\\/www.rinaldisrl.com\\\/de\\\/\",\"logo\":{\"@type\":\"ImageObject\",\"inLanguage\":\"de\",\"@id\":\"https:\\\/\\\/www.rinaldisrl.com\\\/de\\\/#\\\/schema\\\/logo\\\/image\\\/\",\"url\":\"https:\\\/\\\/www.rinaldisrl.com\\\/wp-content\\\/uploads\\\/2023\\\/07\\\/logo-50-anni.png\",\"contentUrl\":\"https:\\\/\\\/www.rinaldisrl.com\\\/wp-content\\\/uploads\\\/2023\\\/07\\\/logo-50-anni.png\",\"width\":350,\"height\":200,\"caption\":\"Fratelli Rinaldi Srl\"},\"image\":{\"@id\":\"https:\\\/\\\/www.rinaldisrl.com\\\/de\\\/#\\\/schema\\\/logo\\\/image\\\/\"}}]}<\/script>\n<!-- \/ Yoast SEO plugin. -->","yoast_head_json":{"title":"Ausklinkfr\u00e4se f\u00fcr die Werkbank","description":"Ausklinkfr\u00e4se f\u00fcr die Werkbank mit manuellem Vorschub, entwickelt f\u00fcr die Bearbeitung abgerundeter Glasleisten. Vollst\u00e4ndiger Schutz des Arbeitsbereichs","robots":{"index":"index","follow":"follow","max-snippet":"max-snippet:-1","max-image-preview":"max-image-preview:large","max-video-preview":"max-video-preview:-1"},"canonical":"https:\/\/www.rinaldisrl.com\/de\/produkt\/ausklinkfraese-fuer-die-werkbank\/","og_locale":"de_DE","og_type":"article","og_title":"Ausklinkfr\u00e4se f\u00fcr die Werkbank","og_description":"Ausklinkfr\u00e4se f\u00fcr die Werkbank mit manuellem Vorschub, entwickelt f\u00fcr die Bearbeitung abgerundeter Glasleisten. Vollst\u00e4ndiger Schutz des Arbeitsbereichs","og_url":"https:\/\/www.rinaldisrl.com\/de\/produkt\/ausklinkfraese-fuer-die-werkbank\/","og_site_name":"Rinaldi Srl","article_modified_time":"2026-03-20T08:25:33+00:00","og_image":[{"width":1200,"height":1200,"url":"https:\/\/www.rinaldisrl.com\/wp-content\/uploads\/2023\/09\/intestatrice-BABY.jpg","type":"image\/jpeg"}],"twitter_card":"summary_large_image","twitter_misc":{"Gesch\u00e4tzte Lesezeit":"1\u00a0Minute"},"schema":{"@context":"https:\/\/schema.org","@graph":[{"@type":"WebPage","@id":"https:\/\/www.rinaldisrl.com\/de\/produkt\/ausklinkfraese-fuer-die-werkbank\/","url":"https:\/\/www.rinaldisrl.com\/de\/produkt\/ausklinkfraese-fuer-die-werkbank\/","name":"Ausklinkfr\u00e4se f\u00fcr die Werkbank","isPartOf":{"@id":"https:\/\/www.rinaldisrl.com\/de\/#website"},"primaryImageOfPage":{"@id":"https:\/\/www.rinaldisrl.com\/de\/produkt\/ausklinkfraese-fuer-die-werkbank\/#primaryimage"},"image":{"@id":"https:\/\/www.rinaldisrl.com\/de\/produkt\/ausklinkfraese-fuer-die-werkbank\/#primaryimage"},"thumbnailUrl":"https:\/\/www.rinaldisrl.com\/wp-content\/uploads\/2023\/09\/intestatrice-BABY.jpg","datePublished":"2023-09-07T13:21:23+00:00","dateModified":"2026-03-20T08:25:33+00:00","description":"Ausklinkfr\u00e4se f\u00fcr die Werkbank mit manuellem Vorschub, entwickelt f\u00fcr die Bearbeitung abgerundeter Glasleisten. Vollst\u00e4ndiger Schutz des Arbeitsbereichs","breadcrumb":{"@id":"https:\/\/www.rinaldisrl.com\/de\/produkt\/ausklinkfraese-fuer-die-werkbank\/#breadcrumb"},"inLanguage":"de","potentialAction":[{"@type":"ReadAction","target":["https:\/\/www.rinaldisrl.com\/de\/produkt\/ausklinkfraese-fuer-die-werkbank\/"]}]},{"@type":"ImageObject","inLanguage":"de","@id":"https:\/\/www.rinaldisrl.com\/de\/produkt\/ausklinkfraese-fuer-die-werkbank\/#primaryimage","url":"https:\/\/www.rinaldisrl.com\/wp-content\/uploads\/2023\/09\/intestatrice-BABY.jpg","contentUrl":"https:\/\/www.rinaldisrl.com\/wp-content\/uploads\/2023\/09\/intestatrice-BABY.jpg","width":1200,"height":1200},{"@type":"BreadcrumbList","@id":"https:\/\/www.rinaldisrl.com\/de\/produkt\/ausklinkfraese-fuer-die-werkbank\/#breadcrumb","itemListElement":[{"@type":"ListItem","position":1,"name":"Home","item":"https:\/\/www.rinaldisrl.com\/de\/"},{"@type":"ListItem","position":2,"name":"Katalog","item":"https:\/\/www.rinaldisrl.com\/katalog\/"},{"@type":"ListItem","position":3,"name":"Ausklinkfr\u00e4se f\u00fcr die Werkbank BABY"}]},{"@type":"WebSite","@id":"https:\/\/www.rinaldisrl.com\/de\/#website","url":"https:\/\/www.rinaldisrl.com\/de\/","name":"Rinaldi Srl","description":"","publisher":{"@id":"https:\/\/www.rinaldisrl.com\/de\/#organization"},"potentialAction":[{"@type":"SearchAction","target":{"@type":"EntryPoint","urlTemplate":"https:\/\/www.rinaldisrl.com\/de\/?s={search_term_string}"},"query-input":{"@type":"PropertyValueSpecification","valueRequired":true,"valueName":"search_term_string"}}],"inLanguage":"de"},{"@type":"Organization","@id":"https:\/\/www.rinaldisrl.com\/de\/#organization","name":"Fratelli Rinaldi Srl","alternateName":"Fratelli Rinaldi Srl","url":"https:\/\/www.rinaldisrl.com\/de\/","logo":{"@type":"ImageObject","inLanguage":"de","@id":"https:\/\/www.rinaldisrl.com\/de\/#\/schema\/logo\/image\/","url":"https:\/\/www.rinaldisrl.com\/wp-content\/uploads\/2023\/07\/logo-50-anni.png","contentUrl":"https:\/\/www.rinaldisrl.com\/wp-content\/uploads\/2023\/07\/logo-50-anni.png","width":350,"height":200,"caption":"Fratelli Rinaldi Srl"},"image":{"@id":"https:\/\/www.rinaldisrl.com\/de\/#\/schema\/logo\/image\/"}}]}},"_links":{"self":[{"href":"https:\/\/www.rinaldisrl.com\/de\/wp-json\/wp\/v2\/product\/2144","targetHints":{"allow":["GET"]}}],"collection":[{"href":"https:\/\/www.rinaldisrl.com\/de\/wp-json\/wp\/v2\/product"}],"about":[{"href":"https:\/\/www.rinaldisrl.com\/de\/wp-json\/wp\/v2\/types\/product"}],"wp:featuredmedia":[{"embeddable":true,"href":"https:\/\/www.rinaldisrl.com\/de\/wp-json\/wp\/v2\/media\/1044"}],"wp:attachment":[{"href":"https:\/\/www.rinaldisrl.com\/de\/wp-json\/wp\/v2\/media?parent=2144"}],"wp:term":[{"taxonomy":"product_brand","embeddable":true,"href":"https:\/\/www.rinaldisrl.com\/de\/wp-json\/wp\/v2\/product_brand?post=2144"},{"taxonomy":"product_cat","embeddable":true,"href":"https:\/\/www.rinaldisrl.com\/de\/wp-json\/wp\/v2\/product_cat?post=2144"},{"taxonomy":"product_tag","embeddable":true,"href":"https:\/\/www.rinaldisrl.com\/de\/wp-json\/wp\/v2\/product_tag?post=2144"}],"curies":[{"name":"wp","href":"https:\/\/api.w.org\/{rel}","templated":true}]}}