{"id":2139,"date":"2023-09-07T21:23:47","date_gmt":"2023-09-07T19:23:47","guid":{"rendered":"https:\/\/www.rinaldisrl.com\/prodotti\/pantografo-pan-36-2\/"},"modified":"2026-03-20T09:38:30","modified_gmt":"2026-03-20T08:38:30","slug":"kopierfraese-pan-36","status":"publish","type":"product","link":"https:\/\/www.rinaldisrl.com\/de\/produkt\/kopierfraese-pan-36\/","title":{"rendered":"Kopierfr\u00e4se mit pneumatischer Spannvorrichtung PAN 36"},"content":{"rendered":"","protected":false},"excerpt":{"rendered":"<p><strong><span data-sheets-root=\"1\">Kopierfr\u00e4se mit pneumatischer Spannvorrichtung <\/span>mit manueller Steuerung, pneumatischer Niederspannung und Kopfverschiebung \u00fcber einen indirekten Hebel.<\/strong><br \/>\nDas Drehsystem des Schraubstocktisches erm\u00f6glicht eine schnelle Drehung des Werkst\u00fccks um 90\u00b0, ohne die Schraubst\u00f6cke zu l\u00f6sen. Diese Vorrichtung beschleunigt und pr\u00e4zisiert die Bearbeitungen auf 2 Seiten des Werkst\u00fccks.<br \/>\nBei der Durchlaufbearbeitung k\u00f6nnen bis zu 4 Fl\u00e4chen bearbeitet werden, ohne das Werkst\u00fcck auszuspannen.<br \/>\n<strong>Der pneumatische Messtaster mit 6 einstellbaren Speichern erm\u00f6glicht eine schnelle und pr\u00e4zise Positionierung der Maschine.<\/strong><\/p>\n","protected":false},"featured_media":1092,"template":"","meta":[],"product_brand":[],"product_cat":[269],"product_tag":[],"class_list":{"0":"post-2139","1":"product","2":"type-product","3":"status-publish","4":"has-post-thumbnail","6":"product_cat-kopierfraesen","8":"first","9":"instock","10":"shipping-taxable","11":"product-type-simple"},"yoast_head":"<!-- This site is optimized with the Yoast SEO plugin v27.5 - https:\/\/yoast.com\/product\/yoast-seo-wordpress\/ -->\n<title>Kopierfr\u00e4se mit pneumatischer Spannvorrichtung<\/title>\n<meta name=\"description\" content=\"Kopierfr\u00e4se mit pneumatischer Spannvorrichtung mit manueller Steuerung, Abstieg Bewegung und Kopfverstellung \u00fcber einen indirekten Hebel\" \/>\n<meta name=\"robots\" content=\"index, follow, max-snippet:-1, max-image-preview:large, max-video-preview:-1\" \/>\n<link rel=\"canonical\" href=\"https:\/\/www.rinaldisrl.com\/de\/produkt\/kopierfraese-pan-36\/\" \/>\n<meta property=\"og:locale\" content=\"de_DE\" \/>\n<meta property=\"og:type\" content=\"article\" \/>\n<meta property=\"og:title\" content=\"Kopierfr\u00e4se mit pneumatischer Spannvorrichtung\" \/>\n<meta property=\"og:description\" content=\"Kopierfr\u00e4se mit pneumatischer Spannvorrichtung mit manueller Steuerung, Abstieg Bewegung und Kopfverstellung \u00fcber einen indirekten Hebel\" \/>\n<meta property=\"og:url\" content=\"https:\/\/www.rinaldisrl.com\/de\/produkt\/kopierfraese-pan-36\/\" \/>\n<meta property=\"og:site_name\" content=\"Rinaldi Srl\" \/>\n<meta property=\"article:modified_time\" content=\"2026-03-20T08:38:30+00:00\" \/>\n<meta property=\"og:image\" content=\"https:\/\/www.rinaldisrl.com\/wp-content\/uploads\/2023\/09\/pantografo-PAN36.jpg\" \/>\n\t<meta property=\"og:image:width\" content=\"1200\" \/>\n\t<meta property=\"og:image:height\" content=\"1200\" \/>\n\t<meta property=\"og:image:type\" content=\"image\/jpeg\" \/>\n<meta name=\"twitter:card\" content=\"summary_large_image\" \/>\n<meta name=\"twitter:label1\" content=\"Gesch\u00e4tzte Lesezeit\" \/>\n\t<meta name=\"twitter:data1\" content=\"1\u00a0Minute\" \/>\n<script type=\"application\/ld+json\" class=\"yoast-schema-graph\">{\"@context\":\"https:\\\/\\\/schema.org\",\"@graph\":[{\"@type\":\"WebPage\",\"@id\":\"https:\\\/\\\/www.rinaldisrl.com\\\/de\\\/produkt\\\/kopierfraese-pan-36\\\/\",\"url\":\"https:\\\/\\\/www.rinaldisrl.com\\\/de\\\/produkt\\\/kopierfraese-pan-36\\\/\",\"name\":\"Kopierfr\u00e4se mit pneumatischer Spannvorrichtung\",\"isPartOf\":{\"@id\":\"https:\\\/\\\/www.rinaldisrl.com\\\/de\\\/#website\"},\"primaryImageOfPage\":{\"@id\":\"https:\\\/\\\/www.rinaldisrl.com\\\/de\\\/produkt\\\/kopierfraese-pan-36\\\/#primaryimage\"},\"image\":{\"@id\":\"https:\\\/\\\/www.rinaldisrl.com\\\/de\\\/produkt\\\/kopierfraese-pan-36\\\/#primaryimage\"},\"thumbnailUrl\":\"https:\\\/\\\/www.rinaldisrl.com\\\/wp-content\\\/uploads\\\/2023\\\/09\\\/pantografo-PAN36.jpg\",\"datePublished\":\"2023-09-07T19:23:47+00:00\",\"dateModified\":\"2026-03-20T08:38:30+00:00\",\"description\":\"Kopierfr\u00e4se mit pneumatischer Spannvorrichtung mit manueller Steuerung, Abstieg Bewegung und Kopfverstellung \u00fcber einen indirekten Hebel\",\"breadcrumb\":{\"@id\":\"https:\\\/\\\/www.rinaldisrl.com\\\/de\\\/produkt\\\/kopierfraese-pan-36\\\/#breadcrumb\"},\"inLanguage\":\"de\",\"potentialAction\":[{\"@type\":\"ReadAction\",\"target\":[\"https:\\\/\\\/www.rinaldisrl.com\\\/de\\\/produkt\\\/kopierfraese-pan-36\\\/\"]}]},{\"@type\":\"ImageObject\",\"inLanguage\":\"de\",\"@id\":\"https:\\\/\\\/www.rinaldisrl.com\\\/de\\\/produkt\\\/kopierfraese-pan-36\\\/#primaryimage\",\"url\":\"https:\\\/\\\/www.rinaldisrl.com\\\/wp-content\\\/uploads\\\/2023\\\/09\\\/pantografo-PAN36.jpg\",\"contentUrl\":\"https:\\\/\\\/www.rinaldisrl.com\\\/wp-content\\\/uploads\\\/2023\\\/09\\\/pantografo-PAN36.jpg\",\"width\":1200,\"height\":1200},{\"@type\":\"BreadcrumbList\",\"@id\":\"https:\\\/\\\/www.rinaldisrl.com\\\/de\\\/produkt\\\/kopierfraese-pan-36\\\/#breadcrumb\",\"itemListElement\":[{\"@type\":\"ListItem\",\"position\":1,\"name\":\"Home\",\"item\":\"https:\\\/\\\/www.rinaldisrl.com\\\/de\\\/\"},{\"@type\":\"ListItem\",\"position\":2,\"name\":\"Katalog\",\"item\":\"https:\\\/\\\/www.rinaldisrl.com\\\/katalog\\\/\"},{\"@type\":\"ListItem\",\"position\":3,\"name\":\"Kopierfr\u00e4se mit pneumatischer Spannvorrichtung PAN 36\"}]},{\"@type\":\"WebSite\",\"@id\":\"https:\\\/\\\/www.rinaldisrl.com\\\/de\\\/#website\",\"url\":\"https:\\\/\\\/www.rinaldisrl.com\\\/de\\\/\",\"name\":\"Rinaldi Srl\",\"description\":\"\",\"publisher\":{\"@id\":\"https:\\\/\\\/www.rinaldisrl.com\\\/de\\\/#organization\"},\"potentialAction\":[{\"@type\":\"SearchAction\",\"target\":{\"@type\":\"EntryPoint\",\"urlTemplate\":\"https:\\\/\\\/www.rinaldisrl.com\\\/de\\\/?s={search_term_string}\"},\"query-input\":{\"@type\":\"PropertyValueSpecification\",\"valueRequired\":true,\"valueName\":\"search_term_string\"}}],\"inLanguage\":\"de\"},{\"@type\":\"Organization\",\"@id\":\"https:\\\/\\\/www.rinaldisrl.com\\\/de\\\/#organization\",\"name\":\"Fratelli Rinaldi Srl\",\"alternateName\":\"Fratelli Rinaldi Srl\",\"url\":\"https:\\\/\\\/www.rinaldisrl.com\\\/de\\\/\",\"logo\":{\"@type\":\"ImageObject\",\"inLanguage\":\"de\",\"@id\":\"https:\\\/\\\/www.rinaldisrl.com\\\/de\\\/#\\\/schema\\\/logo\\\/image\\\/\",\"url\":\"https:\\\/\\\/www.rinaldisrl.com\\\/wp-content\\\/uploads\\\/2023\\\/07\\\/logo-50-anni.png\",\"contentUrl\":\"https:\\\/\\\/www.rinaldisrl.com\\\/wp-content\\\/uploads\\\/2023\\\/07\\\/logo-50-anni.png\",\"width\":350,\"height\":200,\"caption\":\"Fratelli Rinaldi Srl\"},\"image\":{\"@id\":\"https:\\\/\\\/www.rinaldisrl.com\\\/de\\\/#\\\/schema\\\/logo\\\/image\\\/\"}}]}<\/script>\n<!-- \/ Yoast SEO plugin. -->","yoast_head_json":{"title":"Kopierfr\u00e4se mit pneumatischer Spannvorrichtung","description":"Kopierfr\u00e4se mit pneumatischer Spannvorrichtung mit manueller Steuerung, Abstieg Bewegung und Kopfverstellung \u00fcber einen indirekten Hebel","robots":{"index":"index","follow":"follow","max-snippet":"max-snippet:-1","max-image-preview":"max-image-preview:large","max-video-preview":"max-video-preview:-1"},"canonical":"https:\/\/www.rinaldisrl.com\/de\/produkt\/kopierfraese-pan-36\/","og_locale":"de_DE","og_type":"article","og_title":"Kopierfr\u00e4se mit pneumatischer Spannvorrichtung","og_description":"Kopierfr\u00e4se mit pneumatischer Spannvorrichtung mit manueller Steuerung, Abstieg Bewegung und Kopfverstellung \u00fcber einen indirekten Hebel","og_url":"https:\/\/www.rinaldisrl.com\/de\/produkt\/kopierfraese-pan-36\/","og_site_name":"Rinaldi Srl","article_modified_time":"2026-03-20T08:38:30+00:00","og_image":[{"width":1200,"height":1200,"url":"https:\/\/www.rinaldisrl.com\/wp-content\/uploads\/2023\/09\/pantografo-PAN36.jpg","type":"image\/jpeg"}],"twitter_card":"summary_large_image","twitter_misc":{"Gesch\u00e4tzte Lesezeit":"1\u00a0Minute"},"schema":{"@context":"https:\/\/schema.org","@graph":[{"@type":"WebPage","@id":"https:\/\/www.rinaldisrl.com\/de\/produkt\/kopierfraese-pan-36\/","url":"https:\/\/www.rinaldisrl.com\/de\/produkt\/kopierfraese-pan-36\/","name":"Kopierfr\u00e4se mit pneumatischer Spannvorrichtung","isPartOf":{"@id":"https:\/\/www.rinaldisrl.com\/de\/#website"},"primaryImageOfPage":{"@id":"https:\/\/www.rinaldisrl.com\/de\/produkt\/kopierfraese-pan-36\/#primaryimage"},"image":{"@id":"https:\/\/www.rinaldisrl.com\/de\/produkt\/kopierfraese-pan-36\/#primaryimage"},"thumbnailUrl":"https:\/\/www.rinaldisrl.com\/wp-content\/uploads\/2023\/09\/pantografo-PAN36.jpg","datePublished":"2023-09-07T19:23:47+00:00","dateModified":"2026-03-20T08:38:30+00:00","description":"Kopierfr\u00e4se mit pneumatischer Spannvorrichtung mit manueller Steuerung, Abstieg Bewegung und Kopfverstellung \u00fcber einen indirekten Hebel","breadcrumb":{"@id":"https:\/\/www.rinaldisrl.com\/de\/produkt\/kopierfraese-pan-36\/#breadcrumb"},"inLanguage":"de","potentialAction":[{"@type":"ReadAction","target":["https:\/\/www.rinaldisrl.com\/de\/produkt\/kopierfraese-pan-36\/"]}]},{"@type":"ImageObject","inLanguage":"de","@id":"https:\/\/www.rinaldisrl.com\/de\/produkt\/kopierfraese-pan-36\/#primaryimage","url":"https:\/\/www.rinaldisrl.com\/wp-content\/uploads\/2023\/09\/pantografo-PAN36.jpg","contentUrl":"https:\/\/www.rinaldisrl.com\/wp-content\/uploads\/2023\/09\/pantografo-PAN36.jpg","width":1200,"height":1200},{"@type":"BreadcrumbList","@id":"https:\/\/www.rinaldisrl.com\/de\/produkt\/kopierfraese-pan-36\/#breadcrumb","itemListElement":[{"@type":"ListItem","position":1,"name":"Home","item":"https:\/\/www.rinaldisrl.com\/de\/"},{"@type":"ListItem","position":2,"name":"Katalog","item":"https:\/\/www.rinaldisrl.com\/katalog\/"},{"@type":"ListItem","position":3,"name":"Kopierfr\u00e4se mit pneumatischer Spannvorrichtung PAN 36"}]},{"@type":"WebSite","@id":"https:\/\/www.rinaldisrl.com\/de\/#website","url":"https:\/\/www.rinaldisrl.com\/de\/","name":"Rinaldi Srl","description":"","publisher":{"@id":"https:\/\/www.rinaldisrl.com\/de\/#organization"},"potentialAction":[{"@type":"SearchAction","target":{"@type":"EntryPoint","urlTemplate":"https:\/\/www.rinaldisrl.com\/de\/?s={search_term_string}"},"query-input":{"@type":"PropertyValueSpecification","valueRequired":true,"valueName":"search_term_string"}}],"inLanguage":"de"},{"@type":"Organization","@id":"https:\/\/www.rinaldisrl.com\/de\/#organization","name":"Fratelli Rinaldi Srl","alternateName":"Fratelli Rinaldi Srl","url":"https:\/\/www.rinaldisrl.com\/de\/","logo":{"@type":"ImageObject","inLanguage":"de","@id":"https:\/\/www.rinaldisrl.com\/de\/#\/schema\/logo\/image\/","url":"https:\/\/www.rinaldisrl.com\/wp-content\/uploads\/2023\/07\/logo-50-anni.png","contentUrl":"https:\/\/www.rinaldisrl.com\/wp-content\/uploads\/2023\/07\/logo-50-anni.png","width":350,"height":200,"caption":"Fratelli Rinaldi Srl"},"image":{"@id":"https:\/\/www.rinaldisrl.com\/de\/#\/schema\/logo\/image\/"}}]}},"_links":{"self":[{"href":"https:\/\/www.rinaldisrl.com\/de\/wp-json\/wp\/v2\/product\/2139","targetHints":{"allow":["GET"]}}],"collection":[{"href":"https:\/\/www.rinaldisrl.com\/de\/wp-json\/wp\/v2\/product"}],"about":[{"href":"https:\/\/www.rinaldisrl.com\/de\/wp-json\/wp\/v2\/types\/product"}],"wp:featuredmedia":[{"embeddable":true,"href":"https:\/\/www.rinaldisrl.com\/de\/wp-json\/wp\/v2\/media\/1092"}],"wp:attachment":[{"href":"https:\/\/www.rinaldisrl.com\/de\/wp-json\/wp\/v2\/media?parent=2139"}],"wp:term":[{"taxonomy":"product_brand","embeddable":true,"href":"https:\/\/www.rinaldisrl.com\/de\/wp-json\/wp\/v2\/product_brand?post=2139"},{"taxonomy":"product_cat","embeddable":true,"href":"https:\/\/www.rinaldisrl.com\/de\/wp-json\/wp\/v2\/product_cat?post=2139"},{"taxonomy":"product_tag","embeddable":true,"href":"https:\/\/www.rinaldisrl.com\/de\/wp-json\/wp\/v2\/product_tag?post=2139"}],"curies":[{"name":"wp","href":"https:\/\/api.w.org\/{rel}","templated":true}]}}