{"id":2138,"date":"2023-09-08T06:45:08","date_gmt":"2023-09-08T04:45:08","guid":{"rendered":"https:\/\/www.rinaldisrl.com\/prodotti\/pantografo-pan-40-40i-2\/"},"modified":"2026-03-20T09:41:31","modified_gmt":"2026-03-20T08:41:31","slug":"kopierfraese-pan-40-40i","status":"publish","type":"product","link":"https:\/\/www.rinaldisrl.com\/de\/produkt\/kopierfraese-pan-40-40i\/","title":{"rendered":"Kopierfr\u00e4se mit halbautomatischer Absenkung PAN 40 &#8211; 40i"},"content":{"rendered":"","protected":false},"excerpt":{"rendered":"<p>Kopierfr\u00e4se mit halbautomatischer Absenkung, manueller Steuerung, Schnellanfahrvorrichtung und Kammersprung.<br \/>\n<strong>M\u00f6glichkeit der Bearbeitung von Stahl bis zu 3 mm mit Standardausr\u00fcstung; in der Version &#8222;40I&#8220; mit speziellem Zubeh\u00f6r auch von Edelstahl bis zu 2 mm.<\/strong><br \/>\nEinstellbare Spindeldrehzahl in der Version &#8222;40I&#8220; mit elektronischem Variator zur Verbesserung der Bearbeitungsqualit\u00e4t und der Werkzeugstandzeit.<br \/>\n<strong>M\u00f6glichkeit der Durchgangsbearbeitung von Aluminium ohne Wenden des Werkst\u00fccks.<\/strong><br \/>\nKratzfester Arbeitstisch.<br \/>\nPneumatisch bet\u00e4tigter Messtaster am Griff.<\/p>\n","protected":false},"featured_media":1096,"template":"","meta":[],"product_brand":[],"product_cat":[269],"product_tag":[],"class_list":{"0":"post-2138","1":"product","2":"type-product","3":"status-publish","4":"has-post-thumbnail","6":"product_cat-kopierfraesen","8":"first","9":"instock","10":"shipping-taxable","11":"product-type-simple"},"yoast_head":"<!-- This site is optimized with the Yoast SEO plugin v27.2 - https:\/\/yoast.com\/product\/yoast-seo-wordpress\/ -->\n<title>Kopierfr\u00e4se mit halbautomatischer Absenkung<\/title>\n<meta name=\"description\" content=\"Kopierfr\u00e4se mit halbautomatischer Absenkung f\u00fcr pr\u00e4zise Bearbeitung von Aluminium\u2011Profilen. Kompakte, zuverl\u00e4ssige L\u00f6sung f\u00fcr Fensterbau und Werkst\u00e4tte\" \/>\n<meta name=\"robots\" content=\"index, follow, max-snippet:-1, max-image-preview:large, max-video-preview:-1\" \/>\n<link rel=\"canonical\" href=\"https:\/\/www.rinaldisrl.com\/de\/produkt\/kopierfraese-pan-40-40i\/\" \/>\n<meta property=\"og:locale\" content=\"de_DE\" \/>\n<meta property=\"og:type\" content=\"article\" \/>\n<meta property=\"og:title\" content=\"Kopierfr\u00e4se mit halbautomatischer Absenkung\" \/>\n<meta property=\"og:description\" content=\"Kopierfr\u00e4se mit halbautomatischer Absenkung f\u00fcr pr\u00e4zise Bearbeitung von Aluminium\u2011Profilen. Kompakte, zuverl\u00e4ssige L\u00f6sung f\u00fcr Fensterbau und Werkst\u00e4tte\" \/>\n<meta property=\"og:url\" content=\"https:\/\/www.rinaldisrl.com\/de\/produkt\/kopierfraese-pan-40-40i\/\" \/>\n<meta property=\"og:site_name\" content=\"Rinaldi Srl\" \/>\n<meta property=\"article:modified_time\" content=\"2026-03-20T08:41:31+00:00\" \/>\n<meta property=\"og:image\" content=\"https:\/\/www.rinaldisrl.com\/wp-content\/uploads\/2023\/09\/pantografo-PAN40.jpg\" \/>\n\t<meta property=\"og:image:width\" content=\"1200\" \/>\n\t<meta property=\"og:image:height\" content=\"1200\" \/>\n\t<meta property=\"og:image:type\" content=\"image\/jpeg\" \/>\n<meta name=\"twitter:card\" content=\"summary_large_image\" \/>\n<meta name=\"twitter:label1\" content=\"Gesch\u00e4tzte Lesezeit\" \/>\n\t<meta name=\"twitter:data1\" content=\"1\u00a0Minute\" \/>\n<script type=\"application\/ld+json\" class=\"yoast-schema-graph\">{\"@context\":\"https:\/\/schema.org\",\"@graph\":[{\"@type\":\"WebPage\",\"@id\":\"https:\/\/www.rinaldisrl.com\/de\/produkt\/kopierfraese-pan-40-40i\/\",\"url\":\"https:\/\/www.rinaldisrl.com\/de\/produkt\/kopierfraese-pan-40-40i\/\",\"name\":\"Kopierfr\u00e4se mit halbautomatischer Absenkung\",\"isPartOf\":{\"@id\":\"https:\/\/www.rinaldisrl.com\/de\/#website\"},\"primaryImageOfPage\":{\"@id\":\"https:\/\/www.rinaldisrl.com\/de\/produkt\/kopierfraese-pan-40-40i\/#primaryimage\"},\"image\":{\"@id\":\"https:\/\/www.rinaldisrl.com\/de\/produkt\/kopierfraese-pan-40-40i\/#primaryimage\"},\"thumbnailUrl\":\"https:\/\/www.rinaldisrl.com\/wp-content\/uploads\/2023\/09\/pantografo-PAN40.jpg\",\"datePublished\":\"2023-09-08T04:45:08+00:00\",\"dateModified\":\"2026-03-20T08:41:31+00:00\",\"description\":\"Kopierfr\u00e4se mit halbautomatischer Absenkung f\u00fcr pr\u00e4zise Bearbeitung von Aluminium\u2011Profilen. Kompakte, zuverl\u00e4ssige L\u00f6sung f\u00fcr Fensterbau und Werkst\u00e4tte\",\"breadcrumb\":{\"@id\":\"https:\/\/www.rinaldisrl.com\/de\/produkt\/kopierfraese-pan-40-40i\/#breadcrumb\"},\"inLanguage\":\"de\",\"potentialAction\":[{\"@type\":\"ReadAction\",\"target\":[\"https:\/\/www.rinaldisrl.com\/de\/produkt\/kopierfraese-pan-40-40i\/\"]}]},{\"@type\":\"ImageObject\",\"inLanguage\":\"de\",\"@id\":\"https:\/\/www.rinaldisrl.com\/de\/produkt\/kopierfraese-pan-40-40i\/#primaryimage\",\"url\":\"https:\/\/www.rinaldisrl.com\/wp-content\/uploads\/2023\/09\/pantografo-PAN40.jpg\",\"contentUrl\":\"https:\/\/www.rinaldisrl.com\/wp-content\/uploads\/2023\/09\/pantografo-PAN40.jpg\",\"width\":1200,\"height\":1200},{\"@type\":\"BreadcrumbList\",\"@id\":\"https:\/\/www.rinaldisrl.com\/de\/produkt\/kopierfraese-pan-40-40i\/#breadcrumb\",\"itemListElement\":[{\"@type\":\"ListItem\",\"position\":1,\"name\":\"Home\",\"item\":\"https:\/\/www.rinaldisrl.com\/de\/\"},{\"@type\":\"ListItem\",\"position\":2,\"name\":\"Katalog\",\"item\":\"https:\/\/www.rinaldisrl.com\/katalog\/\"},{\"@type\":\"ListItem\",\"position\":3,\"name\":\"Kopierfr\u00e4se mit halbautomatischer Absenkung PAN 40 &#8211; 40i\"}]},{\"@type\":\"WebSite\",\"@id\":\"https:\/\/www.rinaldisrl.com\/de\/#website\",\"url\":\"https:\/\/www.rinaldisrl.com\/de\/\",\"name\":\"Rinaldi Srl\",\"description\":\"\",\"publisher\":{\"@id\":\"https:\/\/www.rinaldisrl.com\/de\/#organization\"},\"potentialAction\":[{\"@type\":\"SearchAction\",\"target\":{\"@type\":\"EntryPoint\",\"urlTemplate\":\"https:\/\/www.rinaldisrl.com\/de\/?s={search_term_string}\"},\"query-input\":{\"@type\":\"PropertyValueSpecification\",\"valueRequired\":true,\"valueName\":\"search_term_string\"}}],\"inLanguage\":\"de\"},{\"@type\":\"Organization\",\"@id\":\"https:\/\/www.rinaldisrl.com\/de\/#organization\",\"name\":\"Fratelli Rinaldi Srl\",\"alternateName\":\"Fratelli Rinaldi Srl\",\"url\":\"https:\/\/www.rinaldisrl.com\/de\/\",\"logo\":{\"@type\":\"ImageObject\",\"inLanguage\":\"de\",\"@id\":\"https:\/\/www.rinaldisrl.com\/de\/#\/schema\/logo\/image\/\",\"url\":\"https:\/\/www.rinaldisrl.com\/wp-content\/uploads\/2023\/07\/logo-50-anni.png\",\"contentUrl\":\"https:\/\/www.rinaldisrl.com\/wp-content\/uploads\/2023\/07\/logo-50-anni.png\",\"width\":350,\"height\":200,\"caption\":\"Fratelli Rinaldi Srl\"},\"image\":{\"@id\":\"https:\/\/www.rinaldisrl.com\/de\/#\/schema\/logo\/image\/\"}}]}<\/script>\n<!-- \/ Yoast SEO plugin. -->","yoast_head_json":{"title":"Kopierfr\u00e4se mit halbautomatischer Absenkung","description":"Kopierfr\u00e4se mit halbautomatischer Absenkung f\u00fcr pr\u00e4zise Bearbeitung von Aluminium\u2011Profilen. Kompakte, zuverl\u00e4ssige L\u00f6sung f\u00fcr Fensterbau und Werkst\u00e4tte","robots":{"index":"index","follow":"follow","max-snippet":"max-snippet:-1","max-image-preview":"max-image-preview:large","max-video-preview":"max-video-preview:-1"},"canonical":"https:\/\/www.rinaldisrl.com\/de\/produkt\/kopierfraese-pan-40-40i\/","og_locale":"de_DE","og_type":"article","og_title":"Kopierfr\u00e4se mit halbautomatischer Absenkung","og_description":"Kopierfr\u00e4se mit halbautomatischer Absenkung f\u00fcr pr\u00e4zise Bearbeitung von Aluminium\u2011Profilen. Kompakte, zuverl\u00e4ssige L\u00f6sung f\u00fcr Fensterbau und Werkst\u00e4tte","og_url":"https:\/\/www.rinaldisrl.com\/de\/produkt\/kopierfraese-pan-40-40i\/","og_site_name":"Rinaldi Srl","article_modified_time":"2026-03-20T08:41:31+00:00","og_image":[{"width":1200,"height":1200,"url":"https:\/\/www.rinaldisrl.com\/wp-content\/uploads\/2023\/09\/pantografo-PAN40.jpg","type":"image\/jpeg"}],"twitter_card":"summary_large_image","twitter_misc":{"Gesch\u00e4tzte Lesezeit":"1\u00a0Minute"},"schema":{"@context":"https:\/\/schema.org","@graph":[{"@type":"WebPage","@id":"https:\/\/www.rinaldisrl.com\/de\/produkt\/kopierfraese-pan-40-40i\/","url":"https:\/\/www.rinaldisrl.com\/de\/produkt\/kopierfraese-pan-40-40i\/","name":"Kopierfr\u00e4se mit halbautomatischer Absenkung","isPartOf":{"@id":"https:\/\/www.rinaldisrl.com\/de\/#website"},"primaryImageOfPage":{"@id":"https:\/\/www.rinaldisrl.com\/de\/produkt\/kopierfraese-pan-40-40i\/#primaryimage"},"image":{"@id":"https:\/\/www.rinaldisrl.com\/de\/produkt\/kopierfraese-pan-40-40i\/#primaryimage"},"thumbnailUrl":"https:\/\/www.rinaldisrl.com\/wp-content\/uploads\/2023\/09\/pantografo-PAN40.jpg","datePublished":"2023-09-08T04:45:08+00:00","dateModified":"2026-03-20T08:41:31+00:00","description":"Kopierfr\u00e4se mit halbautomatischer Absenkung f\u00fcr pr\u00e4zise Bearbeitung von Aluminium\u2011Profilen. Kompakte, zuverl\u00e4ssige L\u00f6sung f\u00fcr Fensterbau und Werkst\u00e4tte","breadcrumb":{"@id":"https:\/\/www.rinaldisrl.com\/de\/produkt\/kopierfraese-pan-40-40i\/#breadcrumb"},"inLanguage":"de","potentialAction":[{"@type":"ReadAction","target":["https:\/\/www.rinaldisrl.com\/de\/produkt\/kopierfraese-pan-40-40i\/"]}]},{"@type":"ImageObject","inLanguage":"de","@id":"https:\/\/www.rinaldisrl.com\/de\/produkt\/kopierfraese-pan-40-40i\/#primaryimage","url":"https:\/\/www.rinaldisrl.com\/wp-content\/uploads\/2023\/09\/pantografo-PAN40.jpg","contentUrl":"https:\/\/www.rinaldisrl.com\/wp-content\/uploads\/2023\/09\/pantografo-PAN40.jpg","width":1200,"height":1200},{"@type":"BreadcrumbList","@id":"https:\/\/www.rinaldisrl.com\/de\/produkt\/kopierfraese-pan-40-40i\/#breadcrumb","itemListElement":[{"@type":"ListItem","position":1,"name":"Home","item":"https:\/\/www.rinaldisrl.com\/de\/"},{"@type":"ListItem","position":2,"name":"Katalog","item":"https:\/\/www.rinaldisrl.com\/katalog\/"},{"@type":"ListItem","position":3,"name":"Kopierfr\u00e4se mit halbautomatischer Absenkung PAN 40 &#8211; 40i"}]},{"@type":"WebSite","@id":"https:\/\/www.rinaldisrl.com\/de\/#website","url":"https:\/\/www.rinaldisrl.com\/de\/","name":"Rinaldi Srl","description":"","publisher":{"@id":"https:\/\/www.rinaldisrl.com\/de\/#organization"},"potentialAction":[{"@type":"SearchAction","target":{"@type":"EntryPoint","urlTemplate":"https:\/\/www.rinaldisrl.com\/de\/?s={search_term_string}"},"query-input":{"@type":"PropertyValueSpecification","valueRequired":true,"valueName":"search_term_string"}}],"inLanguage":"de"},{"@type":"Organization","@id":"https:\/\/www.rinaldisrl.com\/de\/#organization","name":"Fratelli Rinaldi Srl","alternateName":"Fratelli Rinaldi Srl","url":"https:\/\/www.rinaldisrl.com\/de\/","logo":{"@type":"ImageObject","inLanguage":"de","@id":"https:\/\/www.rinaldisrl.com\/de\/#\/schema\/logo\/image\/","url":"https:\/\/www.rinaldisrl.com\/wp-content\/uploads\/2023\/07\/logo-50-anni.png","contentUrl":"https:\/\/www.rinaldisrl.com\/wp-content\/uploads\/2023\/07\/logo-50-anni.png","width":350,"height":200,"caption":"Fratelli Rinaldi Srl"},"image":{"@id":"https:\/\/www.rinaldisrl.com\/de\/#\/schema\/logo\/image\/"}}]}},"_links":{"self":[{"href":"https:\/\/www.rinaldisrl.com\/de\/wp-json\/wp\/v2\/product\/2138","targetHints":{"allow":["GET"]}}],"collection":[{"href":"https:\/\/www.rinaldisrl.com\/de\/wp-json\/wp\/v2\/product"}],"about":[{"href":"https:\/\/www.rinaldisrl.com\/de\/wp-json\/wp\/v2\/types\/product"}],"wp:featuredmedia":[{"embeddable":true,"href":"https:\/\/www.rinaldisrl.com\/de\/wp-json\/wp\/v2\/media\/1096"}],"wp:attachment":[{"href":"https:\/\/www.rinaldisrl.com\/de\/wp-json\/wp\/v2\/media?parent=2138"}],"wp:term":[{"taxonomy":"product_brand","embeddable":true,"href":"https:\/\/www.rinaldisrl.com\/de\/wp-json\/wp\/v2\/product_brand?post=2138"},{"taxonomy":"product_cat","embeddable":true,"href":"https:\/\/www.rinaldisrl.com\/de\/wp-json\/wp\/v2\/product_cat?post=2138"},{"taxonomy":"product_tag","embeddable":true,"href":"https:\/\/www.rinaldisrl.com\/de\/wp-json\/wp\/v2\/product_tag?post=2138"}],"curies":[{"name":"wp","href":"https:\/\/api.w.org\/{rel}","templated":true}]}}