{"id":2137,"date":"2023-09-08T07:24:49","date_gmt":"2023-09-08T05:24:49","guid":{"rendered":"https:\/\/www.rinaldisrl.com\/prodotti\/pantografo-pan-38i-2\/"},"modified":"2026-03-20T09:39:23","modified_gmt":"2026-03-20T08:39:23","slug":"kopierfraese-pan-38i","status":"publish","type":"product","link":"https:\/\/www.rinaldisrl.com\/de\/produkt\/kopierfraese-pan-38i\/","title":{"rendered":"Kopierfr\u00e4se f\u00fcr Fensterbau PAN 38i"},"content":{"rendered":"","protected":false},"excerpt":{"rendered":"<p><span data-sheets-root=\"1\">Kopierfr\u00e4se f\u00fcr Fensterbau<\/span> mit manueller Steuerung, pneumatischem Kopfvorschub und Verfahrbewegung \u00fcber indirekten Hebel.<br \/>\n<strong>M\u00f6glichkeit der Bearbeitung von Stahl bis zu 3 mm mit Standardausr\u00fcstung; mit Sonderzubeh\u00f6r aus rostfreiem Stahl bis zu 2 mm.<\/strong><br \/>\n<strong>Einstellbare Spindeldrehzahl mit elektronischem Variator zur Verbesserung der Fr\u00e4squalit\u00e4t und der Werkzeugstandzeit.<\/strong><br \/>\nDer Messtaster mit 6 einstellbaren Speichern erm\u00f6glicht eine schnelle und genaue Positionierung der Maschine.<br \/>\n<strong>Das Drehsystem des Schraubstocks (patentiert) erm\u00f6glicht die Bearbeitung von 4 Seiten des Profils ohne<\/strong><br \/>\n<strong>ohne die Schraubst\u00f6cke zu entriegeln.<\/strong><br \/>\nBei der Drehbewegung von 0\u00b0 bis 180\u00b0 wird die gleiche Achse beibehalten; die auf der ersten Fl\u00e4che bei 0\u00b0 hergestellte Figur befindet sich auf der gleichen H\u00f6he wie die auf der gegen\u00fcberliegenden Fl\u00e4che bei 180\u00b0 reproduzierte. Dieses System erm\u00f6glicht eine schnellere und pr\u00e4zisere Ausf\u00fchrung, den Einsatz k\u00fcrzerer Werkzeuge, die Vermeidung von Durchgangsbearbeitungen und somit eine Reduzierung von Vibrationen und L\u00e4rm.<br \/>\nPneumatisch bet\u00e4tigte vordere Arbeitsraumabdeckung.<\/p>\n","protected":false},"featured_media":1100,"template":"","meta":[],"product_brand":[],"product_cat":[269],"product_tag":[],"class_list":{"0":"post-2137","1":"product","2":"type-product","3":"status-publish","4":"has-post-thumbnail","6":"product_cat-kopierfraesen","8":"first","9":"instock","10":"shipping-taxable","11":"product-type-simple"},"yoast_head":"<!-- This site is optimized with the Yoast SEO plugin v27.5 - https:\/\/yoast.com\/product\/yoast-seo-wordpress\/ -->\n<title>Kopierfr\u00e4se f\u00fcr Fensterbau<\/title>\n<meta name=\"description\" content=\"Kopierfr\u00e4se f\u00fcr Fensterbau mit manueller Steuerung auf einer 3000 mm langen Basis, mit manuell beweglicher Einheit und pneumatischer Verriegelung.\" \/>\n<meta name=\"robots\" content=\"index, follow, max-snippet:-1, max-image-preview:large, max-video-preview:-1\" \/>\n<link rel=\"canonical\" href=\"https:\/\/www.rinaldisrl.com\/de\/produkt\/kopierfraese-pan-38i\/\" \/>\n<meta property=\"og:locale\" content=\"de_DE\" \/>\n<meta property=\"og:type\" content=\"article\" \/>\n<meta property=\"og:title\" content=\"Kopierfr\u00e4se f\u00fcr Fensterbau\" \/>\n<meta property=\"og:description\" content=\"Kopierfr\u00e4se f\u00fcr Fensterbau mit manueller Steuerung auf einer 3000 mm langen Basis, mit manuell beweglicher Einheit und pneumatischer Verriegelung.\" \/>\n<meta property=\"og:url\" content=\"https:\/\/www.rinaldisrl.com\/de\/produkt\/kopierfraese-pan-38i\/\" \/>\n<meta property=\"og:site_name\" content=\"Rinaldi Srl\" \/>\n<meta property=\"article:modified_time\" content=\"2026-03-20T08:39:23+00:00\" \/>\n<meta property=\"og:image\" content=\"https:\/\/www.rinaldisrl.com\/wp-content\/uploads\/2023\/09\/pantografo-PAN38i.jpg\" \/>\n\t<meta property=\"og:image:width\" content=\"1200\" \/>\n\t<meta property=\"og:image:height\" content=\"1200\" \/>\n\t<meta property=\"og:image:type\" content=\"image\/jpeg\" \/>\n<meta name=\"twitter:card\" content=\"summary_large_image\" \/>\n<meta name=\"twitter:label1\" content=\"Gesch\u00e4tzte Lesezeit\" \/>\n\t<meta name=\"twitter:data1\" content=\"1\u00a0Minute\" \/>\n<script type=\"application\/ld+json\" class=\"yoast-schema-graph\">{\"@context\":\"https:\\\/\\\/schema.org\",\"@graph\":[{\"@type\":\"WebPage\",\"@id\":\"https:\\\/\\\/www.rinaldisrl.com\\\/de\\\/produkt\\\/kopierfraese-pan-38i\\\/\",\"url\":\"https:\\\/\\\/www.rinaldisrl.com\\\/de\\\/produkt\\\/kopierfraese-pan-38i\\\/\",\"name\":\"Kopierfr\u00e4se f\u00fcr Fensterbau\",\"isPartOf\":{\"@id\":\"https:\\\/\\\/www.rinaldisrl.com\\\/de\\\/#website\"},\"primaryImageOfPage\":{\"@id\":\"https:\\\/\\\/www.rinaldisrl.com\\\/de\\\/produkt\\\/kopierfraese-pan-38i\\\/#primaryimage\"},\"image\":{\"@id\":\"https:\\\/\\\/www.rinaldisrl.com\\\/de\\\/produkt\\\/kopierfraese-pan-38i\\\/#primaryimage\"},\"thumbnailUrl\":\"https:\\\/\\\/www.rinaldisrl.com\\\/wp-content\\\/uploads\\\/2023\\\/09\\\/pantografo-PAN38i.jpg\",\"datePublished\":\"2023-09-08T05:24:49+00:00\",\"dateModified\":\"2026-03-20T08:39:23+00:00\",\"description\":\"Kopierfr\u00e4se f\u00fcr Fensterbau mit manueller Steuerung auf einer 3000 mm langen Basis, mit manuell beweglicher Einheit und pneumatischer Verriegelung.\",\"breadcrumb\":{\"@id\":\"https:\\\/\\\/www.rinaldisrl.com\\\/de\\\/produkt\\\/kopierfraese-pan-38i\\\/#breadcrumb\"},\"inLanguage\":\"de\",\"potentialAction\":[{\"@type\":\"ReadAction\",\"target\":[\"https:\\\/\\\/www.rinaldisrl.com\\\/de\\\/produkt\\\/kopierfraese-pan-38i\\\/\"]}]},{\"@type\":\"ImageObject\",\"inLanguage\":\"de\",\"@id\":\"https:\\\/\\\/www.rinaldisrl.com\\\/de\\\/produkt\\\/kopierfraese-pan-38i\\\/#primaryimage\",\"url\":\"https:\\\/\\\/www.rinaldisrl.com\\\/wp-content\\\/uploads\\\/2023\\\/09\\\/pantografo-PAN38i.jpg\",\"contentUrl\":\"https:\\\/\\\/www.rinaldisrl.com\\\/wp-content\\\/uploads\\\/2023\\\/09\\\/pantografo-PAN38i.jpg\",\"width\":1200,\"height\":1200},{\"@type\":\"BreadcrumbList\",\"@id\":\"https:\\\/\\\/www.rinaldisrl.com\\\/de\\\/produkt\\\/kopierfraese-pan-38i\\\/#breadcrumb\",\"itemListElement\":[{\"@type\":\"ListItem\",\"position\":1,\"name\":\"Home\",\"item\":\"https:\\\/\\\/www.rinaldisrl.com\\\/de\\\/\"},{\"@type\":\"ListItem\",\"position\":2,\"name\":\"Katalog\",\"item\":\"https:\\\/\\\/www.rinaldisrl.com\\\/katalog\\\/\"},{\"@type\":\"ListItem\",\"position\":3,\"name\":\"Kopierfr\u00e4se f\u00fcr Fensterbau PAN 38i\"}]},{\"@type\":\"WebSite\",\"@id\":\"https:\\\/\\\/www.rinaldisrl.com\\\/de\\\/#website\",\"url\":\"https:\\\/\\\/www.rinaldisrl.com\\\/de\\\/\",\"name\":\"Rinaldi Srl\",\"description\":\"\",\"publisher\":{\"@id\":\"https:\\\/\\\/www.rinaldisrl.com\\\/de\\\/#organization\"},\"potentialAction\":[{\"@type\":\"SearchAction\",\"target\":{\"@type\":\"EntryPoint\",\"urlTemplate\":\"https:\\\/\\\/www.rinaldisrl.com\\\/de\\\/?s={search_term_string}\"},\"query-input\":{\"@type\":\"PropertyValueSpecification\",\"valueRequired\":true,\"valueName\":\"search_term_string\"}}],\"inLanguage\":\"de\"},{\"@type\":\"Organization\",\"@id\":\"https:\\\/\\\/www.rinaldisrl.com\\\/de\\\/#organization\",\"name\":\"Fratelli Rinaldi Srl\",\"alternateName\":\"Fratelli Rinaldi Srl\",\"url\":\"https:\\\/\\\/www.rinaldisrl.com\\\/de\\\/\",\"logo\":{\"@type\":\"ImageObject\",\"inLanguage\":\"de\",\"@id\":\"https:\\\/\\\/www.rinaldisrl.com\\\/de\\\/#\\\/schema\\\/logo\\\/image\\\/\",\"url\":\"https:\\\/\\\/www.rinaldisrl.com\\\/wp-content\\\/uploads\\\/2023\\\/07\\\/logo-50-anni.png\",\"contentUrl\":\"https:\\\/\\\/www.rinaldisrl.com\\\/wp-content\\\/uploads\\\/2023\\\/07\\\/logo-50-anni.png\",\"width\":350,\"height\":200,\"caption\":\"Fratelli Rinaldi Srl\"},\"image\":{\"@id\":\"https:\\\/\\\/www.rinaldisrl.com\\\/de\\\/#\\\/schema\\\/logo\\\/image\\\/\"}}]}<\/script>\n<!-- \/ Yoast SEO plugin. -->","yoast_head_json":{"title":"Kopierfr\u00e4se f\u00fcr Fensterbau","description":"Kopierfr\u00e4se f\u00fcr Fensterbau mit manueller Steuerung auf einer 3000 mm langen Basis, mit manuell beweglicher Einheit und pneumatischer Verriegelung.","robots":{"index":"index","follow":"follow","max-snippet":"max-snippet:-1","max-image-preview":"max-image-preview:large","max-video-preview":"max-video-preview:-1"},"canonical":"https:\/\/www.rinaldisrl.com\/de\/produkt\/kopierfraese-pan-38i\/","og_locale":"de_DE","og_type":"article","og_title":"Kopierfr\u00e4se f\u00fcr Fensterbau","og_description":"Kopierfr\u00e4se f\u00fcr Fensterbau mit manueller Steuerung auf einer 3000 mm langen Basis, mit manuell beweglicher Einheit und pneumatischer Verriegelung.","og_url":"https:\/\/www.rinaldisrl.com\/de\/produkt\/kopierfraese-pan-38i\/","og_site_name":"Rinaldi Srl","article_modified_time":"2026-03-20T08:39:23+00:00","og_image":[{"width":1200,"height":1200,"url":"https:\/\/www.rinaldisrl.com\/wp-content\/uploads\/2023\/09\/pantografo-PAN38i.jpg","type":"image\/jpeg"}],"twitter_card":"summary_large_image","twitter_misc":{"Gesch\u00e4tzte Lesezeit":"1\u00a0Minute"},"schema":{"@context":"https:\/\/schema.org","@graph":[{"@type":"WebPage","@id":"https:\/\/www.rinaldisrl.com\/de\/produkt\/kopierfraese-pan-38i\/","url":"https:\/\/www.rinaldisrl.com\/de\/produkt\/kopierfraese-pan-38i\/","name":"Kopierfr\u00e4se f\u00fcr Fensterbau","isPartOf":{"@id":"https:\/\/www.rinaldisrl.com\/de\/#website"},"primaryImageOfPage":{"@id":"https:\/\/www.rinaldisrl.com\/de\/produkt\/kopierfraese-pan-38i\/#primaryimage"},"image":{"@id":"https:\/\/www.rinaldisrl.com\/de\/produkt\/kopierfraese-pan-38i\/#primaryimage"},"thumbnailUrl":"https:\/\/www.rinaldisrl.com\/wp-content\/uploads\/2023\/09\/pantografo-PAN38i.jpg","datePublished":"2023-09-08T05:24:49+00:00","dateModified":"2026-03-20T08:39:23+00:00","description":"Kopierfr\u00e4se f\u00fcr Fensterbau mit manueller Steuerung auf einer 3000 mm langen Basis, mit manuell beweglicher Einheit und pneumatischer Verriegelung.","breadcrumb":{"@id":"https:\/\/www.rinaldisrl.com\/de\/produkt\/kopierfraese-pan-38i\/#breadcrumb"},"inLanguage":"de","potentialAction":[{"@type":"ReadAction","target":["https:\/\/www.rinaldisrl.com\/de\/produkt\/kopierfraese-pan-38i\/"]}]},{"@type":"ImageObject","inLanguage":"de","@id":"https:\/\/www.rinaldisrl.com\/de\/produkt\/kopierfraese-pan-38i\/#primaryimage","url":"https:\/\/www.rinaldisrl.com\/wp-content\/uploads\/2023\/09\/pantografo-PAN38i.jpg","contentUrl":"https:\/\/www.rinaldisrl.com\/wp-content\/uploads\/2023\/09\/pantografo-PAN38i.jpg","width":1200,"height":1200},{"@type":"BreadcrumbList","@id":"https:\/\/www.rinaldisrl.com\/de\/produkt\/kopierfraese-pan-38i\/#breadcrumb","itemListElement":[{"@type":"ListItem","position":1,"name":"Home","item":"https:\/\/www.rinaldisrl.com\/de\/"},{"@type":"ListItem","position":2,"name":"Katalog","item":"https:\/\/www.rinaldisrl.com\/katalog\/"},{"@type":"ListItem","position":3,"name":"Kopierfr\u00e4se f\u00fcr Fensterbau PAN 38i"}]},{"@type":"WebSite","@id":"https:\/\/www.rinaldisrl.com\/de\/#website","url":"https:\/\/www.rinaldisrl.com\/de\/","name":"Rinaldi Srl","description":"","publisher":{"@id":"https:\/\/www.rinaldisrl.com\/de\/#organization"},"potentialAction":[{"@type":"SearchAction","target":{"@type":"EntryPoint","urlTemplate":"https:\/\/www.rinaldisrl.com\/de\/?s={search_term_string}"},"query-input":{"@type":"PropertyValueSpecification","valueRequired":true,"valueName":"search_term_string"}}],"inLanguage":"de"},{"@type":"Organization","@id":"https:\/\/www.rinaldisrl.com\/de\/#organization","name":"Fratelli Rinaldi Srl","alternateName":"Fratelli Rinaldi Srl","url":"https:\/\/www.rinaldisrl.com\/de\/","logo":{"@type":"ImageObject","inLanguage":"de","@id":"https:\/\/www.rinaldisrl.com\/de\/#\/schema\/logo\/image\/","url":"https:\/\/www.rinaldisrl.com\/wp-content\/uploads\/2023\/07\/logo-50-anni.png","contentUrl":"https:\/\/www.rinaldisrl.com\/wp-content\/uploads\/2023\/07\/logo-50-anni.png","width":350,"height":200,"caption":"Fratelli Rinaldi Srl"},"image":{"@id":"https:\/\/www.rinaldisrl.com\/de\/#\/schema\/logo\/image\/"}}]}},"_links":{"self":[{"href":"https:\/\/www.rinaldisrl.com\/de\/wp-json\/wp\/v2\/product\/2137","targetHints":{"allow":["GET"]}}],"collection":[{"href":"https:\/\/www.rinaldisrl.com\/de\/wp-json\/wp\/v2\/product"}],"about":[{"href":"https:\/\/www.rinaldisrl.com\/de\/wp-json\/wp\/v2\/types\/product"}],"wp:featuredmedia":[{"embeddable":true,"href":"https:\/\/www.rinaldisrl.com\/de\/wp-json\/wp\/v2\/media\/1100"}],"wp:attachment":[{"href":"https:\/\/www.rinaldisrl.com\/de\/wp-json\/wp\/v2\/media?parent=2137"}],"wp:term":[{"taxonomy":"product_brand","embeddable":true,"href":"https:\/\/www.rinaldisrl.com\/de\/wp-json\/wp\/v2\/product_brand?post=2137"},{"taxonomy":"product_cat","embeddable":true,"href":"https:\/\/www.rinaldisrl.com\/de\/wp-json\/wp\/v2\/product_cat?post=2137"},{"taxonomy":"product_tag","embeddable":true,"href":"https:\/\/www.rinaldisrl.com\/de\/wp-json\/wp\/v2\/product_tag?post=2137"}],"curies":[{"name":"wp","href":"https:\/\/api.w.org\/{rel}","templated":true}]}}