{"id":2136,"date":"2023-09-08T08:06:57","date_gmt":"2023-09-08T06:06:57","guid":{"rendered":"https:\/\/www.rinaldisrl.com\/prodotti\/pantografo-pan-38l-38li-2\/"},"modified":"2026-03-20T09:40:28","modified_gmt":"2026-03-20T08:40:28","slug":"kopierfraese-pan-38l-38-li","status":"publish","type":"product","link":"https:\/\/www.rinaldisrl.com\/de\/produkt\/kopierfraese-pan-38l-38-li\/","title":{"rendered":"Kopierfr\u00e4se mit manuell verfahrbarer Einheit PAN 38L &#8211; 38Li"},"content":{"rendered":"","protected":false},"excerpt":{"rendered":"<p><strong>Kopierfr\u00e4se mit manuell verfahrbarer Einheit<\/strong> und pneumatischer Klemmung auf 3000 mm Grundgestell.<br \/>\nHalbautomatischer Kopfvorschub mit Eilgangvorrichtung und Kammersprung.<br \/>\nPneumatisch gesteuerter Werkzeugschnellwechsel (optional).<br \/>\n<strong>M\u00f6glichkeit der Bearbeitung von Stahl bis zu 2 mm mit Standardausr\u00fcstung; mit speziellem Zubeh\u00f6r Edelstahl bis zu 1,5 mm.<\/strong><br \/>\nPneumatischer Schraubstock mit pneumatischer Traverse mit 5 einstellbaren Positionen erm\u00f6glicht eine schnelle und pr\u00e4zise Positionierung der Maschine.<br \/>\n<strong>Das Drehsystem des Schraubstocktisches erm\u00f6glicht die Bearbeitung von 3 Seiten des Profils, ohne die Schraubst\u00f6cke zu l\u00f6sen, oder von 4 Seiten, indem eine Durchgangsbearbeitung durchgef\u00fchrt wird.<\/strong><br \/>\n<strong>Bei der Drehbewegung von 0\u00b0 bis 180\u00b0 wird die gleiche Achse beibehalten; die auf der ersten Fl\u00e4che bei 0\u00b0 hergestellte Figur befindet sich auf der gleichen H\u00f6he wie die auf der gegen\u00fcberliegenden Fl\u00e4che bei 180\u00b0 reproduzierte<\/strong>. Dieses System erm\u00f6glicht es, die Ausf\u00fchrungsgeschwindigkeit und die Pr\u00e4zision zu erh\u00f6hen, k\u00fcrzere Werkzeugl\u00e4ngen zu verwenden und so die<br \/>\nVibrationen und L\u00e4rm<br \/>\nPneumatisch bet\u00e4tigte vordere Arbeitsraumabdeckung.<\/p>\n","protected":false},"featured_media":1104,"template":"","meta":[],"product_brand":[],"product_cat":[269],"product_tag":[],"class_list":{"0":"post-2136","1":"product","2":"type-product","3":"status-publish","4":"has-post-thumbnail","6":"product_cat-kopierfraesen","8":"first","9":"instock","10":"shipping-taxable","11":"product-type-simple"},"yoast_head":"<!-- This site is optimized with the Yoast SEO plugin v27.2 - https:\/\/yoast.com\/product\/yoast-seo-wordpress\/ -->\n<title>Kopierfr\u00e4se mit manuell verfahrbarer Einheit<\/title>\n<meta name=\"description\" content=\"Kopierfr\u00e4se mit manuell verfahrbarer Einheit, halbautomatischem Vorschub und pneumatischer Verriegelung auf 3000\u2011mm\u2011Grundplatte.\" \/>\n<meta name=\"robots\" content=\"index, follow, max-snippet:-1, max-image-preview:large, max-video-preview:-1\" \/>\n<link rel=\"canonical\" href=\"https:\/\/www.rinaldisrl.com\/de\/produkt\/kopierfraese-pan-38l-38-li\/\" \/>\n<meta property=\"og:locale\" content=\"de_DE\" \/>\n<meta property=\"og:type\" content=\"article\" \/>\n<meta property=\"og:title\" content=\"Kopierfr\u00e4se mit manuell verfahrbarer Einheit\" \/>\n<meta property=\"og:description\" content=\"Kopierfr\u00e4se mit manuell verfahrbarer Einheit, halbautomatischem Vorschub und pneumatischer Verriegelung auf 3000\u2011mm\u2011Grundplatte.\" \/>\n<meta property=\"og:url\" content=\"https:\/\/www.rinaldisrl.com\/de\/produkt\/kopierfraese-pan-38l-38-li\/\" \/>\n<meta property=\"og:site_name\" content=\"Rinaldi Srl\" \/>\n<meta property=\"article:modified_time\" content=\"2026-03-20T08:40:28+00:00\" \/>\n<meta property=\"og:image\" content=\"https:\/\/www.rinaldisrl.com\/wp-content\/uploads\/2023\/09\/pantografo-PAN38Li.jpg\" \/>\n\t<meta property=\"og:image:width\" content=\"1200\" \/>\n\t<meta property=\"og:image:height\" content=\"1200\" \/>\n\t<meta property=\"og:image:type\" content=\"image\/jpeg\" \/>\n<meta name=\"twitter:card\" content=\"summary_large_image\" \/>\n<meta name=\"twitter:label1\" content=\"Gesch\u00e4tzte Lesezeit\" \/>\n\t<meta name=\"twitter:data1\" content=\"1\u00a0Minute\" \/>\n<script type=\"application\/ld+json\" class=\"yoast-schema-graph\">{\"@context\":\"https:\/\/schema.org\",\"@graph\":[{\"@type\":\"WebPage\",\"@id\":\"https:\/\/www.rinaldisrl.com\/de\/produkt\/kopierfraese-pan-38l-38-li\/\",\"url\":\"https:\/\/www.rinaldisrl.com\/de\/produkt\/kopierfraese-pan-38l-38-li\/\",\"name\":\"Kopierfr\u00e4se mit manuell verfahrbarer Einheit\",\"isPartOf\":{\"@id\":\"https:\/\/www.rinaldisrl.com\/de\/#website\"},\"primaryImageOfPage\":{\"@id\":\"https:\/\/www.rinaldisrl.com\/de\/produkt\/kopierfraese-pan-38l-38-li\/#primaryimage\"},\"image\":{\"@id\":\"https:\/\/www.rinaldisrl.com\/de\/produkt\/kopierfraese-pan-38l-38-li\/#primaryimage\"},\"thumbnailUrl\":\"https:\/\/www.rinaldisrl.com\/wp-content\/uploads\/2023\/09\/pantografo-PAN38Li.jpg\",\"datePublished\":\"2023-09-08T06:06:57+00:00\",\"dateModified\":\"2026-03-20T08:40:28+00:00\",\"description\":\"Kopierfr\u00e4se mit manuell verfahrbarer Einheit, halbautomatischem Vorschub und pneumatischer Verriegelung auf 3000\u2011mm\u2011Grundplatte.\",\"breadcrumb\":{\"@id\":\"https:\/\/www.rinaldisrl.com\/de\/produkt\/kopierfraese-pan-38l-38-li\/#breadcrumb\"},\"inLanguage\":\"de\",\"potentialAction\":[{\"@type\":\"ReadAction\",\"target\":[\"https:\/\/www.rinaldisrl.com\/de\/produkt\/kopierfraese-pan-38l-38-li\/\"]}]},{\"@type\":\"ImageObject\",\"inLanguage\":\"de\",\"@id\":\"https:\/\/www.rinaldisrl.com\/de\/produkt\/kopierfraese-pan-38l-38-li\/#primaryimage\",\"url\":\"https:\/\/www.rinaldisrl.com\/wp-content\/uploads\/2023\/09\/pantografo-PAN38Li.jpg\",\"contentUrl\":\"https:\/\/www.rinaldisrl.com\/wp-content\/uploads\/2023\/09\/pantografo-PAN38Li.jpg\",\"width\":1200,\"height\":1200},{\"@type\":\"BreadcrumbList\",\"@id\":\"https:\/\/www.rinaldisrl.com\/de\/produkt\/kopierfraese-pan-38l-38-li\/#breadcrumb\",\"itemListElement\":[{\"@type\":\"ListItem\",\"position\":1,\"name\":\"Home\",\"item\":\"https:\/\/www.rinaldisrl.com\/de\/\"},{\"@type\":\"ListItem\",\"position\":2,\"name\":\"Katalog\",\"item\":\"https:\/\/www.rinaldisrl.com\/katalog\/\"},{\"@type\":\"ListItem\",\"position\":3,\"name\":\"Kopierfr\u00e4se mit manuell verfahrbarer Einheit PAN 38L &#8211; 38Li\"}]},{\"@type\":\"WebSite\",\"@id\":\"https:\/\/www.rinaldisrl.com\/de\/#website\",\"url\":\"https:\/\/www.rinaldisrl.com\/de\/\",\"name\":\"Rinaldi Srl\",\"description\":\"\",\"publisher\":{\"@id\":\"https:\/\/www.rinaldisrl.com\/de\/#organization\"},\"potentialAction\":[{\"@type\":\"SearchAction\",\"target\":{\"@type\":\"EntryPoint\",\"urlTemplate\":\"https:\/\/www.rinaldisrl.com\/de\/?s={search_term_string}\"},\"query-input\":{\"@type\":\"PropertyValueSpecification\",\"valueRequired\":true,\"valueName\":\"search_term_string\"}}],\"inLanguage\":\"de\"},{\"@type\":\"Organization\",\"@id\":\"https:\/\/www.rinaldisrl.com\/de\/#organization\",\"name\":\"Fratelli Rinaldi Srl\",\"alternateName\":\"Fratelli Rinaldi Srl\",\"url\":\"https:\/\/www.rinaldisrl.com\/de\/\",\"logo\":{\"@type\":\"ImageObject\",\"inLanguage\":\"de\",\"@id\":\"https:\/\/www.rinaldisrl.com\/de\/#\/schema\/logo\/image\/\",\"url\":\"https:\/\/www.rinaldisrl.com\/wp-content\/uploads\/2023\/07\/logo-50-anni.png\",\"contentUrl\":\"https:\/\/www.rinaldisrl.com\/wp-content\/uploads\/2023\/07\/logo-50-anni.png\",\"width\":350,\"height\":200,\"caption\":\"Fratelli Rinaldi Srl\"},\"image\":{\"@id\":\"https:\/\/www.rinaldisrl.com\/de\/#\/schema\/logo\/image\/\"}}]}<\/script>\n<!-- \/ Yoast SEO plugin. -->","yoast_head_json":{"title":"Kopierfr\u00e4se mit manuell verfahrbarer Einheit","description":"Kopierfr\u00e4se mit manuell verfahrbarer Einheit, halbautomatischem Vorschub und pneumatischer Verriegelung auf 3000\u2011mm\u2011Grundplatte.","robots":{"index":"index","follow":"follow","max-snippet":"max-snippet:-1","max-image-preview":"max-image-preview:large","max-video-preview":"max-video-preview:-1"},"canonical":"https:\/\/www.rinaldisrl.com\/de\/produkt\/kopierfraese-pan-38l-38-li\/","og_locale":"de_DE","og_type":"article","og_title":"Kopierfr\u00e4se mit manuell verfahrbarer Einheit","og_description":"Kopierfr\u00e4se mit manuell verfahrbarer Einheit, halbautomatischem Vorschub und pneumatischer Verriegelung auf 3000\u2011mm\u2011Grundplatte.","og_url":"https:\/\/www.rinaldisrl.com\/de\/produkt\/kopierfraese-pan-38l-38-li\/","og_site_name":"Rinaldi Srl","article_modified_time":"2026-03-20T08:40:28+00:00","og_image":[{"width":1200,"height":1200,"url":"https:\/\/www.rinaldisrl.com\/wp-content\/uploads\/2023\/09\/pantografo-PAN38Li.jpg","type":"image\/jpeg"}],"twitter_card":"summary_large_image","twitter_misc":{"Gesch\u00e4tzte Lesezeit":"1\u00a0Minute"},"schema":{"@context":"https:\/\/schema.org","@graph":[{"@type":"WebPage","@id":"https:\/\/www.rinaldisrl.com\/de\/produkt\/kopierfraese-pan-38l-38-li\/","url":"https:\/\/www.rinaldisrl.com\/de\/produkt\/kopierfraese-pan-38l-38-li\/","name":"Kopierfr\u00e4se mit manuell verfahrbarer Einheit","isPartOf":{"@id":"https:\/\/www.rinaldisrl.com\/de\/#website"},"primaryImageOfPage":{"@id":"https:\/\/www.rinaldisrl.com\/de\/produkt\/kopierfraese-pan-38l-38-li\/#primaryimage"},"image":{"@id":"https:\/\/www.rinaldisrl.com\/de\/produkt\/kopierfraese-pan-38l-38-li\/#primaryimage"},"thumbnailUrl":"https:\/\/www.rinaldisrl.com\/wp-content\/uploads\/2023\/09\/pantografo-PAN38Li.jpg","datePublished":"2023-09-08T06:06:57+00:00","dateModified":"2026-03-20T08:40:28+00:00","description":"Kopierfr\u00e4se mit manuell verfahrbarer Einheit, halbautomatischem Vorschub und pneumatischer Verriegelung auf 3000\u2011mm\u2011Grundplatte.","breadcrumb":{"@id":"https:\/\/www.rinaldisrl.com\/de\/produkt\/kopierfraese-pan-38l-38-li\/#breadcrumb"},"inLanguage":"de","potentialAction":[{"@type":"ReadAction","target":["https:\/\/www.rinaldisrl.com\/de\/produkt\/kopierfraese-pan-38l-38-li\/"]}]},{"@type":"ImageObject","inLanguage":"de","@id":"https:\/\/www.rinaldisrl.com\/de\/produkt\/kopierfraese-pan-38l-38-li\/#primaryimage","url":"https:\/\/www.rinaldisrl.com\/wp-content\/uploads\/2023\/09\/pantografo-PAN38Li.jpg","contentUrl":"https:\/\/www.rinaldisrl.com\/wp-content\/uploads\/2023\/09\/pantografo-PAN38Li.jpg","width":1200,"height":1200},{"@type":"BreadcrumbList","@id":"https:\/\/www.rinaldisrl.com\/de\/produkt\/kopierfraese-pan-38l-38-li\/#breadcrumb","itemListElement":[{"@type":"ListItem","position":1,"name":"Home","item":"https:\/\/www.rinaldisrl.com\/de\/"},{"@type":"ListItem","position":2,"name":"Katalog","item":"https:\/\/www.rinaldisrl.com\/katalog\/"},{"@type":"ListItem","position":3,"name":"Kopierfr\u00e4se mit manuell verfahrbarer Einheit PAN 38L &#8211; 38Li"}]},{"@type":"WebSite","@id":"https:\/\/www.rinaldisrl.com\/de\/#website","url":"https:\/\/www.rinaldisrl.com\/de\/","name":"Rinaldi Srl","description":"","publisher":{"@id":"https:\/\/www.rinaldisrl.com\/de\/#organization"},"potentialAction":[{"@type":"SearchAction","target":{"@type":"EntryPoint","urlTemplate":"https:\/\/www.rinaldisrl.com\/de\/?s={search_term_string}"},"query-input":{"@type":"PropertyValueSpecification","valueRequired":true,"valueName":"search_term_string"}}],"inLanguage":"de"},{"@type":"Organization","@id":"https:\/\/www.rinaldisrl.com\/de\/#organization","name":"Fratelli Rinaldi Srl","alternateName":"Fratelli Rinaldi Srl","url":"https:\/\/www.rinaldisrl.com\/de\/","logo":{"@type":"ImageObject","inLanguage":"de","@id":"https:\/\/www.rinaldisrl.com\/de\/#\/schema\/logo\/image\/","url":"https:\/\/www.rinaldisrl.com\/wp-content\/uploads\/2023\/07\/logo-50-anni.png","contentUrl":"https:\/\/www.rinaldisrl.com\/wp-content\/uploads\/2023\/07\/logo-50-anni.png","width":350,"height":200,"caption":"Fratelli Rinaldi Srl"},"image":{"@id":"https:\/\/www.rinaldisrl.com\/de\/#\/schema\/logo\/image\/"}}]}},"_links":{"self":[{"href":"https:\/\/www.rinaldisrl.com\/de\/wp-json\/wp\/v2\/product\/2136","targetHints":{"allow":["GET"]}}],"collection":[{"href":"https:\/\/www.rinaldisrl.com\/de\/wp-json\/wp\/v2\/product"}],"about":[{"href":"https:\/\/www.rinaldisrl.com\/de\/wp-json\/wp\/v2\/types\/product"}],"wp:featuredmedia":[{"embeddable":true,"href":"https:\/\/www.rinaldisrl.com\/de\/wp-json\/wp\/v2\/media\/1104"}],"wp:attachment":[{"href":"https:\/\/www.rinaldisrl.com\/de\/wp-json\/wp\/v2\/media?parent=2136"}],"wp:term":[{"taxonomy":"product_brand","embeddable":true,"href":"https:\/\/www.rinaldisrl.com\/de\/wp-json\/wp\/v2\/product_brand?post=2136"},{"taxonomy":"product_cat","embeddable":true,"href":"https:\/\/www.rinaldisrl.com\/de\/wp-json\/wp\/v2\/product_cat?post=2136"},{"taxonomy":"product_tag","embeddable":true,"href":"https:\/\/www.rinaldisrl.com\/de\/wp-json\/wp\/v2\/product_tag?post=2136"}],"curies":[{"name":"wp","href":"https:\/\/api.w.org\/{rel}","templated":true}]}}