{"id":2132,"date":"2023-09-08T10:35:50","date_gmt":"2023-09-08T08:35:50","guid":{"rendered":"https:\/\/www.rinaldisrl.com\/prodotti\/foratrice-mul-46r-2\/"},"modified":"2026-03-20T09:48:32","modified_gmt":"2026-03-20T08:48:32","slug":"bohrmaschine-mul-46r","status":"publish","type":"product","link":"https:\/\/www.rinaldisrl.com\/de\/produkt\/bohrmaschine-mul-46r\/","title":{"rendered":"Mehrspindel\u2011Profilbohrmaschine MUL 46R"},"content":{"rendered":"","protected":false},"excerpt":{"rendered":"<p><strong>Mehrspindel\u2011Profilbohrmaschine mit manuellem Vorschub und 6 Spindeln zur Durchf\u00fchrung der f\u00fcr die Montage von Schwerlastb\u00e4ndern erforderlichen Bohrungen in einem einzigen Arbeitsgang (Zusammenspannen von Fl\u00fcgel und Rahmen), wodurch eine schnelle und genaue Ausf\u00fchrung gew\u00e4hrleistet wird.<\/strong><br \/>\nDas Schnellwechselbohrsystem beschleunigt das R\u00fcsten f\u00fcr rechts- und linksseitiges Bohren von zweifl\u00fcgeligen Scharnieren.<br \/>\nM\u00f6glichkeit, den Lochabstand zwischen Fl\u00fcgel und Rahmen zu variieren und 6 wiederholbare Positionen zu speichern.<br \/>\nHINWEIS: bei der Bestellung den Code f\u00fcr den Lochabstand der Scharniere angeben (siehe Ausstattung)<\/p>\n","protected":false},"featured_media":1140,"template":"","meta":[],"product_brand":[],"product_cat":[265],"product_tag":[],"class_list":{"0":"post-2132","1":"product","2":"type-product","3":"status-publish","4":"has-post-thumbnail","6":"product_cat-bohrmaschinen","8":"first","9":"instock","10":"shipping-taxable","11":"product-type-simple"},"yoast_head":"<!-- This site is optimized with the Yoast SEO plugin v27.2 - https:\/\/yoast.com\/product\/yoast-seo-wordpress\/ -->\n<title>Mehrspindel\u2011Profilbohrmaschine<\/title>\n<meta name=\"description\" content=\"Mehrspindel\u2011Profilbohrmaschine it Manuellem Absenken und sechs Spindeln f\u00fcr die Bohrungen zur Montage von Schwerlastscharnieren in einem Arbeitszyklus\" \/>\n<meta name=\"robots\" content=\"index, follow, max-snippet:-1, max-image-preview:large, max-video-preview:-1\" \/>\n<link rel=\"canonical\" href=\"https:\/\/www.rinaldisrl.com\/de\/produkt\/bohrmaschine-mul-46r\/\" \/>\n<meta property=\"og:locale\" content=\"de_DE\" \/>\n<meta property=\"og:type\" content=\"article\" \/>\n<meta property=\"og:title\" content=\"Mehrspindel\u2011Profilbohrmaschine\" \/>\n<meta property=\"og:description\" content=\"Mehrspindel\u2011Profilbohrmaschine it Manuellem Absenken und sechs Spindeln f\u00fcr die Bohrungen zur Montage von Schwerlastscharnieren in einem Arbeitszyklus\" \/>\n<meta property=\"og:url\" content=\"https:\/\/www.rinaldisrl.com\/de\/produkt\/bohrmaschine-mul-46r\/\" \/>\n<meta property=\"og:site_name\" content=\"Rinaldi Srl\" \/>\n<meta property=\"article:modified_time\" content=\"2026-03-20T08:48:32+00:00\" \/>\n<meta property=\"og:image\" content=\"https:\/\/www.rinaldisrl.com\/wp-content\/uploads\/2023\/09\/foratrice-MUL46R.jpg\" \/>\n\t<meta property=\"og:image:width\" content=\"1200\" \/>\n\t<meta property=\"og:image:height\" content=\"1200\" \/>\n\t<meta property=\"og:image:type\" content=\"image\/jpeg\" \/>\n<meta name=\"twitter:card\" content=\"summary_large_image\" \/>\n<meta name=\"twitter:label1\" content=\"Gesch\u00e4tzte Lesezeit\" \/>\n\t<meta name=\"twitter:data1\" content=\"1\u00a0Minute\" \/>\n<script type=\"application\/ld+json\" class=\"yoast-schema-graph\">{\"@context\":\"https:\/\/schema.org\",\"@graph\":[{\"@type\":\"WebPage\",\"@id\":\"https:\/\/www.rinaldisrl.com\/de\/produkt\/bohrmaschine-mul-46r\/\",\"url\":\"https:\/\/www.rinaldisrl.com\/de\/produkt\/bohrmaschine-mul-46r\/\",\"name\":\"Mehrspindel\u2011Profilbohrmaschine\",\"isPartOf\":{\"@id\":\"https:\/\/www.rinaldisrl.com\/de\/#website\"},\"primaryImageOfPage\":{\"@id\":\"https:\/\/www.rinaldisrl.com\/de\/produkt\/bohrmaschine-mul-46r\/#primaryimage\"},\"image\":{\"@id\":\"https:\/\/www.rinaldisrl.com\/de\/produkt\/bohrmaschine-mul-46r\/#primaryimage\"},\"thumbnailUrl\":\"https:\/\/www.rinaldisrl.com\/wp-content\/uploads\/2023\/09\/foratrice-MUL46R.jpg\",\"datePublished\":\"2023-09-08T08:35:50+00:00\",\"dateModified\":\"2026-03-20T08:48:32+00:00\",\"description\":\"Mehrspindel\u2011Profilbohrmaschine it Manuellem Absenken und sechs Spindeln f\u00fcr die Bohrungen zur Montage von Schwerlastscharnieren in einem Arbeitszyklus\",\"breadcrumb\":{\"@id\":\"https:\/\/www.rinaldisrl.com\/de\/produkt\/bohrmaschine-mul-46r\/#breadcrumb\"},\"inLanguage\":\"de\",\"potentialAction\":[{\"@type\":\"ReadAction\",\"target\":[\"https:\/\/www.rinaldisrl.com\/de\/produkt\/bohrmaschine-mul-46r\/\"]}]},{\"@type\":\"ImageObject\",\"inLanguage\":\"de\",\"@id\":\"https:\/\/www.rinaldisrl.com\/de\/produkt\/bohrmaschine-mul-46r\/#primaryimage\",\"url\":\"https:\/\/www.rinaldisrl.com\/wp-content\/uploads\/2023\/09\/foratrice-MUL46R.jpg\",\"contentUrl\":\"https:\/\/www.rinaldisrl.com\/wp-content\/uploads\/2023\/09\/foratrice-MUL46R.jpg\",\"width\":1200,\"height\":1200},{\"@type\":\"BreadcrumbList\",\"@id\":\"https:\/\/www.rinaldisrl.com\/de\/produkt\/bohrmaschine-mul-46r\/#breadcrumb\",\"itemListElement\":[{\"@type\":\"ListItem\",\"position\":1,\"name\":\"Home\",\"item\":\"https:\/\/www.rinaldisrl.com\/de\/\"},{\"@type\":\"ListItem\",\"position\":2,\"name\":\"Katalog\",\"item\":\"https:\/\/www.rinaldisrl.com\/katalog\/\"},{\"@type\":\"ListItem\",\"position\":3,\"name\":\"Mehrspindel\u2011Profilbohrmaschine MUL 46R\"}]},{\"@type\":\"WebSite\",\"@id\":\"https:\/\/www.rinaldisrl.com\/de\/#website\",\"url\":\"https:\/\/www.rinaldisrl.com\/de\/\",\"name\":\"Rinaldi Srl\",\"description\":\"\",\"publisher\":{\"@id\":\"https:\/\/www.rinaldisrl.com\/de\/#organization\"},\"potentialAction\":[{\"@type\":\"SearchAction\",\"target\":{\"@type\":\"EntryPoint\",\"urlTemplate\":\"https:\/\/www.rinaldisrl.com\/de\/?s={search_term_string}\"},\"query-input\":{\"@type\":\"PropertyValueSpecification\",\"valueRequired\":true,\"valueName\":\"search_term_string\"}}],\"inLanguage\":\"de\"},{\"@type\":\"Organization\",\"@id\":\"https:\/\/www.rinaldisrl.com\/de\/#organization\",\"name\":\"Fratelli Rinaldi Srl\",\"alternateName\":\"Fratelli Rinaldi Srl\",\"url\":\"https:\/\/www.rinaldisrl.com\/de\/\",\"logo\":{\"@type\":\"ImageObject\",\"inLanguage\":\"de\",\"@id\":\"https:\/\/www.rinaldisrl.com\/de\/#\/schema\/logo\/image\/\",\"url\":\"https:\/\/www.rinaldisrl.com\/wp-content\/uploads\/2023\/07\/logo-50-anni.png\",\"contentUrl\":\"https:\/\/www.rinaldisrl.com\/wp-content\/uploads\/2023\/07\/logo-50-anni.png\",\"width\":350,\"height\":200,\"caption\":\"Fratelli Rinaldi Srl\"},\"image\":{\"@id\":\"https:\/\/www.rinaldisrl.com\/de\/#\/schema\/logo\/image\/\"}}]}<\/script>\n<!-- \/ Yoast SEO plugin. -->","yoast_head_json":{"title":"Mehrspindel\u2011Profilbohrmaschine","description":"Mehrspindel\u2011Profilbohrmaschine it Manuellem Absenken und sechs Spindeln f\u00fcr die Bohrungen zur Montage von Schwerlastscharnieren in einem Arbeitszyklus","robots":{"index":"index","follow":"follow","max-snippet":"max-snippet:-1","max-image-preview":"max-image-preview:large","max-video-preview":"max-video-preview:-1"},"canonical":"https:\/\/www.rinaldisrl.com\/de\/produkt\/bohrmaschine-mul-46r\/","og_locale":"de_DE","og_type":"article","og_title":"Mehrspindel\u2011Profilbohrmaschine","og_description":"Mehrspindel\u2011Profilbohrmaschine it Manuellem Absenken und sechs Spindeln f\u00fcr die Bohrungen zur Montage von Schwerlastscharnieren in einem Arbeitszyklus","og_url":"https:\/\/www.rinaldisrl.com\/de\/produkt\/bohrmaschine-mul-46r\/","og_site_name":"Rinaldi Srl","article_modified_time":"2026-03-20T08:48:32+00:00","og_image":[{"width":1200,"height":1200,"url":"https:\/\/www.rinaldisrl.com\/wp-content\/uploads\/2023\/09\/foratrice-MUL46R.jpg","type":"image\/jpeg"}],"twitter_card":"summary_large_image","twitter_misc":{"Gesch\u00e4tzte Lesezeit":"1\u00a0Minute"},"schema":{"@context":"https:\/\/schema.org","@graph":[{"@type":"WebPage","@id":"https:\/\/www.rinaldisrl.com\/de\/produkt\/bohrmaschine-mul-46r\/","url":"https:\/\/www.rinaldisrl.com\/de\/produkt\/bohrmaschine-mul-46r\/","name":"Mehrspindel\u2011Profilbohrmaschine","isPartOf":{"@id":"https:\/\/www.rinaldisrl.com\/de\/#website"},"primaryImageOfPage":{"@id":"https:\/\/www.rinaldisrl.com\/de\/produkt\/bohrmaschine-mul-46r\/#primaryimage"},"image":{"@id":"https:\/\/www.rinaldisrl.com\/de\/produkt\/bohrmaschine-mul-46r\/#primaryimage"},"thumbnailUrl":"https:\/\/www.rinaldisrl.com\/wp-content\/uploads\/2023\/09\/foratrice-MUL46R.jpg","datePublished":"2023-09-08T08:35:50+00:00","dateModified":"2026-03-20T08:48:32+00:00","description":"Mehrspindel\u2011Profilbohrmaschine it Manuellem Absenken und sechs Spindeln f\u00fcr die Bohrungen zur Montage von Schwerlastscharnieren in einem Arbeitszyklus","breadcrumb":{"@id":"https:\/\/www.rinaldisrl.com\/de\/produkt\/bohrmaschine-mul-46r\/#breadcrumb"},"inLanguage":"de","potentialAction":[{"@type":"ReadAction","target":["https:\/\/www.rinaldisrl.com\/de\/produkt\/bohrmaschine-mul-46r\/"]}]},{"@type":"ImageObject","inLanguage":"de","@id":"https:\/\/www.rinaldisrl.com\/de\/produkt\/bohrmaschine-mul-46r\/#primaryimage","url":"https:\/\/www.rinaldisrl.com\/wp-content\/uploads\/2023\/09\/foratrice-MUL46R.jpg","contentUrl":"https:\/\/www.rinaldisrl.com\/wp-content\/uploads\/2023\/09\/foratrice-MUL46R.jpg","width":1200,"height":1200},{"@type":"BreadcrumbList","@id":"https:\/\/www.rinaldisrl.com\/de\/produkt\/bohrmaschine-mul-46r\/#breadcrumb","itemListElement":[{"@type":"ListItem","position":1,"name":"Home","item":"https:\/\/www.rinaldisrl.com\/de\/"},{"@type":"ListItem","position":2,"name":"Katalog","item":"https:\/\/www.rinaldisrl.com\/katalog\/"},{"@type":"ListItem","position":3,"name":"Mehrspindel\u2011Profilbohrmaschine MUL 46R"}]},{"@type":"WebSite","@id":"https:\/\/www.rinaldisrl.com\/de\/#website","url":"https:\/\/www.rinaldisrl.com\/de\/","name":"Rinaldi Srl","description":"","publisher":{"@id":"https:\/\/www.rinaldisrl.com\/de\/#organization"},"potentialAction":[{"@type":"SearchAction","target":{"@type":"EntryPoint","urlTemplate":"https:\/\/www.rinaldisrl.com\/de\/?s={search_term_string}"},"query-input":{"@type":"PropertyValueSpecification","valueRequired":true,"valueName":"search_term_string"}}],"inLanguage":"de"},{"@type":"Organization","@id":"https:\/\/www.rinaldisrl.com\/de\/#organization","name":"Fratelli Rinaldi Srl","alternateName":"Fratelli Rinaldi Srl","url":"https:\/\/www.rinaldisrl.com\/de\/","logo":{"@type":"ImageObject","inLanguage":"de","@id":"https:\/\/www.rinaldisrl.com\/de\/#\/schema\/logo\/image\/","url":"https:\/\/www.rinaldisrl.com\/wp-content\/uploads\/2023\/07\/logo-50-anni.png","contentUrl":"https:\/\/www.rinaldisrl.com\/wp-content\/uploads\/2023\/07\/logo-50-anni.png","width":350,"height":200,"caption":"Fratelli Rinaldi Srl"},"image":{"@id":"https:\/\/www.rinaldisrl.com\/de\/#\/schema\/logo\/image\/"}}]}},"_links":{"self":[{"href":"https:\/\/www.rinaldisrl.com\/de\/wp-json\/wp\/v2\/product\/2132","targetHints":{"allow":["GET"]}}],"collection":[{"href":"https:\/\/www.rinaldisrl.com\/de\/wp-json\/wp\/v2\/product"}],"about":[{"href":"https:\/\/www.rinaldisrl.com\/de\/wp-json\/wp\/v2\/types\/product"}],"wp:featuredmedia":[{"embeddable":true,"href":"https:\/\/www.rinaldisrl.com\/de\/wp-json\/wp\/v2\/media\/1140"}],"wp:attachment":[{"href":"https:\/\/www.rinaldisrl.com\/de\/wp-json\/wp\/v2\/media?parent=2132"}],"wp:term":[{"taxonomy":"product_brand","embeddable":true,"href":"https:\/\/www.rinaldisrl.com\/de\/wp-json\/wp\/v2\/product_brand?post=2132"},{"taxonomy":"product_cat","embeddable":true,"href":"https:\/\/www.rinaldisrl.com\/de\/wp-json\/wp\/v2\/product_cat?post=2132"},{"taxonomy":"product_tag","embeddable":true,"href":"https:\/\/www.rinaldisrl.com\/de\/wp-json\/wp\/v2\/product_tag?post=2132"}],"curies":[{"name":"wp","href":"https:\/\/api.w.org\/{rel}","templated":true}]}}