{"id":2130,"date":"2023-09-08T13:50:44","date_gmt":"2023-09-08T13:50:44","guid":{"rendered":"https:\/\/www.rinaldisrl.com\/prodotti\/troncatrice-tma-60a-tma60ac-2\/"},"modified":"2026-03-20T10:22:30","modified_gmt":"2026-03-20T09:22:30","slug":"gehrungssaege-tma-60a-tma60ac","status":"publish","type":"product","link":"https:\/\/www.rinaldisrl.com\/de\/produkt\/gehrungssaege-tma-60a-tma60ac\/","title":{"rendered":"Gehrungss\u00e4ge mit halbautomatischem Vorschub TMA 60A &#8211; TMA60AC"},"content":{"rendered":"","protected":false},"excerpt":{"rendered":"<p><strong>Gehrungss\u00e4ge mit halbautomatischem Vorschub<\/strong> mit gro\u00dfer Schnittkapazit\u00e4t und halbautomatische Messer Vorschub.<br \/>\n<strong>Verstellbarer Vertikalanschlag zur Erh\u00f6hung der Schnittkapazit\u00e4t; Schnittwinkel bis zu 15\u00b0 links und rechts mit drei festen Positionen -45\u00b0, 0\u00b0, +45\u00b0 f\u00fcr schnelle Positionierung.<\/strong><br \/>\nIntegrierter Schutz des Schneidbereichs mit seitlichen Sicherheitstunneln.<br \/>\nDie Version &#8222;60AC&#8220; verf\u00fcgt \u00fcber eine pneumatische Steuerung zum \u00d6ffnen und Schlie\u00dfen des Schutzes.<\/p>\n","protected":false},"featured_media":1180,"template":"","meta":[],"product_brand":[],"product_cat":[278],"product_tag":[],"class_list":{"0":"post-2130","1":"product","2":"type-product","3":"status-publish","4":"has-post-thumbnail","6":"product_cat-einkopf-gehrungssaegen","8":"first","9":"instock","10":"shipping-taxable","11":"product-type-simple"},"yoast_head":"<!-- This site is optimized with the Yoast SEO plugin v27.2 - https:\/\/yoast.com\/product\/yoast-seo-wordpress\/ -->\n<title>Gehrungss\u00e4ge mit halbautomatischem Vorschub<\/title>\n<meta name=\"description\" content=\"Gehrungss\u00e4ge mit halbautomatischem Vorschub mit gro\u00dfer Schnittkapazit\u00e4t und automatischem S\u00e4geblatt Vorschub.\" \/>\n<meta name=\"robots\" content=\"index, follow, max-snippet:-1, max-image-preview:large, max-video-preview:-1\" \/>\n<link rel=\"canonical\" href=\"https:\/\/www.rinaldisrl.com\/de\/produkt\/gehrungssaege-tma-60a-tma60ac\/\" \/>\n<meta property=\"og:locale\" content=\"de_DE\" \/>\n<meta property=\"og:type\" content=\"article\" \/>\n<meta property=\"og:title\" content=\"Gehrungss\u00e4ge mit halbautomatischem Vorschub\" \/>\n<meta property=\"og:description\" content=\"Gehrungss\u00e4ge mit halbautomatischem Vorschub mit gro\u00dfer Schnittkapazit\u00e4t und automatischem S\u00e4geblatt Vorschub.\" \/>\n<meta property=\"og:url\" content=\"https:\/\/www.rinaldisrl.com\/de\/produkt\/gehrungssaege-tma-60a-tma60ac\/\" \/>\n<meta property=\"og:site_name\" content=\"Rinaldi Srl\" \/>\n<meta property=\"article:modified_time\" content=\"2026-03-20T09:22:30+00:00\" \/>\n<meta property=\"og:image\" content=\"https:\/\/www.rinaldisrl.com\/wp-content\/uploads\/2023\/09\/troncatrice-TMA60A.jpg\" \/>\n\t<meta property=\"og:image:width\" content=\"1200\" \/>\n\t<meta property=\"og:image:height\" content=\"1200\" \/>\n\t<meta property=\"og:image:type\" content=\"image\/jpeg\" \/>\n<meta name=\"twitter:card\" content=\"summary_large_image\" \/>\n<meta name=\"twitter:label1\" content=\"Gesch\u00e4tzte Lesezeit\" \/>\n\t<meta name=\"twitter:data1\" content=\"1\u00a0Minute\" \/>\n<script type=\"application\/ld+json\" class=\"yoast-schema-graph\">{\"@context\":\"https:\/\/schema.org\",\"@graph\":[{\"@type\":\"WebPage\",\"@id\":\"https:\/\/www.rinaldisrl.com\/de\/produkt\/gehrungssaege-tma-60a-tma60ac\/\",\"url\":\"https:\/\/www.rinaldisrl.com\/de\/produkt\/gehrungssaege-tma-60a-tma60ac\/\",\"name\":\"Gehrungss\u00e4ge mit halbautomatischem Vorschub\",\"isPartOf\":{\"@id\":\"https:\/\/www.rinaldisrl.com\/de\/#website\"},\"primaryImageOfPage\":{\"@id\":\"https:\/\/www.rinaldisrl.com\/de\/produkt\/gehrungssaege-tma-60a-tma60ac\/#primaryimage\"},\"image\":{\"@id\":\"https:\/\/www.rinaldisrl.com\/de\/produkt\/gehrungssaege-tma-60a-tma60ac\/#primaryimage\"},\"thumbnailUrl\":\"https:\/\/www.rinaldisrl.com\/wp-content\/uploads\/2023\/09\/troncatrice-TMA60A.jpg\",\"datePublished\":\"2023-09-08T13:50:44+00:00\",\"dateModified\":\"2026-03-20T09:22:30+00:00\",\"description\":\"Gehrungss\u00e4ge mit halbautomatischem Vorschub mit gro\u00dfer Schnittkapazit\u00e4t und automatischem S\u00e4geblatt Vorschub.\",\"breadcrumb\":{\"@id\":\"https:\/\/www.rinaldisrl.com\/de\/produkt\/gehrungssaege-tma-60a-tma60ac\/#breadcrumb\"},\"inLanguage\":\"de\",\"potentialAction\":[{\"@type\":\"ReadAction\",\"target\":[\"https:\/\/www.rinaldisrl.com\/de\/produkt\/gehrungssaege-tma-60a-tma60ac\/\"]}]},{\"@type\":\"ImageObject\",\"inLanguage\":\"de\",\"@id\":\"https:\/\/www.rinaldisrl.com\/de\/produkt\/gehrungssaege-tma-60a-tma60ac\/#primaryimage\",\"url\":\"https:\/\/www.rinaldisrl.com\/wp-content\/uploads\/2023\/09\/troncatrice-TMA60A.jpg\",\"contentUrl\":\"https:\/\/www.rinaldisrl.com\/wp-content\/uploads\/2023\/09\/troncatrice-TMA60A.jpg\",\"width\":1200,\"height\":1200},{\"@type\":\"BreadcrumbList\",\"@id\":\"https:\/\/www.rinaldisrl.com\/de\/produkt\/gehrungssaege-tma-60a-tma60ac\/#breadcrumb\",\"itemListElement\":[{\"@type\":\"ListItem\",\"position\":1,\"name\":\"Home\",\"item\":\"https:\/\/www.rinaldisrl.com\/de\/\"},{\"@type\":\"ListItem\",\"position\":2,\"name\":\"Katalog\",\"item\":\"https:\/\/www.rinaldisrl.com\/katalog\/\"},{\"@type\":\"ListItem\",\"position\":3,\"name\":\"Gehrungss\u00e4ge mit halbautomatischem Vorschub TMA 60A &#8211; TMA60AC\"}]},{\"@type\":\"WebSite\",\"@id\":\"https:\/\/www.rinaldisrl.com\/de\/#website\",\"url\":\"https:\/\/www.rinaldisrl.com\/de\/\",\"name\":\"Rinaldi Srl\",\"description\":\"\",\"publisher\":{\"@id\":\"https:\/\/www.rinaldisrl.com\/de\/#organization\"},\"potentialAction\":[{\"@type\":\"SearchAction\",\"target\":{\"@type\":\"EntryPoint\",\"urlTemplate\":\"https:\/\/www.rinaldisrl.com\/de\/?s={search_term_string}\"},\"query-input\":{\"@type\":\"PropertyValueSpecification\",\"valueRequired\":true,\"valueName\":\"search_term_string\"}}],\"inLanguage\":\"de\"},{\"@type\":\"Organization\",\"@id\":\"https:\/\/www.rinaldisrl.com\/de\/#organization\",\"name\":\"Fratelli Rinaldi Srl\",\"alternateName\":\"Fratelli Rinaldi Srl\",\"url\":\"https:\/\/www.rinaldisrl.com\/de\/\",\"logo\":{\"@type\":\"ImageObject\",\"inLanguage\":\"de\",\"@id\":\"https:\/\/www.rinaldisrl.com\/de\/#\/schema\/logo\/image\/\",\"url\":\"https:\/\/www.rinaldisrl.com\/wp-content\/uploads\/2023\/07\/logo-50-anni.png\",\"contentUrl\":\"https:\/\/www.rinaldisrl.com\/wp-content\/uploads\/2023\/07\/logo-50-anni.png\",\"width\":350,\"height\":200,\"caption\":\"Fratelli Rinaldi Srl\"},\"image\":{\"@id\":\"https:\/\/www.rinaldisrl.com\/de\/#\/schema\/logo\/image\/\"}}]}<\/script>\n<!-- \/ Yoast SEO plugin. -->","yoast_head_json":{"title":"Gehrungss\u00e4ge mit halbautomatischem Vorschub","description":"Gehrungss\u00e4ge mit halbautomatischem Vorschub mit gro\u00dfer Schnittkapazit\u00e4t und automatischem S\u00e4geblatt Vorschub.","robots":{"index":"index","follow":"follow","max-snippet":"max-snippet:-1","max-image-preview":"max-image-preview:large","max-video-preview":"max-video-preview:-1"},"canonical":"https:\/\/www.rinaldisrl.com\/de\/produkt\/gehrungssaege-tma-60a-tma60ac\/","og_locale":"de_DE","og_type":"article","og_title":"Gehrungss\u00e4ge mit halbautomatischem Vorschub","og_description":"Gehrungss\u00e4ge mit halbautomatischem Vorschub mit gro\u00dfer Schnittkapazit\u00e4t und automatischem S\u00e4geblatt Vorschub.","og_url":"https:\/\/www.rinaldisrl.com\/de\/produkt\/gehrungssaege-tma-60a-tma60ac\/","og_site_name":"Rinaldi Srl","article_modified_time":"2026-03-20T09:22:30+00:00","og_image":[{"width":1200,"height":1200,"url":"https:\/\/www.rinaldisrl.com\/wp-content\/uploads\/2023\/09\/troncatrice-TMA60A.jpg","type":"image\/jpeg"}],"twitter_card":"summary_large_image","twitter_misc":{"Gesch\u00e4tzte Lesezeit":"1\u00a0Minute"},"schema":{"@context":"https:\/\/schema.org","@graph":[{"@type":"WebPage","@id":"https:\/\/www.rinaldisrl.com\/de\/produkt\/gehrungssaege-tma-60a-tma60ac\/","url":"https:\/\/www.rinaldisrl.com\/de\/produkt\/gehrungssaege-tma-60a-tma60ac\/","name":"Gehrungss\u00e4ge mit halbautomatischem Vorschub","isPartOf":{"@id":"https:\/\/www.rinaldisrl.com\/de\/#website"},"primaryImageOfPage":{"@id":"https:\/\/www.rinaldisrl.com\/de\/produkt\/gehrungssaege-tma-60a-tma60ac\/#primaryimage"},"image":{"@id":"https:\/\/www.rinaldisrl.com\/de\/produkt\/gehrungssaege-tma-60a-tma60ac\/#primaryimage"},"thumbnailUrl":"https:\/\/www.rinaldisrl.com\/wp-content\/uploads\/2023\/09\/troncatrice-TMA60A.jpg","datePublished":"2023-09-08T13:50:44+00:00","dateModified":"2026-03-20T09:22:30+00:00","description":"Gehrungss\u00e4ge mit halbautomatischem Vorschub mit gro\u00dfer Schnittkapazit\u00e4t und automatischem S\u00e4geblatt Vorschub.","breadcrumb":{"@id":"https:\/\/www.rinaldisrl.com\/de\/produkt\/gehrungssaege-tma-60a-tma60ac\/#breadcrumb"},"inLanguage":"de","potentialAction":[{"@type":"ReadAction","target":["https:\/\/www.rinaldisrl.com\/de\/produkt\/gehrungssaege-tma-60a-tma60ac\/"]}]},{"@type":"ImageObject","inLanguage":"de","@id":"https:\/\/www.rinaldisrl.com\/de\/produkt\/gehrungssaege-tma-60a-tma60ac\/#primaryimage","url":"https:\/\/www.rinaldisrl.com\/wp-content\/uploads\/2023\/09\/troncatrice-TMA60A.jpg","contentUrl":"https:\/\/www.rinaldisrl.com\/wp-content\/uploads\/2023\/09\/troncatrice-TMA60A.jpg","width":1200,"height":1200},{"@type":"BreadcrumbList","@id":"https:\/\/www.rinaldisrl.com\/de\/produkt\/gehrungssaege-tma-60a-tma60ac\/#breadcrumb","itemListElement":[{"@type":"ListItem","position":1,"name":"Home","item":"https:\/\/www.rinaldisrl.com\/de\/"},{"@type":"ListItem","position":2,"name":"Katalog","item":"https:\/\/www.rinaldisrl.com\/katalog\/"},{"@type":"ListItem","position":3,"name":"Gehrungss\u00e4ge mit halbautomatischem Vorschub TMA 60A &#8211; TMA60AC"}]},{"@type":"WebSite","@id":"https:\/\/www.rinaldisrl.com\/de\/#website","url":"https:\/\/www.rinaldisrl.com\/de\/","name":"Rinaldi Srl","description":"","publisher":{"@id":"https:\/\/www.rinaldisrl.com\/de\/#organization"},"potentialAction":[{"@type":"SearchAction","target":{"@type":"EntryPoint","urlTemplate":"https:\/\/www.rinaldisrl.com\/de\/?s={search_term_string}"},"query-input":{"@type":"PropertyValueSpecification","valueRequired":true,"valueName":"search_term_string"}}],"inLanguage":"de"},{"@type":"Organization","@id":"https:\/\/www.rinaldisrl.com\/de\/#organization","name":"Fratelli Rinaldi Srl","alternateName":"Fratelli Rinaldi Srl","url":"https:\/\/www.rinaldisrl.com\/de\/","logo":{"@type":"ImageObject","inLanguage":"de","@id":"https:\/\/www.rinaldisrl.com\/de\/#\/schema\/logo\/image\/","url":"https:\/\/www.rinaldisrl.com\/wp-content\/uploads\/2023\/07\/logo-50-anni.png","contentUrl":"https:\/\/www.rinaldisrl.com\/wp-content\/uploads\/2023\/07\/logo-50-anni.png","width":350,"height":200,"caption":"Fratelli Rinaldi Srl"},"image":{"@id":"https:\/\/www.rinaldisrl.com\/de\/#\/schema\/logo\/image\/"}}]}},"_links":{"self":[{"href":"https:\/\/www.rinaldisrl.com\/de\/wp-json\/wp\/v2\/product\/2130","targetHints":{"allow":["GET"]}}],"collection":[{"href":"https:\/\/www.rinaldisrl.com\/de\/wp-json\/wp\/v2\/product"}],"about":[{"href":"https:\/\/www.rinaldisrl.com\/de\/wp-json\/wp\/v2\/types\/product"}],"wp:featuredmedia":[{"embeddable":true,"href":"https:\/\/www.rinaldisrl.com\/de\/wp-json\/wp\/v2\/media\/1180"}],"wp:attachment":[{"href":"https:\/\/www.rinaldisrl.com\/de\/wp-json\/wp\/v2\/media?parent=2130"}],"wp:term":[{"taxonomy":"product_brand","embeddable":true,"href":"https:\/\/www.rinaldisrl.com\/de\/wp-json\/wp\/v2\/product_brand?post=2130"},{"taxonomy":"product_cat","embeddable":true,"href":"https:\/\/www.rinaldisrl.com\/de\/wp-json\/wp\/v2\/product_cat?post=2130"},{"taxonomy":"product_tag","embeddable":true,"href":"https:\/\/www.rinaldisrl.com\/de\/wp-json\/wp\/v2\/product_tag?post=2130"}],"curies":[{"name":"wp","href":"https:\/\/api.w.org\/{rel}","templated":true}]}}