{"id":2129,"date":"2023-09-08T14:04:56","date_gmt":"2023-09-08T12:04:56","guid":{"rendered":"https:\/\/www.rinaldisrl.com\/prodotti\/troncatrice-tmf-55a-2\/"},"modified":"2026-03-20T10:34:33","modified_gmt":"2026-03-20T09:34:33","slug":"gehrungssaege-tmf-55a","status":"publish","type":"product","link":"https:\/\/www.rinaldisrl.com\/de\/produkt\/gehrungssaege-tmf-55a\/","title":{"rendered":"Frontschnitt\u2011Gehrungss\u00e4ge TMF 55A"},"content":{"rendered":"","protected":false},"excerpt":{"rendered":"<p><span data-sheets-root=\"1\">Frontschnitt\u2011Gehrungss\u00e4ge<\/span> mit gro\u00dfer Schnittkapazit\u00e4t und halbautomatischem Messervorschub.<br \/>\n<strong>Elektrisch gesteuerte Kopfneigung mit drei Schnelltasten -45\u00b0 90\u00b0 +45\u00b0 links und rechts Schnittwinkel bis zu 22,5\u00b0 mit Positionierung, elektronisch<\/strong>. Pneumatisch gesteuerter, integrierter Schnittzonenschutz.<\/p>\n","protected":false},"featured_media":1184,"template":"","meta":[],"product_brand":[],"product_cat":[278],"product_tag":[],"class_list":{"0":"post-2129","1":"product","2":"type-product","3":"status-publish","4":"has-post-thumbnail","6":"product_cat-einkopf-gehrungssaegen","8":"first","9":"instock","10":"shipping-taxable","11":"product-type-simple"},"yoast_head":"<!-- This site is optimized with the Yoast SEO plugin v27.2 - https:\/\/yoast.com\/product\/yoast-seo-wordpress\/ -->\n<title>Frontschnitt\u2011Gehrungss\u00e4ge<\/title>\n<meta name=\"description\" content=\"Frontschnitt\u2011Gehrungss\u00e4ge mit gro\u00dfer Schnittkapazit\u00e4t und halbautomatischem S\u00e4geblatt Vorschub. Vollst\u00e4ndiger Schnitt Bereichsschutz.\" \/>\n<meta name=\"robots\" content=\"index, follow, max-snippet:-1, max-image-preview:large, max-video-preview:-1\" \/>\n<link rel=\"canonical\" href=\"https:\/\/www.rinaldisrl.com\/de\/produkt\/gehrungssaege-tmf-55a\/\" \/>\n<meta property=\"og:locale\" content=\"de_DE\" \/>\n<meta property=\"og:type\" content=\"article\" \/>\n<meta property=\"og:title\" content=\"Frontschnitt\u2011Gehrungss\u00e4ge\" \/>\n<meta property=\"og:description\" content=\"Frontschnitt\u2011Gehrungss\u00e4ge mit gro\u00dfer Schnittkapazit\u00e4t und halbautomatischem S\u00e4geblatt Vorschub. Vollst\u00e4ndiger Schnitt Bereichsschutz.\" \/>\n<meta property=\"og:url\" content=\"https:\/\/www.rinaldisrl.com\/de\/produkt\/gehrungssaege-tmf-55a\/\" \/>\n<meta property=\"og:site_name\" content=\"Rinaldi Srl\" \/>\n<meta property=\"article:modified_time\" content=\"2026-03-20T09:34:33+00:00\" \/>\n<meta property=\"og:image\" content=\"https:\/\/www.rinaldisrl.com\/wp-content\/uploads\/2023\/09\/troncatrice-TMF55A.jpg\" \/>\n\t<meta property=\"og:image:width\" content=\"1200\" \/>\n\t<meta property=\"og:image:height\" content=\"1200\" \/>\n\t<meta property=\"og:image:type\" content=\"image\/jpeg\" \/>\n<meta name=\"twitter:card\" content=\"summary_large_image\" \/>\n<meta name=\"twitter:label1\" content=\"Gesch\u00e4tzte Lesezeit\" \/>\n\t<meta name=\"twitter:data1\" content=\"1\u00a0Minute\" \/>\n<script type=\"application\/ld+json\" class=\"yoast-schema-graph\">{\"@context\":\"https:\/\/schema.org\",\"@graph\":[{\"@type\":\"WebPage\",\"@id\":\"https:\/\/www.rinaldisrl.com\/de\/produkt\/gehrungssaege-tmf-55a\/\",\"url\":\"https:\/\/www.rinaldisrl.com\/de\/produkt\/gehrungssaege-tmf-55a\/\",\"name\":\"Frontschnitt\u2011Gehrungss\u00e4ge\",\"isPartOf\":{\"@id\":\"https:\/\/www.rinaldisrl.com\/de\/#website\"},\"primaryImageOfPage\":{\"@id\":\"https:\/\/www.rinaldisrl.com\/de\/produkt\/gehrungssaege-tmf-55a\/#primaryimage\"},\"image\":{\"@id\":\"https:\/\/www.rinaldisrl.com\/de\/produkt\/gehrungssaege-tmf-55a\/#primaryimage\"},\"thumbnailUrl\":\"https:\/\/www.rinaldisrl.com\/wp-content\/uploads\/2023\/09\/troncatrice-TMF55A.jpg\",\"datePublished\":\"2023-09-08T12:04:56+00:00\",\"dateModified\":\"2026-03-20T09:34:33+00:00\",\"description\":\"Frontschnitt\u2011Gehrungss\u00e4ge mit gro\u00dfer Schnittkapazit\u00e4t und halbautomatischem S\u00e4geblatt Vorschub. Vollst\u00e4ndiger Schnitt Bereichsschutz.\",\"breadcrumb\":{\"@id\":\"https:\/\/www.rinaldisrl.com\/de\/produkt\/gehrungssaege-tmf-55a\/#breadcrumb\"},\"inLanguage\":\"de\",\"potentialAction\":[{\"@type\":\"ReadAction\",\"target\":[\"https:\/\/www.rinaldisrl.com\/de\/produkt\/gehrungssaege-tmf-55a\/\"]}]},{\"@type\":\"ImageObject\",\"inLanguage\":\"de\",\"@id\":\"https:\/\/www.rinaldisrl.com\/de\/produkt\/gehrungssaege-tmf-55a\/#primaryimage\",\"url\":\"https:\/\/www.rinaldisrl.com\/wp-content\/uploads\/2023\/09\/troncatrice-TMF55A.jpg\",\"contentUrl\":\"https:\/\/www.rinaldisrl.com\/wp-content\/uploads\/2023\/09\/troncatrice-TMF55A.jpg\",\"width\":1200,\"height\":1200},{\"@type\":\"BreadcrumbList\",\"@id\":\"https:\/\/www.rinaldisrl.com\/de\/produkt\/gehrungssaege-tmf-55a\/#breadcrumb\",\"itemListElement\":[{\"@type\":\"ListItem\",\"position\":1,\"name\":\"Home\",\"item\":\"https:\/\/www.rinaldisrl.com\/de\/\"},{\"@type\":\"ListItem\",\"position\":2,\"name\":\"Katalog\",\"item\":\"https:\/\/www.rinaldisrl.com\/katalog\/\"},{\"@type\":\"ListItem\",\"position\":3,\"name\":\"Frontschnitt\u2011Gehrungss\u00e4ge TMF 55A\"}]},{\"@type\":\"WebSite\",\"@id\":\"https:\/\/www.rinaldisrl.com\/de\/#website\",\"url\":\"https:\/\/www.rinaldisrl.com\/de\/\",\"name\":\"Rinaldi Srl\",\"description\":\"\",\"publisher\":{\"@id\":\"https:\/\/www.rinaldisrl.com\/de\/#organization\"},\"potentialAction\":[{\"@type\":\"SearchAction\",\"target\":{\"@type\":\"EntryPoint\",\"urlTemplate\":\"https:\/\/www.rinaldisrl.com\/de\/?s={search_term_string}\"},\"query-input\":{\"@type\":\"PropertyValueSpecification\",\"valueRequired\":true,\"valueName\":\"search_term_string\"}}],\"inLanguage\":\"de\"},{\"@type\":\"Organization\",\"@id\":\"https:\/\/www.rinaldisrl.com\/de\/#organization\",\"name\":\"Fratelli Rinaldi Srl\",\"alternateName\":\"Fratelli Rinaldi Srl\",\"url\":\"https:\/\/www.rinaldisrl.com\/de\/\",\"logo\":{\"@type\":\"ImageObject\",\"inLanguage\":\"de\",\"@id\":\"https:\/\/www.rinaldisrl.com\/de\/#\/schema\/logo\/image\/\",\"url\":\"https:\/\/www.rinaldisrl.com\/wp-content\/uploads\/2023\/07\/logo-50-anni.png\",\"contentUrl\":\"https:\/\/www.rinaldisrl.com\/wp-content\/uploads\/2023\/07\/logo-50-anni.png\",\"width\":350,\"height\":200,\"caption\":\"Fratelli Rinaldi Srl\"},\"image\":{\"@id\":\"https:\/\/www.rinaldisrl.com\/de\/#\/schema\/logo\/image\/\"}}]}<\/script>\n<!-- \/ Yoast SEO plugin. -->","yoast_head_json":{"title":"Frontschnitt\u2011Gehrungss\u00e4ge","description":"Frontschnitt\u2011Gehrungss\u00e4ge mit gro\u00dfer Schnittkapazit\u00e4t und halbautomatischem S\u00e4geblatt Vorschub. Vollst\u00e4ndiger Schnitt Bereichsschutz.","robots":{"index":"index","follow":"follow","max-snippet":"max-snippet:-1","max-image-preview":"max-image-preview:large","max-video-preview":"max-video-preview:-1"},"canonical":"https:\/\/www.rinaldisrl.com\/de\/produkt\/gehrungssaege-tmf-55a\/","og_locale":"de_DE","og_type":"article","og_title":"Frontschnitt\u2011Gehrungss\u00e4ge","og_description":"Frontschnitt\u2011Gehrungss\u00e4ge mit gro\u00dfer Schnittkapazit\u00e4t und halbautomatischem S\u00e4geblatt Vorschub. Vollst\u00e4ndiger Schnitt Bereichsschutz.","og_url":"https:\/\/www.rinaldisrl.com\/de\/produkt\/gehrungssaege-tmf-55a\/","og_site_name":"Rinaldi Srl","article_modified_time":"2026-03-20T09:34:33+00:00","og_image":[{"width":1200,"height":1200,"url":"https:\/\/www.rinaldisrl.com\/wp-content\/uploads\/2023\/09\/troncatrice-TMF55A.jpg","type":"image\/jpeg"}],"twitter_card":"summary_large_image","twitter_misc":{"Gesch\u00e4tzte Lesezeit":"1\u00a0Minute"},"schema":{"@context":"https:\/\/schema.org","@graph":[{"@type":"WebPage","@id":"https:\/\/www.rinaldisrl.com\/de\/produkt\/gehrungssaege-tmf-55a\/","url":"https:\/\/www.rinaldisrl.com\/de\/produkt\/gehrungssaege-tmf-55a\/","name":"Frontschnitt\u2011Gehrungss\u00e4ge","isPartOf":{"@id":"https:\/\/www.rinaldisrl.com\/de\/#website"},"primaryImageOfPage":{"@id":"https:\/\/www.rinaldisrl.com\/de\/produkt\/gehrungssaege-tmf-55a\/#primaryimage"},"image":{"@id":"https:\/\/www.rinaldisrl.com\/de\/produkt\/gehrungssaege-tmf-55a\/#primaryimage"},"thumbnailUrl":"https:\/\/www.rinaldisrl.com\/wp-content\/uploads\/2023\/09\/troncatrice-TMF55A.jpg","datePublished":"2023-09-08T12:04:56+00:00","dateModified":"2026-03-20T09:34:33+00:00","description":"Frontschnitt\u2011Gehrungss\u00e4ge mit gro\u00dfer Schnittkapazit\u00e4t und halbautomatischem S\u00e4geblatt Vorschub. Vollst\u00e4ndiger Schnitt Bereichsschutz.","breadcrumb":{"@id":"https:\/\/www.rinaldisrl.com\/de\/produkt\/gehrungssaege-tmf-55a\/#breadcrumb"},"inLanguage":"de","potentialAction":[{"@type":"ReadAction","target":["https:\/\/www.rinaldisrl.com\/de\/produkt\/gehrungssaege-tmf-55a\/"]}]},{"@type":"ImageObject","inLanguage":"de","@id":"https:\/\/www.rinaldisrl.com\/de\/produkt\/gehrungssaege-tmf-55a\/#primaryimage","url":"https:\/\/www.rinaldisrl.com\/wp-content\/uploads\/2023\/09\/troncatrice-TMF55A.jpg","contentUrl":"https:\/\/www.rinaldisrl.com\/wp-content\/uploads\/2023\/09\/troncatrice-TMF55A.jpg","width":1200,"height":1200},{"@type":"BreadcrumbList","@id":"https:\/\/www.rinaldisrl.com\/de\/produkt\/gehrungssaege-tmf-55a\/#breadcrumb","itemListElement":[{"@type":"ListItem","position":1,"name":"Home","item":"https:\/\/www.rinaldisrl.com\/de\/"},{"@type":"ListItem","position":2,"name":"Katalog","item":"https:\/\/www.rinaldisrl.com\/katalog\/"},{"@type":"ListItem","position":3,"name":"Frontschnitt\u2011Gehrungss\u00e4ge TMF 55A"}]},{"@type":"WebSite","@id":"https:\/\/www.rinaldisrl.com\/de\/#website","url":"https:\/\/www.rinaldisrl.com\/de\/","name":"Rinaldi Srl","description":"","publisher":{"@id":"https:\/\/www.rinaldisrl.com\/de\/#organization"},"potentialAction":[{"@type":"SearchAction","target":{"@type":"EntryPoint","urlTemplate":"https:\/\/www.rinaldisrl.com\/de\/?s={search_term_string}"},"query-input":{"@type":"PropertyValueSpecification","valueRequired":true,"valueName":"search_term_string"}}],"inLanguage":"de"},{"@type":"Organization","@id":"https:\/\/www.rinaldisrl.com\/de\/#organization","name":"Fratelli Rinaldi Srl","alternateName":"Fratelli Rinaldi Srl","url":"https:\/\/www.rinaldisrl.com\/de\/","logo":{"@type":"ImageObject","inLanguage":"de","@id":"https:\/\/www.rinaldisrl.com\/de\/#\/schema\/logo\/image\/","url":"https:\/\/www.rinaldisrl.com\/wp-content\/uploads\/2023\/07\/logo-50-anni.png","contentUrl":"https:\/\/www.rinaldisrl.com\/wp-content\/uploads\/2023\/07\/logo-50-anni.png","width":350,"height":200,"caption":"Fratelli Rinaldi Srl"},"image":{"@id":"https:\/\/www.rinaldisrl.com\/de\/#\/schema\/logo\/image\/"}}]}},"_links":{"self":[{"href":"https:\/\/www.rinaldisrl.com\/de\/wp-json\/wp\/v2\/product\/2129","targetHints":{"allow":["GET"]}}],"collection":[{"href":"https:\/\/www.rinaldisrl.com\/de\/wp-json\/wp\/v2\/product"}],"about":[{"href":"https:\/\/www.rinaldisrl.com\/de\/wp-json\/wp\/v2\/types\/product"}],"wp:featuredmedia":[{"embeddable":true,"href":"https:\/\/www.rinaldisrl.com\/de\/wp-json\/wp\/v2\/media\/1184"}],"wp:attachment":[{"href":"https:\/\/www.rinaldisrl.com\/de\/wp-json\/wp\/v2\/media?parent=2129"}],"wp:term":[{"taxonomy":"product_brand","embeddable":true,"href":"https:\/\/www.rinaldisrl.com\/de\/wp-json\/wp\/v2\/product_brand?post=2129"},{"taxonomy":"product_cat","embeddable":true,"href":"https:\/\/www.rinaldisrl.com\/de\/wp-json\/wp\/v2\/product_cat?post=2129"},{"taxonomy":"product_tag","embeddable":true,"href":"https:\/\/www.rinaldisrl.com\/de\/wp-json\/wp\/v2\/product_tag?post=2129"}],"curies":[{"name":"wp","href":"https:\/\/api.w.org\/{rel}","templated":true}]}}