{"id":2127,"date":"2023-09-08T19:50:39","date_gmt":"2023-09-08T17:50:39","guid":{"rendered":"https:\/\/www.rinaldisrl.com\/prodotti\/tma-60a-tma-60e-alimentatore-2\/"},"modified":"2026-03-20T10:54:01","modified_gmt":"2026-03-20T09:54:01","slug":"schneidelinie-tma-60a-tma-60e","status":"publish","type":"product","link":"https:\/\/www.rinaldisrl.com\/de\/produkt\/schneidelinie-tma-60a-tma-60e\/","title":{"rendered":"TMA 60A &#8211; TMA 60E + Vorschub"},"content":{"rendered":"","protected":false},"excerpt":{"rendered":"<p>Schneidelinie mit aufsteigender Einkopf-Trennmaschine mit gro\u00dfer Schnittkapazit\u00e4t und automatischem Messervorschub.<br \/>\n<strong>Einstellbarer Vertikalanschlag zur Erh\u00f6hung der Schnittkapazit\u00e4t; Schnittwinkel mit manueller Steuerung in der Version &#8222;60A&#8220; oder automatischer Steuerung in der Version &#8222;60E&#8220;.<\/strong><br \/>\n<strong>Integrierter Schutz des Schneidbereichs mit seitlichen Sicherheitstunneln.<\/strong><br \/>\nDie Rollenbahn hat die Funktion eines Stangenschiebers mit automatischer Positionierungsbewegung, gesteuert durch einen Gleichstrommotor und ein hochpr\u00e4zises Positionserfassungssystem mit Magnetstreifen.<br \/>\n<strong>Ablesen und Einstellen der Abmessungen auf einem digitalen LCD-Display oder durch Eingabe von Schnittlisten, die \u00fcber einen USB-Stick oder eine optionale RJ45-Buchse importiert werden.<\/strong><br \/>\nDie maximale Ladel\u00e4nge betr\u00e4gt 7000 mm.<\/p>\n","protected":false},"featured_media":1192,"template":"","meta":[],"product_brand":[],"product_cat":[285],"product_tag":[],"class_list":{"0":"post-2127","1":"product","2":"type-product","3":"status-publish","4":"has-post-thumbnail","6":"product_cat-schneidelinie","8":"first","9":"instock","10":"shipping-taxable","11":"product-type-simple"},"yoast_head":"<!-- This site is optimized with the Yoast SEO plugin v27.2 - https:\/\/yoast.com\/product\/yoast-seo-wordpress\/ -->\n<title>Schneidelinie mit Aufsteigender Einkopf Trennmaschine<\/title>\n<meta name=\"description\" content=\"Schneidelinie mit Aufsteigender Einkopf Trennmaschine und gro\u00dfer Schnittkapazit\u00e4t, automatischem S\u00e4geblattvorschub und vertikaler Winkeleinstellung in zwei Positionen.\" \/>\n<meta name=\"robots\" content=\"index, follow, max-snippet:-1, max-image-preview:large, max-video-preview:-1\" \/>\n<link rel=\"canonical\" href=\"https:\/\/www.rinaldisrl.com\/de\/produkt\/schneidelinie-tma-60a-tma-60e\/\" \/>\n<meta property=\"og:locale\" content=\"de_DE\" \/>\n<meta property=\"og:type\" content=\"article\" \/>\n<meta property=\"og:title\" content=\"Schneidelinie mit Aufsteigender Einkopf Trennmaschine\" \/>\n<meta property=\"og:description\" content=\"Schneidelinie mit Aufsteigender Einkopf Trennmaschine und gro\u00dfer Schnittkapazit\u00e4t, automatischem S\u00e4geblattvorschub und vertikaler Winkeleinstellung in zwei Positionen.\" \/>\n<meta property=\"og:url\" content=\"https:\/\/www.rinaldisrl.com\/de\/produkt\/schneidelinie-tma-60a-tma-60e\/\" \/>\n<meta property=\"og:site_name\" content=\"Rinaldi Srl\" \/>\n<meta property=\"article:modified_time\" content=\"2026-03-20T09:54:01+00:00\" \/>\n<meta property=\"og:image\" content=\"https:\/\/www.rinaldisrl.com\/wp-content\/uploads\/2023\/09\/linea-troncatrice-TMA60A.jpg\" \/>\n\t<meta property=\"og:image:width\" content=\"1200\" \/>\n\t<meta property=\"og:image:height\" content=\"1200\" \/>\n\t<meta property=\"og:image:type\" content=\"image\/jpeg\" \/>\n<meta name=\"twitter:card\" content=\"summary_large_image\" \/>\n<meta name=\"twitter:label1\" content=\"Gesch\u00e4tzte Lesezeit\" \/>\n\t<meta name=\"twitter:data1\" content=\"1\u00a0Minute\" \/>\n<script type=\"application\/ld+json\" class=\"yoast-schema-graph\">{\"@context\":\"https:\/\/schema.org\",\"@graph\":[{\"@type\":\"WebPage\",\"@id\":\"https:\/\/www.rinaldisrl.com\/de\/produkt\/schneidelinie-tma-60a-tma-60e\/\",\"url\":\"https:\/\/www.rinaldisrl.com\/de\/produkt\/schneidelinie-tma-60a-tma-60e\/\",\"name\":\"Schneidelinie mit Aufsteigender Einkopf Trennmaschine\",\"isPartOf\":{\"@id\":\"https:\/\/www.rinaldisrl.com\/de\/#website\"},\"primaryImageOfPage\":{\"@id\":\"https:\/\/www.rinaldisrl.com\/de\/produkt\/schneidelinie-tma-60a-tma-60e\/#primaryimage\"},\"image\":{\"@id\":\"https:\/\/www.rinaldisrl.com\/de\/produkt\/schneidelinie-tma-60a-tma-60e\/#primaryimage\"},\"thumbnailUrl\":\"https:\/\/www.rinaldisrl.com\/wp-content\/uploads\/2023\/09\/linea-troncatrice-TMA60A.jpg\",\"datePublished\":\"2023-09-08T17:50:39+00:00\",\"dateModified\":\"2026-03-20T09:54:01+00:00\",\"description\":\"Schneidelinie mit Aufsteigender Einkopf Trennmaschine und gro\u00dfer Schnittkapazit\u00e4t, automatischem S\u00e4geblattvorschub und vertikaler Winkeleinstellung in zwei Positionen.\",\"breadcrumb\":{\"@id\":\"https:\/\/www.rinaldisrl.com\/de\/produkt\/schneidelinie-tma-60a-tma-60e\/#breadcrumb\"},\"inLanguage\":\"de\",\"potentialAction\":[{\"@type\":\"ReadAction\",\"target\":[\"https:\/\/www.rinaldisrl.com\/de\/produkt\/schneidelinie-tma-60a-tma-60e\/\"]}]},{\"@type\":\"ImageObject\",\"inLanguage\":\"de\",\"@id\":\"https:\/\/www.rinaldisrl.com\/de\/produkt\/schneidelinie-tma-60a-tma-60e\/#primaryimage\",\"url\":\"https:\/\/www.rinaldisrl.com\/wp-content\/uploads\/2023\/09\/linea-troncatrice-TMA60A.jpg\",\"contentUrl\":\"https:\/\/www.rinaldisrl.com\/wp-content\/uploads\/2023\/09\/linea-troncatrice-TMA60A.jpg\",\"width\":1200,\"height\":1200,\"caption\":\"Tronzadoras TMA 60A - TMA 60E + Alimentador\"},{\"@type\":\"BreadcrumbList\",\"@id\":\"https:\/\/www.rinaldisrl.com\/de\/produkt\/schneidelinie-tma-60a-tma-60e\/#breadcrumb\",\"itemListElement\":[{\"@type\":\"ListItem\",\"position\":1,\"name\":\"Home\",\"item\":\"https:\/\/www.rinaldisrl.com\/de\/\"},{\"@type\":\"ListItem\",\"position\":2,\"name\":\"Katalog\",\"item\":\"https:\/\/www.rinaldisrl.com\/katalog\/\"},{\"@type\":\"ListItem\",\"position\":3,\"name\":\"TMA 60A &#8211; TMA 60E + Vorschub\"}]},{\"@type\":\"WebSite\",\"@id\":\"https:\/\/www.rinaldisrl.com\/de\/#website\",\"url\":\"https:\/\/www.rinaldisrl.com\/de\/\",\"name\":\"Rinaldi Srl\",\"description\":\"\",\"publisher\":{\"@id\":\"https:\/\/www.rinaldisrl.com\/de\/#organization\"},\"potentialAction\":[{\"@type\":\"SearchAction\",\"target\":{\"@type\":\"EntryPoint\",\"urlTemplate\":\"https:\/\/www.rinaldisrl.com\/de\/?s={search_term_string}\"},\"query-input\":{\"@type\":\"PropertyValueSpecification\",\"valueRequired\":true,\"valueName\":\"search_term_string\"}}],\"inLanguage\":\"de\"},{\"@type\":\"Organization\",\"@id\":\"https:\/\/www.rinaldisrl.com\/de\/#organization\",\"name\":\"Fratelli Rinaldi Srl\",\"alternateName\":\"Fratelli Rinaldi Srl\",\"url\":\"https:\/\/www.rinaldisrl.com\/de\/\",\"logo\":{\"@type\":\"ImageObject\",\"inLanguage\":\"de\",\"@id\":\"https:\/\/www.rinaldisrl.com\/de\/#\/schema\/logo\/image\/\",\"url\":\"https:\/\/www.rinaldisrl.com\/wp-content\/uploads\/2023\/07\/logo-50-anni.png\",\"contentUrl\":\"https:\/\/www.rinaldisrl.com\/wp-content\/uploads\/2023\/07\/logo-50-anni.png\",\"width\":350,\"height\":200,\"caption\":\"Fratelli Rinaldi Srl\"},\"image\":{\"@id\":\"https:\/\/www.rinaldisrl.com\/de\/#\/schema\/logo\/image\/\"}}]}<\/script>\n<!-- \/ Yoast SEO plugin. -->","yoast_head_json":{"title":"Schneidelinie mit Aufsteigender Einkopf Trennmaschine","description":"Schneidelinie mit Aufsteigender Einkopf Trennmaschine und gro\u00dfer Schnittkapazit\u00e4t, automatischem S\u00e4geblattvorschub und vertikaler Winkeleinstellung in zwei Positionen.","robots":{"index":"index","follow":"follow","max-snippet":"max-snippet:-1","max-image-preview":"max-image-preview:large","max-video-preview":"max-video-preview:-1"},"canonical":"https:\/\/www.rinaldisrl.com\/de\/produkt\/schneidelinie-tma-60a-tma-60e\/","og_locale":"de_DE","og_type":"article","og_title":"Schneidelinie mit Aufsteigender Einkopf Trennmaschine","og_description":"Schneidelinie mit Aufsteigender Einkopf Trennmaschine und gro\u00dfer Schnittkapazit\u00e4t, automatischem S\u00e4geblattvorschub und vertikaler Winkeleinstellung in zwei Positionen.","og_url":"https:\/\/www.rinaldisrl.com\/de\/produkt\/schneidelinie-tma-60a-tma-60e\/","og_site_name":"Rinaldi Srl","article_modified_time":"2026-03-20T09:54:01+00:00","og_image":[{"width":1200,"height":1200,"url":"https:\/\/www.rinaldisrl.com\/wp-content\/uploads\/2023\/09\/linea-troncatrice-TMA60A.jpg","type":"image\/jpeg"}],"twitter_card":"summary_large_image","twitter_misc":{"Gesch\u00e4tzte Lesezeit":"1\u00a0Minute"},"schema":{"@context":"https:\/\/schema.org","@graph":[{"@type":"WebPage","@id":"https:\/\/www.rinaldisrl.com\/de\/produkt\/schneidelinie-tma-60a-tma-60e\/","url":"https:\/\/www.rinaldisrl.com\/de\/produkt\/schneidelinie-tma-60a-tma-60e\/","name":"Schneidelinie mit Aufsteigender Einkopf Trennmaschine","isPartOf":{"@id":"https:\/\/www.rinaldisrl.com\/de\/#website"},"primaryImageOfPage":{"@id":"https:\/\/www.rinaldisrl.com\/de\/produkt\/schneidelinie-tma-60a-tma-60e\/#primaryimage"},"image":{"@id":"https:\/\/www.rinaldisrl.com\/de\/produkt\/schneidelinie-tma-60a-tma-60e\/#primaryimage"},"thumbnailUrl":"https:\/\/www.rinaldisrl.com\/wp-content\/uploads\/2023\/09\/linea-troncatrice-TMA60A.jpg","datePublished":"2023-09-08T17:50:39+00:00","dateModified":"2026-03-20T09:54:01+00:00","description":"Schneidelinie mit Aufsteigender Einkopf Trennmaschine und gro\u00dfer Schnittkapazit\u00e4t, automatischem S\u00e4geblattvorschub und vertikaler Winkeleinstellung in zwei Positionen.","breadcrumb":{"@id":"https:\/\/www.rinaldisrl.com\/de\/produkt\/schneidelinie-tma-60a-tma-60e\/#breadcrumb"},"inLanguage":"de","potentialAction":[{"@type":"ReadAction","target":["https:\/\/www.rinaldisrl.com\/de\/produkt\/schneidelinie-tma-60a-tma-60e\/"]}]},{"@type":"ImageObject","inLanguage":"de","@id":"https:\/\/www.rinaldisrl.com\/de\/produkt\/schneidelinie-tma-60a-tma-60e\/#primaryimage","url":"https:\/\/www.rinaldisrl.com\/wp-content\/uploads\/2023\/09\/linea-troncatrice-TMA60A.jpg","contentUrl":"https:\/\/www.rinaldisrl.com\/wp-content\/uploads\/2023\/09\/linea-troncatrice-TMA60A.jpg","width":1200,"height":1200,"caption":"Tronzadoras TMA 60A - TMA 60E + Alimentador"},{"@type":"BreadcrumbList","@id":"https:\/\/www.rinaldisrl.com\/de\/produkt\/schneidelinie-tma-60a-tma-60e\/#breadcrumb","itemListElement":[{"@type":"ListItem","position":1,"name":"Home","item":"https:\/\/www.rinaldisrl.com\/de\/"},{"@type":"ListItem","position":2,"name":"Katalog","item":"https:\/\/www.rinaldisrl.com\/katalog\/"},{"@type":"ListItem","position":3,"name":"TMA 60A &#8211; TMA 60E + Vorschub"}]},{"@type":"WebSite","@id":"https:\/\/www.rinaldisrl.com\/de\/#website","url":"https:\/\/www.rinaldisrl.com\/de\/","name":"Rinaldi Srl","description":"","publisher":{"@id":"https:\/\/www.rinaldisrl.com\/de\/#organization"},"potentialAction":[{"@type":"SearchAction","target":{"@type":"EntryPoint","urlTemplate":"https:\/\/www.rinaldisrl.com\/de\/?s={search_term_string}"},"query-input":{"@type":"PropertyValueSpecification","valueRequired":true,"valueName":"search_term_string"}}],"inLanguage":"de"},{"@type":"Organization","@id":"https:\/\/www.rinaldisrl.com\/de\/#organization","name":"Fratelli Rinaldi Srl","alternateName":"Fratelli Rinaldi Srl","url":"https:\/\/www.rinaldisrl.com\/de\/","logo":{"@type":"ImageObject","inLanguage":"de","@id":"https:\/\/www.rinaldisrl.com\/de\/#\/schema\/logo\/image\/","url":"https:\/\/www.rinaldisrl.com\/wp-content\/uploads\/2023\/07\/logo-50-anni.png","contentUrl":"https:\/\/www.rinaldisrl.com\/wp-content\/uploads\/2023\/07\/logo-50-anni.png","width":350,"height":200,"caption":"Fratelli Rinaldi Srl"},"image":{"@id":"https:\/\/www.rinaldisrl.com\/de\/#\/schema\/logo\/image\/"}}]}},"_links":{"self":[{"href":"https:\/\/www.rinaldisrl.com\/de\/wp-json\/wp\/v2\/product\/2127","targetHints":{"allow":["GET"]}}],"collection":[{"href":"https:\/\/www.rinaldisrl.com\/de\/wp-json\/wp\/v2\/product"}],"about":[{"href":"https:\/\/www.rinaldisrl.com\/de\/wp-json\/wp\/v2\/types\/product"}],"wp:featuredmedia":[{"embeddable":true,"href":"https:\/\/www.rinaldisrl.com\/de\/wp-json\/wp\/v2\/media\/1192"}],"wp:attachment":[{"href":"https:\/\/www.rinaldisrl.com\/de\/wp-json\/wp\/v2\/media?parent=2127"}],"wp:term":[{"taxonomy":"product_brand","embeddable":true,"href":"https:\/\/www.rinaldisrl.com\/de\/wp-json\/wp\/v2\/product_brand?post=2127"},{"taxonomy":"product_cat","embeddable":true,"href":"https:\/\/www.rinaldisrl.com\/de\/wp-json\/wp\/v2\/product_cat?post=2127"},{"taxonomy":"product_tag","embeddable":true,"href":"https:\/\/www.rinaldisrl.com\/de\/wp-json\/wp\/v2\/product_tag?post=2127"}],"curies":[{"name":"wp","href":"https:\/\/api.w.org\/{rel}","templated":true}]}}