{"id":2126,"date":"2023-09-08T20:12:03","date_gmt":"2023-09-08T20:12:03","guid":{"rendered":"https:\/\/www.rinaldisrl.com\/prodotti\/troncatrice-tdf-55p-2\/"},"modified":"2026-03-20T11:09:53","modified_gmt":"2026-03-20T10:09:53","slug":"doppelgehrungssaege-tdf-55p","status":"publish","type":"product","link":"https:\/\/www.rinaldisrl.com\/de\/produkt\/doppelgehrungssaege-tdf-55p\/","title":{"rendered":"Doppelgehrungss\u00e4ge f\u00fcr Aluminiumprofile TDF 55P"},"content":{"rendered":"","protected":false},"excerpt":{"rendered":"<p><strong><span data-sheets-root=\"1\">Doppelgehrungss\u00e4ge f\u00fcr Aluminiumprofile<\/span>\u00a0mit halbautomatischer, numerisch gesteuerter Verstellung des beweglichen Schneidkopfes, pneumatisch gesteuerte \u00e4u\u00dfere und innere Kopfneigung mit zwei festen Positionen 90\u00b0 und 45\u00b0;<\/strong><br \/>\n<strong>Doppelkopf-Trennschleifmaschine mit halbautomatischer, numerisch gesteuerter Verstellung des beweglichen Schneidkopfes, pneumatisch gesteuerte externe Kopfneigung mit zwei festen Positionen 90\u00b0 und 45\u00b0; alle<\/strong><br \/>\n<strong>Zwischenstufen bis zu 22,5\u00b0 mit mechanischem Anschlag.<\/strong><br \/>\nHydropneumatischer Blattvorschub mit 15\u00b0 Neigung.<br \/>\nVordere Verkleidung mit Sp\u00e4neauffangbeh\u00e4lter; integrierter Schutz der Schneidzone, aufsteigend, pneumatisch gesteuert.<br \/>\nProfilst\u00fctzrollenbahn, die mit dem beweglichen Schneidkopf verbunden ist, der in der Verkleidung verdichtet wird.<br \/>\n<strong>Verf\u00fcgbar in zwei n\u00fctzlichen Schnittl\u00e4ngen: U.T. 4 m oder U.T. 5 m.<\/strong><\/p>\n","protected":false},"featured_media":1196,"template":"","meta":[],"product_brand":[],"product_cat":[281],"product_tag":[],"class_list":{"0":"post-2126","1":"product","2":"type-product","3":"status-publish","4":"has-post-thumbnail","6":"product_cat-doppelgehrungssaegen","8":"first","9":"instock","10":"shipping-taxable","11":"product-type-simple"},"yoast_head":"<!-- This site is optimized with the Yoast SEO plugin v27.2 - https:\/\/yoast.com\/product\/yoast-seo-wordpress\/ -->\n<title>Doppelgehrungss\u00e4ge f\u00fcr Aluminiumprofile<\/title>\n<meta name=\"description\" content=\"Doppelgehrungss\u00e4ge f\u00fcr Aluminiumprofile mit halbautomatischer Verstellung des beweglichen S\u00e4gekopfs, gesteuert durch numerische Steuerung. Pneumatische Steuerung.\" \/>\n<meta name=\"robots\" content=\"index, follow, max-snippet:-1, max-image-preview:large, max-video-preview:-1\" \/>\n<link rel=\"canonical\" href=\"https:\/\/www.rinaldisrl.com\/de\/produkt\/doppelgehrungssaege-tdf-55p\/\" \/>\n<meta property=\"og:locale\" content=\"de_DE\" \/>\n<meta property=\"og:type\" content=\"article\" \/>\n<meta property=\"og:title\" content=\"Doppelgehrungss\u00e4ge f\u00fcr Aluminiumprofile\" \/>\n<meta property=\"og:description\" content=\"Doppelgehrungss\u00e4ge f\u00fcr Aluminiumprofile mit halbautomatischer Verstellung des beweglichen S\u00e4gekopfs, gesteuert durch numerische Steuerung. Pneumatische Steuerung.\" \/>\n<meta property=\"og:url\" content=\"https:\/\/www.rinaldisrl.com\/de\/produkt\/doppelgehrungssaege-tdf-55p\/\" \/>\n<meta property=\"og:site_name\" content=\"Rinaldi Srl\" \/>\n<meta property=\"article:modified_time\" content=\"2026-03-20T10:09:53+00:00\" \/>\n<meta property=\"og:image\" content=\"https:\/\/www.rinaldisrl.com\/wp-content\/uploads\/2023\/09\/troncatrice-doppia-TDF55P.jpg\" \/>\n\t<meta property=\"og:image:width\" content=\"1200\" \/>\n\t<meta property=\"og:image:height\" content=\"1200\" \/>\n\t<meta property=\"og:image:type\" content=\"image\/jpeg\" \/>\n<meta name=\"twitter:card\" content=\"summary_large_image\" \/>\n<meta name=\"twitter:label1\" content=\"Gesch\u00e4tzte Lesezeit\" \/>\n\t<meta name=\"twitter:data1\" content=\"1\u00a0Minute\" \/>\n<script type=\"application\/ld+json\" class=\"yoast-schema-graph\">{\"@context\":\"https:\/\/schema.org\",\"@graph\":[{\"@type\":\"WebPage\",\"@id\":\"https:\/\/www.rinaldisrl.com\/de\/produkt\/doppelgehrungssaege-tdf-55p\/\",\"url\":\"https:\/\/www.rinaldisrl.com\/de\/produkt\/doppelgehrungssaege-tdf-55p\/\",\"name\":\"Doppelgehrungss\u00e4ge f\u00fcr Aluminiumprofile\",\"isPartOf\":{\"@id\":\"https:\/\/www.rinaldisrl.com\/de\/#website\"},\"primaryImageOfPage\":{\"@id\":\"https:\/\/www.rinaldisrl.com\/de\/produkt\/doppelgehrungssaege-tdf-55p\/#primaryimage\"},\"image\":{\"@id\":\"https:\/\/www.rinaldisrl.com\/de\/produkt\/doppelgehrungssaege-tdf-55p\/#primaryimage\"},\"thumbnailUrl\":\"https:\/\/www.rinaldisrl.com\/wp-content\/uploads\/2023\/09\/troncatrice-doppia-TDF55P.jpg\",\"datePublished\":\"2023-09-08T20:12:03+00:00\",\"dateModified\":\"2026-03-20T10:09:53+00:00\",\"description\":\"Doppelgehrungss\u00e4ge f\u00fcr Aluminiumprofile mit halbautomatischer Verstellung des beweglichen S\u00e4gekopfs, gesteuert durch numerische Steuerung. Pneumatische Steuerung.\",\"breadcrumb\":{\"@id\":\"https:\/\/www.rinaldisrl.com\/de\/produkt\/doppelgehrungssaege-tdf-55p\/#breadcrumb\"},\"inLanguage\":\"de\",\"potentialAction\":[{\"@type\":\"ReadAction\",\"target\":[\"https:\/\/www.rinaldisrl.com\/de\/produkt\/doppelgehrungssaege-tdf-55p\/\"]}]},{\"@type\":\"ImageObject\",\"inLanguage\":\"de\",\"@id\":\"https:\/\/www.rinaldisrl.com\/de\/produkt\/doppelgehrungssaege-tdf-55p\/#primaryimage\",\"url\":\"https:\/\/www.rinaldisrl.com\/wp-content\/uploads\/2023\/09\/troncatrice-doppia-TDF55P.jpg\",\"contentUrl\":\"https:\/\/www.rinaldisrl.com\/wp-content\/uploads\/2023\/09\/troncatrice-doppia-TDF55P.jpg\",\"width\":1200,\"height\":1200},{\"@type\":\"BreadcrumbList\",\"@id\":\"https:\/\/www.rinaldisrl.com\/de\/produkt\/doppelgehrungssaege-tdf-55p\/#breadcrumb\",\"itemListElement\":[{\"@type\":\"ListItem\",\"position\":1,\"name\":\"Home\",\"item\":\"https:\/\/www.rinaldisrl.com\/de\/\"},{\"@type\":\"ListItem\",\"position\":2,\"name\":\"Katalog\",\"item\":\"https:\/\/www.rinaldisrl.com\/katalog\/\"},{\"@type\":\"ListItem\",\"position\":3,\"name\":\"Doppelgehrungss\u00e4ge f\u00fcr Aluminiumprofile TDF 55P\"}]},{\"@type\":\"WebSite\",\"@id\":\"https:\/\/www.rinaldisrl.com\/de\/#website\",\"url\":\"https:\/\/www.rinaldisrl.com\/de\/\",\"name\":\"Rinaldi Srl\",\"description\":\"\",\"publisher\":{\"@id\":\"https:\/\/www.rinaldisrl.com\/de\/#organization\"},\"potentialAction\":[{\"@type\":\"SearchAction\",\"target\":{\"@type\":\"EntryPoint\",\"urlTemplate\":\"https:\/\/www.rinaldisrl.com\/de\/?s={search_term_string}\"},\"query-input\":{\"@type\":\"PropertyValueSpecification\",\"valueRequired\":true,\"valueName\":\"search_term_string\"}}],\"inLanguage\":\"de\"},{\"@type\":\"Organization\",\"@id\":\"https:\/\/www.rinaldisrl.com\/de\/#organization\",\"name\":\"Fratelli Rinaldi Srl\",\"alternateName\":\"Fratelli Rinaldi Srl\",\"url\":\"https:\/\/www.rinaldisrl.com\/de\/\",\"logo\":{\"@type\":\"ImageObject\",\"inLanguage\":\"de\",\"@id\":\"https:\/\/www.rinaldisrl.com\/de\/#\/schema\/logo\/image\/\",\"url\":\"https:\/\/www.rinaldisrl.com\/wp-content\/uploads\/2023\/07\/logo-50-anni.png\",\"contentUrl\":\"https:\/\/www.rinaldisrl.com\/wp-content\/uploads\/2023\/07\/logo-50-anni.png\",\"width\":350,\"height\":200,\"caption\":\"Fratelli Rinaldi Srl\"},\"image\":{\"@id\":\"https:\/\/www.rinaldisrl.com\/de\/#\/schema\/logo\/image\/\"}}]}<\/script>\n<!-- \/ Yoast SEO plugin. -->","yoast_head_json":{"title":"Doppelgehrungss\u00e4ge f\u00fcr Aluminiumprofile","description":"Doppelgehrungss\u00e4ge f\u00fcr Aluminiumprofile mit halbautomatischer Verstellung des beweglichen S\u00e4gekopfs, gesteuert durch numerische Steuerung. Pneumatische Steuerung.","robots":{"index":"index","follow":"follow","max-snippet":"max-snippet:-1","max-image-preview":"max-image-preview:large","max-video-preview":"max-video-preview:-1"},"canonical":"https:\/\/www.rinaldisrl.com\/de\/produkt\/doppelgehrungssaege-tdf-55p\/","og_locale":"de_DE","og_type":"article","og_title":"Doppelgehrungss\u00e4ge f\u00fcr Aluminiumprofile","og_description":"Doppelgehrungss\u00e4ge f\u00fcr Aluminiumprofile mit halbautomatischer Verstellung des beweglichen S\u00e4gekopfs, gesteuert durch numerische Steuerung. Pneumatische Steuerung.","og_url":"https:\/\/www.rinaldisrl.com\/de\/produkt\/doppelgehrungssaege-tdf-55p\/","og_site_name":"Rinaldi Srl","article_modified_time":"2026-03-20T10:09:53+00:00","og_image":[{"width":1200,"height":1200,"url":"https:\/\/www.rinaldisrl.com\/wp-content\/uploads\/2023\/09\/troncatrice-doppia-TDF55P.jpg","type":"image\/jpeg"}],"twitter_card":"summary_large_image","twitter_misc":{"Gesch\u00e4tzte Lesezeit":"1\u00a0Minute"},"schema":{"@context":"https:\/\/schema.org","@graph":[{"@type":"WebPage","@id":"https:\/\/www.rinaldisrl.com\/de\/produkt\/doppelgehrungssaege-tdf-55p\/","url":"https:\/\/www.rinaldisrl.com\/de\/produkt\/doppelgehrungssaege-tdf-55p\/","name":"Doppelgehrungss\u00e4ge f\u00fcr Aluminiumprofile","isPartOf":{"@id":"https:\/\/www.rinaldisrl.com\/de\/#website"},"primaryImageOfPage":{"@id":"https:\/\/www.rinaldisrl.com\/de\/produkt\/doppelgehrungssaege-tdf-55p\/#primaryimage"},"image":{"@id":"https:\/\/www.rinaldisrl.com\/de\/produkt\/doppelgehrungssaege-tdf-55p\/#primaryimage"},"thumbnailUrl":"https:\/\/www.rinaldisrl.com\/wp-content\/uploads\/2023\/09\/troncatrice-doppia-TDF55P.jpg","datePublished":"2023-09-08T20:12:03+00:00","dateModified":"2026-03-20T10:09:53+00:00","description":"Doppelgehrungss\u00e4ge f\u00fcr Aluminiumprofile mit halbautomatischer Verstellung des beweglichen S\u00e4gekopfs, gesteuert durch numerische Steuerung. Pneumatische Steuerung.","breadcrumb":{"@id":"https:\/\/www.rinaldisrl.com\/de\/produkt\/doppelgehrungssaege-tdf-55p\/#breadcrumb"},"inLanguage":"de","potentialAction":[{"@type":"ReadAction","target":["https:\/\/www.rinaldisrl.com\/de\/produkt\/doppelgehrungssaege-tdf-55p\/"]}]},{"@type":"ImageObject","inLanguage":"de","@id":"https:\/\/www.rinaldisrl.com\/de\/produkt\/doppelgehrungssaege-tdf-55p\/#primaryimage","url":"https:\/\/www.rinaldisrl.com\/wp-content\/uploads\/2023\/09\/troncatrice-doppia-TDF55P.jpg","contentUrl":"https:\/\/www.rinaldisrl.com\/wp-content\/uploads\/2023\/09\/troncatrice-doppia-TDF55P.jpg","width":1200,"height":1200},{"@type":"BreadcrumbList","@id":"https:\/\/www.rinaldisrl.com\/de\/produkt\/doppelgehrungssaege-tdf-55p\/#breadcrumb","itemListElement":[{"@type":"ListItem","position":1,"name":"Home","item":"https:\/\/www.rinaldisrl.com\/de\/"},{"@type":"ListItem","position":2,"name":"Katalog","item":"https:\/\/www.rinaldisrl.com\/katalog\/"},{"@type":"ListItem","position":3,"name":"Doppelgehrungss\u00e4ge f\u00fcr Aluminiumprofile TDF 55P"}]},{"@type":"WebSite","@id":"https:\/\/www.rinaldisrl.com\/de\/#website","url":"https:\/\/www.rinaldisrl.com\/de\/","name":"Rinaldi Srl","description":"","publisher":{"@id":"https:\/\/www.rinaldisrl.com\/de\/#organization"},"potentialAction":[{"@type":"SearchAction","target":{"@type":"EntryPoint","urlTemplate":"https:\/\/www.rinaldisrl.com\/de\/?s={search_term_string}"},"query-input":{"@type":"PropertyValueSpecification","valueRequired":true,"valueName":"search_term_string"}}],"inLanguage":"de"},{"@type":"Organization","@id":"https:\/\/www.rinaldisrl.com\/de\/#organization","name":"Fratelli Rinaldi Srl","alternateName":"Fratelli Rinaldi Srl","url":"https:\/\/www.rinaldisrl.com\/de\/","logo":{"@type":"ImageObject","inLanguage":"de","@id":"https:\/\/www.rinaldisrl.com\/de\/#\/schema\/logo\/image\/","url":"https:\/\/www.rinaldisrl.com\/wp-content\/uploads\/2023\/07\/logo-50-anni.png","contentUrl":"https:\/\/www.rinaldisrl.com\/wp-content\/uploads\/2023\/07\/logo-50-anni.png","width":350,"height":200,"caption":"Fratelli Rinaldi Srl"},"image":{"@id":"https:\/\/www.rinaldisrl.com\/de\/#\/schema\/logo\/image\/"}}]}},"_links":{"self":[{"href":"https:\/\/www.rinaldisrl.com\/de\/wp-json\/wp\/v2\/product\/2126","targetHints":{"allow":["GET"]}}],"collection":[{"href":"https:\/\/www.rinaldisrl.com\/de\/wp-json\/wp\/v2\/product"}],"about":[{"href":"https:\/\/www.rinaldisrl.com\/de\/wp-json\/wp\/v2\/types\/product"}],"wp:featuredmedia":[{"embeddable":true,"href":"https:\/\/www.rinaldisrl.com\/de\/wp-json\/wp\/v2\/media\/1196"}],"wp:attachment":[{"href":"https:\/\/www.rinaldisrl.com\/de\/wp-json\/wp\/v2\/media?parent=2126"}],"wp:term":[{"taxonomy":"product_brand","embeddable":true,"href":"https:\/\/www.rinaldisrl.com\/de\/wp-json\/wp\/v2\/product_brand?post=2126"},{"taxonomy":"product_cat","embeddable":true,"href":"https:\/\/www.rinaldisrl.com\/de\/wp-json\/wp\/v2\/product_cat?post=2126"},{"taxonomy":"product_tag","embeddable":true,"href":"https:\/\/www.rinaldisrl.com\/de\/wp-json\/wp\/v2\/product_tag?post=2126"}],"curies":[{"name":"wp","href":"https:\/\/api.w.org\/{rel}","templated":true}]}}