{"id":2758,"date":"2024-12-16T16:58:38","date_gmt":"2024-12-16T15:58:38","guid":{"rendered":"https:\/\/www.rinaldisrl.com\/mappa-del-sito-fratelli-rinaldi-srl-macchinari-per-profilati-in-alluminio-e-pvc\/"},"modified":"2026-03-26T11:49:15","modified_gmt":"2026-03-26T10:49:15","slug":"sitemap-fratelli-rinaldi-maschinen-aluminium-und-pvc","status":"publish","type":"page","link":"https:\/\/www.rinaldisrl.com\/de\/sitemap-fratelli-rinaldi-maschinen-aluminium-und-pvc\/","title":{"rendered":"Sitemap Br\u00fcder Rinaldi srl &#8211; Maschinen f\u00fcr Aluminium und PVC-Profile"},"content":{"rendered":"<h1>Sitemap Br\u00fcder Rinaldi srl &#8211; Maschinen f\u00fcr Aluminium und PVC-Profile<\/h1>\n<h2><a style=\"color: red;\" href=\"https:\/\/www.rinaldisrl.com\/de\/katalog\/ausklinkfraesen\/\">Ausklinkfr\u00e4sen<\/a><\/h2>\n<ul>\n<li>\n<h3><a href=\"https:\/\/www.rinaldisrl.com\/de\/produkt\/ausklinkfraese-int-30m\/\"><span data-sheets-root=\"1\">Horizontale Profil-Ausklinkfr\u00e4se <\/span>INT 30 &#8211; INT 30F<\/a><\/h3>\n<\/li>\n<li>\n<h3><a href=\"https:\/\/www.rinaldisrl.com\/de\/produkt\/ausklinkfraese-int-30m\/\"><span data-sheets-root=\"1\">Ausklinkfr\u00e4se mit manuellem Vorschub<\/span> INT 30M\u00a0<\/a><\/h3>\n<\/li>\n<li>\n<h3><a href=\"https:\/\/www.rinaldisrl.com\/de\/produkt\/ausklinkfraese-int-32-32a\/\"><span data-sheets-root=\"1\">Ausklinkfr\u00e4se mit halbautomatischem Vorschub<\/span> INT 32 &#8211; 32A<\/a><\/h3>\n<\/li>\n<li>\n<h3><a href=\"https:\/\/www.rinaldisrl.com\/de\/produkt\/ausklinkfraese-int-32s-32as\/\"><span data-sheets-root=\"1\">Ausklinkfr\u00e4se mit halbautomatischem Vorschub und Hydropneumatische Vorschubgeschwindigkeits Regelung<\/span> INT 32S &#8211; 32AS<\/a><\/h3>\n<\/li>\n<li>\n<h3><a href=\"https:\/\/www.rinaldisrl.com\/de\/produkt\/intestatrice-int-35-35s\/\"><span data-sheets-root=\"1\">Ausklinkfr\u00e4se mit automatischem Vorschub<\/span> INT 35 &#8211; 35S<\/a><\/h3>\n<\/li>\n<li>\n<h3><a href=\"https:\/\/www.rinaldisrl.com\/de\/produkt\/ausklinkfraese-fuer-die-werkbank\/\"><span data-sheets-root=\"1\">Ausklinkfr\u00e4se f\u00fcr die Werkbank<\/span> Baby<\/a><\/h3>\n<\/li>\n<\/ul>\n<p>&nbsp;<\/p>\n<h2><a style=\"color: red;\" href=\"https:\/\/www.rinaldisrl.com\/de\/katalog\/kopierfraesen\/\">Kopierfr\u00e4sen<\/a><\/h2>\n<ul>\n<li>\n<h3><a href=\"https:\/\/www.rinaldisrl.com\/de\/produkt\/kopierfraese-pan-22\/\"><span data-sheets-root=\"1\">Kopierfr\u00e4se f\u00fcr die Werkbank<\/span> PAN 22<\/a><\/h3>\n<\/li>\n<li>\n<h3><a href=\"https:\/\/www.rinaldisrl.com\/de\/produkt\/kopierfraese-pan-26\/\"><span data-sheets-root=\"1\">Einspindelige Kopierfr\u00e4se <\/span>PAN 26<\/a><\/h3>\n<\/li>\n<li>\n<h3><a href=\"https:\/\/www.rinaldisrl.com\/de\/produkt\/kopierfraese-pan-31\/\"><span data-sheets-root=\"1\">Manuelle Kopierfr\u00e4se<\/span> PAN 31 <\/a><\/h3>\n<\/li>\n<li>\n<h3><a href=\"https:\/\/www.rinaldisrl.com\/de\/produkt\/kopierfraese-pan-31c\/\"><span data-sheets-root=\"1\">Kopierfr\u00e4se mit halbautomatischem Vorschub<\/span> PAN 31C\u00a0<\/a><\/h3>\n<\/li>\n<li>\n<h3><a href=\"https:\/\/www.rinaldisrl.com\/de\/produkt\/kopierfraese-pan-36\/\"><span data-sheets-root=\"1\">Kopierfr\u00e4se mit pneumatischer Spannvorrichtung<\/span> PAN 36<\/a><\/h3>\n<\/li>\n<li>\n<h3><a href=\"https:\/\/www.rinaldisrl.com\/de\/produkt\/kopierfraese-pan-40-40i\/\"><span data-sheets-root=\"1\">Kopierfr\u00e4se mit halbautomatischer Absenkung<\/span> PAN 40 &#8211; 40I<\/a><\/h3>\n<\/li>\n<li>\n<h3><a href=\"https:\/\/www.rinaldisrl.com\/de\/produkt\/kopierfraese-pan-38i\/\"><span data-sheets-root=\"1\">Kopierfr\u00e4se f\u00fcr Fensterbau<\/span> PAN 38I <\/a><\/h3>\n<\/li>\n<li>\n<h3><a href=\"https:\/\/www.rinaldisrl.com\/de\/produkt\/kopierfraese-pan-38l-38-li\/\"><span data-sheets-root=\"1\">Kopierfr\u00e4se mit manuell verfahrbarer Einheit<\/span> PAN 38L &#8211; 38LI\u00a0<\/a><\/h3>\n<\/li>\n<\/ul>\n<p>&nbsp;<\/p>\n<h2><a style=\"color: red;\" href=\"https:\/\/www.rinaldisrl.com\/de\/katalog\/bohrmaschinen\/\">Bohrmaschinen<\/a><\/h2>\n<ul>\n<li>\n<h3><a href=\"https:\/\/www.rinaldisrl.com\/de\/produkt\/bohrmaschine-for-16\/\"><span data-sheets-root=\"1\">Einspindel-Bohrmaschine mit Handvorschub<\/span> FOR 16<\/a><\/h3>\n<\/li>\n<li>\n<h3><a href=\"https:\/\/www.rinaldisrl.com\/de\/produkt\/bohrmaschine-for-18p\/\"><span data-sheets-root=\"1\">Einspindel\u2011Bohrmaschine<\/span> FOR 18P\u00a0<\/a><\/h3>\n<\/li>\n<li>\n<h3><a href=\"https:\/\/www.rinaldisrl.com\/de\/produkt\/bohrmaschine-for-22d-for-23d-for-33d\/\"><span data-sheets-root=\"1\">Mehrspindel\u2011Bohrmaschine<\/span> FOR 22D &#8211; 23D &#8211; 33D<\/a><\/h3>\n<\/li>\n<li>\n<h3><a href=\"https:\/\/www.rinaldisrl.com\/de\/produkt\/foratrice-mul-46r\/\"><span data-sheets-root=\"1\">Mehrspindel\u2011Profilbohrmaschine<\/span> MUL 46R<\/a><\/h3>\n<\/li>\n<\/ul>\n<p>&nbsp;<\/p>\n<h2><a style=\"color: red;\" href=\"https:\/\/www.rinaldisrl.com\/\/de\/katalog\/gehrungssaegen\/\">Gehrungss\u00e4gen<\/a><\/h2>\n<ul>\n<li>\n<h3><a href=\"https:\/\/www.rinaldisrl.com\/de\/produkt\/gehrungssaege-tma-42-tma42a-tma42d\/\"><span data-sheets-root=\"1\">EinKopf Aluminium Gehrungss\u00e4ge<\/span> TMA 42 &#8211; 42A &#8211; 42D<\/a><\/h3>\n<\/li>\n<li>\n<h3><a href=\"https:\/\/www.rinaldisrl.com\/de\/produkt\/gehrungssaege-tma-60a-tma60ac\/\"><span data-sheets-root=\"1\">Gehrungss\u00e4ge mit halbautomatischem Vorschub<\/span> TMA 60A &#8211; 60AC\u00a0<\/a><\/h3>\n<\/li>\n<li>\n<h3><a href=\"https:\/\/www.rinaldisrl.com\/de\/produkt\/gehrungssaege-tmf-55a\/\"><span data-sheets-root=\"1\">Frontschnitt\u2011Gehrungss\u00e4ge<\/span> TMF 55A\u00a0<\/a><\/h3>\n<\/li>\n<li>\n<h3><a href=\"https:\/\/www.rinaldisrl.com\/de\/produkt\/entgratmaschine-rif-35\/\"><span data-sheets-root=\"1\">Entgratmaschine f\u00fcr Aluminiumprofile <\/span>RIF 35\u00a0<\/a><\/h3>\n<\/li>\n<li>\n<h3><a href=\"https:\/\/www.rinaldisrl.com\/de\/produkt\/schneidelinie-tma-60a-tma-60e\/\"><span data-sheets-root=\"1\">schneidelinie mit aufsteigender einkopf trennmaschine <\/span>TMA 60A &#8211; 60E mit Vorschub<\/a><\/h3>\n<\/li>\n<li>\n<h3><a href=\"https:\/\/www.rinaldisrl.com\/de\/produkt\/doppelgehrungssaege-tdf-55p\/\"><span data-sheets-root=\"1\">Doppelgehrungss\u00e4ge f\u00fcr Aluminiumprofile<\/span> TDF 55P <\/a><\/h3>\n<\/li>\n<li>\n<h3><a href=\"https:\/\/www.rinaldisrl.com\/de\/produkt\/doppelgehrungssaege-tdf-55r\/\"><span data-sheets-root=\"1\">Doppelgehrungss\u00e4ge mit Frontalschnitt<\/span> TDF 55R <\/a><\/h3>\n<\/li>\n<li>\n<h3><a href=\"https:\/\/www.rinaldisrl.com\/de\/produkt\/doppelgehrungssaege-tdf-55e\/\"><span data-sheets-root=\"1\">Doppelgehrungss\u00e4ge mit manueller Verstellung <\/span>TDF 55E <\/a><\/h3>\n<\/li>\n<\/ul>\n<p>&nbsp;<\/p>\n<p>&nbsp;<\/p>\n<h2><a style=\"color: red;\" href=\"https:\/\/www.rinaldisrl.com\/de\/katalog\/bearbeitungszentren\/\">Bearbeitungszentren<\/a><\/h2>\n<ul>\n<li>\n<h3><a href=\"https:\/\/www.rinaldisrl.com\/de\/produkt\/bearbeitungszentrum-cdl-33q\/\"><span data-sheets-root=\"1\">Profil\u2011Bearbeitungszentrum<\/span> CDL 33Q <\/a><\/h3>\n<\/li>\n<\/ul>\n<p>&nbsp;<\/p>\n<h2><a style=\"color: red;\" href=\"https:\/\/www.rinaldisrl.com\/de\/katalog\/stanzmaschinen\/\">Stanzmaschinen<\/a><\/h2>\n<ul>\n<li>\n<h3><a href=\"https:\/\/www.rinaldisrl.com\/de\/?attachment_id=579\"><span data-sheets-root=\"1\">Tisch\u2011Stanzmaschine<\/span> PNEUFOR<\/a><\/h3>\n<\/li>\n<li>\n<h3><a href=\"https:\/\/www.rinaldisrl.com\/de\/produkt\/stanzmaschine-pneufor-12\/\"><span data-sheets-root=\"1\">Stanzmaschine f\u00fcr Fensterbau<\/span> PNEUFOR 12\u00a0<\/a><\/h3>\n<\/li>\n<\/ul>\n<p>&nbsp;<\/p>\n<h2><a style=\"color: red;\" href=\"https:\/\/www.rinaldisrl.com\/de\/katalog\/feilmaschinen\/\">Feilmaschinen<\/a><\/h2>\n<ul>\n<li>\n<h3><a href=\"https:\/\/www.rinaldisrl.com\/de\/produkt\/feilmaschine-lima-25\/\"><span data-sheets-root=\"1\">Feilmaschine f\u00fcr Aluminiumprofile<\/span> LIMA 25\u00a0<\/a><\/h3>\n<\/li>\n<\/ul>\n<p>&nbsp;<\/p>\n<h2><a style=\"color: red;\" href=\"https:\/\/www.rinaldisrl.com\/de\/katalog\/rollenbahnen\/\">Rollenbahn<\/a><\/h2>\n<ul>\n<li>\n<h3><a href=\"https:\/\/rinaldisrl.com\/de\/produkt\/rollenbahn-ris-22-ris-44-ris-66\/\"><span data-sheets-root=\"1\">Zuf\u00fchrrollenbahn<\/span> RIS 22 &#8211; 44 &#8211; 66\u00a0<\/a><\/h3>\n<\/li>\n<li>\n<h3><a href=\"https:\/\/www.rinaldisrl.com\/de\/produkt\/rollenbahn-ris-20m-ris-40m\/\"><span data-sheets-root=\"1\">Abf\u00fchrrollenbahn rechts<\/span> RIS 20M &#8211; 40M\u00a0<\/a><\/h3>\n<\/li>\n<li>\n<h3><a href=\"https:\/\/www.rinaldisrl.com\/de\/produkt\/rulliere-ris-17v-ris-40v-ris-60v\/\"><span data-sheets-root=\"1\">Profil\u2011Rollenbahn<\/span> RIS 17V &#8211; 40V &#8211; 60V<\/a><\/h3>\n<\/li>\n<li>\n<h3><a href=\"https:\/\/www.rinaldisrl.com\/de\/produkt\/rollenbahn-ris-70e\/\"><span data-sheets-root=\"1\">Abf\u00fchrrollenbahn<\/span> RIS 70E<\/a><\/h3>\n<\/li>\n<\/ul>\n<p>&nbsp;<\/p>\n<h2><a style=\"color: red;\" href=\"https:\/\/www.rinaldisrl.com\/de\/katalog\/industriesauger\/\">Industriesauger<\/a><\/h2>\n<ul>\n<li>\n<h3><a href=\"https:\/\/www.rinaldisrl.com\/de\/produkt\/industriesauger-asp-15-asp-22-asp-40\/\"><span data-sheets-root=\"1\">Industriesauger f\u00fcr Sp\u00e4ne<\/span> ASP 15 &#8211; 22 -40 <\/a><\/h3>\n<\/li>\n<\/ul>\n<p>&nbsp;<\/p>\n<h2><a style=\"color: red;\" href=\"https:\/\/www.rinaldisrl.com\/de\/katalog\/logistik\/\">Logistik<\/a><\/h2>\n<ul>\n<li>\n<h3><a href=\"https:\/\/www.rinaldisrl.com\/de\/produkt\/montagetisch-bas-24\/\"><span data-sheets-root=\"1\">Montagetisch f\u00fcr Aluminiumprofile<\/span> BAS 24\u00a0<\/a><\/h3>\n<\/li>\n<li>\n<h3><a href=\"https:\/\/www.rinaldisrl.com\/de\/produkt\/dichtungswagen\/\">Dichtungswagen PRO 4\u00a0<\/a><\/h3>\n<\/li>\n<\/ul>\n","protected":false},"excerpt":{"rendered":"<p>Sitemap Br\u00fcder Rinaldi srl &#8211; Maschinen f\u00fcr Aluminium und PVC-Profile Ausklinkfr\u00e4sen Horizontale Profil-Ausklinkfr\u00e4se INT 30 &#8211; INT 30F Ausklinkfr\u00e4se mit manuellem Vorschub INT 30M\u00a0 Ausklinkfr\u00e4se mit<span class=\"excerpt-hellip\"> [\u2026]<\/span><\/p>\n","protected":false},"author":2,"featured_media":-1,"parent":0,"menu_order":0,"comment_status":"closed","ping_status":"closed","template":"","meta":{"footnotes":""},"class_list":["post-2758","page","type-page","status-publish","has-post-thumbnail","hentry"],"yoast_head":"<!-- This site is optimized with the Yoast SEO plugin v27.2 - https:\/\/yoast.com\/product\/yoast-seo-wordpress\/ -->\n<title>Sitemap Br\u00fcder Rinaldi srl - Maschinen f\u00fcr Aluminium und PVC-Profile - Rinaldi Srl<\/title>\n<meta name=\"robots\" content=\"index, follow, max-snippet:-1, max-image-preview:large, max-video-preview:-1\" \/>\n<link rel=\"canonical\" href=\"https:\/\/www.rinaldisrl.com\/de\/sitemap-fratelli-rinaldi-maschinen-aluminium-und-pvc\/\" \/>\n<meta property=\"og:locale\" content=\"de_DE\" \/>\n<meta property=\"og:type\" content=\"article\" \/>\n<meta property=\"og:title\" content=\"Sitemap Br\u00fcder Rinaldi srl - Maschinen f\u00fcr Aluminium und PVC-Profile - Rinaldi Srl\" \/>\n<meta property=\"og:description\" content=\"Sitemap Br\u00fcder Rinaldi srl &#8211; Maschinen f\u00fcr Aluminium und PVC-Profile Ausklinkfr\u00e4sen Horizontale Profil-Ausklinkfr\u00e4se INT 30 &#8211; INT 30F Ausklinkfr\u00e4se mit manuellem Vorschub INT 30M\u00a0 Ausklinkfr\u00e4se mit [\u2026]\" \/>\n<meta property=\"og:url\" content=\"https:\/\/www.rinaldisrl.com\/de\/sitemap-fratelli-rinaldi-maschinen-aluminium-und-pvc\/\" \/>\n<meta property=\"og:site_name\" content=\"Rinaldi Srl\" \/>\n<meta property=\"article:modified_time\" content=\"2026-03-26T10:49:15+00:00\" \/>\n<meta name=\"twitter:card\" content=\"summary_large_image\" \/>\n<meta name=\"twitter:label1\" content=\"Gesch\u00e4tzte Lesezeit\" \/>\n\t<meta name=\"twitter:data1\" content=\"2\u00a0Minuten\" \/>\n<script type=\"application\/ld+json\" class=\"yoast-schema-graph\">{\"@context\":\"https:\/\/schema.org\",\"@graph\":[{\"@type\":\"WebPage\",\"@id\":\"https:\/\/www.rinaldisrl.com\/de\/sitemap-fratelli-rinaldi-maschinen-aluminium-und-pvc\/\",\"url\":\"https:\/\/www.rinaldisrl.com\/de\/sitemap-fratelli-rinaldi-maschinen-aluminium-und-pvc\/\",\"name\":\"Sitemap Br\u00fcder Rinaldi srl - Maschinen f\u00fcr Aluminium und PVC-Profile - Rinaldi Srl\",\"isPartOf\":{\"@id\":\"https:\/\/www.rinaldisrl.com\/de\/#website\"},\"datePublished\":\"2024-12-16T15:58:38+00:00\",\"dateModified\":\"2026-03-26T10:49:15+00:00\",\"breadcrumb\":{\"@id\":\"https:\/\/www.rinaldisrl.com\/de\/sitemap-fratelli-rinaldi-maschinen-aluminium-und-pvc\/#breadcrumb\"},\"inLanguage\":\"de\",\"potentialAction\":[{\"@type\":\"ReadAction\",\"target\":[\"https:\/\/www.rinaldisrl.com\/de\/sitemap-fratelli-rinaldi-maschinen-aluminium-und-pvc\/\"]}]},{\"@type\":\"BreadcrumbList\",\"@id\":\"https:\/\/www.rinaldisrl.com\/de\/sitemap-fratelli-rinaldi-maschinen-aluminium-und-pvc\/#breadcrumb\",\"itemListElement\":[{\"@type\":\"ListItem\",\"position\":1,\"name\":\"Home\",\"item\":\"https:\/\/www.rinaldisrl.com\/de\/\"},{\"@type\":\"ListItem\",\"position\":2,\"name\":\"Sitemap Br\u00fcder Rinaldi srl &#8211; Maschinen f\u00fcr Aluminium und PVC-Profile\"}]},{\"@type\":\"WebSite\",\"@id\":\"https:\/\/www.rinaldisrl.com\/de\/#website\",\"url\":\"https:\/\/www.rinaldisrl.com\/de\/\",\"name\":\"Rinaldi Srl\",\"description\":\"\",\"publisher\":{\"@id\":\"https:\/\/www.rinaldisrl.com\/de\/#organization\"},\"potentialAction\":[{\"@type\":\"SearchAction\",\"target\":{\"@type\":\"EntryPoint\",\"urlTemplate\":\"https:\/\/www.rinaldisrl.com\/de\/?s={search_term_string}\"},\"query-input\":{\"@type\":\"PropertyValueSpecification\",\"valueRequired\":true,\"valueName\":\"search_term_string\"}}],\"inLanguage\":\"de\"},{\"@type\":\"Organization\",\"@id\":\"https:\/\/www.rinaldisrl.com\/de\/#organization\",\"name\":\"Fratelli Rinaldi Srl\",\"alternateName\":\"Fratelli Rinaldi Srl\",\"url\":\"https:\/\/www.rinaldisrl.com\/de\/\",\"logo\":{\"@type\":\"ImageObject\",\"inLanguage\":\"de\",\"@id\":\"https:\/\/www.rinaldisrl.com\/de\/#\/schema\/logo\/image\/\",\"url\":\"https:\/\/www.rinaldisrl.com\/wp-content\/uploads\/2023\/07\/logo-50-anni.png\",\"contentUrl\":\"https:\/\/www.rinaldisrl.com\/wp-content\/uploads\/2023\/07\/logo-50-anni.png\",\"width\":350,\"height\":200,\"caption\":\"Fratelli Rinaldi Srl\"},\"image\":{\"@id\":\"https:\/\/www.rinaldisrl.com\/de\/#\/schema\/logo\/image\/\"}}]}<\/script>\n<!-- \/ Yoast SEO plugin. -->","yoast_head_json":{"title":"Sitemap Br\u00fcder Rinaldi srl - Maschinen f\u00fcr Aluminium und PVC-Profile - Rinaldi Srl","robots":{"index":"index","follow":"follow","max-snippet":"max-snippet:-1","max-image-preview":"max-image-preview:large","max-video-preview":"max-video-preview:-1"},"canonical":"https:\/\/www.rinaldisrl.com\/de\/sitemap-fratelli-rinaldi-maschinen-aluminium-und-pvc\/","og_locale":"de_DE","og_type":"article","og_title":"Sitemap Br\u00fcder Rinaldi srl - Maschinen f\u00fcr Aluminium und PVC-Profile - Rinaldi Srl","og_description":"Sitemap Br\u00fcder Rinaldi srl &#8211; Maschinen f\u00fcr Aluminium und PVC-Profile Ausklinkfr\u00e4sen Horizontale Profil-Ausklinkfr\u00e4se INT 30 &#8211; INT 30F Ausklinkfr\u00e4se mit manuellem Vorschub INT 30M\u00a0 Ausklinkfr\u00e4se mit [\u2026]","og_url":"https:\/\/www.rinaldisrl.com\/de\/sitemap-fratelli-rinaldi-maschinen-aluminium-und-pvc\/","og_site_name":"Rinaldi Srl","article_modified_time":"2026-03-26T10:49:15+00:00","twitter_card":"summary_large_image","twitter_misc":{"Gesch\u00e4tzte Lesezeit":"2\u00a0Minuten"},"schema":{"@context":"https:\/\/schema.org","@graph":[{"@type":"WebPage","@id":"https:\/\/www.rinaldisrl.com\/de\/sitemap-fratelli-rinaldi-maschinen-aluminium-und-pvc\/","url":"https:\/\/www.rinaldisrl.com\/de\/sitemap-fratelli-rinaldi-maschinen-aluminium-und-pvc\/","name":"Sitemap Br\u00fcder Rinaldi srl - Maschinen f\u00fcr Aluminium und PVC-Profile - Rinaldi Srl","isPartOf":{"@id":"https:\/\/www.rinaldisrl.com\/de\/#website"},"datePublished":"2024-12-16T15:58:38+00:00","dateModified":"2026-03-26T10:49:15+00:00","breadcrumb":{"@id":"https:\/\/www.rinaldisrl.com\/de\/sitemap-fratelli-rinaldi-maschinen-aluminium-und-pvc\/#breadcrumb"},"inLanguage":"de","potentialAction":[{"@type":"ReadAction","target":["https:\/\/www.rinaldisrl.com\/de\/sitemap-fratelli-rinaldi-maschinen-aluminium-und-pvc\/"]}]},{"@type":"BreadcrumbList","@id":"https:\/\/www.rinaldisrl.com\/de\/sitemap-fratelli-rinaldi-maschinen-aluminium-und-pvc\/#breadcrumb","itemListElement":[{"@type":"ListItem","position":1,"name":"Home","item":"https:\/\/www.rinaldisrl.com\/de\/"},{"@type":"ListItem","position":2,"name":"Sitemap Br\u00fcder Rinaldi srl &#8211; Maschinen f\u00fcr Aluminium und PVC-Profile"}]},{"@type":"WebSite","@id":"https:\/\/www.rinaldisrl.com\/de\/#website","url":"https:\/\/www.rinaldisrl.com\/de\/","name":"Rinaldi Srl","description":"","publisher":{"@id":"https:\/\/www.rinaldisrl.com\/de\/#organization"},"potentialAction":[{"@type":"SearchAction","target":{"@type":"EntryPoint","urlTemplate":"https:\/\/www.rinaldisrl.com\/de\/?s={search_term_string}"},"query-input":{"@type":"PropertyValueSpecification","valueRequired":true,"valueName":"search_term_string"}}],"inLanguage":"de"},{"@type":"Organization","@id":"https:\/\/www.rinaldisrl.com\/de\/#organization","name":"Fratelli Rinaldi Srl","alternateName":"Fratelli Rinaldi Srl","url":"https:\/\/www.rinaldisrl.com\/de\/","logo":{"@type":"ImageObject","inLanguage":"de","@id":"https:\/\/www.rinaldisrl.com\/de\/#\/schema\/logo\/image\/","url":"https:\/\/www.rinaldisrl.com\/wp-content\/uploads\/2023\/07\/logo-50-anni.png","contentUrl":"https:\/\/www.rinaldisrl.com\/wp-content\/uploads\/2023\/07\/logo-50-anni.png","width":350,"height":200,"caption":"Fratelli Rinaldi Srl"},"image":{"@id":"https:\/\/www.rinaldisrl.com\/de\/#\/schema\/logo\/image\/"}}]}},"_links":{"self":[{"href":"https:\/\/www.rinaldisrl.com\/de\/wp-json\/wp\/v2\/pages\/2758","targetHints":{"allow":["GET"]}}],"collection":[{"href":"https:\/\/www.rinaldisrl.com\/de\/wp-json\/wp\/v2\/pages"}],"about":[{"href":"https:\/\/www.rinaldisrl.com\/de\/wp-json\/wp\/v2\/types\/page"}],"author":[{"embeddable":true,"href":"https:\/\/www.rinaldisrl.com\/de\/wp-json\/wp\/v2\/users\/2"}],"replies":[{"embeddable":true,"href":"https:\/\/www.rinaldisrl.com\/de\/wp-json\/wp\/v2\/comments?post=2758"}],"version-history":[{"count":10,"href":"https:\/\/www.rinaldisrl.com\/de\/wp-json\/wp\/v2\/pages\/2758\/revisions"}],"predecessor-version":[{"id":3802,"href":"https:\/\/www.rinaldisrl.com\/de\/wp-json\/wp\/v2\/pages\/2758\/revisions\/3802"}],"wp:featuredmedia":[{"embeddable":true,"href":"https:\/\/www.rinaldisrl.com\/de\/wp-json\/"}],"wp:attachment":[{"href":"https:\/\/www.rinaldisrl.com\/de\/wp-json\/wp\/v2\/media?parent=2758"}],"curies":[{"name":"wp","href":"https:\/\/api.w.org\/{rel}","templated":true}]}}