{"id":2092,"date":"2022-06-15T09:30:59","date_gmt":"2022-06-15T07:30:59","guid":{"rendered":"https:\/\/www.rinaldisrl.com\/home-2\/"},"modified":"2026-03-17T12:12:21","modified_gmt":"2026-03-17T11:12:21","slug":"home","status":"publish","type":"page","link":"https:\/\/www.rinaldisrl.com\/de\/","title":{"rendered":"Home de"},"content":{"rendered":"","protected":false},"excerpt":{"rendered":"","protected":false},"author":1,"featured_media":-1,"parent":0,"menu_order":0,"comment_status":"closed","ping_status":"closed","template":"","meta":{"footnotes":""},"class_list":["post-2092","page","type-page","status-publish","has-post-thumbnail","hentry"],"yoast_head":"<!-- This site is optimized with the Yoast SEO plugin v27.5 - https:\/\/yoast.com\/product\/yoast-seo-wordpress\/ -->\n<title>Maschinen zur Bearbeitung von Aluminium und Stahlprofilen<\/title>\n<meta name=\"description\" content=\"Maschinen zur Bearbeitung von Aluminium und Stahlprofilen: Ausklinkfr\u00e4sen, Kopierfr\u00e4sen, Bohrmaschinen, Gehrungss\u00e4gen.\" \/>\n<meta name=\"robots\" content=\"index, follow, max-snippet:-1, max-image-preview:large, max-video-preview:-1\" \/>\n<link rel=\"canonical\" href=\"https:\/\/www.rinaldisrl.com\/de\/\" \/>\n<meta property=\"og:locale\" content=\"de_DE\" \/>\n<meta property=\"og:type\" content=\"article\" \/>\n<meta property=\"og:title\" content=\"Maschinen zur Bearbeitung von Aluminium und Stahlprofilen\" \/>\n<meta property=\"og:description\" content=\"Maschinen zur Bearbeitung von Aluminium und Stahlprofilen: Ausklinkfr\u00e4sen, Kopierfr\u00e4sen, Bohrmaschinen, Gehrungss\u00e4gen.\" \/>\n<meta property=\"og:url\" content=\"https:\/\/www.rinaldisrl.com\/de\/\" \/>\n<meta property=\"og:site_name\" content=\"Rinaldi Srl\" \/>\n<meta property=\"article:modified_time\" content=\"2026-03-17T11:12:21+00:00\" \/>\n<meta name=\"twitter:card\" content=\"summary_large_image\" \/>\n<script type=\"application\/ld+json\" class=\"yoast-schema-graph\">{\"@context\":\"https:\\\/\\\/schema.org\",\"@graph\":[{\"@type\":\"WebPage\",\"@id\":\"https:\\\/\\\/www.rinaldisrl.com\\\/de\\\/\",\"url\":\"https:\\\/\\\/www.rinaldisrl.com\\\/de\\\/\",\"name\":\"Maschinen zur Bearbeitung von Aluminium und Stahlprofilen\",\"isPartOf\":{\"@id\":\"https:\\\/\\\/www.rinaldisrl.com\\\/de\\\/#website\"},\"datePublished\":\"2022-06-15T07:30:59+00:00\",\"dateModified\":\"2026-03-17T11:12:21+00:00\",\"description\":\"Maschinen zur Bearbeitung von Aluminium und Stahlprofilen: Ausklinkfr\u00e4sen, Kopierfr\u00e4sen, Bohrmaschinen, Gehrungss\u00e4gen.\",\"breadcrumb\":{\"@id\":\"https:\\\/\\\/www.rinaldisrl.com\\\/de\\\/#breadcrumb\"},\"inLanguage\":\"de\",\"potentialAction\":[{\"@type\":\"ReadAction\",\"target\":[\"https:\\\/\\\/www.rinaldisrl.com\\\/de\\\/\"]}]},{\"@type\":\"BreadcrumbList\",\"@id\":\"https:\\\/\\\/www.rinaldisrl.com\\\/de\\\/#breadcrumb\",\"itemListElement\":[{\"@type\":\"ListItem\",\"position\":1,\"name\":\"Home\",\"item\":\"https:\\\/\\\/www.rinaldisrl.com\\\/de\\\/\"},{\"@type\":\"ListItem\",\"position\":2,\"name\":\"Home de\"}]},{\"@type\":\"WebSite\",\"@id\":\"https:\\\/\\\/www.rinaldisrl.com\\\/de\\\/#website\",\"url\":\"https:\\\/\\\/www.rinaldisrl.com\\\/de\\\/\",\"name\":\"Rinaldi Srl\",\"description\":\"\",\"publisher\":{\"@id\":\"https:\\\/\\\/www.rinaldisrl.com\\\/de\\\/#organization\"},\"potentialAction\":[{\"@type\":\"SearchAction\",\"target\":{\"@type\":\"EntryPoint\",\"urlTemplate\":\"https:\\\/\\\/www.rinaldisrl.com\\\/de\\\/?s={search_term_string}\"},\"query-input\":{\"@type\":\"PropertyValueSpecification\",\"valueRequired\":true,\"valueName\":\"search_term_string\"}}],\"inLanguage\":\"de\"},{\"@type\":\"Organization\",\"@id\":\"https:\\\/\\\/www.rinaldisrl.com\\\/de\\\/#organization\",\"name\":\"Fratelli Rinaldi Srl\",\"alternateName\":\"Fratelli Rinaldi Srl\",\"url\":\"https:\\\/\\\/www.rinaldisrl.com\\\/de\\\/\",\"logo\":{\"@type\":\"ImageObject\",\"inLanguage\":\"de\",\"@id\":\"https:\\\/\\\/www.rinaldisrl.com\\\/de\\\/#\\\/schema\\\/logo\\\/image\\\/\",\"url\":\"https:\\\/\\\/www.rinaldisrl.com\\\/wp-content\\\/uploads\\\/2023\\\/07\\\/logo-50-anni.png\",\"contentUrl\":\"https:\\\/\\\/www.rinaldisrl.com\\\/wp-content\\\/uploads\\\/2023\\\/07\\\/logo-50-anni.png\",\"width\":350,\"height\":200,\"caption\":\"Fratelli Rinaldi Srl\"},\"image\":{\"@id\":\"https:\\\/\\\/www.rinaldisrl.com\\\/de\\\/#\\\/schema\\\/logo\\\/image\\\/\"}}]}<\/script>\n<!-- \/ Yoast SEO plugin. -->","yoast_head_json":{"title":"Maschinen zur Bearbeitung von Aluminium und Stahlprofilen","description":"Maschinen zur Bearbeitung von Aluminium und Stahlprofilen: Ausklinkfr\u00e4sen, Kopierfr\u00e4sen, Bohrmaschinen, Gehrungss\u00e4gen.","robots":{"index":"index","follow":"follow","max-snippet":"max-snippet:-1","max-image-preview":"max-image-preview:large","max-video-preview":"max-video-preview:-1"},"canonical":"https:\/\/www.rinaldisrl.com\/de\/","og_locale":"de_DE","og_type":"article","og_title":"Maschinen zur Bearbeitung von Aluminium und Stahlprofilen","og_description":"Maschinen zur Bearbeitung von Aluminium und Stahlprofilen: Ausklinkfr\u00e4sen, Kopierfr\u00e4sen, Bohrmaschinen, Gehrungss\u00e4gen.","og_url":"https:\/\/www.rinaldisrl.com\/de\/","og_site_name":"Rinaldi Srl","article_modified_time":"2026-03-17T11:12:21+00:00","twitter_card":"summary_large_image","schema":{"@context":"https:\/\/schema.org","@graph":[{"@type":"WebPage","@id":"https:\/\/www.rinaldisrl.com\/de\/","url":"https:\/\/www.rinaldisrl.com\/de\/","name":"Maschinen zur Bearbeitung von Aluminium und Stahlprofilen","isPartOf":{"@id":"https:\/\/www.rinaldisrl.com\/de\/#website"},"datePublished":"2022-06-15T07:30:59+00:00","dateModified":"2026-03-17T11:12:21+00:00","description":"Maschinen zur Bearbeitung von Aluminium und Stahlprofilen: Ausklinkfr\u00e4sen, Kopierfr\u00e4sen, Bohrmaschinen, Gehrungss\u00e4gen.","breadcrumb":{"@id":"https:\/\/www.rinaldisrl.com\/de\/#breadcrumb"},"inLanguage":"de","potentialAction":[{"@type":"ReadAction","target":["https:\/\/www.rinaldisrl.com\/de\/"]}]},{"@type":"BreadcrumbList","@id":"https:\/\/www.rinaldisrl.com\/de\/#breadcrumb","itemListElement":[{"@type":"ListItem","position":1,"name":"Home","item":"https:\/\/www.rinaldisrl.com\/de\/"},{"@type":"ListItem","position":2,"name":"Home de"}]},{"@type":"WebSite","@id":"https:\/\/www.rinaldisrl.com\/de\/#website","url":"https:\/\/www.rinaldisrl.com\/de\/","name":"Rinaldi Srl","description":"","publisher":{"@id":"https:\/\/www.rinaldisrl.com\/de\/#organization"},"potentialAction":[{"@type":"SearchAction","target":{"@type":"EntryPoint","urlTemplate":"https:\/\/www.rinaldisrl.com\/de\/?s={search_term_string}"},"query-input":{"@type":"PropertyValueSpecification","valueRequired":true,"valueName":"search_term_string"}}],"inLanguage":"de"},{"@type":"Organization","@id":"https:\/\/www.rinaldisrl.com\/de\/#organization","name":"Fratelli Rinaldi Srl","alternateName":"Fratelli Rinaldi Srl","url":"https:\/\/www.rinaldisrl.com\/de\/","logo":{"@type":"ImageObject","inLanguage":"de","@id":"https:\/\/www.rinaldisrl.com\/de\/#\/schema\/logo\/image\/","url":"https:\/\/www.rinaldisrl.com\/wp-content\/uploads\/2023\/07\/logo-50-anni.png","contentUrl":"https:\/\/www.rinaldisrl.com\/wp-content\/uploads\/2023\/07\/logo-50-anni.png","width":350,"height":200,"caption":"Fratelli Rinaldi Srl"},"image":{"@id":"https:\/\/www.rinaldisrl.com\/de\/#\/schema\/logo\/image\/"}}]}},"_links":{"self":[{"href":"https:\/\/www.rinaldisrl.com\/de\/wp-json\/wp\/v2\/pages\/2092","targetHints":{"allow":["GET"]}}],"collection":[{"href":"https:\/\/www.rinaldisrl.com\/de\/wp-json\/wp\/v2\/pages"}],"about":[{"href":"https:\/\/www.rinaldisrl.com\/de\/wp-json\/wp\/v2\/types\/page"}],"author":[{"embeddable":true,"href":"https:\/\/www.rinaldisrl.com\/de\/wp-json\/wp\/v2\/users\/1"}],"replies":[{"embeddable":true,"href":"https:\/\/www.rinaldisrl.com\/de\/wp-json\/wp\/v2\/comments?post=2092"}],"version-history":[{"count":1,"href":"https:\/\/www.rinaldisrl.com\/de\/wp-json\/wp\/v2\/pages\/2092\/revisions"}],"predecessor-version":[{"id":2203,"href":"https:\/\/www.rinaldisrl.com\/de\/wp-json\/wp\/v2\/pages\/2092\/revisions\/2203"}],"wp:featuredmedia":[{"embeddable":true,"href":"https:\/\/www.rinaldisrl.com\/de\/wp-json\/"}],"wp:attachment":[{"href":"https:\/\/www.rinaldisrl.com\/de\/wp-json\/wp\/v2\/media?parent=2092"}],"curies":[{"name":"wp","href":"https:\/\/api.w.org\/{rel}","templated":true}]}}